{"id":3909,"date":"2025-08-04T06:22:53","date_gmt":"2025-08-04T06:22:53","guid":{"rendered":"https:\/\/betainvest.ee\/%d8%a7%d9%84%d8%a7%d8%aa%d9%81%d8%a7%d9%82%d9%8a%d8%a7%d8%aa-%d9%88%d8%a7%d9%84%d8%b4%d8%b1%d9%88%d8%b7\/"},"modified":"2025-08-26T13:13:07","modified_gmt":"2025-08-26T13:13:07","slug":"%d8%a7%d9%84%d8%a7%d8%aa%d9%81%d8%a7%d9%82%d9%8a%d8%a7%d8%aa-%d9%88%d8%a7%d9%84%d8%b4%d8%b1%d9%88%d8%b7","status":"publish","type":"page","link":"https:\/\/betainvest.ee\/ar\/%d8%a7%d9%84%d8%a7%d8%aa%d9%81%d8%a7%d9%82%d9%8a%d8%a7%d8%aa-%d9%88%d8%a7%d9%84%d8%b4%d8%b1%d9%88%d8%b7\/","title":{"rendered":"\u0627\u0644\u0627\u062a\u0641\u0627\u0642\u064a\u0627\u062a \u0648\u0627\u0644\u0634\u0631\u0648\u0637"},"content":{"rendered":"\t\t<div data-elementor-type=\"wp-page\" data-elementor-id=\"3909\" class=\"elementor elementor-3909 elementor-51\" data-elementor-post-type=\"page\">\n\t\t\t\t<div class=\"elementor-element elementor-element-e37c3f1 e-flex e-con-boxed e-con e-parent\" data-id=\"e37c3f1\" data-element_type=\"container\" data-e-type=\"container\">\n\t\t\t\t\t<div class=\"e-con-inner\">\n\t\t\t\t<div class=\"elementor-element elementor-element-8ef7977 elementor-widget elementor-widget-text-editor\" data-id=\"8ef7977\" data-element_type=\"widget\" data-e-type=\"widget\" data-widget_type=\"text-editor.default\">\n\t\t\t\t\t\t\t\t\t<h1><b>\u0627\u0644\u0627\u062a\u0641\u0627\u0642\u064a\u0629 \u0648\u0634\u0631\u0648\u0637 \u0627\u0644\u0627\u0633\u062a\u062e\u062f\u0627\u0645<\/b><\/h1><p class=\"p3\"><b>\u0622\u062e\u0631 \u062a\u062d\u062f\u064a\u062b: [25.08.2025]<\/b><\/p><p class=\"p4\">\u0645\u0631\u062d\u0628\u064b\u0627 \u0628\u0643 \u0641\u064a \u0627\u0644\u0645\u0648\u0642\u0639 \u0627\u0644\u0625\u0644\u0643\u062a\u0631\u0648\u0646\u064a <span class=\"s2\"><b>Betainvest.ee<\/b><\/span>. \u062a\u062d\u0643\u0645 \u0647\u0630\u0647 \u0627\u0644\u0634\u0631\u0648\u0637 \u0648\u0627\u0644\u0623\u062d\u0643\u0627\u0645 \u0627\u0633\u062a\u062e\u062f\u0627\u0645 \u0647\u0630\u0627 \u0627\u0644\u0645\u0648\u0642\u0639 \u0648\u0627\u0644\u062e\u062f\u0645\u0627\u062a \u0627\u0644\u0645\u0642\u062f\u0645\u0629. \u0628\u0627\u0633\u062a\u062e\u062f\u0627\u0645\u0643 \u0644\u0644\u0645\u0648\u0642\u0639\u060c \u0641\u0625\u0646\u0643 \u062a\u0648\u0627\u0641\u0642 \u0639\u0644\u0649 \u0627\u0644\u0627\u0644\u062a\u0632\u0627\u0645 \u0628\u0647\u0630\u0647 \u0627\u0644\u0634\u0631\u0648\u0637 \u0648\u0627\u0644\u0623\u062d\u0643\u0627\u0645.  <\/p><hr><h2><b>1 &#8211; \u0623\u062d\u0643\u0627\u0645 \u0639\u0627\u0645\u0629<\/b><\/h2><p class=\"p4\">1.1. \u0645\u0627\u0644\u0643 \u0627\u0644\u0645\u0648\u0642\u0639 \u0647\u0648 <span class=\"s2\"><b>\u0628\u064a\u062a\u0627\u064a\u0646\u0641\u0633\u062a<\/b><\/span>\u0645\u0633\u062c\u0644 \u0641\u064a \u0627\u0644\u0639\u0646\u0648\u0627\u0646:<\/p><p class=\"p4\">34710 \u0643\u0627\u0641\u0631\u0627\u062c\u0627 \u0645\u0627\u0647. General Asim G\u00fcnduz Cad. Bahariye Plaza Kat #62, D#5, Kad\u0131k\u00f6y, \u0130stanbul.  <\/p><p class=\"p4\">1.2. \u062a\u062d\u062f\u062f \u0647\u0630\u0647 \u0627\u0644\u0627\u062a\u0641\u0627\u0642\u064a\u0629 \u0642\u0648\u0627\u0639\u062f \u0627\u0633\u062a\u062e\u062f\u0627\u0645 \u0627\u0644\u0645\u0648\u0642\u0639 \u0627\u0644\u0625\u0644\u0643\u062a\u0631\u0648\u0646\u064a \u0648\u0627\u0644\u062e\u062f\u0645\u0627\u062a \u0627\u0644\u062a\u064a \u062a\u0642\u062f\u0645\u0647\u0627 \u0627\u0644\u0634\u0631\u0643\u0629.<\/p><p class=\"p4\">1.3. \u064a\u062c\u0648\u0632 \u062a\u063a\u064a\u064a\u0631 \u0627\u0644\u0634\u0631\u0648\u0637 \u0648\u0627\u0644\u0623\u062d\u0643\u0627\u0645 \u0645\u0646 \u062c\u0627\u0646\u0628 \u0648\u0627\u062d\u062f. \u0627\u0644\u0646\u0633\u062e\u0629 \u0627\u0644\u062d\u0627\u0644\u064a\u0629 \u0645\u062a\u0627\u062d\u0629 \u062f\u0627\u0626\u0645\u0627\u064b \u0639\u0644\u0649 \u0627\u0644\u0645\u0648\u0642\u0639 \u0627\u0644\u0625\u0644\u0643\u062a\u0631\u0648\u0646\u064a. <\/p><hr><h2><b>2. \u062e\u062f\u0645\u0627\u062a \u0627\u0644\u0634\u0631\u0643\u0629<\/b><\/h2><p class=\"p4\">2.1. \u062a\u0642\u062f\u0645 Betainvest \u062e\u062f\u0645\u0627\u062a \u0641\u064a \u0645\u062c\u0627\u0644 \u0627\u0644\u062e\u062f\u0645\u0627\u062a \u0627\u0644\u0644\u0648\u062c\u0633\u062a\u064a\u0629 \u0648\u0627\u0644\u062a\u062c\u0627\u0631\u0629 \u0627\u0644\u062f\u0648\u0644\u064a\u0629 \u0648\u062d\u0644\u0648\u0644 \u0627\u0644\u0646\u0642\u0644.<\/p><p class=\"p4\">2.2. \u064a\u062a\u0645 \u062a\u062d\u062f\u064a\u062f \u0627\u0644\u0623\u062d\u0643\u0627\u0645 \u0648\u0627\u0644\u0634\u0631\u0648\u0637 \u0627\u0644\u0645\u062d\u062f\u062f\u0629 \u0644\u0644\u062e\u062f\u0645\u0627\u062a \u0645\u0646 \u062e\u0644\u0627\u0644 \u0627\u0644\u0639\u0642\u0648\u062f \u0627\u0644\u0641\u0631\u062f\u064a\u0629 \u0648\u0627\u0644\u0639\u0631\u0648\u0636 \u0627\u0644\u062a\u062c\u0627\u0631\u064a\u0629.<\/p><hr><h2><b>3. \u062d\u0642\u0648\u0642 \u0648\u0627\u0644\u062a\u0632\u0627\u0645\u0627\u062a \u0627\u0644\u0623\u0637\u0631\u0627\u0641<\/b><\/h2><p class=\"p4\">3.1. \u064a\u062a\u0639\u0647\u062f \u0627\u0644\u0639\u0645\u064a\u0644 \u0628\u062a\u0642\u062f\u064a\u0645 \u0628\u064a\u0627\u0646\u0627\u062a \u062f\u0642\u064a\u0642\u0629 \u0639\u0646\u062f \u062a\u0642\u062f\u064a\u0645 \u0637\u0644\u0628 \u0627\u0644\u062d\u0635\u0648\u0644 \u0639\u0644\u0649 \u0627\u0644\u062e\u062f\u0645\u0627\u062a.<\/p><p class=\"p4\">3.2. \u062a\u062a\u0639\u0647\u062f \u0627\u0644\u0634\u0631\u0643\u0629 \u0628\u062a\u0642\u062f\u064a\u0645 \u0627\u0644\u062e\u062f\u0645\u0627\u062a \u0628\u0634\u0643\u0644 \u0646\u0648\u0639\u064a \u0648\u0636\u0645\u0646 \u0627\u0644\u0625\u0637\u0627\u0631 \u0627\u0644\u0632\u0645\u0646\u064a \u0627\u0644\u0645\u062a\u0641\u0642 \u0639\u0644\u064a\u0647\u060c \u0628\u0627\u0633\u062a\u062b\u0646\u0627\u0621 \u0627\u0644\u0638\u0631\u0648\u0641 \u0627\u0644\u0642\u0627\u0647\u0631\u0629.<\/p><p class=\"p4\">3.3. \u064a\u064f\u062d\u0638\u0631 \u0627\u0633\u062a\u062e\u062f\u0627\u0645 \u0627\u0644\u0645\u0648\u0642\u0639 \u0641\u064a \u0623\u0646\u0634\u0637\u0629 \u062a\u0646\u062a\u0647\u0643 \u0627\u0644\u0642\u0648\u0627\u0646\u064a\u0646 \u0627\u0644\u062a\u0631\u0643\u064a\u0629 \u0623\u0648 \u0627\u0644\u0623\u0648\u0631\u0648\u0628\u064a\u0629 \u0623\u0648 \u0627\u0644\u062f\u0648\u0644\u064a\u0629.<\/p><hr><h2><b>4. \u0627\u0644\u0623\u0633\u0639\u0627\u0631 \u0648\u0627\u0644\u062f\u0641\u0639<\/b><\/h2><p class=\"p4\">4.1. \u064a\u062a\u0645 \u0627\u0644\u062f\u0641\u0639 \u0645\u0642\u0627\u0628\u0644 \u0627\u0644\u062e\u062f\u0645\u0627\u062a \u0628\u0627\u0644\u0639\u0645\u0644\u0629 \u0627\u0644\u0645\u062a\u0641\u0642 \u0639\u0644\u064a\u0647\u0627 (<span class=\"s2\"><b>\u0627\u0644\u062f\u0648\u0644\u0627\u0631 \u0627\u0644\u0623\u0645\u0631\u064a\u0643\u064a\u060c \u0627\u0644\u064a\u0648\u0631\u0648\u060c \u0627\u0644\u064a\u0648\u0631\u0648\u060c \u0627\u0644\u064a\u0648\u0631\u0648\u060c \u0627\u0644\u0631\u0648\u0628\u0644\u060c \u0627\u0644\u0631\u0648\u0628\u0644 \u0627\u0644\u0635\u064a\u0646\u064a\u060c \u0627\u0644\u0631\u0648\u0628\u0644 \u0627\u0644\u062a\u0631\u0643\u064a<\/b><\/span>).<\/p><p class=\"p4\">4.2. \u062a\u062d\u062a\u0641\u0638 Betainvest \u0628\u0627\u0644\u062d\u0642 \u0641\u064a \u062a\u063a\u064a\u064a\u0631 \u0627\u0644\u062a\u0639\u0631\u064a\u0641\u0627\u062a \u0628\u0625\u0634\u0639\u0627\u0631 \u0645\u0633\u0628\u0642 \u0644\u0644\u0639\u0645\u0644\u0627\u0621.<\/p><p class=\"p4\">4.3. \u0634\u0631\u0648\u0637 \u0627\u0644\u062f\u0641\u0639 \u0627\u0644\u0645\u0633\u0628\u0642 \u0623\u0648 \u0627\u0644\u062f\u0641\u0639 \u0627\u0644\u0645\u0624\u062c\u0644 \u0645\u0646\u0635\u0648\u0635 \u0639\u0644\u064a\u0647\u0627 \u0641\u064a \u0627\u0644\u0639\u0642\u0648\u062f \u0627\u0644\u0641\u0631\u062f\u064a\u0629.<\/p><hr><h2><b>5. \u0627\u0644\u062e\u0635\u0648\u0635\u064a\u0629 \u0648\u062d\u0645\u0627\u064a\u0629 \u0627\u0644\u0628\u064a\u0627\u0646\u0627\u062a<\/b><\/h2><p class=\"p4\">5.1. \u062a\u0644\u062a\u0632\u0645 \u0627\u0644\u0634\u0631\u0643\u0629 \u0628\u0645\u062a\u0637\u0644\u0628\u0627\u062a \u062a\u0634\u0631\u064a\u0639\u0627\u062a \u062d\u0645\u0627\u064a\u0629 \u0627\u0644\u0628\u064a\u0627\u0646\u0627\u062a \u0627\u0644\u0634\u062e\u0635\u064a\u0629 (\u0628\u0645\u0627 \u0641\u064a \u0630\u0644\u0643 \u0627\u0644\u0646\u0638\u0627\u0645 \u0627\u0644\u0623\u0648\u0631\u0648\u0628\u064a \u0627\u0644\u0639\u0627\u0645 \u0644\u062d\u0645\u0627\u064a\u0629 \u0627\u0644\u0628\u064a\u0627\u0646\u0627\u062a (GDPR) \u0648KVKKK).<\/p><p class=\"p4\">5.2. \u062a\u064f\u0633\u062a\u062e\u062f\u0645 \u0627\u0644\u0628\u064a\u0627\u0646\u0627\u062a \u0627\u0644\u0634\u062e\u0635\u064a\u0629 \u0644\u0644\u0639\u0645\u0644\u0627\u0621 \u062d\u0635\u0631\u064a\u064b\u0627 \u0644\u062a\u0648\u0641\u064a\u0631 \u0627\u0644\u062e\u062f\u0645\u0627\u062a \u0648\u0644\u0627 \u064a\u062a\u0645 \u062a\u0645\u0631\u064a\u0631\u0647\u0627 \u0625\u0644\u0649 \u0623\u0637\u0631\u0627\u0641 \u062b\u0627\u0644\u062b\u0629 \u062f\u0648\u0646 \u0623\u0633\u0628\u0627\u0628 \u0642\u0627\u0646\u0648\u0646\u064a\u0629.<\/p><hr><h2><b>6. \u062a\u062d\u062f\u064a\u062f \u0627\u0644\u0645\u0633\u0624\u0648\u0644\u064a\u0629<\/b><\/h2><p class=\"p4\">6.1. Betainvest \u0644\u064a\u0633\u062a \u0645\u0633\u0624\u0648\u0644\u0629 \u0639\u0646 \u0627\u0644\u062a\u0623\u062e\u064a\u0631\u0627\u062a \u0623\u0648 \u0627\u0644\u062e\u0633\u0627\u0626\u0631 \u0627\u0644\u062a\u064a \u062a\u0633\u0628\u0628\u0647\u0627 \u0623\u0637\u0631\u0627\u0641 \u062b\u0627\u0644\u062b\u0629 (\u0627\u0644\u062c\u0645\u0627\u0631\u0643\u060c \u0634\u0631\u0643\u0627\u062a \u0627\u0644\u0646\u0642\u0644\u060c \u0627\u0644\u0633\u0644\u0637\u0627\u062a \u0627\u0644\u062a\u0646\u0638\u064a\u0645\u064a\u0629).<\/p><p class=\"p4\">6.2. \u0644\u0627 \u062a\u0636\u0645\u0646 \u0627\u0644\u0634\u0631\u0643\u0629 \u062a\u0634\u063a\u064a\u0644 \u0627\u0644\u0645\u0648\u0642\u0639 \u0627\u0644\u0625\u0644\u0643\u062a\u0631\u0648\u0646\u064a \u062f\u0648\u0646 \u0627\u0646\u0642\u0637\u0627\u0639 \u0648\u0647\u064a \u063a\u064a\u0631 \u0645\u0633\u0624\u0648\u0644\u0629 \u0639\u0646 \u0627\u0644\u0623\u0639\u0637\u0627\u0644 \u0627\u0644\u0641\u0646\u064a\u0629 \u0627\u0644\u0645\u062d\u062a\u0645\u0644\u0629.<\/p><p class=\"p4\">6.3. \u062c\u0645\u064a\u0639 \u0627\u0644\u0645\u0648\u0627\u062f \u0627\u0644\u0645\u0648\u062c\u0648\u062f\u0629 \u0639\u0644\u0649 \u0627\u0644\u0645\u0648\u0642\u0639 \u0647\u064a \u0644\u0623\u063a\u0631\u0627\u0636 \u0625\u0639\u0644\u0627\u0645\u064a\u0629 \u0648\u0644\u0627 \u062a\u0634\u0643\u0644 \u0639\u0631\u0636\u0627\u064b \u0639\u0627\u0645\u0627\u064b.<\/p><hr><h2><b>7. \u0627\u0644\u0642\u0648\u0629 \u0627\u0644\u0642\u0627\u0647\u0631\u0629<\/b><\/h2><p class=\"p4\">\u062a\u064f\u0639\u0641\u0649 \u0627\u0644\u0634\u0631\u0643\u0629 \u0645\u0646 \u0627\u0644\u0645\u0633\u0624\u0648\u0644\u064a\u0629 \u0639\u0646 \u0639\u062f\u0645 \u0627\u0644\u0648\u0641\u0627\u0621 \u0628\u0627\u0644\u062a\u0632\u0627\u0645\u0627\u062a\u0647\u0627 \u0641\u064a \u062d\u0627\u0644\u0629 \u0627\u0644\u0638\u0631\u0648\u0641 \u0627\u0644\u0642\u0627\u0647\u0631\u0629 (\u0627\u0644\u0643\u0648\u0627\u0631\u062b \u0627\u0644\u0637\u0628\u064a\u0639\u064a\u0629\u060c \u0648\u0627\u0644\u0623\u0639\u0645\u0627\u0644 \u0627\u0644\u0639\u0633\u0643\u0631\u064a\u0629\u060c \u0648\u0627\u0644\u0639\u0642\u0648\u0628\u0627\u062a\u060c \u0648\u0627\u0644\u0625\u0636\u0631\u0627\u0628\u0627\u062a\u060c \u0648\u062a\u0639\u0637\u0644 \u0627\u0644\u0628\u0646\u064a\u0629 \u0627\u0644\u062a\u062d\u062a\u064a\u0629 \u0644\u0644\u0646\u0642\u0644).<\/p><hr><h2><b>8. \u062a\u0633\u0648\u064a\u0629 \u0627\u0644\u0645\u0646\u0627\u0632\u0639\u0627\u062a<\/b><\/h2><p class=\"p4\">8.1. \u064a\u062a\u0645 \u062d\u0644 \u062c\u0645\u064a\u0639 \u0627\u0644\u0646\u0632\u0627\u0639\u0627\u062a \u0648\u0627\u0644\u062e\u0644\u0627\u0641\u0627\u062a \u0645\u0646 \u062e\u0644\u0627\u0644 \u0627\u0644\u0645\u0641\u0627\u0648\u0636\u0627\u062a.<\/p><p class=\"p4\">8.2. \u0625\u0630\u0627 \u0644\u0645 \u064a\u062a\u0645 \u0627\u0644\u062a\u0648\u0635\u0644 \u0625\u0644\u0649 \u0627\u062a\u0641\u0627\u0642\u060c \u064a\u062d\u0627\u0644 \u0627\u0644\u0646\u0632\u0627\u0639 \u0625\u0644\u0649 \u0627\u0644\u0645\u062d\u0643\u0645\u0629 \u0627\u0644\u0645\u062e\u062a\u0635\u0629 \u0641\u064a \u0645\u0643\u0627\u0646 \u062a\u0623\u0633\u064a\u0633 \u0627\u0644\u0634\u0631\u0643\u0629.<\/p><p class=\"p4\">8.3. \u0627\u0644\u0642\u0627\u0646\u0648\u0646 \u0627\u0644\u0645\u0639\u0645\u0648\u0644 \u0628\u0647 \u0647\u0648 \u0627\u0644\u0642\u0627\u0646\u0648\u0646 \u0627\u0644\u062a\u0631\u0643\u064a.<\/p><hr><h2><b>9. \u0627\u0644\u062a\u063a\u064a\u064a\u0631\u0627\u062a \u0641\u064a \u0627\u0644\u0638\u0631\u0648\u0641<\/b><\/h2><p class=\"p4\">\u062a\u062d\u062a\u0641\u0638 Betainvest \u0628\u0627\u0644\u062d\u0642 \u0641\u064a \u062a\u062d\u062f\u064a\u062b \u0627\u0644\u0627\u062a\u0641\u0627\u0642\u064a\u0629. \u064a\u0634\u0627\u0631 \u0625\u0644\u0649 \u062a\u0627\u0631\u064a\u062e \u0622\u062e\u0631 \u062a\u062d\u062f\u064a\u062b \u0641\u064a \u0628\u062f\u0627\u064a\u0629 \u0627\u0644\u0645\u0633\u062a\u0646\u062f. <\/p><hr><h2><b>10. \u062c\u0647\u0627\u062a \u0627\u0644\u0627\u062a\u0635\u0627\u0644<\/b><\/h2><p class=\"p4\">\u0644\u0644\u0623\u0633\u0626\u0644\u0629 \u0627\u0644\u0645\u062a\u0639\u0644\u0642\u0629 \u0628\u0627\u0633\u062a\u062e\u062f\u0627\u0645 \u0627\u0644\u0645\u0648\u0642\u0639 \u0648\u062e\u062f\u0645\u0627\u062a \u0627\u0644\u0634\u0631\u0643\u0629\u060c \u064a\u064f\u0631\u062c\u0649 \u0627\u0644\u0627\u062a\u0635\u0627\u0644 \u0628\u0640<\/p><p class=\"p4\"><img decoding=\"async\" class=\"emoji\" role=\"img\" draggable=\"false\" src=\"https:\/\/s.w.org\/images\/core\/emoji\/16.0.1\/svg\/1f4e7.svg\" alt=\"\ud83d\udce7\">  \u0627\u0644\u0628\u0631\u064a\u062f \u0627\u0644\u0625\u0644\u0643\u062a\u0631\u0648\u0646\u064a: info@betainvest.ee<\/p><p class=\"p4\"><img decoding=\"async\" class=\"emoji\" role=\"img\" draggable=\"false\" src=\"https:\/\/s.w.org\/images\/core\/emoji\/16.0.1\/svg\/1f4de.svg\" alt=\"\ud83d\udcde\">  \u0627\u0644\u0647\u0648\u0627\u062a\u0641: +90 5431692452+\u060c +90 2166297557<\/p><p class=\"p4\"><img decoding=\"async\" class=\"emoji\" role=\"img\" draggable=\"false\" src=\"https:\/\/s.w.org\/images\/core\/emoji\/16.0.1\/svg\/1f4cd.svg\" alt=\"\ud83d\udccd\">  \u0627\u0644\u0639\u0646\u0648\u0627\u0646: 34710 \u0643\u0627\u0641\u0631\u0627\u062c\u0627 \u0645\u0627\u0647. General Asim G\u00fcnduz Cad. Bahariye Plaza Kat #62, D # 5, Kad\u0131k\u00f6y, \u0130stanb  <\/p>\t\t\t\t\t\t\t\t<\/div>\n\t\t\t\t\t<\/div>\n\t\t\t\t<\/div>\n\t\t\t\t<\/div>\n\t\t","protected":false},"excerpt":{"rendered":"<p>\u0627\u0644\u0627\u062a\u0641\u0627\u0642\u064a\u0629 \u0648\u0634\u0631\u0648\u0637 \u0627\u0644\u0627\u0633\u062a\u062e\u062f\u0627\u0645 \u0622\u062e\u0631 \u062a\u062d\u062f\u064a\u062b: [25.08.2025] \u0645\u0631\u062d\u0628\u064b\u0627 \u0628\u0643 \u0641\u064a \u0627\u0644\u0645\u0648\u0642\u0639 \u0627\u0644\u0625\u0644\u0643\u062a\u0631\u0648\u0646\u064a Betainvest.ee. \u062a\u062d\u0643\u0645 \u0647\u0630\u0647 \u0627\u0644\u0634\u0631\u0648\u0637 \u0648\u0627\u0644\u0623\u062d\u0643\u0627\u0645 \u0627\u0633\u062a\u062e\u062f\u0627\u0645 \u0647\u0630\u0627 \u0627\u0644\u0645\u0648\u0642\u0639 \u0648\u0627\u0644\u062e\u062f\u0645\u0627\u062a \u0627\u0644\u0645\u0642\u062f\u0645\u0629. \u0628\u0627\u0633\u062a\u062e\u062f\u0627\u0645\u0643 \u0644\u0644\u0645\u0648\u0642\u0639\u060c \u0641\u0625\u0646\u0643 \u062a\u0648\u0627\u0641\u0642 \u0639\u0644\u0649 \u0627\u0644\u0627\u0644\u062a\u0632\u0627\u0645 \u0628\u0647\u0630\u0647 \u0627\u0644\u0634\u0631\u0648\u0637 \u0648\u0627\u0644\u0623\u062d\u0643\u0627\u0645. 1 &#8211; \u0623\u062d\u0643\u0627\u0645 \u0639\u0627\u0645\u0629 1.1. \u0645\u0627\u0644\u0643 \u0627\u0644\u0645\u0648\u0642\u0639 \u0647\u0648 \u0628\u064a\u062a\u0627\u064a\u0646\u0641\u0633\u062a\u0645\u0633\u062c\u0644 \u0641\u064a \u0627\u0644\u0639\u0646\u0648\u0627\u0646: 34710 \u0643\u0627\u0641\u0631\u0627\u062c\u0627 \u0645\u0627\u0647. General Asim G\u00fcnduz Cad. Bahariye Plaza Kat #62, D#5, Kad\u0131k\u00f6y, \u0130stanbul. [&hellip;]<\/p>\n","protected":false},"author":1,"featured_media":0,"parent":0,"menu_order":0,"comment_status":"closed","ping_status":"closed","template":"","meta":{"footnotes":""},"class_list":["post-3909","page","type-page","status-publish","hentry"],"_links":{"self":[{"href":"https:\/\/betainvest.ee\/ar\/wp-json\/wp\/v2\/pages\/3909","targetHints":{"allow":["GET"]}}],"collection":[{"href":"https:\/\/betainvest.ee\/ar\/wp-json\/wp\/v2\/pages"}],"about":[{"href":"https:\/\/betainvest.ee\/ar\/wp-json\/wp\/v2\/types\/page"}],"author":[{"embeddable":true,"href":"https:\/\/betainvest.ee\/ar\/wp-json\/wp\/v2\/users\/1"}],"replies":[{"embeddable":true,"href":"https:\/\/betainvest.ee\/ar\/wp-json\/wp\/v2\/comments?post=3909"}],"version-history":[{"count":1,"href":"https:\/\/betainvest.ee\/ar\/wp-json\/wp\/v2\/pages\/3909\/revisions"}],"predecessor-version":[{"id":3910,"href":"https:\/\/betainvest.ee\/ar\/wp-json\/wp\/v2\/pages\/3909\/revisions\/3910"}],"wp:attachment":[{"href":"https:\/\/betainvest.ee\/ar\/wp-json\/wp\/v2\/media?parent=3909"}],"curies":[{"name":"wp","href":"https:\/\/api.w.org\/{rel}","templated":true}]}}