{"id":3384,"date":"2025-08-24T20:40:03","date_gmt":"2025-08-24T20:40:03","guid":{"rendered":"https:\/\/betainvest.ee\/nachrichten-presse\/"},"modified":"2025-08-26T13:10:22","modified_gmt":"2025-08-26T13:10:22","slug":"nachrichten-presse","status":"publish","type":"page","link":"https:\/\/betainvest.ee\/de\/nachrichten-presse\/","title":{"rendered":"Nachrichten \/ Presse"},"content":{"rendered":"\t\t<div data-elementor-type=\"wp-page\" data-elementor-id=\"3384\" class=\"elementor elementor-3384 elementor-2929\" data-elementor-post-type=\"page\">\n\t\t\t\t<div class=\"elementor-element elementor-element-661b6a8 e-flex e-con-boxed e-con e-parent\" data-id=\"661b6a8\" data-element_type=\"container\" data-e-type=\"container\">\n\t\t\t\t\t<div class=\"e-con-inner\">\n\t\t\t\t<div class=\"elementor-element elementor-element-fbbb019 elementor-widget elementor-widget-text-editor\" data-id=\"fbbb019\" data-element_type=\"widget\" data-e-type=\"widget\" data-widget_type=\"text-editor.default\">\n\t\t\t\t\t\t\t\t\t<p class=\"p1\">Abschnitt <span class=\"s1\"><b>&#8222;Nachrichten und Presse&#8220;<\/b><\/span> &#8211; ist eine einheitliche Plattform, auf der wir \u00fcber aktuelle Ereignisse bei Betainvest und wichtige Ver\u00f6ffentlichungen in der Branche berichten.<\/p><p class=\"p1\">Hier werden Sie f\u00fcndig:<\/p><ul><li><p class=\"p1\">offizielle Nachrichten \u00fcber die Aktivit\u00e4ten unseres Unternehmens,<\/p><\/li><li><p class=\"p1\">Pressemeldungen und Medienver\u00f6ffentlichungen,<\/p><\/li><li><p class=\"p1\">sowie die wichtigsten Entwicklungen und Trends in der Logistik und im internationalen Handel.<\/p><\/li><\/ul><p class=\"p1\">Wir verpflichten uns, unseren Kunden und Partnern nur gepr\u00fcfte und aktuelle Informationen zur Verf\u00fcgung zu stellen.<\/p>\t\t\t\t\t\t\t\t<\/div>\n\t\t\t\t\t<\/div>\n\t\t\t\t<\/div>\n\t\t\t\t<\/div>\n\t\t","protected":false},"excerpt":{"rendered":"<p>Abschnitt &#8222;Nachrichten und Presse&#8220; &#8211; ist eine einheitliche Plattform, auf der wir \u00fcber aktuelle Ereignisse bei Betainvest und wichtige Ver\u00f6ffentlichungen in der Branche berichten. Hier werden Sie f\u00fcndig: offizielle Nachrichten \u00fcber die Aktivit\u00e4ten unseres Unternehmens, Pressemeldungen und Medienver\u00f6ffentlichungen, sowie die wichtigsten Entwicklungen und Trends in der Logistik und im internationalen Handel. Wir verpflichten uns, unseren [&hellip;]<\/p>\n","protected":false},"author":1,"featured_media":0,"parent":0,"menu_order":0,"comment_status":"closed","ping_status":"closed","template":"","meta":{"footnotes":""},"class_list":["post-3384","page","type-page","status-publish","hentry"],"_links":{"self":[{"href":"https:\/\/betainvest.ee\/de\/wp-json\/wp\/v2\/pages\/3384","targetHints":{"allow":["GET"]}}],"collection":[{"href":"https:\/\/betainvest.ee\/de\/wp-json\/wp\/v2\/pages"}],"about":[{"href":"https:\/\/betainvest.ee\/de\/wp-json\/wp\/v2\/types\/page"}],"author":[{"embeddable":true,"href":"https:\/\/betainvest.ee\/de\/wp-json\/wp\/v2\/users\/1"}],"replies":[{"embeddable":true,"href":"https:\/\/betainvest.ee\/de\/wp-json\/wp\/v2\/comments?post=3384"}],"version-history":[{"count":1,"href":"https:\/\/betainvest.ee\/de\/wp-json\/wp\/v2\/pages\/3384\/revisions"}],"predecessor-version":[{"id":3386,"href":"https:\/\/betainvest.ee\/de\/wp-json\/wp\/v2\/pages\/3384\/revisions\/3386"}],"wp:attachment":[{"href":"https:\/\/betainvest.ee\/de\/wp-json\/wp\/v2\/media?parent=3384"}],"curies":[{"name":"wp","href":"https:\/\/api.w.org\/{rel}","templated":true}]}}