{"id":3458,"date":"2025-08-04T06:22:54","date_gmt":"2025-08-04T06:22:54","guid":{"rendered":"https:\/\/betainvest.ee\/zahlung-von-strassenbenutzungsgebuehren-platon-russland\/"},"modified":"2025-08-26T13:10:39","modified_gmt":"2025-08-26T13:10:39","slug":"zahlung-von-strassenbenutzungsgebuehren-platon-russland","status":"publish","type":"page","link":"https:\/\/betainvest.ee\/de\/zahlung-von-strassenbenutzungsgebuehren-platon-russland\/","title":{"rendered":"Zahlung von Stra\u00dfenbenutzungsgeb\u00fchren &#8211; Platon, Russland"},"content":{"rendered":"\t\t<div data-elementor-type=\"wp-page\" data-elementor-id=\"3458\" class=\"elementor elementor-3458 elementor-73\" data-elementor-post-type=\"page\">\n\t\t\t\t<div class=\"elementor-element elementor-element-84d5c49 e-flex e-con-boxed e-con e-parent\" data-id=\"84d5c49\" data-element_type=\"container\" data-e-type=\"container\">\n\t\t\t\t\t<div class=\"e-con-inner\">\n\t\t\t\t<div class=\"elementor-element elementor-element-5956819 elementor-widget elementor-widget-image\" data-id=\"5956819\" data-element_type=\"widget\" data-e-type=\"widget\" data-widget_type=\"image.default\">\n\t\t\t\t\t\t\t\t\t\t\t\t\t\t\t<img decoding=\"async\" width=\"319\" height=\"72\" src=\"https:\/\/betainvest.ee\/wp-content\/uploads\/2025\/08\/p-logo.png\" class=\"attachment-large size-large wp-image-1023\" alt=\"\" srcset=\"https:\/\/betainvest.ee\/wp-content\/uploads\/2025\/08\/p-logo.png 319w, https:\/\/betainvest.ee\/wp-content\/uploads\/2025\/08\/p-logo-300x68.png 300w\" sizes=\"(max-width: 319px) 100vw, 319px\" \/>\t\t\t\t\t\t\t\t\t\t\t\t\t\t\t<\/div>\n\t\t\t\t<div class=\"elementor-element elementor-element-00c1420 elementor-widget elementor-widget-text-editor\" data-id=\"00c1420\" data-element_type=\"widget\" data-e-type=\"widget\" data-widget_type=\"text-editor.default\">\n\t\t\t\t\t\t\t\t\t<h2 data-start=\"286\" data-end=\"382\">Platon-System und MTPL f\u00fcr ausl\u00e4ndische Fluggesellschaften &#8211; ein umfassendes Angebot von Betainvest<\/h2><p data-start=\"384\" data-end=\"649\">Transportieren Sie Waren nach oder durch Russland? Um sich ungehindert auf den Bundesstra\u00dfen bewegen zu k\u00f6nnen und alle gesetzlichen Anforderungen zu erf\u00fcllen, ben\u00f6tigen Sie zwei wichtige Dokumente: die <strong data-start=\"594\" data-end=\"628\">Registrierung im Platon-System<\/strong> und eine <strong data-start=\"631\" data-end=\"646\">CMTPL-Versicherungspolice<\/strong>. <\/p><h3 data-start=\"656\" data-end=\"680\">Was ist &#8222;Plato&#8220;?<\/h3><p data-start=\"681\" data-end=\"1019\"><strong data-start=\"681\" data-end=\"693\">&#8222;Platon<\/strong> &#8220; ist ein staatliches System, das Lkw mit einem Gewicht von mehr als 12 Tonnen f\u00fcr die Fahrt auf Russlands f\u00f6deralen Autobahnen in Rechnung stellt.<br data-start=\"829\" data-end=\"832\">Die Zahlung wird <strong data-start=\"851\" data-end=\"878\">f\u00fcr jeden<\/strong> gefahrenen <strong data-start=\"851\" data-end=\"878\">Kilometer<\/strong> in russischen Rubeln berechnet und bargeldlos vom Verrechnungskonto des Spediteurs abgebucht. Die Mittel werden f\u00fcr die Instandhaltung und Reparatur von Stra\u00dfen verwendet. <\/p><h3 data-start=\"1026\" data-end=\"1048\">Warum es wichtig ist<\/h3><ul data-start=\"1049\" data-end=\"1325\"><li data-start=\"1049\" data-end=\"1139\"><p data-start=\"1051\" data-end=\"1139\">Bei nicht rechtzeitiger Zahlung oder nicht erfolgter Registrierung in Platon werden <strong data-start=\"1119\" data-end=\"1137\">hohe Geldstrafen<\/strong> f\u00e4llig.<\/p><\/li><li data-start=\"1140\" data-end=\"1239\"><p data-start=\"1142\" data-end=\"1239\">Das System ist in der gesamten Russischen F\u00f6deration in Betrieb und wird von einem Netzwerk aus Rahmen, Kameras und Bordger\u00e4ten \u00fcberwacht.<\/p><\/li><li data-start=\"1240\" data-end=\"1325\"><p data-start=\"1242\" data-end=\"1325\">Ohne korrekt ausgestellte Streckenkarten kann ein Flug versp\u00e4tet sein oder gestoppt werden<\/p><\/li><\/ul><h3 data-start=\"1332\" data-end=\"1372\">MTPL-Versicherung f\u00fcr ausl\u00e4ndische Transportunternehmen<\/h3><p data-start=\"1373\" data-end=\"1662\">Bei der Einreise in das russische Hoheitsgebiet ist der Abschluss einer <strong data-start=\"1423\" data-end=\"1432\">OSAGO-Police<\/strong> (obligatorische Kraftfahrzeug-Haftpflichtversicherung) <strong data-start=\"1495\" data-end=\"1522\">obligatorisch<\/strong>.<br data-start=\"1523\" data-end=\"1526\">Diese Police sch\u00fctzt den Bef\u00f6rderer vor den Kosten f\u00fcr die Entsch\u00e4digung von Sch\u00e4den an Leben, Gesundheit oder Eigentum Dritter im Falle eines Verkehrsunfalls.<\/p><h3 data-start=\"1669\" data-end=\"1706\">Betainvest &#8211; komplettes Paket an Dienstleistungen<\/h3><p data-start=\"1707\" data-end=\"1804\">Wir bieten einen umfassenden Begleitservice, um sicherzustellen, dass Ihre Transporte ohne Versp\u00e4tungen oder Strafen ablaufen:<\/p><ul data-start=\"1805\" data-end=\"2159\"><li data-start=\"1805\" data-end=\"1850\"><p data-start=\"1807\" data-end=\"1850\">Registrierung von Fahrzeugen im Platon-System<\/p><\/li><li data-start=\"1851\" data-end=\"1907\"><p data-start=\"1853\" data-end=\"1907\">Beschaffung von Routenkarten (einmalige oder mehrfache Verwendung)<\/p><\/li><li data-start=\"1908\" data-end=\"1962\"><p data-start=\"1910\" data-end=\"1962\">Beratung zu Platon Regeln und Einsatzgebieten<\/p><\/li><li data-start=\"1963\" data-end=\"1995\"><p data-start=\"1965\" data-end=\"1995\">Auszahlung und Kontrolle von Abgrenzungen<\/p><\/li><li data-start=\"1996\" data-end=\"2059\"><p data-start=\"1998\" data-end=\"2059\">MTPL Versicherungspolice g\u00fcltig in der gesamten Russischen F\u00f6deration<\/p><\/li><li data-start=\"2060\" data-end=\"2114\"><p data-start=\"2062\" data-end=\"2114\">Unterst\u00fctzung auf Russisch, T\u00fcrkisch und Englisch<\/p><\/li><li data-start=\"2115\" data-end=\"2159\"><p data-start=\"2117\" data-end=\"2159\">Schnelle Bearbeitung ohne unn\u00f6tige B\u00fcrokratie<\/p><\/li><\/ul><h3 data-start=\"2166\" data-end=\"2187\">Wie wir arbeiten<\/h3><ol data-start=\"2188\" data-end=\"2423\"><li data-start=\"2188\" data-end=\"2247\"><p data-start=\"2191\" data-end=\"2247\">Sie kontaktieren uns per Telefon, WhatsApp oder E-Mail<\/p><\/li><li data-start=\"2248\" data-end=\"2293\"><p data-start=\"2251\" data-end=\"2293\">\u00dcbertragen Sie die erforderlichen Daten und Dokumente<\/p><\/li><li data-start=\"2294\" data-end=\"2353\"><p data-start=\"2297\" data-end=\"2353\">Wir registrieren Fahrzeuge bei Platon und stellen MTPL-Versicherungspolicen aus<\/p><\/li><li data-start=\"2354\" data-end=\"2423\"><p data-start=\"2357\" data-end=\"2423\">Wir senden Ihnen die fertigen Dokumente zu &#8211; Sie k\u00f6nnen Ihre Reise antreten<\/p><\/li><\/ol><p data-start=\"2430\" data-end=\"2595\"><strong data-start=\"2433\" data-end=\"2472\">Kontaktieren Sie Betainvest jetzt<\/strong> &#8211; wir k\u00fcmmern uns um die Platon- und MTPL-Registrierung, damit Sie sich auf den Transport konzentrieren k\u00f6nnen, nicht auf den Papierkram.<\/p>\t\t\t\t\t\t\t\t<\/div>\n\t\t\t\t<div class=\"elementor-element elementor-element-69250ee elementor-widget elementor-widget-image\" data-id=\"69250ee\" data-element_type=\"widget\" data-e-type=\"widget\" data-widget_type=\"image.default\">\n\t\t\t\t\t\t\t\t\t\t\t\t\t\t\t<img fetchpriority=\"high\" decoding=\"async\" width=\"612\" height=\"408\" src=\"https:\/\/betainvest.ee\/wp-content\/uploads\/2025\/08\/istockphoto-1371212488-612x612-1.jpg\" class=\"attachment-medium_large size-medium_large wp-image-1032\" alt=\"\" srcset=\"https:\/\/betainvest.ee\/wp-content\/uploads\/2025\/08\/istockphoto-1371212488-612x612-1.jpg 612w, https:\/\/betainvest.ee\/wp-content\/uploads\/2025\/08\/istockphoto-1371212488-612x612-1-300x200.jpg 300w\" sizes=\"(max-width: 612px) 100vw, 612px\" \/>\t\t\t\t\t\t\t\t\t\t\t\t\t\t\t<\/div>\n\t\t\t\t\t<\/div>\n\t\t\t\t<\/div>\n\t\t\t\t<\/div>\n\t\t","protected":false},"excerpt":{"rendered":"<p>Platon-System und MTPL f\u00fcr ausl\u00e4ndische Fluggesellschaften &#8211; ein umfassendes Angebot von Betainvest Transportieren Sie Waren nach oder durch Russland? Um sich ungehindert auf den Bundesstra\u00dfen bewegen zu k\u00f6nnen und alle gesetzlichen Anforderungen zu erf\u00fcllen, ben\u00f6tigen Sie zwei wichtige Dokumente: die Registrierung im Platon-System und eine CMTPL-Versicherungspolice. Was ist &#8222;Plato&#8220;? &#8222;Platon &#8220; ist ein staatliches System, [&hellip;]<\/p>\n","protected":false},"author":1,"featured_media":0,"parent":0,"menu_order":0,"comment_status":"closed","ping_status":"closed","template":"","meta":{"footnotes":""},"class_list":["post-3458","page","type-page","status-publish","hentry"],"_links":{"self":[{"href":"https:\/\/betainvest.ee\/de\/wp-json\/wp\/v2\/pages\/3458","targetHints":{"allow":["GET"]}}],"collection":[{"href":"https:\/\/betainvest.ee\/de\/wp-json\/wp\/v2\/pages"}],"about":[{"href":"https:\/\/betainvest.ee\/de\/wp-json\/wp\/v2\/types\/page"}],"author":[{"embeddable":true,"href":"https:\/\/betainvest.ee\/de\/wp-json\/wp\/v2\/users\/1"}],"replies":[{"embeddable":true,"href":"https:\/\/betainvest.ee\/de\/wp-json\/wp\/v2\/comments?post=3458"}],"version-history":[{"count":1,"href":"https:\/\/betainvest.ee\/de\/wp-json\/wp\/v2\/pages\/3458\/revisions"}],"predecessor-version":[{"id":3460,"href":"https:\/\/betainvest.ee\/de\/wp-json\/wp\/v2\/pages\/3458\/revisions\/3460"}],"wp:attachment":[{"href":"https:\/\/betainvest.ee\/de\/wp-json\/wp\/v2\/media?parent=3458"}],"curies":[{"name":"wp","href":"https:\/\/api.w.org\/{rel}","templated":true}]}}