{"id":3492,"date":"2025-08-04T06:22:54","date_gmt":"2025-08-04T06:22:54","guid":{"rendered":"https:\/\/betainvest.ee\/dienstleistungen-fuer-fahrer-unterwegs\/"},"modified":"2026-03-05T00:19:00","modified_gmt":"2026-03-05T00:19:00","slug":"dienstleistungen-fuer-fahrer-unterwegs","status":"publish","type":"page","link":"https:\/\/betainvest.ee\/de\/dienstleistungen-fuer-fahrer-unterwegs\/","title":{"rendered":"Dienstleistungen f\u00fcr Fahrer unterwegs"},"content":{"rendered":"\t\t<div data-elementor-type=\"wp-page\" data-elementor-id=\"3492\" class=\"elementor elementor-3492\" data-elementor-post-type=\"page\">\n\t\t\t\t<div class=\"elementor-element elementor-element-40a462d e-flex e-con-boxed e-con e-parent\" data-id=\"40a462d\" data-element_type=\"container\" data-e-type=\"container\">\n\t\t\t\t\t<div class=\"e-con-inner\">\n\t\t<div class=\"elementor-element elementor-element-85d42cf e-con-full e-flex e-con e-child\" data-id=\"85d42cf\" data-element_type=\"container\" data-e-type=\"container\">\n\t\t\t\t<div class=\"elementor-element elementor-element-e1fce4a elementor-widget elementor-widget-text-editor\" data-id=\"e1fce4a\" data-element_type=\"widget\" data-e-type=\"widget\" data-widget_type=\"text-editor.default\">\n\t\t\t\t\t\t\t\t\t<h2 data-start=\"316\" data-end=\"376\"><strong>Stra\u00dfen- und LKW-Dienste und alles, was Sie unterwegs brauchen &#8211; auf einer Karte.<\/strong><strong data-start=\"377\" data-end=\"419\">alles, was Sie auf der Stra\u00dfe brauchen &#8211; auf einer Karte<\/strong><\/h2>\n\t\t\t\t\t\t\t\t<\/div>\n\t\t\t\t<\/div>\n\t\t<div class=\"elementor-element elementor-element-ab26dcb e-con-full e-flex e-con e-child\" data-id=\"ab26dcb\" data-element_type=\"container\" data-e-type=\"container\">\n\t\t\t\t<div class=\"elementor-element elementor-element-7908494 elementor-widget elementor-widget-image\" data-id=\"7908494\" data-element_type=\"widget\" data-e-type=\"widget\" data-widget_type=\"image.default\">\n\t\t\t\t\t\t\t\t\t\t\t\t\t\t\t<img fetchpriority=\"high\" decoding=\"async\" width=\"300\" height=\"202\" src=\"https:\/\/betainvest.ee\/wp-content\/uploads\/2025\/08\/69abf7c930811a7f2f04cf58616265be-300x202.png\" class=\"attachment-medium size-medium wp-image-775\" alt=\"\" srcset=\"https:\/\/betainvest.ee\/wp-content\/uploads\/2025\/08\/69abf7c930811a7f2f04cf58616265be-300x202.png 300w, https:\/\/betainvest.ee\/wp-content\/uploads\/2025\/08\/69abf7c930811a7f2f04cf58616265be.png 350w\" sizes=\"(max-width: 300px) 100vw, 300px\" \/>\t\t\t\t\t\t\t\t\t\t\t\t\t\t\t<\/div>\n\t\t\t\t<\/div>\n\t\t\t\t\t<\/div>\n\t\t\t\t<\/div>\n\t\t<div class=\"elementor-element elementor-element-362cae0 e-flex e-con-boxed e-con e-parent\" data-id=\"362cae0\" data-element_type=\"container\" data-e-type=\"container\">\n\t\t\t\t\t<div class=\"e-con-inner\">\n\t\t\t\t<div class=\"elementor-element elementor-element-0730ff4 elementor-widget elementor-widget-text-editor\" data-id=\"0730ff4\" data-element_type=\"widget\" data-e-type=\"widget\" data-widget_type=\"text-editor.default\">\n\t\t\t\t\t\t\t\t\t<p data-start=\"421\" data-end=\"694\">Wir bieten Transportunternehmen einen bequemen Zugang zu einem breiten Netz von Dienstleistungen, die auf LUKOIL- und Teboil-Tankstellen basieren. Mit unseren Tankkarten erh\u00e4lt Ihre Flotte nicht nur hochwertigen Kraftstoff, sondern auch einen umfassenden Service auf der Stra\u00dfe &#8211; im Rahmen eines einheitlichen Systems f\u00fcr bargeldlose Zahlungen. <\/p>\n<h4 data-start=\"696\" data-end=\"750\">  Verf\u00fcgbare Dienstleistungen auf unseren Karten:<\/h4>\n<ul data-start=\"751\" data-end=\"1541\">\n<li data-start=\"751\" data-end=\"882\">\n<p data-start=\"753\" data-end=\"882\"><strong data-start=\"755\" data-end=\"794\">Montage von Lkw-Reifen<\/strong><br data-start=\"794\" data-end=\"797\">Auswuchten, Reparatur und saisonale Umr\u00fcstung im spezialisierten Stra\u00dfendienst.<\/p>\n<\/li>\n<li data-start=\"886\" data-end=\"1002\">\n<p data-start=\"888\" data-end=\"1002\">\u2705 <strong data-start=\"890\" data-end=\"930\">Wechsel von \u00d6len und technischen Fl\u00fcssigkeiten<\/strong><br data-start=\"930\" data-end=\"933\">Schnelle und hochwertige Wartung in zertifizierten Servicestellen.<\/p>\n<\/li>\n<li data-start=\"1004\" data-end=\"1159\">\n<p data-start=\"1006\" data-end=\"1159\">\u2705 <strong data-start=\"1008\" data-end=\"1037\">Kleinere Wartungsarbeiten<\/strong><br data-start=\"1037\" data-end=\"1040\">Pr\u00fcfen und ersetzen Sie die Bremsbel\u00e4ge, \u00fcberpr\u00fcfen Sie die Aufh\u00e4ngung, wechseln Sie Gl\u00fchbirnen und Filter &#8211; alles, was Sie f\u00fcr eine sichere Fahrt ben\u00f6tigen.<\/p>\n<\/li>\n<li data-start=\"1161\" data-end=\"1266\">\n<p data-start=\"1163\" data-end=\"1266\">\u2705 <strong data-start=\"1165\" data-end=\"1195\">LKW-W\u00e4sche<\/strong><br data-start=\"1195\" data-end=\"1198\">Spezialisierte Anlagen f\u00fcr Traktoren, Transporter, Tankwagen und Anh\u00e4nger.<\/p>\n<\/li>\n<li data-start=\"1268\" data-end=\"1398\">\n<p data-start=\"1270\" data-end=\"1398\">\u2705 <strong data-start=\"1272\" data-end=\"1312\">Komfortable Rastpl\u00e4tze f\u00fcr Fahrer<\/strong><br data-start=\"1312\" data-end=\"1315\">Separate Parkpl\u00e4tze f\u00fcr Lieferwagen, Duschen, Toiletten, Caf\u00e9s und Minim\u00e4rkte.<\/p>\n<\/li>\n<li data-start=\"1400\" data-end=\"1541\">\n<p data-start=\"1402\" data-end=\"1541\">\u2705 <strong data-start=\"1404\" data-end=\"1422\">Support 24\/7<\/strong><br data-start=\"1422\" data-end=\"1425\">Fahrer k\u00f6nnen jederzeit um Hilfe bitten, den n\u00e4chstgelegenen Servicepunkt ausfindig machen oder Routenvorschl\u00e4ge erhalten.<\/p>\n<\/li>\n<\/ul>\n<h4 data-start=\"1548\" data-end=\"1576\">  Verl\u00e4sslichkeit und Komfort<\/h4>\n<ul data-start=\"1577\" data-end=\"1882\">\n<li data-start=\"1577\" data-end=\"1683\">\n<p data-start=\"1579\" data-end=\"1683\">Alle Zahlungen werden mit <strong data-start=\"1606\" data-end=\"1638\">Ihrer Firmenkarte<\/strong> get\u00e4tigt &#8211; ohne Bargeld, mit klarer Kontrolle der Ausgaben.<\/p>\n<\/li>\n<li data-start=\"1684\" data-end=\"1757\">\n<p data-start=\"1686\" data-end=\"1757\">Unterst\u00fctzung des <strong data-start=\"1696\" data-end=\"1727\">Unified Loyalty Programme<\/strong> im gesamten Netz der Partnertankstellen.<\/p>\n<\/li>\n<li data-start=\"1758\" data-end=\"1882\">\n<p data-start=\"1760\" data-end=\"1882\">Der Zugang zu allen Diensten ist <strong data-start=\"1800\" data-end=\"1835\">nur f\u00fcr Lkw<\/strong> m\u00f6glich, wobei die Besonderheiten und Bed\u00fcrfnisse der Flotten ber\u00fccksichtigt werden.<\/p>\n<\/li>\n<\/ul>\n<h2 data-start=\"1889\" data-end=\"1913\"> <\/h2>\n\t\t\t\t\t\t\t\t<\/div>\n\t\t\t\t\t<\/div>\n\t\t\t\t<\/div>\n\t\t<div class=\"elementor-element elementor-element-125384a e-flex e-con-boxed e-con e-parent\" data-id=\"125384a\" data-element_type=\"container\" data-e-type=\"container\">\n\t\t\t\t\t<div class=\"e-con-inner\">\n\t\t\t\t<div class=\"elementor-element elementor-element-8d4daba elementor-widget elementor-widget-spacer\" data-id=\"8d4daba\" data-element_type=\"widget\" data-e-type=\"widget\" data-widget_type=\"spacer.default\">\n\t\t\t\t\t\t\t<div class=\"elementor-spacer\">\n\t\t\t<div class=\"elementor-spacer-inner\"><\/div>\n\t\t<\/div>\n\t\t\t\t\t\t<\/div>\n\t\t\t\t\t<\/div>\n\t\t\t\t<\/div>\n\t\t\t\t<\/div>\n\t\t","protected":false},"excerpt":{"rendered":"<p>Stra\u00dfen- und LKW-Dienste und alles, was Sie unterwegs brauchen &#8211; auf einer Karte.alles, was Sie auf der Stra\u00dfe brauchen &#8211; auf einer Karte Wir bieten Transportunternehmen einen bequemen Zugang zu einem breiten Netz von Dienstleistungen, die auf LUKOIL- und Teboil-Tankstellen basieren. Mit unseren Tankkarten erh\u00e4lt Ihre Flotte nicht nur hochwertigen Kraftstoff, sondern auch einen umfassenden [&hellip;]<\/p>\n","protected":false},"author":1,"featured_media":0,"parent":0,"menu_order":0,"comment_status":"closed","ping_status":"closed","template":"","meta":{"footnotes":""},"class_list":["post-3492","page","type-page","status-publish","hentry"],"_links":{"self":[{"href":"https:\/\/betainvest.ee\/de\/wp-json\/wp\/v2\/pages\/3492","targetHints":{"allow":["GET"]}}],"collection":[{"href":"https:\/\/betainvest.ee\/de\/wp-json\/wp\/v2\/pages"}],"about":[{"href":"https:\/\/betainvest.ee\/de\/wp-json\/wp\/v2\/types\/page"}],"author":[{"embeddable":true,"href":"https:\/\/betainvest.ee\/de\/wp-json\/wp\/v2\/users\/1"}],"replies":[{"embeddable":true,"href":"https:\/\/betainvest.ee\/de\/wp-json\/wp\/v2\/comments?post=3492"}],"version-history":[{"count":2,"href":"https:\/\/betainvest.ee\/de\/wp-json\/wp\/v2\/pages\/3492\/revisions"}],"predecessor-version":[{"id":6420,"href":"https:\/\/betainvest.ee\/de\/wp-json\/wp\/v2\/pages\/3492\/revisions\/6420"}],"wp:attachment":[{"href":"https:\/\/betainvest.ee\/de\/wp-json\/wp\/v2\/media?parent=3492"}],"curies":[{"name":"wp","href":"https:\/\/api.w.org\/{rel}","templated":true}]}}