{"id":3506,"date":"2025-08-04T06:22:54","date_gmt":"2025-08-04T06:22:54","guid":{"rendered":"https:\/\/betainvest.ee\/tankkarten-zum-tanken-in-russland-belarus-und-aserbaidschan\/"},"modified":"2025-08-26T13:10:53","modified_gmt":"2025-08-26T13:10:53","slug":"tankkarten-zum-tanken-in-russland-belarus-und-aserbaidschan","status":"publish","type":"page","link":"https:\/\/betainvest.ee\/de\/tankkarten-zum-tanken-in-russland-belarus-und-aserbaidschan\/","title":{"rendered":"Tankkarten zum Tanken in Russland, Belarus und Aserbaidschan"},"content":{"rendered":"\t\t<div data-elementor-type=\"wp-page\" data-elementor-id=\"3506\" class=\"elementor elementor-3506 elementor-76\" data-elementor-post-type=\"page\">\n\t\t\t\t<div class=\"elementor-element elementor-element-1f4b5ad e-flex e-con-boxed e-con e-parent\" data-id=\"1f4b5ad\" data-element_type=\"container\" data-e-type=\"container\">\n\t\t\t\t\t<div class=\"e-con-inner\">\n\t\t\t\t<div class=\"elementor-element elementor-element-a9237c1 elementor-widget elementor-widget-spacer\" data-id=\"a9237c1\" data-element_type=\"widget\" data-e-type=\"widget\" data-widget_type=\"spacer.default\">\n\t\t\t\t\t\t\t<div class=\"elementor-spacer\">\n\t\t\t<div class=\"elementor-spacer-inner\"><\/div>\n\t\t<\/div>\n\t\t\t\t\t\t<\/div>\n\t\t\t\t<div class=\"elementor-element elementor-element-ec84fb6 elementor-widget elementor-widget-heading\" data-id=\"ec84fb6\" data-element_type=\"widget\" data-e-type=\"widget\" data-widget_type=\"heading.default\">\n\t\t\t\t\t<h2 class=\"elementor-heading-title elementor-size-default\">LUKOIL\/TEBOIL Tankkarten - mehr als nur Bezahlung an Tankstellen<\/h2>\t\t\t\t<\/div>\n\t\t\t\t<div class=\"elementor-element elementor-element-915a0d2 elementor-widget elementor-widget-image\" data-id=\"915a0d2\" data-element_type=\"widget\" data-e-type=\"widget\" data-widget_type=\"image.default\">\n\t\t\t\t\t\t\t\t\t\t\t\t\t\t\t<img fetchpriority=\"high\" decoding=\"async\" width=\"700\" height=\"307\" src=\"https:\/\/betainvest.ee\/wp-content\/uploads\/2025\/08\/18297.jpg\" class=\"attachment-medium_large size-medium_large wp-image-722\" alt=\"\" srcset=\"https:\/\/betainvest.ee\/wp-content\/uploads\/2025\/08\/18297.jpg 700w, https:\/\/betainvest.ee\/wp-content\/uploads\/2025\/08\/18297-300x132.jpg 300w\" sizes=\"(max-width: 700px) 100vw, 700px\" \/>\t\t\t\t\t\t\t\t\t\t\t\t\t\t\t<\/div>\n\t\t\t\t<div class=\"elementor-element elementor-element-fbd54c8 elementor-widget elementor-widget-text-editor\" data-id=\"fbd54c8\" data-element_type=\"widget\" data-e-type=\"widget\" data-widget_type=\"text-editor.default\">\n\t\t\t\t\t\t\t\t\t<p>Unsere Tankkarten sind nicht nur ein Mittel zur bargeldlosen Bezahlung von Kraftstoff.<br data-start=\"471\" data-end=\"474\">Es ist ein <strong data-start=\"478\" data-end=\"512\">multifunktionales Instrument<\/strong> zur Kontrolle, Optimierung und Entwicklung Ihres Transportgesch\u00e4fts. Es hilft, <strong data-start=\"592\" data-end=\"611\">Kosten zu senken<\/strong>, <strong data-start=\"613\" data-end=\"636\">die Logistik zu vereinfachen<\/strong> und <strong data-start=\"639\" data-end=\"673\">die Transparenz der Ausgaben<\/strong> in jeder Phase <strong data-start=\"639\" data-end=\"673\">zu erh\u00f6hen<\/strong>. <\/p><p data-start=\"322\" data-end=\"396\"><strong data-start=\"322\" data-end=\"396\">Effizientes Flottenmanagement beginnt mit dem richtigen Tool<\/strong><br>Die wichtigsten Vorteile stehen Ihnen zur Verf\u00fcgung:<br>Zentrale Kostenkontrolle<br>Alle Transaktionen und Dienstleistungen werden in einer einzigen Rechnung angezeigt &#8211; praktisch f\u00fcr Analysen und Berichte.<br>Flexible Limiteinstellung<br>Sie k\u00f6nnen individuelle Limits nach Betrag, Art der Transaktionen und pro Karte festlegen.<br>Routen, die zu Ihrem Unternehmen passen<br>Wir verbinden die richtigen Tankstellen und Dienstleistungen entlang Ihrer geografischen Route, unabh\u00e4ngig von der Gr\u00f6\u00dfe Ihres Unternehmens.<br>Elektronische Dokumentenverwaltung<br>Automatisierung von Prozessen &#8211; Vermeidung von Papierbelegen und Berichten, Einsparung von Zeit und Ressourcen.<br>Loyalit\u00e4tssystem f\u00fcr alle<br>Personalisierte Rabatte und Konditionen &#8211; sowohl f\u00fcr Einzelunternehmer mit einem Auto als auch f\u00fcr gro\u00dfe Unternehmen mit einer umfangreichen Flotte.<br>Wide Geography<br>Karten werden an mehr als 3000 LUKOIL und Teboil Tankstellen in Russland, Wei\u00dfrussland und Aserbaidschan akzeptiert.<\/p><p data-start=\"322\" data-end=\"396\">Setzen Sie sich individuelle Grenzen:<\/p><ul data-start=\"1011\" data-end=\"1128\"><li data-start=\"1011\" data-end=\"1023\"><p data-start=\"1013\" data-end=\"1023\">in H\u00f6he<\/p><\/li><li data-start=\"1024\" data-end=\"1068\"><p data-start=\"1026\" data-end=\"1068\">nach Art des Betriebs (Kraftstoff, Service, Lebensmittel)<\/p><\/li><li data-start=\"1069\" data-end=\"1097\"><p data-start=\"1071\" data-end=\"1097\">nach Wochentag und Uhrzeit<\/p><\/li><li data-start=\"1098\" data-end=\"1128\"><p data-start=\"1100\" data-end=\"1128\">pro Karte oder Fahrer<\/p><\/li><li data-start=\"1098\" data-end=\"1128\"><p data-start=\"1100\" data-end=\"1128\">Elektronische Dokumentenverwaltung<\/p><\/li><\/ul><p data-start=\"1356\" data-end=\"1476\">Schecks, Berichte, Urkunden &#8211; alles ist digital.<br data-start=\"1397\" data-end=\"1400\">Schneller, transparenter, zuverl\u00e4ssiger.<br data-start=\"1430\" data-end=\"1433\"><strong data-start=\"1433\" data-end=\"1476\">Vollst\u00e4ndige Integration in Ihr Buchhaltungssystem.<\/strong><\/p>\t\t\t\t\t\t\t\t<\/div>\n\t\t\t\t\t<\/div>\n\t\t\t\t<\/div>\n\t\t<div class=\"elementor-element elementor-element-1fa890a e-flex e-con-boxed e-con e-parent\" data-id=\"1fa890a\" data-element_type=\"container\" data-e-type=\"container\">\n\t\t\t\t\t<div class=\"e-con-inner\">\n\t\t\t\t<div class=\"elementor-element elementor-element-74b9f65 elementor-widget elementor-widget-image\" data-id=\"74b9f65\" data-element_type=\"widget\" data-e-type=\"widget\" data-widget_type=\"image.default\">\n\t\t\t\t\t\t\t\t\t\t\t\t\t\t\t<img decoding=\"async\" width=\"300\" height=\"196\" src=\"https:\/\/betainvest.ee\/wp-content\/uploads\/2025\/08\/\u0421\u043d\u0438\u043c\u043e\u043a-\u044d\u043a\u0440\u0430\u043d\u0430-2024-08-28-\u0432-17.51-300x196.jpg\" class=\"attachment-medium size-medium wp-image-762\" alt=\"\" srcset=\"https:\/\/betainvest.ee\/wp-content\/uploads\/2025\/08\/\u0421\u043d\u0438\u043c\u043e\u043a-\u044d\u043a\u0440\u0430\u043d\u0430-2024-08-28-\u0432-17.51-300x196.jpg 300w, https:\/\/betainvest.ee\/wp-content\/uploads\/2025\/08\/\u0421\u043d\u0438\u043c\u043e\u043a-\u044d\u043a\u0440\u0430\u043d\u0430-2024-08-28-\u0432-17.51-1024x668.jpg 1024w, https:\/\/betainvest.ee\/wp-content\/uploads\/2025\/08\/\u0421\u043d\u0438\u043c\u043e\u043a-\u044d\u043a\u0440\u0430\u043d\u0430-2024-08-28-\u0432-17.51-768x501.jpg 768w, https:\/\/betainvest.ee\/wp-content\/uploads\/2025\/08\/\u0421\u043d\u0438\u043c\u043e\u043a-\u044d\u043a\u0440\u0430\u043d\u0430-2024-08-28-\u0432-17.51-1536x1002.jpg 1536w, https:\/\/betainvest.ee\/wp-content\/uploads\/2025\/08\/\u0421\u043d\u0438\u043c\u043e\u043a-\u044d\u043a\u0440\u0430\u043d\u0430-2024-08-28-\u0432-17.51-2048x1336.jpg 2048w\" sizes=\"(max-width: 300px) 100vw, 300px\" \/>\t\t\t\t\t\t\t\t\t\t\t\t\t\t\t<\/div>\n\t\t\t\t<div class=\"elementor-element elementor-element-548f3ff elementor-widget elementor-widget-spacer\" data-id=\"548f3ff\" data-element_type=\"widget\" data-e-type=\"widget\" data-widget_type=\"spacer.default\">\n\t\t\t\t\t\t\t<div class=\"elementor-spacer\">\n\t\t\t<div class=\"elementor-spacer-inner\"><\/div>\n\t\t<\/div>\n\t\t\t\t\t\t<\/div>\n\t\t\t\t\t<\/div>\n\t\t\t\t<\/div>\n\t\t<div class=\"elementor-element elementor-element-628311d e-flex e-con-boxed e-con e-parent\" data-id=\"628311d\" data-element_type=\"container\" data-e-type=\"container\">\n\t\t\t\t\t<div class=\"e-con-inner\">\n\t\t\t\t<div class=\"elementor-element elementor-element-ed293c6 elementor-widget elementor-widget-heading\" data-id=\"ed293c6\" data-element_type=\"widget\" data-e-type=\"widget\" data-widget_type=\"heading.default\">\n\t\t\t\t\t<h2 class=\"elementor-heading-title elementor-size-default\">IN MYALPARI K\u00d6NNEN SIE<\/h2>\t\t\t\t<\/div>\n\t\t\t\t\t<\/div>\n\t\t\t\t<\/div>\n\t\t<div class=\"elementor-element elementor-element-2a24316 e-flex e-con-boxed e-con e-parent\" data-id=\"2a24316\" data-element_type=\"container\" data-e-type=\"container\">\n\t\t\t\t\t<div class=\"e-con-inner\">\n\t\t<div class=\"elementor-element elementor-element-722208e e-con-full e-flex e-con e-child\" data-id=\"722208e\" data-element_type=\"container\" data-e-type=\"container\">\n\t\t\t\t<div class=\"elementor-element elementor-element-0e2640f elementor-widget elementor-widget-image\" data-id=\"0e2640f\" data-element_type=\"widget\" data-e-type=\"widget\" data-widget_type=\"image.default\">\n\t\t\t\t\t\t\t\t\t\t\t\t\t\t\t<img decoding=\"async\" width=\"700\" height=\"307\" src=\"https:\/\/betainvest.ee\/wp-content\/uploads\/2025\/08\/14933.jpg\" class=\"attachment-medium_large size-medium_large wp-image-731\" alt=\"\" srcset=\"https:\/\/betainvest.ee\/wp-content\/uploads\/2025\/08\/14933.jpg 700w, https:\/\/betainvest.ee\/wp-content\/uploads\/2025\/08\/14933-300x132.jpg 300w\" sizes=\"(max-width: 700px) 100vw, 700px\" \/>\t\t\t\t\t\t\t\t\t\t\t\t\t\t\t<\/div>\n\t\t\t\t<\/div>\n\t\t\t\t<div class=\"elementor-element elementor-element-93de962 elementor-widget elementor-widget-text-editor\" data-id=\"93de962\" data-element_type=\"widget\" data-e-type=\"widget\" data-widget_type=\"text-editor.default\">\n\t\t\t\t\t\t\t\t\t<h4 data-start=\"926\" data-end=\"967\">Flexible Festlegung von Grenzen und Rechten.  <strong>Verbinden Sie sich und kontrollieren Sie die Optionen, die Sie f\u00fcr sich selbst w\u00fcnschen.<\/strong><\/h4><ul><li>verwalten Sie den Vertrag und die Karten;  <\/li><li>um den aktuellen Vertragssaldo zu sehen und optimale Zahlungspl\u00e4ne zu erstellen;  <\/li><li>Transaktionen online einsehen;<\/li><li>das Tanken von Kraftstoff f\u00fcr jedes einzelne Fahrzeug zu \u00fcberwachen;<\/li><li>Grenzen und Routen verwalten;<\/li><li>Erhalten Sie prim\u00e4re Buchhaltungsunterlagen;<\/li><li>analytische Berichte erstellen.  <\/li><\/ul>\t\t\t\t\t\t\t\t<\/div>\n\t\t\t\t\t<\/div>\n\t\t\t\t<\/div>\n\t\t<div class=\"elementor-element elementor-element-1dba592 e-flex e-con-boxed e-con e-parent\" data-id=\"1dba592\" data-element_type=\"container\" data-e-type=\"container\">\n\t\t\t\t\t<div class=\"e-con-inner\">\n\t\t\t\t<div class=\"elementor-element elementor-element-90fc2d2 elementor-widget elementor-widget-spacer\" data-id=\"90fc2d2\" data-element_type=\"widget\" data-e-type=\"widget\" data-widget_type=\"spacer.default\">\n\t\t\t\t\t\t\t<div class=\"elementor-spacer\">\n\t\t\t<div class=\"elementor-spacer-inner\"><\/div>\n\t\t<\/div>\n\t\t\t\t\t\t<\/div>\n\t\t\t\t\t<\/div>\n\t\t\t\t<\/div>\n\t\t<div class=\"elementor-element elementor-element-01807d9 e-flex e-con-boxed e-con e-parent\" data-id=\"01807d9\" data-element_type=\"container\" data-e-type=\"container\">\n\t\t\t\t\t<div class=\"e-con-inner\">\n\t\t<div class=\"elementor-element elementor-element-0e3bab8 e-con-full e-flex e-con e-child\" data-id=\"0e3bab8\" data-element_type=\"container\" data-e-type=\"container\">\n\t\t\t\t<div class=\"elementor-element elementor-element-7b4264d elementor-widget elementor-widget-text-editor\" data-id=\"7b4264d\" data-element_type=\"widget\" data-e-type=\"widget\" data-widget_type=\"text-editor.default\">\n\t\t\t\t\t\t\t\t\t<p>Alle Transaktionen &#8211; Kraftstoff, Service, Parkpl\u00e4tze, Hotels &#8211; <strong data-start=\"843\" data-end=\"860\">auf einem Konto<\/strong>.  <\/p><p>Individuelle Rabatte und Konditionen &#8211; sowohl f\u00fcr kleine Unternehmen mit 1 Fahrzeug als auch f\u00fcr gro\u00dfe Flotten.<\/p>\t\t\t\t\t\t\t\t<\/div>\n\t\t\t\t<\/div>\n\t\t<div class=\"elementor-element elementor-element-e86e7b2 e-con-full e-flex e-con e-child\" data-id=\"e86e7b2\" data-element_type=\"container\" data-e-type=\"container\">\n\t\t\t\t<div class=\"elementor-element elementor-element-007623f elementor-widget elementor-widget-text-editor\" data-id=\"007623f\" data-element_type=\"widget\" data-e-type=\"widget\" data-widget_type=\"text-editor.default\">\n\t\t\t\t\t\t\t\t\t<p><strong data-start=\"2199\" data-end=\"2255\">Zuverl\u00e4ssige Kontrolle. Bequemer Service. G\u00fcnstige Bedingungen.  <\/strong><\/p><p>Setzen Sie sich mit uns in Verbindung und wir werden Ihr Unternehmen mit einem System verbinden, das f\u00fcr Ergebnisse sorgt.<\/p>\t\t\t\t\t\t\t\t<\/div>\n\t\t\t\t<\/div>\n\t\t\t\t<div class=\"elementor-element elementor-element-04125b4 elementor-widget elementor-widget-image\" data-id=\"04125b4\" data-element_type=\"widget\" data-e-type=\"widget\" data-widget_type=\"image.default\">\n\t\t\t\t\t\t\t\t\t\t\t\t\t\t\t<img loading=\"lazy\" decoding=\"async\" width=\"300\" height=\"132\" src=\"https:\/\/betainvest.ee\/wp-content\/uploads\/2025\/08\/28988-300x132.png\" class=\"attachment-medium size-medium wp-image-713\" alt=\"\" srcset=\"https:\/\/betainvest.ee\/wp-content\/uploads\/2025\/08\/28988-300x132.png 300w, https:\/\/betainvest.ee\/wp-content\/uploads\/2025\/08\/28988-768x337.png 768w, https:\/\/betainvest.ee\/wp-content\/uploads\/2025\/08\/28988.png 980w\" sizes=\"(max-width: 300px) 100vw, 300px\" \/>\t\t\t\t\t\t\t\t\t\t\t\t\t\t\t<\/div>\n\t\t\t\t\t<\/div>\n\t\t\t\t<\/div>\n\t\t<div class=\"elementor-element elementor-element-8730930 e-flex e-con-boxed e-con e-parent\" data-id=\"8730930\" data-element_type=\"container\" data-e-type=\"container\">\n\t\t\t\t\t<div class=\"e-con-inner\">\n\t\t\t\t<div class=\"elementor-element elementor-element-4d61d3e elementor-widget elementor-widget-spacer\" data-id=\"4d61d3e\" data-element_type=\"widget\" data-e-type=\"widget\" data-widget_type=\"spacer.default\">\n\t\t\t\t\t\t\t<div class=\"elementor-spacer\">\n\t\t\t<div class=\"elementor-spacer-inner\"><\/div>\n\t\t<\/div>\n\t\t\t\t\t\t<\/div>\n\t\t\t\t\t<\/div>\n\t\t\t\t<\/div>\n\t\t\t\t<\/div>\n\t\t","protected":false},"excerpt":{"rendered":"<p>LUKOIL\/TEBOIL Tankkarten &#8211; mehr als nur Bezahlung an Tankstellen Unsere Tankkarten sind nicht nur ein Mittel zur bargeldlosen Bezahlung von Kraftstoff.Es ist ein multifunktionales Instrument zur Kontrolle, Optimierung und Entwicklung Ihres Transportgesch\u00e4fts. Es hilft, Kosten zu senken, die Logistik zu vereinfachen und die Transparenz der Ausgaben in jeder Phase zu erh\u00f6hen. Effizientes Flottenmanagement beginnt mit [&hellip;]<\/p>\n","protected":false},"author":1,"featured_media":0,"parent":0,"menu_order":0,"comment_status":"closed","ping_status":"closed","template":"","meta":{"footnotes":""},"class_list":["post-3506","page","type-page","status-publish","hentry"],"_links":{"self":[{"href":"https:\/\/betainvest.ee\/de\/wp-json\/wp\/v2\/pages\/3506","targetHints":{"allow":["GET"]}}],"collection":[{"href":"https:\/\/betainvest.ee\/de\/wp-json\/wp\/v2\/pages"}],"about":[{"href":"https:\/\/betainvest.ee\/de\/wp-json\/wp\/v2\/types\/page"}],"author":[{"embeddable":true,"href":"https:\/\/betainvest.ee\/de\/wp-json\/wp\/v2\/users\/1"}],"replies":[{"embeddable":true,"href":"https:\/\/betainvest.ee\/de\/wp-json\/wp\/v2\/comments?post=3506"}],"version-history":[{"count":1,"href":"https:\/\/betainvest.ee\/de\/wp-json\/wp\/v2\/pages\/3506\/revisions"}],"predecessor-version":[{"id":3507,"href":"https:\/\/betainvest.ee\/de\/wp-json\/wp\/v2\/pages\/3506\/revisions\/3507"}],"wp:attachment":[{"href":"https:\/\/betainvest.ee\/de\/wp-json\/wp\/v2\/media?parent=3506"}],"curies":[{"name":"wp","href":"https:\/\/api.w.org\/{rel}","templated":true}]}}