{"id":3516,"date":"2025-08-04T06:22:54","date_gmt":"2025-08-04T06:22:54","guid":{"rendered":"https:\/\/betainvest.ee\/code-aufschluesselung\/"},"modified":"2025-08-26T13:10:57","modified_gmt":"2025-08-26T13:10:57","slug":"code-aufschluesselung","status":"publish","type":"page","link":"https:\/\/betainvest.ee\/de\/code-aufschluesselung\/","title":{"rendered":"Code-Aufschl\u00fcsselung"},"content":{"rendered":"\t\t<div data-elementor-type=\"wp-page\" data-elementor-id=\"3516\" class=\"elementor elementor-3516\" data-elementor-post-type=\"page\">\n\t\t\t\t<div class=\"elementor-element elementor-element-24ab544 e-flex e-con-boxed e-con e-parent\" data-id=\"24ab544\" data-element_type=\"container\" data-e-type=\"container\">\n\t\t\t\t\t<div class=\"e-con-inner\">\n\t\t\t\t<div class=\"elementor-element elementor-element-fe33106 elementor-widget elementor-widget-image\" data-id=\"fe33106\" data-element_type=\"widget\" data-e-type=\"widget\" data-widget_type=\"image.default\">\n\t\t\t\t\t\t\t\t\t\t\t\t\t\t\t<img fetchpriority=\"high\" decoding=\"async\" width=\"768\" height=\"512\" src=\"https:\/\/betainvest.ee\/wp-content\/uploads\/2025\/08\/transportation-4506971_1280-768x512.webp\" class=\"attachment-medium_large size-medium_large wp-image-1006\" alt=\"\" srcset=\"https:\/\/betainvest.ee\/wp-content\/uploads\/2025\/08\/transportation-4506971_1280-768x512.webp 768w, https:\/\/betainvest.ee\/wp-content\/uploads\/2025\/08\/transportation-4506971_1280-300x200.webp 300w, https:\/\/betainvest.ee\/wp-content\/uploads\/2025\/08\/transportation-4506971_1280-1024x682.webp 1024w, https:\/\/betainvest.ee\/wp-content\/uploads\/2025\/08\/transportation-4506971_1280.webp 1280w\" sizes=\"(max-width: 768px) 100vw, 768px\" \/>\t\t\t\t\t\t\t\t\t\t\t\t\t\t\t<\/div>\n\t\t\t\t<div class=\"elementor-element elementor-element-3d2e7bf elementor-widget elementor-widget-text-editor\" data-id=\"3d2e7bf\" data-element_type=\"widget\" data-e-type=\"widget\" data-widget_type=\"text-editor.default\">\n\t\t\t\t\t\t\t\t\t<h2 data-start=\"317\" data-end=\"376\">Codeaufschl\u00fcsselung (zusammenfassende Spezifikation)<\/h2><p data-start=\"378\" data-end=\"621\">Bei der Einfuhr von Waren in das Gebiet der <strong data-start=\"412\" data-end=\"456\">Eurasischen Wirtschaftsunion (EAEU<\/strong> ) &#8211; Russland, Wei\u00dfrussland, Kasachstan und andere L\u00e4nder &#8211; ist eine <strong data-start=\"529\" data-end=\"581\">elektronische Vorabmeldung (EAP)<\/strong> der Zollbeh\u00f6rden f\u00fcr jede Sendung vorgeschrieben.<\/p><p data-start=\"623\" data-end=\"741\">Eines der Schl\u00fcsselelemente des EPI ist die <strong data-start=\"664\" data-end=\"699\">zusammengefasste Spezifikation nach Code<\/strong> &#8211; die sogenannte <em data-start=\"717\" data-end=\"738\">&#8222;Codeaufschl\u00fcsselung&#8220;<\/em>.<\/p><h3 data-start=\"748\" data-end=\"782\">Was die Aufschl\u00fcsselung des Codes beinhaltet<\/h3><p data-start=\"783\" data-end=\"828\">F\u00fcr jede Art von Artikel m\u00fcssen Sie angeben:<\/p><ul data-start=\"829\" data-end=\"970\"><li data-start=\"829\" data-end=\"852\"><p data-start=\"831\" data-end=\"852\">Produktname<\/p><\/li><li data-start=\"853\" data-end=\"880\"><p data-start=\"855\" data-end=\"880\">Zollkodex (HS)<\/p><\/li><li data-start=\"881\" data-end=\"933\"><p data-start=\"883\" data-end=\"933\">Anzahl der Pl\u00e4tze (Paletten) im Fahrzeug<\/p><\/li><li data-start=\"934\" data-end=\"956\"><p data-start=\"936\" data-end=\"956\">Netto- und Bruttogewicht<\/p><\/li><li data-start=\"957\" data-end=\"970\"><p data-start=\"959\" data-end=\"970\">Kosten<\/p><\/li><\/ul><h3 data-start=\"977\" data-end=\"1009\">Warum es schwierig sein kann<\/h3><p data-start=\"1010\" data-end=\"1075\">Die Zusammenstellung der Aufschl\u00fcsselung nach Codes ist oft schwierig, weil:<\/p><ul data-start=\"1076\" data-end=\"1261\"><li data-start=\"1076\" data-end=\"1132\"><p data-start=\"1078\" data-end=\"1132\">Falsche oder unvollst\u00e4ndige Dokumentation des Lieferanten<\/p><\/li><li data-start=\"1133\" data-end=\"1179\"><p data-start=\"1135\" data-end=\"1179\">Komplexe oder nicht standardisierte Verpackung von Waren<\/p><\/li><li data-start=\"1180\" data-end=\"1261\"><p data-start=\"1182\" data-end=\"1261\">Besonderheiten des jeweiligen Informationssystems, \u00fcber das das EPI ausgestellt wird<\/p><\/li><\/ul><h3 data-start=\"1268\" data-end=\"1298\">Warum Betainvest w\u00e4hlen<\/h3><p data-start=\"1299\" data-end=\"1453\">Wir haben <strong data-start=\"1308\" data-end=\"1324\">umfangreiche Erfahrung<\/strong> mit Zolldokumenten und wissen, wie man die richtige Spezifikation nach Code erstellt, um Verz\u00f6gerungen an der Grenze zu vermeiden.<\/p><p data-start=\"1455\" data-end=\"1490\">Wenn Sie mit uns zusammenarbeiten, erhalten Sie:<\/p><ul data-start=\"1491\" data-end=\"1660\"><li data-start=\"1491\" data-end=\"1522\"><p data-start=\"1493\" data-end=\"1522\"><strong data-start=\"1493\" data-end=\"1520\">Genaue und vollst\u00e4ndige Berechnungen<\/strong><\/p><\/li><li data-start=\"1523\" data-end=\"1571\"><p data-start=\"1525\" data-end=\"1571\">Korrekte Abfertigung gem\u00e4\u00df den Zollbestimmungen<\/p><\/li><li data-start=\"1572\" data-end=\"1609\"><p data-start=\"1574\" data-end=\"1609\">Minimierung der Risiken von Frachtversp\u00e4tungen<\/p><\/li><li data-start=\"1610\" data-end=\"1660\"><p data-start=\"1612\" data-end=\"1660\">Unterst\u00fctzung in allen Phasen der Dokumentenerstellung<\/p><\/li><\/ul><p data-start=\"1667\" data-end=\"1813\"><strong data-start=\"1670\" data-end=\"1696\">Setzen Sie sich mit Betainvest in Verbindung<\/strong>, und wir werden die Codeaufschl\u00fcsselung f\u00fcr Ihre Sendung schnell, kompetent und in voller \u00dcbereinstimmung mit den Zollanforderungen vornehmen.<\/p>\t\t\t\t\t\t\t\t<\/div>\n\t\t\t\t<div class=\"elementor-element elementor-element-f7a8888 elementor-align-center elementor-widget elementor-widget-button\" data-id=\"f7a8888\" data-element_type=\"widget\" data-e-type=\"widget\" data-widget_type=\"button.default\">\n\t\t\t\t\t\t\t\t\t\t<a class=\"elementor-button elementor-button-link elementor-size-sm\" href=\"#\">\n\t\t\t\t\t\t<span class=\"elementor-button-content-wrapper\">\n\t\t\t\t\t\t\t\t\t<span class=\"elementor-button-text\">Klicken Sie hier<\/span>\n\t\t\t\t\t<\/span>\n\t\t\t\t\t<\/a>\n\t\t\t\t\t\t\t\t<\/div>\n\t\t\t\t\t<\/div>\n\t\t\t\t<\/div>\n\t\t\t\t<\/div>\n\t\t","protected":false},"excerpt":{"rendered":"<p>Codeaufschl\u00fcsselung (zusammenfassende Spezifikation) Bei der Einfuhr von Waren in das Gebiet der Eurasischen Wirtschaftsunion (EAEU ) &#8211; Russland, Wei\u00dfrussland, Kasachstan und andere L\u00e4nder &#8211; ist eine elektronische Vorabmeldung (EAP) der Zollbeh\u00f6rden f\u00fcr jede Sendung vorgeschrieben. Eines der Schl\u00fcsselelemente des EPI ist die zusammengefasste Spezifikation nach Code &#8211; die sogenannte &#8222;Codeaufschl\u00fcsselung&#8220;. Was die Aufschl\u00fcsselung des Codes [&hellip;]<\/p>\n","protected":false},"author":1,"featured_media":0,"parent":0,"menu_order":0,"comment_status":"closed","ping_status":"closed","template":"","meta":{"footnotes":""},"class_list":["post-3516","page","type-page","status-publish","hentry"],"_links":{"self":[{"href":"https:\/\/betainvest.ee\/de\/wp-json\/wp\/v2\/pages\/3516","targetHints":{"allow":["GET"]}}],"collection":[{"href":"https:\/\/betainvest.ee\/de\/wp-json\/wp\/v2\/pages"}],"about":[{"href":"https:\/\/betainvest.ee\/de\/wp-json\/wp\/v2\/types\/page"}],"author":[{"embeddable":true,"href":"https:\/\/betainvest.ee\/de\/wp-json\/wp\/v2\/users\/1"}],"replies":[{"embeddable":true,"href":"https:\/\/betainvest.ee\/de\/wp-json\/wp\/v2\/comments?post=3516"}],"version-history":[{"count":1,"href":"https:\/\/betainvest.ee\/de\/wp-json\/wp\/v2\/pages\/3516\/revisions"}],"predecessor-version":[{"id":3517,"href":"https:\/\/betainvest.ee\/de\/wp-json\/wp\/v2\/pages\/3516\/revisions\/3517"}],"wp:attachment":[{"href":"https:\/\/betainvest.ee\/de\/wp-json\/wp\/v2\/media?parent=3516"}],"curies":[{"name":"wp","href":"https:\/\/api.w.org\/{rel}","templated":true}]}}