{"id":3541,"date":"2025-08-04T06:22:53","date_gmt":"2025-08-04T06:22:53","guid":{"rendered":"https:\/\/betainvest.ee\/elektronische-versandanmeldung-russland\/"},"modified":"2025-08-26T13:11:09","modified_gmt":"2025-08-26T13:11:09","slug":"elektronische-versandanmeldung-russland","status":"publish","type":"page","link":"https:\/\/betainvest.ee\/de\/elektronische-versandanmeldung-russland\/","title":{"rendered":"Elektronische Versandanmeldung &#8211; Russland"},"content":{"rendered":"\t\t<div data-elementor-type=\"wp-page\" data-elementor-id=\"3541\" class=\"elementor elementor-3541 elementor-30\" data-elementor-post-type=\"page\">\n\t\t\t\t<div class=\"elementor-element elementor-element-31ab442 e-flex e-con-boxed e-con e-parent\" data-id=\"31ab442\" data-element_type=\"container\" data-e-type=\"container\">\n\t\t\t\t\t<div class=\"e-con-inner\">\n\t\t\t\t<div class=\"elementor-element elementor-element-6c3b075 elementor-widget elementor-widget-text-editor\" data-id=\"6c3b075\" data-element_type=\"widget\" data-e-type=\"widget\" data-widget_type=\"text-editor.default\">\n\t\t\t\t\t\t\t\t\t<p><u>Elektronische Versandanmeldung (ETD) auf dem Territorium der Russischen F\u00f6deration<\/u><\/p><p>Seit M\u00e4rz 2017 sind internationale Stra\u00dfeng\u00fcterverkehrsunternehmen, die ausl\u00e4ndische Waren \u00fcber das Territorium der Russischen F\u00f6deration bef\u00f6rdern, verpflichtet, Versandanmeldungen nur noch in elektronischer Form abzugeben. Ab diesem Zeitpunkt trat die Verordnung Nr. 144n des Finanzministeriums der Russischen F\u00f6deration &#8222;\u00dcber die Genehmigung des Verfahrens f\u00fcr die Nutzung des einheitlichen automatisierten Informationssystems der Zollbeh\u00f6rden bei der Zollkontrolle, der Zollanmeldung und der \u00dcberlassung (Verweigerung der \u00dcberlassung) von Waren, die in das Zollverfahren des Zolltransits in elektronischer Form \u00fcberf\u00fchrt wurden&#8220; in Kraft. <\/p><p>Die elektronische Versandanmeldung wird mit der elektronischen Signatur des Zollvertreters abgegeben.<\/p><p>Betainvest bietet Ihnen rund um die Uhr einen ETD-Service (Electronic Transit Declaration) f\u00fcr Ihre Fracht. Wir haben alles, was Sie brauchen, einschlie\u00dflich spezieller Software, und vor allem viel Erfahrung in der Bearbeitung von ETDs. <\/p><p>Erforderliche Dokumente f\u00fcr die Ausf\u00fchrung von ETDs:<\/p><table width=\"100%\"><tbody><tr><td><p><strong>Titel<\/strong><\/p><\/td><td><p><strong>Beschreibung<\/strong><\/p><\/td><\/tr><tr><td><p>CMR<\/p><\/td><td><p>  Internationaler Frachtbrief<\/p><\/td><\/tr><tr><td><p>RECHNUNG<\/p><\/td><td><p>Rechnung<\/p><\/td><\/tr><tr><td><p>Packliste<\/p><\/td><td><p>Packliste<\/p><\/td><\/tr><tr><td><p>Technische Datenbl\u00e4tter <\/p><\/td><td><p>Technische P\u00e4sse f\u00fcr das Fahrzeug und den Anh\u00e4nger<\/p><\/td><\/tr><tr><td><p>Reisepass des Fahrers<\/p><\/td><td><p> <\/p><\/td><\/tr><tr><td><p>Spezifikation (nach Bedarf)<\/p><\/td><td><p>Angabe der TN VED-Codes und Aufschl\u00fcsselung nach Wert und Gewicht<\/p><\/td><\/tr><tr><td><p>Bescheinigung des Zollspediteurs<\/p><\/td><td><p>In Anwesenheit von<\/p><\/td><\/tr><\/tbody><\/table><p><strong>Zus\u00e4tzliche Informationen erforderlich:<\/strong><\/p><ul><li>Name der Grenz\u00fcbergangsstelle<\/li><li>Kontaktnummer des Mobiltelefons des Fahrers<\/li><li>ungef\u00e4hre Zeit, wann der Fahrer an der Grenze sein wird<\/li><\/ul>\t\t\t\t\t\t\t\t<\/div>\n\t\t\t\t\t<\/div>\n\t\t\t\t<\/div>\n\t\t\t\t<\/div>\n\t\t","protected":false},"excerpt":{"rendered":"<p>Elektronische Versandanmeldung (ETD) auf dem Territorium der Russischen F\u00f6deration Seit M\u00e4rz 2017 sind internationale Stra\u00dfeng\u00fcterverkehrsunternehmen, die ausl\u00e4ndische Waren \u00fcber das Territorium der Russischen F\u00f6deration bef\u00f6rdern, verpflichtet, Versandanmeldungen nur noch in elektronischer Form abzugeben. Ab diesem Zeitpunkt trat die Verordnung Nr. 144n des Finanzministeriums der Russischen F\u00f6deration &#8222;\u00dcber die Genehmigung des Verfahrens f\u00fcr die Nutzung des [&hellip;]<\/p>\n","protected":false},"author":1,"featured_media":0,"parent":0,"menu_order":0,"comment_status":"closed","ping_status":"closed","template":"","meta":{"footnotes":""},"class_list":["post-3541","page","type-page","status-publish","hentry"],"_links":{"self":[{"href":"https:\/\/betainvest.ee\/de\/wp-json\/wp\/v2\/pages\/3541","targetHints":{"allow":["GET"]}}],"collection":[{"href":"https:\/\/betainvest.ee\/de\/wp-json\/wp\/v2\/pages"}],"about":[{"href":"https:\/\/betainvest.ee\/de\/wp-json\/wp\/v2\/types\/page"}],"author":[{"embeddable":true,"href":"https:\/\/betainvest.ee\/de\/wp-json\/wp\/v2\/users\/1"}],"replies":[{"embeddable":true,"href":"https:\/\/betainvest.ee\/de\/wp-json\/wp\/v2\/comments?post=3541"}],"version-history":[{"count":1,"href":"https:\/\/betainvest.ee\/de\/wp-json\/wp\/v2\/pages\/3541\/revisions"}],"predecessor-version":[{"id":3544,"href":"https:\/\/betainvest.ee\/de\/wp-json\/wp\/v2\/pages\/3541\/revisions\/3544"}],"wp:attachment":[{"href":"https:\/\/betainvest.ee\/de\/wp-json\/wp\/v2\/media?parent=3541"}],"curies":[{"name":"wp","href":"https:\/\/api.w.org\/{rel}","templated":true}]}}