{"id":3558,"date":"2025-08-04T06:22:53","date_gmt":"2025-08-04T06:22:53","guid":{"rendered":"https:\/\/betainvest.ee\/zollgarantie-sicherheit-russland\/"},"modified":"2025-08-26T13:11:13","modified_gmt":"2025-08-26T13:11:13","slug":"zollgarantie-sicherheit-russland","status":"publish","type":"page","link":"https:\/\/betainvest.ee\/de\/zollgarantie-sicherheit-russland\/","title":{"rendered":"Zollgarantie Sicherheit &#8211; Russland"},"content":{"rendered":"\t\t<div data-elementor-type=\"wp-page\" data-elementor-id=\"3558\" class=\"elementor elementor-3558 elementor-29\" data-elementor-post-type=\"page\">\n\t\t\t\t<div class=\"elementor-element elementor-element-f6c17ee e-flex e-con-boxed e-con e-parent\" data-id=\"f6c17ee\" data-element_type=\"container\" data-e-type=\"container\">\n\t\t\t\t\t<div class=\"e-con-inner\">\n\t\t\t\t<div class=\"elementor-element elementor-element-5962973 elementor-widget elementor-widget-image\" data-id=\"5962973\" data-element_type=\"widget\" data-e-type=\"widget\" data-widget_type=\"image.default\">\n\t\t\t\t\t\t\t\t\t\t\t\t\t\t\t<img decoding=\"async\" width=\"300\" height=\"158\" src=\"https:\/\/betainvest.ee\/wp-content\/uploads\/2025\/08\/\u043c\u0435\u0436\u0434\u0443\u043d\u0430\u0440\u043e\u0434\u043d\u044b\u0435-\u0433\u0440\u0443\u0437\u044b-1-300x158.jpg\" class=\"attachment-medium size-medium wp-image-3559\" alt=\"\" srcset=\"https:\/\/betainvest.ee\/wp-content\/uploads\/2025\/08\/\u043c\u0435\u0436\u0434\u0443\u043d\u0430\u0440\u043e\u0434\u043d\u044b\u0435-\u0433\u0440\u0443\u0437\u044b-1-300x158.jpg 300w, https:\/\/betainvest.ee\/wp-content\/uploads\/2025\/08\/\u043c\u0435\u0436\u0434\u0443\u043d\u0430\u0440\u043e\u0434\u043d\u044b\u0435-\u0433\u0440\u0443\u0437\u044b-1.jpg 612w\" sizes=\"(max-width: 300px) 100vw, 300px\" \/>\t\t\t\t\t\t\t\t\t\t\t\t\t\t\t<\/div>\n\t\t\t\t<div class=\"elementor-element elementor-element-21091ab elementor-widget elementor-widget-text-editor\" data-id=\"21091ab\" data-element_type=\"widget\" data-e-type=\"widget\" data-widget_type=\"text-editor.default\">\n\t\t\t\t\t\t\t\t\t<p><strong>Registrierung und Sicherheitsleistung f\u00fcr die Zahlung von Z\u00f6llen und Geb\u00fchren bei der Durchfuhr von Waren durch das Hoheitsgebiet der Russischen F\u00f6deration<\/strong><\/p><ul><li>Auf dem Gebiet der Russischen F\u00f6deration, die Mitglied der Eurasischen Wirtschaftsunion (EAEU) ist, wird das Zolltransitverfahren auf den Transport ausl\u00e4ndischer Waren angewandt.<br>Der Spediteur oder der Eigent\u00fcmer der Fracht ist verpflichtet, eine Sicherheit f\u00fcr die Zahlung der Z\u00f6lle und Geb\u00fchren zu leisten.<br>Eine der M\u00f6glichkeiten, eine solche Sicherheit zu leisten, ist eine <strong>B\u00fcrgschaft<\/strong>, die von <strong>Declarant Online<\/strong> bereitgestellt wird.<\/li><li>Der B\u00fcrgschaftsservice ist eine bequeme L\u00f6sung f\u00fcr den gesamten Zeitraum des Frachttransits, die es erm\u00f6glicht, auf das Einfrieren des Betriebskapitals des Unternehmens, die Einholung einer Bankb\u00fcrgschaft oder die Verpf\u00e4ndung von Eigentum zu verzichten.<br>Die Sicherheit f\u00fcr die Zahlung der Zollgeb\u00fchren kann heute in Form eines <strong>elektronischen Zertifikats<\/strong> ausgestellt werden.<\/li><li>Dies ist der modernste, bequemste und zuverl\u00e4ssigste Weg, den Sie mit unserer Unterst\u00fctzung einfach anwenden k\u00f6nnen.<\/li><\/ul><p> <\/p><p><strong>Erforderliche Dokumente f\u00fcr die Registrierung der Garantie in der Russischen F\u00f6deration<\/strong><\/p><table><thead><tr><td><p><strong>Titel des Dokuments<\/strong><\/p><\/td><td><p><strong>Beschreibung<\/strong><\/p><\/td><\/tr><\/thead><tbody><tr><td><p>CMR<\/p><\/td><td><p>Internationaler Frachtbrief<\/p><\/td><\/tr><tr><td><p>Rechnung (Invoice)<\/p><\/td><td><p>Handelsrechnung<\/p><\/td><\/tr><tr><td><p>Packliste<\/p><\/td><td><p>Liste der Pakete<\/p><\/td><\/tr><tr><td><p>Technische Datenbl\u00e4tter<\/p><\/td><td><p>Technische Unterlagen f\u00fcr das Fahrzeug und den Anh\u00e4nger<\/p><\/td><\/tr><tr><td><p>Reisepass des Fahrers<\/p><\/td><td><p>Reisepass des Fahrers<\/p><\/td><\/tr><tr><td><p>Carnet TIR (falls zutreffend)<\/p><\/td><td><p>F\u00fcr den internationalen Stra\u00dfentransport<\/p><\/td><\/tr><tr><td><p>Spezifikation (falls erforderlich)<\/p><\/td><td><p>Angabe von TN VED-Codes, Wert und Gewicht<\/p><\/td><\/tr><tr><td><p>Zollabfertigungsschein<\/p><p> <\/p><\/td><td><p>In Anwesenheit von<\/p><\/td><\/tr><\/tbody><\/table><p> <\/p><p><strong>Zus\u00e4tzlich m\u00fcssen Sie angeben:<\/strong><\/p><ul><li data-start=\"4243\" data-end=\"4280\">Name der Grenz\u00fcbergangsstelle<\/li><li data-start=\"4283\" data-end=\"4309\">Handynummer des Fahrers<\/li><li data-start=\"4312\" data-end=\"4354\">Gesch\u00e4tzte Zeit der Ankunft an der Grenze<\/li><\/ul>\t\t\t\t\t\t\t\t<\/div>\n\t\t\t\t\t<\/div>\n\t\t\t\t<\/div>\n\t\t\t\t<\/div>\n\t\t","protected":false},"excerpt":{"rendered":"<p>Registrierung und Sicherheitsleistung f\u00fcr die Zahlung von Z\u00f6llen und Geb\u00fchren bei der Durchfuhr von Waren durch das Hoheitsgebiet der Russischen F\u00f6deration Auf dem Gebiet der Russischen F\u00f6deration, die Mitglied der Eurasischen Wirtschaftsunion (EAEU) ist, wird das Zolltransitverfahren auf den Transport ausl\u00e4ndischer Waren angewandt.Der Spediteur oder der Eigent\u00fcmer der Fracht ist verpflichtet, eine Sicherheit f\u00fcr die [&hellip;]<\/p>\n","protected":false},"author":1,"featured_media":0,"parent":0,"menu_order":0,"comment_status":"closed","ping_status":"closed","template":"","meta":{"footnotes":""},"class_list":["post-3558","page","type-page","status-publish","hentry"],"_links":{"self":[{"href":"https:\/\/betainvest.ee\/de\/wp-json\/wp\/v2\/pages\/3558","targetHints":{"allow":["GET"]}}],"collection":[{"href":"https:\/\/betainvest.ee\/de\/wp-json\/wp\/v2\/pages"}],"about":[{"href":"https:\/\/betainvest.ee\/de\/wp-json\/wp\/v2\/types\/page"}],"author":[{"embeddable":true,"href":"https:\/\/betainvest.ee\/de\/wp-json\/wp\/v2\/users\/1"}],"replies":[{"embeddable":true,"href":"https:\/\/betainvest.ee\/de\/wp-json\/wp\/v2\/comments?post=3558"}],"version-history":[{"count":1,"href":"https:\/\/betainvest.ee\/de\/wp-json\/wp\/v2\/pages\/3558\/revisions"}],"predecessor-version":[{"id":3561,"href":"https:\/\/betainvest.ee\/de\/wp-json\/wp\/v2\/pages\/3558\/revisions\/3561"}],"wp:attachment":[{"href":"https:\/\/betainvest.ee\/de\/wp-json\/wp\/v2\/media?parent=3558"}],"curies":[{"name":"wp","href":"https:\/\/api.w.org\/{rel}","templated":true}]}}