{"id":3622,"date":"2025-08-04T06:22:53","date_gmt":"2025-08-04T06:22:53","guid":{"rendered":"https:\/\/betainvest.ee\/elektronische-versandanmeldung-belarus\/"},"modified":"2025-08-26T13:11:31","modified_gmt":"2025-08-26T13:11:31","slug":"elektronische-versandanmeldung-belarus","status":"publish","type":"page","link":"https:\/\/betainvest.ee\/de\/elektronische-versandanmeldung-belarus\/","title":{"rendered":"Elektronische Versandanmeldung &#8211; Belarus"},"content":{"rendered":"\t\t<div data-elementor-type=\"wp-page\" data-elementor-id=\"3622\" class=\"elementor elementor-3622 elementor-33\" data-elementor-post-type=\"page\">\n\t\t\t\t<div class=\"elementor-element elementor-element-6615869 e-flex e-con-boxed e-con e-parent\" data-id=\"6615869\" data-element_type=\"container\" data-e-type=\"container\">\n\t\t\t\t\t<div class=\"e-con-inner\">\n\t\t\t\t<div class=\"elementor-element elementor-element-dfc871e elementor-widget elementor-widget-text-editor\" data-id=\"dfc871e\" data-element_type=\"widget\" data-e-type=\"widget\" data-widget_type=\"text-editor.default\">\n\t\t\t\t\t\t\t\t\t<p><strong>Registrierung und Sicherheitsleistung f\u00fcr die Zahlung von Z\u00f6llen und Geb\u00fchren bei der Bef\u00f6rderung von Waren durch das Hoheitsgebiet der Republik Belarus<\/strong><\/p><p>Auf dem Gebiet der <strong>Republik Belarus<\/strong>, die Mitglied der <strong>Eurasischen Wirtschaftsunion (EAEU<\/strong>) ist, gilt f\u00fcr den Transport ausl\u00e4ndischer Waren das <strong>Zolltransitverfahren<\/strong>. Im Rahmen dieses Verfahrens muss der Spediteur oder der Eigent\u00fcmer der Fracht <strong>eine Sicherheit f\u00fcr die Zahlung der Z\u00f6lle und Geb\u00fchren stellen<\/strong>. <\/p><p>Die Verwendung <strong>einer<\/strong> <strong>B\u00fcrgschaftsbescheinigung<\/strong> zur Best\u00e4tigung der Zahlung von Z\u00f6llen und Geb\u00fchren durch einen <strong>B\u00fcrgschaftsmechanismus<\/strong>.<\/p><p>Der B\u00fcrgschaftsservice vermeidet das Einfrieren von Betriebskapital, die Einholung einer Bankb\u00fcrgschaft oder die Verpf\u00e4ndung von Eigentum &#8211; eine <strong>praktische L\u00f6sung<\/strong> f\u00fcr die Dauer des Transits.<\/p><p>Heutzutage <strong>kann die Zollb\u00fcrgschaftsbescheinigung elektronisch ausgestellt werden<\/strong>. Der Fahrer erh\u00e4lt die ausgedruckte Bescheinigung bei einer der Ausgabestellen in der EU. <\/p><ul><li><strong>Grenz\u00fcbergangsstelle<\/strong>: jede Zollstelle in der Republik Belarus<\/li><li><strong>Transitabschlussstelle<\/strong>: jede Zollstelle in den L\u00e4ndern der EAEU (Russland, Belarus, Kasachstan, Kirgisistan)<\/li><\/ul><p><strong>  Erforderliche Dokumente f\u00fcr die Sicherheits\u00fcberpr\u00fcfung in Belarus<\/strong><\/p><table><thead><tr><td><p><strong>Titel des Dokuments<\/strong><\/p><\/td><td><p><strong>Beschreibung<\/strong><\/p><\/td><\/tr><\/thead><tbody><tr><td><p>CMR<\/p><\/td><td><p>Internationaler Frachtbrief<\/p><\/td><\/tr><tr><td><p>Rechnung (Invoice)<\/p><\/td><td><p>Handelsrechnung \/ Verkaufsdokument \/ Warenbeschreibung (auf Russisch)<\/p><\/td><\/tr><tr><td><p>Packliste<\/p><\/td><td><p>Liste der Pakete<\/p><\/td><\/tr><tr><td><p>Technische Dokumente<\/p><\/td><td><p>Technische Unterlagen f\u00fcr das Fahrzeug und den Anh\u00e4nger \/ CTS oder VIN- und Nummernschilddaten <\/p><\/td><\/tr><tr><td><p>Reisepass des Fahrers<\/p><\/td><td><p>Angaben zum Reisepass des Fahrers<\/p><\/td><\/tr><tr><td><p>TIR-Karte (falls erforderlich)<\/p><\/td><td><p>TIR-Karte f\u00fcr den internationalen Transport<\/p><\/td><\/tr><tr><td><p>Spezifikation (falls erforderlich)<\/p><\/td><td><p>Angabe von TN VED-Codes, Gewicht und Wert<\/p><\/td><\/tr><tr><td><p>Zollabfertigungsschein<\/p><\/td><td><p>In Anwesenheit von<\/p><\/td><\/tr><\/tbody><\/table><p><strong>Kosten der Dienstleistung<\/strong><\/p><ul><li>H\u00e4ngt von der H\u00f6he der Sicherheiten und der Transportentfernung ab<\/li><\/ul><p><strong>  Zus\u00e4tzlich m\u00fcssen Sie angeben:<\/strong><\/p><ul><li>Name der Grenz\u00fcbergangsstelle<\/li><li>Handynummer des Fahrers<\/li><li>Gesch\u00e4tzte Zeit der Ankunft an der Grenze<\/li><\/ul><p> <\/p>\t\t\t\t\t\t\t\t<\/div>\n\t\t\t\t\t<\/div>\n\t\t\t\t<\/div>\n\t\t<div class=\"elementor-element elementor-element-e86906b e-flex e-con-boxed e-con e-parent\" data-id=\"e86906b\" data-element_type=\"container\" data-e-type=\"container\">\n\t\t\t\t\t<div class=\"e-con-inner\">\n\t\t\t\t<div class=\"elementor-element elementor-element-fdeaa0b elementor-widget elementor-widget-spacer\" data-id=\"fdeaa0b\" data-element_type=\"widget\" data-e-type=\"widget\" data-widget_type=\"spacer.default\">\n\t\t\t\t\t\t\t<div class=\"elementor-spacer\">\n\t\t\t<div class=\"elementor-spacer-inner\"><\/div>\n\t\t<\/div>\n\t\t\t\t\t\t<\/div>\n\t\t\t\t\t<\/div>\n\t\t\t\t<\/div>\n\t\t\t\t<\/div>\n\t\t","protected":false},"excerpt":{"rendered":"<p>Registrierung und Sicherheitsleistung f\u00fcr die Zahlung von Z\u00f6llen und Geb\u00fchren bei der Bef\u00f6rderung von Waren durch das Hoheitsgebiet der Republik Belarus Auf dem Gebiet der Republik Belarus, die Mitglied der Eurasischen Wirtschaftsunion (EAEU) ist, gilt f\u00fcr den Transport ausl\u00e4ndischer Waren das Zolltransitverfahren. Im Rahmen dieses Verfahrens muss der Spediteur oder der Eigent\u00fcmer der Fracht eine [&hellip;]<\/p>\n","protected":false},"author":1,"featured_media":0,"parent":0,"menu_order":0,"comment_status":"closed","ping_status":"closed","template":"","meta":{"footnotes":""},"class_list":["post-3622","page","type-page","status-publish","hentry"],"_links":{"self":[{"href":"https:\/\/betainvest.ee\/de\/wp-json\/wp\/v2\/pages\/3622","targetHints":{"allow":["GET"]}}],"collection":[{"href":"https:\/\/betainvest.ee\/de\/wp-json\/wp\/v2\/pages"}],"about":[{"href":"https:\/\/betainvest.ee\/de\/wp-json\/wp\/v2\/types\/page"}],"author":[{"embeddable":true,"href":"https:\/\/betainvest.ee\/de\/wp-json\/wp\/v2\/users\/1"}],"replies":[{"embeddable":true,"href":"https:\/\/betainvest.ee\/de\/wp-json\/wp\/v2\/comments?post=3622"}],"version-history":[{"count":1,"href":"https:\/\/betainvest.ee\/de\/wp-json\/wp\/v2\/pages\/3622\/revisions"}],"predecessor-version":[{"id":3624,"href":"https:\/\/betainvest.ee\/de\/wp-json\/wp\/v2\/pages\/3622\/revisions\/3624"}],"wp:attachment":[{"href":"https:\/\/betainvest.ee\/de\/wp-json\/wp\/v2\/media?parent=3622"}],"curies":[{"name":"wp","href":"https:\/\/api.w.org\/{rel}","templated":true}]}}