{"id":3666,"date":"2025-08-04T06:22:53","date_gmt":"2025-08-04T06:22:53","guid":{"rendered":"https:\/\/betainvest.ee\/elektronische-voranmeldung-russland\/"},"modified":"2025-08-26T13:11:36","modified_gmt":"2025-08-26T13:11:36","slug":"elektronische-voranmeldung-russland","status":"publish","type":"page","link":"https:\/\/betainvest.ee\/de\/elektronische-voranmeldung-russland\/","title":{"rendered":"Elektronische Voranmeldung &#8211; Russland"},"content":{"rendered":"\t\t<div data-elementor-type=\"wp-page\" data-elementor-id=\"3666\" class=\"elementor elementor-3666 elementor-31\" data-elementor-post-type=\"page\">\n\t\t\t\t<div class=\"elementor-element elementor-element-04fbe4e e-flex e-con-boxed e-con e-parent\" data-id=\"04fbe4e\" data-element_type=\"container\" data-e-type=\"container\">\n\t\t\t\t\t<div class=\"e-con-inner\">\n\t\t\t\t<div class=\"elementor-element elementor-element-9de79b3 elementor-widget elementor-widget-text-editor\" data-id=\"9de79b3\" data-element_type=\"widget\" data-e-type=\"widget\" data-widget_type=\"text-editor.default\">\n\t\t\t\t\t\t\t\t\t<p><u>Elektronische Formalisierung von Vorabinformationen (EPI) auf dem Gebiet der Russischen F\u00f6deration<\/u><\/p><p>Die elektronische Vorabmeldung der Zollbeh\u00f6rden (EAPI) ist seit Juni 2012 auf der Grundlage des Beschlusses Nr. 899 der Kommission der Zollunion &#8222;\u00dcber die Einf\u00fchrung der obligatorischen Vorabmeldung von Waren, die im Stra\u00dfenverkehr in das Zollgebiet der Zollunion eingef\u00fchrt werden&#8220; obligatorisch. Die Zollbeh\u00f6rden werden im Voraus benachrichtigt, mindestens 2 Stunden im Voraus, mit detaillierten Informationen \u00fcber den Transport und die Waren, die in das Gebiet der Eurasischen Wirtschaftsunion (EAEU) eingef\u00fchrt werden. Der Zoll weist dem Antrag zur Best\u00e4tigung eine Transportidentifikationsnummer zu.  <\/p><p>Die Vorschrift wurde eingef\u00fchrt, um die Zollabfertigung und die Zollkontrolle zu erleichtern und die Kapazit\u00e4t der Kontrollpunkte an der Staatsgrenze der Russischen F\u00f6deration zu erh\u00f6hen.<\/p><p>Aber Sie m\u00fcssen sich nicht mit den Feinheiten der Registrierung befassen, Betainvest k\u00fcmmert sich darum. Wir erstellen die EPI f\u00fcr Sie per elektronischem Antrag und senden die Nummer sofort an das Telefon des Fahrers. Danach kommt der Fahrer an der Zollkontrollstelle an, legt die Identifikationsnummer vor und beginnt sofort mit der weiteren Bearbeitung der Fracht.  <\/p><p>Erforderliche Dokumente f\u00fcr die Registrierung von EPI &#8211; RF:<\/p><table width=\"100%\"><tbody><tr><td><p><strong>Titel<\/strong><\/p><\/td><td><p><strong>Beschreibung<\/strong><\/p><\/td><\/tr><tr><td><p>TIR<\/p><\/td><td><p>Carnet TIR (Internationaler Stra\u00dfentransport)<\/p><\/td><\/tr><tr><td><p>CMR<\/p><\/td><td><p>Internationaler Frachtbrief<\/p><\/td><\/tr><tr><td><p>RECHNUNG<\/p><\/td><td><p>Rechnung<\/p><\/td><\/tr><tr><td><p>Packliste<\/p><\/td><td><p>Packliste<\/p><\/td><\/tr><tr><td><p>Technische Datenbl\u00e4tter <\/p><\/td><td><p>Technische P\u00e4sse f\u00fcr das Fahrzeug und den Anh\u00e4nger<\/p><\/td><\/tr><tr><td><p>Reisepass des Fahrers<\/p><\/td><td><p> <\/p><\/td><\/tr><\/tbody><\/table><p>Zus\u00e4tzliche Informationen erforderlich:<\/p><ul><li>Name der Grenz\u00fcbergangsstelle<\/li><li>Kontaktnummer des Mobiltelefons des Fahrers<\/li><li>ungef\u00e4hre Zeit, wann der Fahrer an der Grenze sein wird<\/li><\/ul>\t\t\t\t\t\t\t\t<\/div>\n\t\t\t\t\t<\/div>\n\t\t\t\t<\/div>\n\t\t<div class=\"elementor-element elementor-element-7a3c914 e-flex e-con-boxed e-con e-parent\" data-id=\"7a3c914\" data-element_type=\"container\" data-e-type=\"container\">\n\t\t\t\t\t<div class=\"e-con-inner\">\n\t\t\t\t<div class=\"elementor-element elementor-element-74eef4f elementor-widget elementor-widget-spacer\" data-id=\"74eef4f\" data-element_type=\"widget\" data-e-type=\"widget\" data-widget_type=\"spacer.default\">\n\t\t\t\t\t\t\t<div class=\"elementor-spacer\">\n\t\t\t<div class=\"elementor-spacer-inner\"><\/div>\n\t\t<\/div>\n\t\t\t\t\t\t<\/div>\n\t\t\t\t\t<\/div>\n\t\t\t\t<\/div>\n\t\t\t\t<\/div>\n\t\t","protected":false},"excerpt":{"rendered":"<p>Elektronische Formalisierung von Vorabinformationen (EPI) auf dem Gebiet der Russischen F\u00f6deration Die elektronische Vorabmeldung der Zollbeh\u00f6rden (EAPI) ist seit Juni 2012 auf der Grundlage des Beschlusses Nr. 899 der Kommission der Zollunion &#8222;\u00dcber die Einf\u00fchrung der obligatorischen Vorabmeldung von Waren, die im Stra\u00dfenverkehr in das Zollgebiet der Zollunion eingef\u00fchrt werden&#8220; obligatorisch. Die Zollbeh\u00f6rden werden im [&hellip;]<\/p>\n","protected":false},"author":1,"featured_media":0,"parent":0,"menu_order":0,"comment_status":"closed","ping_status":"closed","template":"","meta":{"footnotes":""},"class_list":["post-3666","page","type-page","status-publish","hentry"],"_links":{"self":[{"href":"https:\/\/betainvest.ee\/de\/wp-json\/wp\/v2\/pages\/3666","targetHints":{"allow":["GET"]}}],"collection":[{"href":"https:\/\/betainvest.ee\/de\/wp-json\/wp\/v2\/pages"}],"about":[{"href":"https:\/\/betainvest.ee\/de\/wp-json\/wp\/v2\/types\/page"}],"author":[{"embeddable":true,"href":"https:\/\/betainvest.ee\/de\/wp-json\/wp\/v2\/users\/1"}],"replies":[{"embeddable":true,"href":"https:\/\/betainvest.ee\/de\/wp-json\/wp\/v2\/comments?post=3666"}],"version-history":[{"count":1,"href":"https:\/\/betainvest.ee\/de\/wp-json\/wp\/v2\/pages\/3666\/revisions"}],"predecessor-version":[{"id":3667,"href":"https:\/\/betainvest.ee\/de\/wp-json\/wp\/v2\/pages\/3666\/revisions\/3667"}],"wp:attachment":[{"href":"https:\/\/betainvest.ee\/de\/wp-json\/wp\/v2\/media?parent=3666"}],"curies":[{"name":"wp","href":"https:\/\/api.w.org\/{rel}","templated":true}]}}