{"id":3677,"date":"2025-08-04T06:22:53","date_gmt":"2025-08-04T06:22:53","guid":{"rendered":"https:\/\/betainvest.ee\/zoll-transit\/"},"modified":"2025-08-26T13:11:46","modified_gmt":"2025-08-26T13:11:46","slug":"zoll-transit","status":"publish","type":"page","link":"https:\/\/betainvest.ee\/de\/zoll-transit\/","title":{"rendered":"Zoll\/Transit"},"content":{"rendered":"\t\t<div data-elementor-type=\"wp-page\" data-elementor-id=\"3677\" class=\"elementor elementor-3677 elementor-36\" data-elementor-post-type=\"page\">\n\t\t\t\t<div class=\"elementor-element elementor-element-f0fdc7d e-flex e-con-boxed e-con e-parent\" data-id=\"f0fdc7d\" data-element_type=\"container\" data-e-type=\"container\">\n\t\t\t\t\t<div class=\"e-con-inner\">\n\t\t\t\t<div class=\"elementor-element elementor-element-32df0b6 elementor-widget elementor-widget-spacer\" data-id=\"32df0b6\" data-element_type=\"widget\" data-e-type=\"widget\" data-widget_type=\"spacer.default\">\n\t\t\t\t\t\t\t<div class=\"elementor-spacer\">\n\t\t\t<div class=\"elementor-spacer-inner\"><\/div>\n\t\t<\/div>\n\t\t\t\t\t\t<\/div>\n\t\t\t\t<div class=\"elementor-element elementor-element-2876786 elementor-widget elementor-widget-text-editor\" data-id=\"2876786\" data-element_type=\"widget\" data-e-type=\"widget\" data-widget_type=\"text-editor.default\">\n\t\t\t\t\t\t\t\t\t<p class=\"p1\"><span class=\"s1\"><b>Unser Unternehmen<\/b><\/span> bietet t\u00fcrkischen Spediteuren eine umfassende Unterst\u00fctzung bei der Durchfuhr durch Russland und Wei\u00dfrussland.<\/p><p class=\"p1\">Wir k\u00fcmmern uns um alle Formalit\u00e4ten, sparen Ihnen Zeit und Geld, garantieren Sicherheit und Transparenz in jeder Phase.<\/p><hr><h2><b>\u23f1 Zeitersparnis<\/b><\/h2><ul><li><p class=\"p1\">Alle Dokumente f\u00fcr den Transit werden im Voraus vorbereitet, noch vor der Ankunft an der Grenze.<\/p><\/li><li><p class=\"p1\">Autofahrer m\u00fcssen bei der Anmeldung nicht suchen und auf nichts warten.<\/p><\/li><li><p class=\"p1\">Das \u00dcberqueren der Grenze nimmt nur wenig Zeit in Anspruch.<\/p><\/li><li><p class=\"p1\">Maximale Einsparungen werden sowohl bei der Zahlung von Geb\u00fchren als auch bei der Eliminierung von Verlusten aus Wechselkursdifferenzen erzielt.<\/p><\/li><\/ul><hr><h2><b>\u2705 Garantien und Transparenz<\/b><\/h2><ul><li><p class=\"p1\">Alle Fahrzeuge sind versichert und im System registriert <span class=\"s1\"><b>&#8222;Platon&#8220;<\/b><\/span>.<\/p><\/li><li><p class=\"p1\">Alle Geb\u00fchren und Abgaben sind vor der Ankunft an der Grenze zu zahlen.<\/p><\/li><li><p class=\"p1\">Die Fahrer erhalten ein komplettes Paket mit Dokumenten und Garantiescheinen.<\/p><\/li><li><p class=\"p1\">Wir sorgen daf\u00fcr, dass alle Zollverfahren zuverl\u00e4ssig abgewickelt werden.<\/p><\/li><\/ul><hr><h2><b>\ud83d\udcb3 Bequeme und vertraute Berechnungen<\/b><\/h2><ul><li><p class=\"p1\">T\u00fcrkische Unternehmen zahlen f\u00fcr Dienstleistungen in t\u00fcrkischer Lira &#8211; von Konto zu Konto.<\/p><\/li><li><p class=\"p1\">Wir konvertieren Gelder und zahlen alle Ausgaben in Rubel und wei\u00dfrussischen Rubeln zum offiziellen Wechselkurs der t\u00fcrkischen Zentralbank.<\/p><\/li><li><p class=\"p1\">Sie erhalten Rechnungen und Abschlussdokumente &#8211; die offiziellen Ausgaben, die in der Buchhaltung verbucht werden.<\/p><\/li><\/ul><hr><h2><b>\ud83d\ude9b Optimierung des R\u00fcckflugs<\/b><\/h2><ul><li><p class=\"p1\">Wir holen f\u00fcr t\u00fcrkische Autos R\u00fccktransporte nach Russland ab, damit sie nicht leer zur\u00fcckkommen.<\/p><\/li><li><p class=\"p1\">Das senkt die Treibstoffkosten und bringt zus\u00e4tzliche Einnahmen.<\/p><\/li><li><p class=\"p1\">Zahlungen von russischen Verladern gehen bei uns in Rubel ein und werden ohne Umrechnungsverluste f\u00fcr Abrechnungen mit Spediteuren verwendet.<\/p><\/li><\/ul><hr><h2><b>\ud83d\udd12 Sicherheit und Kontrolle<\/b><\/h2><ul><li><p class=\"p1\">F\u00fcr wertvolle G\u00fcter organisieren wir eine Eskorte durch bewaffnete Wachen.<\/p><\/li><li><p class=\"p1\">Wir garantieren eine Lieferung an Ihren Bestimmungsort ohne Kontrollen oder Verz\u00f6gerungen.<\/p><\/li><\/ul><hr><h2><b>\ud83d\udccd Logistik und Routen<\/b><\/h2><ul><li><p class=\"p1\">Schwerpunktthemen: Checkpoints <span class=\"s1\"><b>Lars<\/b><\/span> (Georgien-Russland) und die \u00dcberquerung des Territoriums von Aserbaidschan (<span class=\"s1\"><b>Samur<\/b><\/span>).<\/p><\/li><li><p class=\"p1\">Wenn die Fahrer eintreffen, ist der gesamte Papierkram erledigt.<\/p><\/li><li><p class=\"p1\">Unterwegs k\u00f6nnen Sie mit unseren Tankkarten tanken und Stra\u00dfendienste in Anspruch nehmen, wobei Sie in T\u00fcrkischen Lira bezahlen.<\/p><\/li><\/ul><hr><h2><b>\ud83c\udfaf Was t\u00fcrkische Partner erhalten<\/b><\/h2><ul><li><p class=\"p1\">Schnelle und garantierte Lieferung.<\/p><\/li><li><p class=\"p1\">Minimieren Sie B\u00fcrokratie und W\u00e4hrungsrisiken.<\/p><\/li><li><p class=\"p1\">Signifikante Kostensenkungen.<\/p><\/li><li><p class=\"p1\">Zus\u00e4tzliche Einnahmen durch R\u00fcckfl\u00fcge.<\/p><\/li><li><p class=\"p1\">Formalisierung aller Ausgaben.<\/p><\/li><li><p class=\"p1\">Maximale Sicherheit beim Transport.<\/p><\/li><\/ul><hr><h2><b>\ud83e\udd1d Fazit<\/b><\/h2><p class=\"p1\">Durch die Zusammenarbeit mit unserem Unternehmen erhalten die t\u00fcrkischen Spediteure <span class=\"s1\"><b>einen zuverl\u00e4ssigen Partner<\/b><\/span> f\u00fcr Transittransporte. Wir organisieren alle Dokumente, kontrollieren die Zahlungen, begleiten die Ladungen und w\u00e4hlen die R\u00fcckladungen aus. <\/p><p class=\"p1\">\ud83d\udc49 Wir nehmen Ihnen die Arbeit ab &#8211; Sie sparen Zeit, Geld und Ressourcen.<\/p><p class=\"p1\">Kontaktieren Sie uns noch heute, um Details zu besprechen und die Zusammenarbeit zu beginnen!<\/p>\t\t\t\t\t\t\t\t<\/div>\n\t\t\t\t\t<\/div>\n\t\t\t\t<\/div>\n\t\t<div class=\"elementor-element elementor-element-f3e9a33 e-flex e-con-boxed e-con e-parent\" data-id=\"f3e9a33\" data-element_type=\"container\" data-e-type=\"container\">\n\t\t\t\t\t<div class=\"e-con-inner\">\n\t\t\t\t<div class=\"elementor-element elementor-element-3ec3f99 elementor-widget elementor-widget-spacer\" data-id=\"3ec3f99\" data-element_type=\"widget\" data-e-type=\"widget\" data-widget_type=\"spacer.default\">\n\t\t\t\t\t\t\t<div class=\"elementor-spacer\">\n\t\t\t<div class=\"elementor-spacer-inner\"><\/div>\n\t\t<\/div>\n\t\t\t\t\t\t<\/div>\n\t\t\t\t<div class=\"elementor-element elementor-element-5478356 elementor-button-info elementor-align-center elementor-widget elementor-widget-button\" data-id=\"5478356\" data-element_type=\"widget\" data-e-type=\"widget\" data-widget_type=\"button.default\">\n\t\t\t\t\t\t\t\t\t\t<a class=\"elementor-button elementor-button-link elementor-size-sm elementor-animation-grow\" href=\"https:\/\/betainvest.ee\/de\/kontakte\/\">\n\t\t\t\t\t\t<span class=\"elementor-button-content-wrapper\">\n\t\t\t\t\t\t\t\t\t<span class=\"elementor-button-text\">Klicken Sie hier<\/span>\n\t\t\t\t\t<\/span>\n\t\t\t\t\t<\/a>\n\t\t\t\t\t\t\t\t<\/div>\n\t\t\t\t<div class=\"elementor-element elementor-element-b25e413 elementor-widget elementor-widget-spacer\" data-id=\"b25e413\" data-element_type=\"widget\" data-e-type=\"widget\" data-widget_type=\"spacer.default\">\n\t\t\t\t\t\t\t<div class=\"elementor-spacer\">\n\t\t\t<div class=\"elementor-spacer-inner\"><\/div>\n\t\t<\/div>\n\t\t\t\t\t\t<\/div>\n\t\t\t\t\t<\/div>\n\t\t\t\t<\/div>\n\t\t<div class=\"elementor-element elementor-element-9184d1a e-flex e-con-boxed e-con e-parent\" data-id=\"9184d1a\" data-element_type=\"container\" data-e-type=\"container\">\n\t\t\t\t\t<div class=\"e-con-inner\">\n\t\t\t\t<div class=\"elementor-element elementor-element-40dd37a elementor-widget-divider--view-line elementor-widget elementor-widget-divider\" data-id=\"40dd37a\" data-element_type=\"widget\" data-e-type=\"widget\" data-widget_type=\"divider.default\">\n\t\t\t\t\t\t\t<div class=\"elementor-divider\">\n\t\t\t<span class=\"elementor-divider-separator\">\n\t\t\t\t\t\t<\/span>\n\t\t<\/div>\n\t\t\t\t\t\t<\/div>\n\t\t\t\t\t<\/div>\n\t\t\t\t<\/div>\n\t\t\t\t<\/div>\n\t\t","protected":false},"excerpt":{"rendered":"<p>Unser Unternehmen bietet t\u00fcrkischen Spediteuren eine umfassende Unterst\u00fctzung bei der Durchfuhr durch Russland und Wei\u00dfrussland. Wir k\u00fcmmern uns um alle Formalit\u00e4ten, sparen Ihnen Zeit und Geld, garantieren Sicherheit und Transparenz in jeder Phase. \u23f1 Zeitersparnis Alle Dokumente f\u00fcr den Transit werden im Voraus vorbereitet, noch vor der Ankunft an der Grenze. Autofahrer m\u00fcssen bei der [&hellip;]<\/p>\n","protected":false},"author":1,"featured_media":0,"parent":0,"menu_order":0,"comment_status":"closed","ping_status":"closed","template":"","meta":{"footnotes":""},"class_list":["post-3677","page","type-page","status-publish","hentry"],"_links":{"self":[{"href":"https:\/\/betainvest.ee\/de\/wp-json\/wp\/v2\/pages\/3677","targetHints":{"allow":["GET"]}}],"collection":[{"href":"https:\/\/betainvest.ee\/de\/wp-json\/wp\/v2\/pages"}],"about":[{"href":"https:\/\/betainvest.ee\/de\/wp-json\/wp\/v2\/types\/page"}],"author":[{"embeddable":true,"href":"https:\/\/betainvest.ee\/de\/wp-json\/wp\/v2\/users\/1"}],"replies":[{"embeddable":true,"href":"https:\/\/betainvest.ee\/de\/wp-json\/wp\/v2\/comments?post=3677"}],"version-history":[{"count":2,"href":"https:\/\/betainvest.ee\/de\/wp-json\/wp\/v2\/pages\/3677\/revisions"}],"predecessor-version":[{"id":3683,"href":"https:\/\/betainvest.ee\/de\/wp-json\/wp\/v2\/pages\/3677\/revisions\/3683"}],"wp:attachment":[{"href":"https:\/\/betainvest.ee\/de\/wp-json\/wp\/v2\/media?parent=3677"}],"curies":[{"name":"wp","href":"https:\/\/api.w.org\/{rel}","templated":true}]}}