{"id":3709,"date":"2025-08-04T06:22:53","date_gmt":"2025-08-04T06:22:53","guid":{"rendered":"https:\/\/betainvest.ee\/europaeische-versandanmeldung-t1\/"},"modified":"2025-08-26T13:11:49","modified_gmt":"2025-08-26T13:11:49","slug":"europaeische-versandanmeldung-t1","status":"publish","type":"page","link":"https:\/\/betainvest.ee\/de\/europaeische-versandanmeldung-t1\/","title":{"rendered":"Europ\u00e4ische Versandanmeldung (T1)"},"content":{"rendered":"\t\t<div data-elementor-type=\"wp-page\" data-elementor-id=\"3709\" class=\"elementor elementor-3709 elementor-35\" data-elementor-post-type=\"page\">\n\t\t\t\t<div class=\"elementor-element elementor-element-d01eab4 e-flex e-con-boxed e-con e-parent\" data-id=\"d01eab4\" data-element_type=\"container\" data-e-type=\"container\">\n\t\t\t\t\t<div class=\"e-con-inner\">\n\t\t\t\t<div class=\"elementor-element elementor-element-bd330dd elementor-widget elementor-widget-text-editor\" data-id=\"bd330dd\" data-element_type=\"widget\" data-e-type=\"widget\" data-widget_type=\"text-editor.default\">\n\t\t\t\t\t\t\t\t\t<h2><u>Erstellung eines Formulars f\u00fcr die europ\u00e4ische Versandanmeldung<\/u><\/h2><p>Eine Versandanmeldung (T1) ist erforderlich, wenn Waren in die EU eingef\u00fchrt werden oder f\u00fcr die Durchfuhr von Waren innerhalb der EU (z.B. von einem Zolllager in einem EU-Land in dasselbe Lager in einem anderen). T1 ist eine finanzielle Zollgarantie. Wenn die Waren aus irgendeinem Grund nicht an den Bestimmungsort geliefert werden, ist der Vertreter, der die Garantie ausgestellt hat, verpflichtet, die Zollgeb\u00fchren zu zahlen, die nach der Abfertigung der Waren in der EU angefallen w\u00e4ren.  <\/p><p>T1 wird als Alternative zum Carnet TIR (TIR &#8211; Internationaler Stra\u00dfentransport) als B\u00fcrgschaftssystem verwendet.<\/p><p>Declarant Online erstellt und registriert die T1-Zollanmeldung f\u00fcr Ihre Ladungen professionell und in k\u00fcrzester Zeit.  <\/p><h3>F\u00fcr die T1-Registrierung erforderliche Dokumente:<\/h3><table width=\"100%\"><tbody><tr><td><p><strong>Titel<\/strong><\/p><\/td><td><p><strong>Beschreibung<\/strong><\/p><\/td><\/tr><tr><td><p>CMR<\/p><\/td><td><p>Internationaler Frachtbrief<\/p><\/td><\/tr><tr><td><p>RECHNUNG<\/p><\/td><td><p>Rechnung<\/p><\/td><\/tr><tr><td><p>Packliste<\/p><\/td><td><p>Packliste<\/p><\/td><\/tr><\/tbody><\/table><h3><strong>Zus\u00e4tzliche Informationen erforderlich:<\/strong><\/h3><ul><li>Name der Grenz\u00fcbergangsstelle<\/li><li>Kontaktnummer des Mobiltelefons des Fahrers<\/li><li>ungef\u00e4hre Zeit, wann der Fahrer an der Grenze sein wird<\/li><\/ul>\t\t\t\t\t\t\t\t<\/div>\n\t\t\t\t\t<\/div>\n\t\t\t\t<\/div>\n\t\t<div class=\"elementor-element elementor-element-d50234e e-flex e-con-boxed e-con e-parent\" data-id=\"d50234e\" data-element_type=\"container\" data-e-type=\"container\">\n\t\t\t\t\t<div class=\"e-con-inner\">\n\t\t\t\t<div class=\"elementor-element elementor-element-cdf12a4 elementor-widget elementor-widget-spacer\" data-id=\"cdf12a4\" data-element_type=\"widget\" data-e-type=\"widget\" data-widget_type=\"spacer.default\">\n\t\t\t\t\t\t\t<div class=\"elementor-spacer\">\n\t\t\t<div class=\"elementor-spacer-inner\"><\/div>\n\t\t<\/div>\n\t\t\t\t\t\t<\/div>\n\t\t\t\t\t<\/div>\n\t\t\t\t<\/div>\n\t\t\t\t<\/div>\n\t\t","protected":false},"excerpt":{"rendered":"<p>Erstellung eines Formulars f\u00fcr die europ\u00e4ische Versandanmeldung Eine Versandanmeldung (T1) ist erforderlich, wenn Waren in die EU eingef\u00fchrt werden oder f\u00fcr die Durchfuhr von Waren innerhalb der EU (z.B. von einem Zolllager in einem EU-Land in dasselbe Lager in einem anderen). T1 ist eine finanzielle Zollgarantie. Wenn die Waren aus irgendeinem Grund nicht an den [&hellip;]<\/p>\n","protected":false},"author":1,"featured_media":0,"parent":0,"menu_order":0,"comment_status":"closed","ping_status":"closed","template":"","meta":{"footnotes":""},"class_list":["post-3709","page","type-page","status-publish","hentry"],"_links":{"self":[{"href":"https:\/\/betainvest.ee\/de\/wp-json\/wp\/v2\/pages\/3709","targetHints":{"allow":["GET"]}}],"collection":[{"href":"https:\/\/betainvest.ee\/de\/wp-json\/wp\/v2\/pages"}],"about":[{"href":"https:\/\/betainvest.ee\/de\/wp-json\/wp\/v2\/types\/page"}],"author":[{"embeddable":true,"href":"https:\/\/betainvest.ee\/de\/wp-json\/wp\/v2\/users\/1"}],"replies":[{"embeddable":true,"href":"https:\/\/betainvest.ee\/de\/wp-json\/wp\/v2\/comments?post=3709"}],"version-history":[{"count":1,"href":"https:\/\/betainvest.ee\/de\/wp-json\/wp\/v2\/pages\/3709\/revisions"}],"predecessor-version":[{"id":3710,"href":"https:\/\/betainvest.ee\/de\/wp-json\/wp\/v2\/pages\/3709\/revisions\/3710"}],"wp:attachment":[{"href":"https:\/\/betainvest.ee\/de\/wp-json\/wp\/v2\/media?parent=3709"}],"curies":[{"name":"wp","href":"https:\/\/api.w.org\/{rel}","templated":true}]}}