{"id":3719,"date":"2025-08-04T06:22:53","date_gmt":"2025-08-04T06:22:53","guid":{"rendered":"https:\/\/betainvest.ee\/elektronische-vorabinformationen-belarus\/"},"modified":"2025-08-26T13:11:51","modified_gmt":"2025-08-26T13:11:51","slug":"elektronische-vorabinformationen-belarus","status":"publish","type":"page","link":"https:\/\/betainvest.ee\/de\/elektronische-vorabinformationen-belarus\/","title":{"rendered":"Elektronische Vorabinformationen &#8211; Belarus"},"content":{"rendered":"\t\t<div data-elementor-type=\"wp-page\" data-elementor-id=\"3719\" class=\"elementor elementor-3719 elementor-34\" data-elementor-post-type=\"page\">\n\t\t\t\t<div class=\"elementor-element elementor-element-27eda8d e-flex e-con-boxed e-con e-parent\" data-id=\"27eda8d\" data-element_type=\"container\" data-e-type=\"container\">\n\t\t\t\t\t<div class=\"e-con-inner\">\n\t\t\t\t<div class=\"elementor-element elementor-element-cba68b9 elementor-widget elementor-widget-text-editor\" data-id=\"cba68b9\" data-element_type=\"widget\" data-e-type=\"widget\" data-widget_type=\"text-editor.default\">\n\t\t\t\t\t\t\t\t\t<p><u>Formalisierung der elektronischen Vorausmeldung (EPI) auf dem Gebiet der Republik Belarus<\/u><\/p><p>Die elektronische Voranmeldung bei den Zollbeh\u00f6rden (EPI) ist obligatorisch, wenn Waren in das Gebiet der L\u00e4nder der Eurasischen Wirtschaftsunion (EAEU) eingef\u00fchrt werden, sowohl im Stra\u00dfen- als auch im Eisenbahnverkehr. Die Republik Belarus ist ein Mitglied der EAEU und unterst\u00fctzt daher das EPI-System. <\/p><p>Der Frachtf\u00fchrer, Spediteur oder eine andere zugelassene Person sendet vorab eine Meldung an die Zollbeh\u00f6rde mit detaillierten Informationen \u00fcber den Transport und die in das Gebiet der EAEU eingef\u00fchrten Waren. Der Zoll best\u00e4tigt dies, indem er dem Antrag eine individuelle EPI-Nummer zuweist. Das System vereinfacht und beschleunigt das Zollkontrollverfahren.  <\/p><p>Betainvest stellt schnell und professionell eine EPI f\u00fcr Waren aus, die in das Hoheitsgebiet der Republik Belarus eingef\u00fchrt werden. Bei der Ankunft an der Zollkontrollstelle legt Ihr Fahrer die Nummer der EPI vor, die wir ihm vorab in Form einer SMS auf sein Telefon schicken. Anhand der EPI-Nummer findet der Zollbeamte Informationen \u00fcber die Sendung, vergleicht sie mit den Dokumenten, die der Fahrer in den H\u00e4nden h\u00e4lt, und wenn es keine Unstimmigkeiten oder Unklarheiten gibt, stellt er alle Dokumente sofort aus.  <\/p><p><strong>Erforderliche Dokumente f\u00fcr die Registrierung von EPI &#8211; Belarus:<\/strong><\/p><table width=\"100%\"><tbody><tr><td><p><strong>Titel<\/strong><\/p><\/td><td><p><strong>Beschreibung<\/strong><\/p><\/td><\/tr><tr><td><p>TIR<\/p><\/td><td><p>Carnet TIR (Internationaler Stra\u00dfentransport)<\/p><\/td><\/tr><tr><td><p>CMR<\/p><\/td><td><p>Internationaler Frachtbrief<\/p><\/td><\/tr><tr><td><p>RECHNUNG<\/p><\/td><td><p>Rechnung<\/p><\/td><\/tr><tr><td><p>Packliste<\/p><\/td><td><p>Packliste<\/p><\/td><\/tr><tr><td><p>Technische Datenbl\u00e4tter <\/p><\/td><td><p>Technische P\u00e4sse f\u00fcr das Fahrzeug und den Anh\u00e4nger<\/p><\/td><\/tr><tr><td><p>Reisepass des Fahrers<\/p><\/td><td><p> <\/p><\/td><\/tr><tr><td><p>Bescheinigung des Zollspediteurs<\/p><\/td><td><p>In Anwesenheit von<\/p><\/td><\/tr><tr><td><p>Bescheinigung \u00fcber die Zulassung mit Siegel<\/p><\/td><td><p> <\/p><\/td><\/tr><\/tbody><\/table><p>Zus\u00e4tzliche Informationen erforderlich:<\/p><ul><li>Name der Grenz\u00fcbergangsstelle<\/li><li>Kontaktnummer des Mobiltelefons des Fahrers<\/li><li>ungef\u00e4hre Zeit, wann der Fahrer an der Grenze sein wird<\/li><\/ul>\t\t\t\t\t\t\t\t<\/div>\n\t\t\t\t\t<\/div>\n\t\t\t\t<\/div>\n\t\t<div class=\"elementor-element elementor-element-1d48f82 e-flex e-con-boxed e-con e-parent\" data-id=\"1d48f82\" data-element_type=\"container\" data-e-type=\"container\">\n\t\t\t\t\t<div class=\"e-con-inner\">\n\t\t\t\t<div class=\"elementor-element elementor-element-477e01f elementor-widget elementor-widget-spacer\" data-id=\"477e01f\" data-element_type=\"widget\" data-e-type=\"widget\" data-widget_type=\"spacer.default\">\n\t\t\t\t\t\t\t<div class=\"elementor-spacer\">\n\t\t\t<div class=\"elementor-spacer-inner\"><\/div>\n\t\t<\/div>\n\t\t\t\t\t\t<\/div>\n\t\t\t\t\t<\/div>\n\t\t\t\t<\/div>\n\t\t<div class=\"elementor-element elementor-element-82b8f59 e-flex e-con-boxed e-con e-parent\" data-id=\"82b8f59\" data-element_type=\"container\" data-e-type=\"container\">\n\t\t\t\t\t<div class=\"e-con-inner\">\n\t\t\t\t<div class=\"elementor-element elementor-element-797ef60 elementor-widget elementor-widget-spacer\" data-id=\"797ef60\" data-element_type=\"widget\" data-e-type=\"widget\" data-widget_type=\"spacer.default\">\n\t\t\t\t\t\t\t<div class=\"elementor-spacer\">\n\t\t\t<div class=\"elementor-spacer-inner\"><\/div>\n\t\t<\/div>\n\t\t\t\t\t\t<\/div>\n\t\t\t\t\t<\/div>\n\t\t\t\t<\/div>\n\t\t\t\t<\/div>\n\t\t","protected":false},"excerpt":{"rendered":"<p>Formalisierung der elektronischen Vorausmeldung (EPI) auf dem Gebiet der Republik Belarus Die elektronische Voranmeldung bei den Zollbeh\u00f6rden (EPI) ist obligatorisch, wenn Waren in das Gebiet der L\u00e4nder der Eurasischen Wirtschaftsunion (EAEU) eingef\u00fchrt werden, sowohl im Stra\u00dfen- als auch im Eisenbahnverkehr. Die Republik Belarus ist ein Mitglied der EAEU und unterst\u00fctzt daher das EPI-System. Der Frachtf\u00fchrer, [&hellip;]<\/p>\n","protected":false},"author":1,"featured_media":0,"parent":0,"menu_order":0,"comment_status":"closed","ping_status":"closed","template":"","meta":{"footnotes":""},"class_list":["post-3719","page","type-page","status-publish","hentry"],"_links":{"self":[{"href":"https:\/\/betainvest.ee\/de\/wp-json\/wp\/v2\/pages\/3719","targetHints":{"allow":["GET"]}}],"collection":[{"href":"https:\/\/betainvest.ee\/de\/wp-json\/wp\/v2\/pages"}],"about":[{"href":"https:\/\/betainvest.ee\/de\/wp-json\/wp\/v2\/types\/page"}],"author":[{"embeddable":true,"href":"https:\/\/betainvest.ee\/de\/wp-json\/wp\/v2\/users\/1"}],"replies":[{"embeddable":true,"href":"https:\/\/betainvest.ee\/de\/wp-json\/wp\/v2\/comments?post=3719"}],"version-history":[{"count":1,"href":"https:\/\/betainvest.ee\/de\/wp-json\/wp\/v2\/pages\/3719\/revisions"}],"predecessor-version":[{"id":3720,"href":"https:\/\/betainvest.ee\/de\/wp-json\/wp\/v2\/pages\/3719\/revisions\/3720"}],"wp:attachment":[{"href":"https:\/\/betainvest.ee\/de\/wp-json\/wp\/v2\/media?parent=3719"}],"curies":[{"name":"wp","href":"https:\/\/api.w.org\/{rel}","templated":true}]}}