{"id":3730,"date":"2025-08-04T06:22:54","date_gmt":"2025-08-04T06:22:54","guid":{"rendered":"https:\/\/betainvest.ee\/vorlaeufige-berechnung-der-zollsaetze\/"},"modified":"2025-08-26T13:12:01","modified_gmt":"2025-08-26T13:12:01","slug":"vorlaeufige-berechnung-der-zollsaetze","status":"publish","type":"page","link":"https:\/\/betainvest.ee\/de\/vorlaeufige-berechnung-der-zollsaetze\/","title":{"rendered":"Vorl\u00e4ufige Berechnung der Zolls\u00e4tze"},"content":{"rendered":"\t\t<div data-elementor-type=\"wp-page\" data-elementor-id=\"3730\" class=\"elementor elementor-3730\" data-elementor-post-type=\"page\">\n\t\t\t\t<div class=\"elementor-element elementor-element-12916dc e-flex e-con-boxed e-con e-parent\" data-id=\"12916dc\" data-element_type=\"container\" data-e-type=\"container\">\n\t\t\t\t\t<div class=\"e-con-inner\">\n\t\t\t\t<div class=\"elementor-element elementor-element-e25036a elementor-widget elementor-widget-text-editor\" data-id=\"e25036a\" data-element_type=\"widget\" data-e-type=\"widget\" data-widget_type=\"text-editor.default\">\n\t\t\t\t\t\t\t\t\t<h2 data-start=\"140\" data-end=\"214\">Vorl\u00e4ufige Berechnung der Zollgeb\u00fchren &#8211; schnell, genau, risikofrei<\/h2><p data-start=\"216\" data-end=\"481\">Der Transport von Waren \u00fcber die Zollgrenzen der <strong data-start=\"260\" data-end=\"304\">Eurasischen Wirtschaftsunion (EAEU<\/strong> ) &#8211; zum Beispiel von Russland oder Wei\u00dfrussland in die T\u00fcrkei oder in die entgegengesetzte Richtung?<br data-start=\"376\" data-end=\"379\">Um Verz\u00f6gerungen an der Grenze und unn\u00f6tige Kosten zu vermeiden, ist es wichtig, dass Sie alle Zollgeb\u00fchren im Voraus berechnen.<\/p><h3 data-start=\"483\" data-end=\"507\">Worauf wir uns verlassen:<\/h3><ul data-start=\"508\" data-end=\"602\"><li data-start=\"508\" data-end=\"534\"><p data-start=\"510\" data-end=\"534\"><strong data-start=\"510\" data-end=\"532\">Z\u00f6lle<\/strong><\/p><\/li><li data-start=\"535\" data-end=\"557\"><p data-start=\"537\" data-end=\"557\"><strong data-start=\"537\" data-end=\"555\">Verbrauchssteuern<\/strong><\/p><\/li><li data-start=\"558\" data-end=\"602\"><p data-start=\"560\" data-end=\"602\"><strong data-start=\"560\" data-end=\"600\">Mehrwertsteuer (VAT)<\/strong><\/p><\/li><\/ul><p data-start=\"604\" data-end=\"802\">Auf der Grundlage dieser Daten k\u00f6nnen Sie eine rechtzeitige Garantie f\u00fcr die Zahlung aller Sicherheitsbetr\u00e4ge f\u00fcr Z\u00f6lle und Steuern abgeben, so dass Sie die Zollkontrolle <strong data-start=\"768\" data-end=\"799\">schnell und ohne unn\u00f6tige Probleme<\/strong> passieren k\u00f6nnen.<\/p><h3 data-start=\"809\" data-end=\"829\">Warum es wichtig ist<\/h3><p data-start=\"830\" data-end=\"877\">Jeder Fehler oder jede Ungenauigkeit in den Berechnungen kann:<\/p><ul data-start=\"878\" data-end=\"1008\"><li data-start=\"878\" data-end=\"916\"><p data-start=\"880\" data-end=\"916\">Verz\u00f6gerung der Lieferung um Tage und Wochen<\/p><\/li><li data-start=\"917\" data-end=\"955\"><p data-start=\"919\" data-end=\"955\">F\u00fchrt zu zus\u00e4tzlichen Kosten<\/p><\/li><li data-start=\"956\" data-end=\"1008\"><p data-start=\"958\" data-end=\"1008\">In manchen F\u00e4llen wird die Lieferung vollst\u00e4ndig unterbrochen<\/p><\/li><\/ul><h3 data-start=\"1015\" data-end=\"1052\">Wovon die Genauigkeit der Berechnung abh\u00e4ngt:<\/h3><ul data-start=\"1053\" data-end=\"1192\"><li data-start=\"1053\" data-end=\"1084\"><p data-start=\"1055\" data-end=\"1084\">Ursprungsland der Waren<\/p><\/li><li data-start=\"1085\" data-end=\"1142\"><p data-start=\"1087\" data-end=\"1142\">Detaillierte Zusammensetzung der Sendung (bis ins kleinste Detail)<\/p><\/li><li data-start=\"1143\" data-end=\"1192\"><p data-start=\"1145\" data-end=\"1192\">Korrekte Auswahl von HS-Codes und andere Nuancen<\/p><\/li><\/ul><h3 data-start=\"1199\" data-end=\"1233\">Warum <strong data-start=\"1219\" data-end=\"1233\">Betainvest<\/strong> w\u00e4hlen<\/h3><p data-start=\"1234\" data-end=\"1379\">Unsere Spezialisten verf\u00fcgen \u00fcber <strong data-start=\"1257\" data-end=\"1277\">langj\u00e4hrige Erfahrung<\/strong> mit elektronischen Deklarationssystemen und der Berechnung von Zollgeb\u00fchren in verschiedenen L\u00e4ndern. Wir: <\/p><ul data-start=\"1380\" data-end=\"1549\"><li data-start=\"1380\" data-end=\"1425\"><p data-start=\"1382\" data-end=\"1425\">Wir f\u00fchren Berechnungen <strong data-start=\"1400\" data-end=\"1423\">schnell und ohne Fehler<\/strong> durch<\/p><\/li><li data-start=\"1426\" data-end=\"1484\"><p data-start=\"1428\" data-end=\"1484\">Wir \u00fcbermitteln alle Daten <strong data-start=\"1472\" data-end=\"1482\">p\u00fcnktlich<\/strong> an die Regulierungsbeh\u00f6rden<\/p><\/li><li data-start=\"1485\" data-end=\"1549\"><p data-start=\"1487\" data-end=\"1549\">Wir garantieren, dass Ihre Sendung die Grenze <strong data-start=\"1529\" data-end=\"1547\">ohne Komplikationen<\/strong> passieren wird<\/p><\/li><\/ul><p data-start=\"1551\" data-end=\"1658\">\ud83d\udcde <strong data-start=\"1554\" data-end=\"1587\">Kontaktieren Sie uns jetzt<\/strong> &#8211; und wir erstellen Ihnen in k\u00fcrzester Zeit einen genauen Kostenvoranschlag f\u00fcr Ihre Sendung.<\/p>\t\t\t\t\t\t\t\t<\/div>\n\t\t\t\t\t<\/div>\n\t\t\t\t<\/div>\n\t\t<div class=\"elementor-element elementor-element-3940eb7 e-flex e-con-boxed e-con e-parent\" data-id=\"3940eb7\" data-element_type=\"container\" data-e-type=\"container\">\n\t\t\t\t\t<div class=\"e-con-inner\">\n\t\t\t\t<div class=\"elementor-element elementor-element-e88b9e5 elementor-align-center elementor-widget elementor-widget-button\" data-id=\"e88b9e5\" data-element_type=\"widget\" data-e-type=\"widget\" data-widget_type=\"button.default\">\n\t\t\t\t\t\t\t\t\t\t<a class=\"elementor-button elementor-button-link elementor-size-sm\" href=\"https:\/\/betainvest.ee\/de\/kontakte\/\">\n\t\t\t\t\t\t<span class=\"elementor-button-content-wrapper\">\n\t\t\t\t\t\t\t\t\t<span class=\"elementor-button-text\">Klicken Sie hier<\/span>\n\t\t\t\t\t<\/span>\n\t\t\t\t\t<\/a>\n\t\t\t\t\t\t\t\t<\/div>\n\t\t\t\t<div class=\"elementor-element elementor-element-9d8892d elementor-widget elementor-widget-image\" data-id=\"9d8892d\" data-element_type=\"widget\" data-e-type=\"widget\" data-widget_type=\"image.default\">\n\t\t\t\t\t\t\t\t\t\t\t\t\t\t\t<img fetchpriority=\"high\" decoding=\"async\" width=\"768\" height=\"547\" src=\"https:\/\/betainvest.ee\/wp-content\/uploads\/2025\/08\/photo-1460925895917-afdab827c52f-768x547.jpeg\" class=\"attachment-medium_large size-medium_large wp-image-990\" alt=\"\" srcset=\"https:\/\/betainvest.ee\/wp-content\/uploads\/2025\/08\/photo-1460925895917-afdab827c52f-768x547.jpeg 768w, https:\/\/betainvest.ee\/wp-content\/uploads\/2025\/08\/photo-1460925895917-afdab827c52f-300x214.jpeg 300w, https:\/\/betainvest.ee\/wp-content\/uploads\/2025\/08\/photo-1460925895917-afdab827c52f-1024x729.jpeg 1024w, https:\/\/betainvest.ee\/wp-content\/uploads\/2025\/08\/photo-1460925895917-afdab827c52f-1536x1094.jpeg 1536w, https:\/\/betainvest.ee\/wp-content\/uploads\/2025\/08\/photo-1460925895917-afdab827c52f-2048x1458.jpeg 2048w\" sizes=\"(max-width: 768px) 100vw, 768px\" \/>\t\t\t\t\t\t\t\t\t\t\t\t\t\t\t<\/div>\n\t\t\t\t\t<\/div>\n\t\t\t\t<\/div>\n\t\t\t\t<\/div>\n\t\t","protected":false},"excerpt":{"rendered":"<p>Vorl\u00e4ufige Berechnung der Zollgeb\u00fchren &#8211; schnell, genau, risikofrei Der Transport von Waren \u00fcber die Zollgrenzen der Eurasischen Wirtschaftsunion (EAEU ) &#8211; zum Beispiel von Russland oder Wei\u00dfrussland in die T\u00fcrkei oder in die entgegengesetzte Richtung?Um Verz\u00f6gerungen an der Grenze und unn\u00f6tige Kosten zu vermeiden, ist es wichtig, dass Sie alle Zollgeb\u00fchren im Voraus berechnen. Worauf [&hellip;]<\/p>\n","protected":false},"author":1,"featured_media":0,"parent":0,"menu_order":0,"comment_status":"closed","ping_status":"closed","template":"","meta":{"footnotes":""},"class_list":["post-3730","page","type-page","status-publish","hentry"],"_links":{"self":[{"href":"https:\/\/betainvest.ee\/de\/wp-json\/wp\/v2\/pages\/3730","targetHints":{"allow":["GET"]}}],"collection":[{"href":"https:\/\/betainvest.ee\/de\/wp-json\/wp\/v2\/pages"}],"about":[{"href":"https:\/\/betainvest.ee\/de\/wp-json\/wp\/v2\/types\/page"}],"author":[{"embeddable":true,"href":"https:\/\/betainvest.ee\/de\/wp-json\/wp\/v2\/users\/1"}],"replies":[{"embeddable":true,"href":"https:\/\/betainvest.ee\/de\/wp-json\/wp\/v2\/comments?post=3730"}],"version-history":[{"count":1,"href":"https:\/\/betainvest.ee\/de\/wp-json\/wp\/v2\/pages\/3730\/revisions"}],"predecessor-version":[{"id":3731,"href":"https:\/\/betainvest.ee\/de\/wp-json\/wp\/v2\/pages\/3730\/revisions\/3731"}],"wp:attachment":[{"href":"https:\/\/betainvest.ee\/de\/wp-json\/wp\/v2\/media?parent=3730"}],"curies":[{"name":"wp","href":"https:\/\/api.w.org\/{rel}","templated":true}]}}