{"id":3743,"date":"2025-08-04T06:22:53","date_gmt":"2025-08-04T06:22:53","guid":{"rendered":"https:\/\/betainvest.ee\/nuetzliche-materialien\/"},"modified":"2025-08-26T13:12:01","modified_gmt":"2025-08-26T13:12:01","slug":"nuetzliche-materialien","status":"publish","type":"page","link":"https:\/\/betainvest.ee\/de\/nuetzliche-materialien\/","title":{"rendered":"N\u00fctzliche Materialien"},"content":{"rendered":"\t\t<div data-elementor-type=\"wp-page\" data-elementor-id=\"3743\" class=\"elementor elementor-3743 elementor-53\" data-elementor-post-type=\"page\">\n\t\t\t\t<div class=\"elementor-element elementor-element-cad2010 e-flex e-con-boxed e-con e-parent\" data-id=\"cad2010\" data-element_type=\"container\" data-e-type=\"container\">\n\t\t\t\t\t<div class=\"e-con-inner\">\n\t\t\t\t<div class=\"elementor-element elementor-element-299b138 elementor-widget elementor-widget-text-editor\" data-id=\"299b138\" data-element_type=\"widget\" data-e-type=\"widget\" data-widget_type=\"text-editor.default\">\n\t\t\t\t\t\t\t\t\t<h2><b>Aktuelle \u00c4nderungen, die Sie kennen sollten<\/b><\/h2><h3><b>1. Rabatte auf den Bahntransport f\u00fcr die Kohleindustrie<\/b><\/h3><p class=\"p3\">Die Regierung bietet Erm\u00e4\u00dfigungen von bis zu <span class=\"s2\"><b>60% Nachlass auf Bahnfernreisen<\/b><\/span> f\u00fcr Kohletransporte an und subventioniert die Russische Eisenbahn, um die Industrie zu unterst\u00fctzen &#8211; vorgeschlagen in einem Brief des stellvertretenden Premierministers Novak an den russischen Pr\u00e4sidenten. Dies wird dazu beitragen, die Kohlelogistik trotz des \u00e4u\u00dferen Drucks aufrechtzuerhalten. <span class=\"Apple-converted-space\">  <\/span><\/p><hr><h3><b>2. Neue Form des Bef\u00f6rderungsdokuments f\u00fcr den multimodalen Transport<\/b><\/h3><p class=\"p3\">Das Verkehrsministerium hat eine neue Form des Dokuments f\u00fcr <span class=\"s2\"><b>kombinierten Verkehr<\/b><\/span> (z.B. Stra\u00dfe + Schiene + See) genehmigt, das f\u00fcr Logistikunternehmen obligatorisch sein wird.<span class=\"Apple-converted-space\">  <\/span><\/p><hr><h3><b>3 \u00c4nderungen im Gesetzbuch f\u00fcr Ordnungswidrigkeiten (CAO RF)<\/b><\/h3><p class=\"p3\">Am 1. September 2025 werden \u00c4nderungen des CAO in Kraft treten, die aktualisierte Bu\u00dfgelder und Anforderungen, auch f\u00fcr Teilnehmer der Transportlogistik, enthalten.<span class=\"Apple-converted-space\">  <\/span><\/p><hr><h3><b>4. Vereinfachung der Visaregelung f\u00fcr Fahrer und Diskussion \u00fcber die Aufhebung des Kabotageverbots<\/b><\/h3><p class=\"p3\">Das Verkehrsministerium hat einen Gesetzentwurf zur Vereinfachung der Visabeschaffung f\u00fcr Fahrer, auch in den Grenzregionen zu China, ausgearbeitet. Au\u00dferdem diskutiert es die Aufhebung des Verbots f\u00fcr <span class=\"s2\"><b>f\u00fcr den Kurzstreckenseeverkehr durch ausl\u00e4ndische Transportunternehmen<\/b><\/span>. <span class=\"Apple-converted-space\">  <\/span><\/p><hr><h3><b>5. Neue Vorschriften zur Gewichts- und Ma\u00dfkontrolle<\/b><\/h3><p class=\"p3\">Ab dem 1. M\u00e4rz 2025 <span class=\"s2\"><b>automatische Gewichts- und Ma\u00dfkontrollpunkte<\/b><\/span> (AHTCs) auf den Stra\u00dfen. Die Fahrer sind verpflichtet, auf Aufforderung der Inspektoren anzuhalten und kontrolliert zu werden. <span class=\"Apple-converted-space\">  <\/span><\/p><hr><h3><b>6. Erh\u00f6hung der Bu\u00dfgelder f\u00fcr Verkehrsdelikte<\/b><\/h3><p class=\"p3\">Am 1. Mai 2025 sind wichtige \u00c4nderungen der Verkehrsregeln in Kraft getreten:<\/p><ul><li><p class=\"p1\">Bu\u00dfgelder bei Rotlicht erh\u00f6ht auf <span class=\"s1\"><b>2 500 \u20bd<\/b><\/span>.<\/p><\/li><li><p class=\"p1\">Die Behebung von Verst\u00f6\u00dfen ist technologisch fortgeschrittener geworden.<span class=\"Apple-converted-space\">  <\/span><\/p><p class=\"p1\">Auch die medizinischen Kontraindikationen und Kontrollen f\u00fcr schwere und gro\u00dfe Fahrzeuge wurden ab September 2025 versch\u00e4rft.<span class=\"Apple-converted-space\">  <\/span><\/p><\/li><\/ul><hr><h3><b>7. Obligatorische K\u00fcndigungen der CMTPL-Versicherung<\/b><\/h3><p class=\"p3\">Im zweiten Quartal 2025 wird das Portal Gosuslugi damit beginnen, Erinnerungen an den Ablauf von CMTPL-Versicherungspolicen zu versenden (einen Monat, 3 Tage und am Tag des Ablaufs).<\/p><p class=\"p3\">In f\u00fcnf Regionen werden au\u00dferdem Kameras getestet, die automatisch auf eine CMTPL-Versicherung pr\u00fcfen k\u00f6nnen.<span class=\"Apple-converted-space\">  <\/span><\/p><hr><h3><b>8. Gesetz zur Einschr\u00e4nkung der Suche nach extremistischem Material<\/b><\/h3><p class=\"p3\">Das F\u00f6derale Gesetz Nr. 281-FZ (unterzeichnet am 31. Juli 2025) f\u00fchrt Geldstrafen ein f\u00fcr <span class=\"s2\"><b>vors\u00e4tzliche Suche nach Materialien von der f\u00f6deralen Liste extremistischer Materialien<\/b><\/span>einschlie\u00dflich VPN-Werbung.<span class=\"Apple-converted-space\">  <\/span><\/p>\t\t\t\t\t\t\t\t<\/div>\n\t\t\t\t<div class=\"elementor-element elementor-element-ef13718 elementor-widget-divider--view-line elementor-widget elementor-widget-divider\" data-id=\"ef13718\" data-element_type=\"widget\" data-e-type=\"widget\" data-widget_type=\"divider.default\">\n\t\t\t\t\t\t\t<div class=\"elementor-divider\">\n\t\t\t<span class=\"elementor-divider-separator\">\n\t\t\t\t\t\t<\/span>\n\t\t<\/div>\n\t\t\t\t\t\t<\/div>\n\t\t\t\t\t<\/div>\n\t\t\t\t<\/div>\n\t\t\t\t<\/div>\n\t\t","protected":false},"excerpt":{"rendered":"<p>Aktuelle \u00c4nderungen, die Sie kennen sollten 1. Rabatte auf den Bahntransport f\u00fcr die Kohleindustrie Die Regierung bietet Erm\u00e4\u00dfigungen von bis zu 60% Nachlass auf Bahnfernreisen f\u00fcr Kohletransporte an und subventioniert die Russische Eisenbahn, um die Industrie zu unterst\u00fctzen &#8211; vorgeschlagen in einem Brief des stellvertretenden Premierministers Novak an den russischen Pr\u00e4sidenten. Dies wird dazu beitragen, [&hellip;]<\/p>\n","protected":false},"author":1,"featured_media":0,"parent":0,"menu_order":0,"comment_status":"closed","ping_status":"closed","template":"","meta":{"footnotes":""},"class_list":["post-3743","page","type-page","status-publish","hentry"],"_links":{"self":[{"href":"https:\/\/betainvest.ee\/de\/wp-json\/wp\/v2\/pages\/3743","targetHints":{"allow":["GET"]}}],"collection":[{"href":"https:\/\/betainvest.ee\/de\/wp-json\/wp\/v2\/pages"}],"about":[{"href":"https:\/\/betainvest.ee\/de\/wp-json\/wp\/v2\/types\/page"}],"author":[{"embeddable":true,"href":"https:\/\/betainvest.ee\/de\/wp-json\/wp\/v2\/users\/1"}],"replies":[{"embeddable":true,"href":"https:\/\/betainvest.ee\/de\/wp-json\/wp\/v2\/comments?post=3743"}],"version-history":[{"count":1,"href":"https:\/\/betainvest.ee\/de\/wp-json\/wp\/v2\/pages\/3743\/revisions"}],"predecessor-version":[{"id":3745,"href":"https:\/\/betainvest.ee\/de\/wp-json\/wp\/v2\/pages\/3743\/revisions\/3745"}],"wp:attachment":[{"href":"https:\/\/betainvest.ee\/de\/wp-json\/wp\/v2\/media?parent=3743"}],"curies":[{"name":"wp","href":"https:\/\/api.w.org\/{rel}","templated":true}]}}