{"id":3755,"date":"2025-08-04T06:22:53","date_gmt":"2025-08-04T06:22:53","guid":{"rendered":"https:\/\/betainvest.ee\/aussenhandel-projekte\/"},"modified":"2025-08-26T13:12:04","modified_gmt":"2025-08-26T13:12:04","slug":"aussenhandel-projekte","status":"publish","type":"page","link":"https:\/\/betainvest.ee\/de\/aussenhandel-projekte\/","title":{"rendered":"Au\u00dfenhandel\/Projekte"},"content":{"rendered":"\t\t<div data-elementor-type=\"wp-page\" data-elementor-id=\"3755\" class=\"elementor elementor-3755 elementor-40\" data-elementor-post-type=\"page\">\n\t\t\t\t<div class=\"elementor-element elementor-element-a5d0d44 e-flex e-con-boxed e-con e-parent\" data-id=\"a5d0d44\" data-element_type=\"container\" data-e-type=\"container\">\n\t\t\t\t\t<div class=\"e-con-inner\">\n\t\t\t\t<div class=\"elementor-element elementor-element-e00b40d elementor-widget elementor-widget-text-editor\" data-id=\"e00b40d\" data-element_type=\"widget\" data-e-type=\"widget\" data-widget_type=\"text-editor.default\">\n\t\t\t\t\t\t\t\t\t<h1><b>\ud83c\udf0d Au\u00dfenhandelsprojekte mit Betainvest<\/b><\/h1><p class=\"p3\">In der heutigen Welt stehen die Unternehmen vor neuen Herausforderungen:<\/p><ul><li><p class=\"p1\">geschlossene Grenzen,<\/p><\/li><li><p class=\"p1\">Beschr\u00e4nkungen und Embargos,<\/p><\/li><li><p class=\"p1\">Schwierigkeiten bei der Zahlung und \u00dcberweisung von Geldern,<\/p><\/li><li><p class=\"p1\">Verbot oder Beschr\u00e4nkung der Bef\u00f6rderung und des Verkaufs bestimmter Waren.<\/p><\/li><\/ul><p class=\"p3\">Viele Unternehmen m\u00f6chten Ausr\u00fcstungen, Roh-, Hilfs- und Betriebsstoffe oder Halbfertigprodukte kaufen, k\u00f6nnen dies aber nicht direkt tun.<\/p><p class=\"p3\">Unternehmen <span class=\"s2\"><b>Betainvest<\/b><\/span> bietet eine L\u00f6sung &#8211; wir \u00fcbernehmen die Organisation von <span class=\"s2\"><b>Au\u00dfenhandelsprojekte<\/b><\/span> im Interesse unserer Kunden.<\/p><hr><h2><b>Was wir tun<\/b><\/h2><ul><li><p class=\"p1\">\ud83d\udcd1 <span class=\"s1\"><b>Wir entwickeln Au\u00dfenhandelskonzepte<\/b><\/span> &#8211; Wir stimmen das Lieferprojekt mit dem Kunden ab, wobei wir alle Einschr\u00e4nkungen und M\u00f6glichkeiten ber\u00fccksichtigen.<\/p><\/li><li><p class=\"p1\">\ud83c\udf10 <span class=\"s1\"><b>Lieferanten finden<\/b><\/span> &#8211; Wir suchen in verschiedenen L\u00e4ndern nach Ausr\u00fcstung, Rohstoffen, Halbfertig- und Fertigwaren.<\/p><\/li><li><p class=\"p1\">\ud83d\ude9b <span class=\"s1\"><b>Wir organisieren den Transport<\/b><\/span> &#8211; Wir w\u00e4hlen optimale Routen, kombinieren Transporte (Stra\u00dfe, Schiene, See, Luft).<\/p><\/li><li><p class=\"p1\">\ud83d\udcb3 <span class=\"s1\"><b>Wir bieten Abwicklung<\/b><\/span> &#8211; helfen bei Zahlungs- und Finanztransaktionen, wenn der Kunde Einschr\u00e4nkungen hat.<\/p><\/li><li><p class=\"p1\">\ud83d\udec3 <span class=\"s1\"><b>Wir verfassen Dokumente<\/b><\/span> &#8211; Wir erstellen Au\u00dfenhandelsvertr\u00e4ge, Rechnungen, Zertifikate, unterst\u00fctzen Zollverfahren.<\/p><\/li><li><p class=\"p1\">\u2705 <span class=\"s1\"><b>Wir \u00fcbernehmen Verantwortung<\/b><\/span> &#8211; Wir garantieren Lieferung und Abwicklung.<\/p><\/li><\/ul><hr><h2><b>F\u00fcr wen es relevant ist<\/b><\/h2><ul><li><p class=\"p1\">F\u00fcr Unternehmen, die Ger\u00e4te oder Materialien kaufen m\u00f6chten, aber nicht direkt kaufen k\u00f6nnen.<\/p><\/li><li><p class=\"p1\">F\u00fcr K\u00e4ufer aus der T\u00fcrkei, Russland und anderen L\u00e4ndern, die einen zuverl\u00e4ssigen Vermittler f\u00fcr FEA suchen.<\/p><\/li><li><p class=\"p1\">F\u00fcr Hersteller, die neue M\u00e4rkte erschlie\u00dfen wollen, aber auf Hindernisse sto\u00dfen.<\/p><\/li><\/ul><hr><h2><b>Vorteile der Zusammenarbeit mit Betainvest<\/b><\/h2><ul><li><p class=\"p1\"><span class=\"s1\"><b>Legitime L\u00f6sungen<\/b><\/span> &#8211; wir entwickeln Projekte unter Ber\u00fccksichtigung der internationalen Vorschriften und Anforderungen.<\/p><\/li><li><p class=\"p1\"><span class=\"s1\"><b>Transparenz<\/b><\/span> &#8211; der Kunde erh\u00e4lt alle Dokumente und Berichte.<\/p><\/li><li><p class=\"p1\"><span class=\"s1\"><b>Flexibilit\u00e4t<\/b><\/span> &#8211; Finden Sie optimale Pfade und Schemata auch unter Einschr\u00e4nkungen.<\/p><\/li><li><p class=\"p1\"><span class=\"s1\"><b>Verl\u00e4sslichkeit<\/b><\/span> &#8211; wir begleiten die Transaktion von der Suche nach den Waren bis zur Lieferung an den Bestimmungsort.<\/p><\/li><\/ul><hr><h2><b>\ud83e\udd1d Fazit<\/b><\/h2><p class=\"p3\"><span class=\"s2\"><b>Betainvest<\/b><\/span> &#8211; ist Ihr Partner in den neuen Realit\u00e4ten. Wir wissen, wie man L\u00f6sungen findet, wo die Grenzen geschlossen sind und sich die Regeln \u00e4ndern. <\/p><p class=\"p3\">Unsere Au\u00dfenhandelsprojekte helfen unseren Kunden, Ausr\u00fcstungen, Rohstoffe, Materialien und Halbfertigprodukte zu kaufen, sie p\u00fcnktlich und mit einer Garantie zu erhalten.<\/p><p class=\"p3\">\ud83d\udc49 Kontaktieren Sie uns noch heute und wir werden eine ma\u00dfgeschneiderte L\u00f6sung f\u00fcr Ihr Unternehmen entwerfen.<\/p><p> <\/p>\t\t\t\t\t\t\t\t<\/div>\n\t\t\t\t\t<\/div>\n\t\t\t\t<\/div>\n\t\t<div class=\"elementor-element elementor-element-9b783c6 e-flex e-con-boxed e-con e-parent\" data-id=\"9b783c6\" data-element_type=\"container\" data-e-type=\"container\">\n\t\t\t\t\t<div class=\"e-con-inner\">\n\t\t\t\t<div class=\"elementor-element elementor-element-192aa06 elementor-align-center elementor-widget elementor-widget-button\" data-id=\"192aa06\" data-element_type=\"widget\" data-e-type=\"widget\" data-widget_type=\"button.default\">\n\t\t\t\t\t\t\t\t\t\t<a class=\"elementor-button elementor-button-link elementor-size-sm\" href=\"#\">\n\t\t\t\t\t\t<span class=\"elementor-button-content-wrapper\">\n\t\t\t\t\t\t\t\t\t<span class=\"elementor-button-text\">Klicken Sie hier<\/span>\n\t\t\t\t\t<\/span>\n\t\t\t\t\t<\/a>\n\t\t\t\t\t\t\t\t<\/div>\n\t\t\t\t<div class=\"elementor-element elementor-element-136cc65 elementor-widget elementor-widget-spacer\" data-id=\"136cc65\" data-element_type=\"widget\" data-e-type=\"widget\" data-widget_type=\"spacer.default\">\n\t\t\t\t\t\t\t<div class=\"elementor-spacer\">\n\t\t\t<div class=\"elementor-spacer-inner\"><\/div>\n\t\t<\/div>\n\t\t\t\t\t\t<\/div>\n\t\t\t\t<div class=\"elementor-element elementor-element-208b616 elementor-widget-divider--view-line elementor-widget elementor-widget-divider\" data-id=\"208b616\" data-element_type=\"widget\" data-e-type=\"widget\" data-widget_type=\"divider.default\">\n\t\t\t\t\t\t\t<div class=\"elementor-divider\">\n\t\t\t<span class=\"elementor-divider-separator\">\n\t\t\t\t\t\t<\/span>\n\t\t<\/div>\n\t\t\t\t\t\t<\/div>\n\t\t\t\t\t<\/div>\n\t\t\t\t<\/div>\n\t\t\t\t<\/div>\n\t\t","protected":false},"excerpt":{"rendered":"<p>\ud83c\udf0d Au\u00dfenhandelsprojekte mit Betainvest In der heutigen Welt stehen die Unternehmen vor neuen Herausforderungen: geschlossene Grenzen, Beschr\u00e4nkungen und Embargos, Schwierigkeiten bei der Zahlung und \u00dcberweisung von Geldern, Verbot oder Beschr\u00e4nkung der Bef\u00f6rderung und des Verkaufs bestimmter Waren. Viele Unternehmen m\u00f6chten Ausr\u00fcstungen, Roh-, Hilfs- und Betriebsstoffe oder Halbfertigprodukte kaufen, k\u00f6nnen dies aber nicht direkt tun. Unternehmen [&hellip;]<\/p>\n","protected":false},"author":1,"featured_media":0,"parent":0,"menu_order":0,"comment_status":"closed","ping_status":"closed","template":"","meta":{"footnotes":""},"class_list":["post-3755","page","type-page","status-publish","hentry"],"_links":{"self":[{"href":"https:\/\/betainvest.ee\/de\/wp-json\/wp\/v2\/pages\/3755","targetHints":{"allow":["GET"]}}],"collection":[{"href":"https:\/\/betainvest.ee\/de\/wp-json\/wp\/v2\/pages"}],"about":[{"href":"https:\/\/betainvest.ee\/de\/wp-json\/wp\/v2\/types\/page"}],"author":[{"embeddable":true,"href":"https:\/\/betainvest.ee\/de\/wp-json\/wp\/v2\/users\/1"}],"replies":[{"embeddable":true,"href":"https:\/\/betainvest.ee\/de\/wp-json\/wp\/v2\/comments?post=3755"}],"version-history":[{"count":1,"href":"https:\/\/betainvest.ee\/de\/wp-json\/wp\/v2\/pages\/3755\/revisions"}],"predecessor-version":[{"id":3757,"href":"https:\/\/betainvest.ee\/de\/wp-json\/wp\/v2\/pages\/3755\/revisions\/3757"}],"wp:attachment":[{"href":"https:\/\/betainvest.ee\/de\/wp-json\/wp\/v2\/media?parent=3755"}],"curies":[{"name":"wp","href":"https:\/\/api.w.org\/{rel}","templated":true}]}}