{"id":3766,"date":"2025-08-04T06:22:53","date_gmt":"2025-08-04T06:22:53","guid":{"rendered":"https:\/\/betainvest.ee\/tankkarten-reisedienstleistungen\/"},"modified":"2025-08-26T13:12:07","modified_gmt":"2025-08-26T13:12:07","slug":"tankkarten-reisedienstleistungen","status":"publish","type":"page","link":"https:\/\/betainvest.ee\/de\/tankkarten-reisedienstleistungen\/","title":{"rendered":"Tankkarten\/Reisedienstleistungen"},"content":{"rendered":"\t\t<div data-elementor-type=\"wp-page\" data-elementor-id=\"3766\" class=\"elementor elementor-3766 elementor-37\" data-elementor-post-type=\"page\">\n\t\t\t\t<div class=\"elementor-element elementor-element-a961383 e-flex e-con-boxed e-con e-parent\" data-id=\"a961383\" data-element_type=\"container\" data-e-type=\"container\">\n\t\t\t\t\t<div class=\"e-con-inner\">\n\t\t\t\t<div class=\"elementor-element elementor-element-063115e elementor-widget elementor-widget-heading\" data-id=\"063115e\" data-element_type=\"widget\" data-e-type=\"widget\" data-widget_type=\"heading.default\">\n\t\t\t\t\t<h2 class=\"elementor-heading-title elementor-size-default\">Allgemeine Gesch\u00e4ftsbedingungen f\u00fcr BetaInvest-Kunden<\/h2>\t\t\t\t<\/div>\n\t\t\t\t\t<\/div>\n\t\t\t\t<\/div>\n\t\t<div class=\"elementor-element elementor-element-0a6785b e-flex e-con-boxed e-con e-parent\" data-id=\"0a6785b\" data-element_type=\"container\" data-e-type=\"container\">\n\t\t\t\t\t<div class=\"e-con-inner\">\n\t\t\t\t<div class=\"elementor-element elementor-element-b03cdfe elementor-widget elementor-widget-text-editor\" data-id=\"b03cdfe\" data-element_type=\"widget\" data-e-type=\"widget\" data-widget_type=\"text-editor.default\">\n\t\t\t\t\t\t\t\t\t<h3 data-start=\"317\" data-end=\"358\"><strong data-start=\"321\" data-end=\"356\">Schema Nr. 1 &#8211; Maximale Leistung<\/strong><\/h3><p data-start=\"359\" data-end=\"535\"><strong data-start=\"359\" data-end=\"370\">Auszahlung:<\/strong> bis 12:00 Uhr des laufenden Tages, in t\u00fcrkischer Lira, auf das Konto <strong data-start=\"429\" data-end=\"443\">von BetaInvest<\/strong><br data-start=\"443\" data-end=\"446\"><strong data-start=\"446\" data-end=\"461\">Gutschrift:<\/strong> in Rubel auf Ihr Konto am <strong data-start=\"483\" data-end=\"500\">selben Tag<\/strong> zum Umrechnungskurs der <strong data-start=\"522\" data-end=\"535\">t\u00fcrkischen Zentralbank.<\/strong><\/p><p data-start=\"537\" data-end=\"550\"><strong data-start=\"537\" data-end=\"548\">Erm\u00e4\u00dfigungen:<\/strong><\/p><ul data-start=\"551\" data-end=\"761\"><li data-start=\"551\" data-end=\"599\"><p data-start=\"553\" data-end=\"599\"><strong data-start=\"553\" data-end=\"560\">-2%<\/strong> f\u00fcr Dieselkraftstoff an Tankstellen in Russland<\/p><\/li><li data-start=\"600\" data-end=\"656\"><p data-start=\"602\" data-end=\"656\"><strong data-start=\"602\" data-end=\"609\">-3%<\/strong> auf alle Dienstleistungen an <strong data-start=\"631\" data-end=\"641\">Lukoil-<\/strong> und <strong data-start=\"644\" data-end=\"654\">Teboyl-Tankstellen<\/strong><\/p><\/li><li data-start=\"657\" data-end=\"761\"><p data-start=\"659\" data-end=\"761\">F\u00fcr Betankungsmengen <strong data-start=\"679\" data-end=\"702\">\u00fcber 10 Tonnen\/Monat<\/strong> erh\u00f6hen sich die Rabatte auf <strong data-start=\"729\" data-end=\"736\">-3%<\/strong> bzw. <strong data-start=\"739\" data-end=\"746\">-5%<\/strong>.<\/p><\/li><\/ul><ul data-start=\"766\" data-end=\"903\"><li data-start=\"826\" data-end=\"903\"><p data-start=\"828\" data-end=\"903\"> <\/p><\/li><\/ul>\t\t\t\t\t\t\t\t<\/div>\n\t\t\t\t\t<\/div>\n\t\t\t\t<\/div>\n\t\t<div class=\"elementor-element elementor-element-3d5ec0b e-flex e-con-boxed e-con e-parent\" data-id=\"3d5ec0b\" data-element_type=\"container\" data-e-type=\"container\">\n\t\t\t\t\t<div class=\"e-con-inner\">\n\t\t\t\t<div class=\"elementor-element elementor-element-c744c80 elementor-widget elementor-widget-image\" data-id=\"c744c80\" data-element_type=\"widget\" data-e-type=\"widget\" data-widget_type=\"image.default\">\n\t\t\t\t\t\t\t\t\t\t\t\t\t\t\t<img fetchpriority=\"high\" decoding=\"async\" width=\"350\" height=\"236\" src=\"https:\/\/betainvest.ee\/wp-content\/uploads\/2025\/08\/69abf7c930811a7f2f04cf58616265be.png\" class=\"attachment-large size-large wp-image-775\" alt=\"\" srcset=\"https:\/\/betainvest.ee\/wp-content\/uploads\/2025\/08\/69abf7c930811a7f2f04cf58616265be.png 350w, https:\/\/betainvest.ee\/wp-content\/uploads\/2025\/08\/69abf7c930811a7f2f04cf58616265be-300x202.png 300w\" sizes=\"(max-width: 350px) 100vw, 350px\" \/>\t\t\t\t\t\t\t\t\t\t\t\t\t\t\t<\/div>\n\t\t\t\t\t<\/div>\n\t\t\t\t<\/div>\n\t\t<div class=\"elementor-element elementor-element-f18b5c6 e-flex e-con-boxed e-con e-parent\" data-id=\"f18b5c6\" data-element_type=\"container\" data-e-type=\"container\">\n\t\t\t\t\t<div class=\"e-con-inner\">\n\t\t\t\t<div class=\"elementor-element elementor-element-3b184b1 elementor-widget elementor-widget-heading\" data-id=\"3b184b1\" data-element_type=\"widget\" data-e-type=\"widget\" data-widget_type=\"heading.default\">\n\t\t\t\t\t<h2 class=\"elementor-heading-title elementor-size-default\">Sonderkonditionen f\u00fcr unsere Stammkunden.<\/h2>\t\t\t\t<\/div>\n\t\t\t\t\t<\/div>\n\t\t\t\t<\/div>\n\t\t<div class=\"elementor-element elementor-element-c82ac47 e-flex e-con-boxed e-con e-parent\" data-id=\"c82ac47\" data-element_type=\"container\" data-e-type=\"container\">\n\t\t\t\t\t<div class=\"e-con-inner\">\n\t\t\t\t<div class=\"elementor-element elementor-element-11b2c9c elementor-widget elementor-widget-text-editor\" data-id=\"11b2c9c\" data-element_type=\"widget\" data-e-type=\"widget\" data-widget_type=\"text-editor.default\">\n\t\t\t\t\t\t\t\t\t<h3 data-start=\"768\" data-end=\"804\"><strong data-start=\"772\" data-end=\"802\">Regelung Nr. 2 &#8211; Flexible Bedingungen und Konditionen<\/strong><\/h3><p data-start=\"805\" data-end=\"998\"><strong data-start=\"805\" data-end=\"816\">Zahlung:<\/strong> sp\u00e4testens 7 Tage nach Erhalt der Dienstleistung, in t\u00fcrkischen Lira, auf das Konto von <strong data-start=\"895\" data-end=\"909\">BetaInvest<\/strong><br data-start=\"909\" data-end=\"912\"><strong data-start=\"912\" data-end=\"927\">Gutschrift:<\/strong> in Rubel &#8211; am Tag des Erhalts der Dienstleistung, zum Umrechnungskurs der <strong data-start=\"985\" data-end=\"998\">t\u00fcrkischen Zentralbank.<\/strong><\/p><p data-start=\"1000\" data-end=\"1013\"><strong data-start=\"1000\" data-end=\"1011\">Erm\u00e4\u00dfigungen:<\/strong><\/p><ul data-start=\"1014\" data-end=\"1180\"><li data-start=\"1014\" data-end=\"1052\"><p data-start=\"1016\" data-end=\"1052\"><strong data-start=\"1016\" data-end=\"1030\">Keine Rabatte<\/strong> f\u00fcr normale Mengen<\/p><\/li><li data-start=\"1053\" data-end=\"1180\"><p data-start=\"1055\" data-end=\"1180\">F\u00fcr Betankungsmengen <strong data-start=\"1075\" data-end=\"1098\">\u00fcber 15 Tonnen\/Monat<\/strong> &#8211; <strong data-start=\"1101\" data-end=\"1108\">-2%<\/strong> f\u00fcr Dieselkraftstoff und <strong data-start=\"1132\" data-end=\"1139\">-3%<\/strong> f\u00fcr Dienstleistungen an <strong data-start=\"1157\" data-end=\"1167\">Lukoil-<\/strong> und <strong data-start=\"1170\" data-end=\"1180\">Teboyl-Tankstellen<\/strong>.<\/p><\/li><\/ul>\t\t\t\t\t\t\t\t<\/div>\n\t\t\t\t\t<\/div>\n\t\t\t\t<\/div>\n\t\t<div class=\"elementor-element elementor-element-d077940 e-flex e-con-boxed e-con e-parent\" data-id=\"d077940\" data-element_type=\"container\" data-e-type=\"container\">\n\t\t\t\t\t<div class=\"e-con-inner\">\n\t\t\t\t<div class=\"elementor-element elementor-element-97ed0e9 elementor-widget elementor-widget-spacer\" data-id=\"97ed0e9\" data-element_type=\"widget\" data-e-type=\"widget\" data-widget_type=\"spacer.default\">\n\t\t\t\t\t\t\t<div class=\"elementor-spacer\">\n\t\t\t<div class=\"elementor-spacer-inner\"><\/div>\n\t\t<\/div>\n\t\t\t\t\t\t<\/div>\n\t\t\t\t\t<\/div>\n\t\t\t\t<\/div>\n\t\t\t\t<\/div>\n\t\t","protected":false},"excerpt":{"rendered":"<p>Allgemeine Gesch\u00e4ftsbedingungen f\u00fcr BetaInvest-Kunden Schema Nr. 1 &#8211; Maximale Leistung Auszahlung: bis 12:00 Uhr des laufenden Tages, in t\u00fcrkischer Lira, auf das Konto von BetaInvestGutschrift: in Rubel auf Ihr Konto am selben Tag zum Umrechnungskurs der t\u00fcrkischen Zentralbank. Erm\u00e4\u00dfigungen: -2% f\u00fcr Dieselkraftstoff an Tankstellen in Russland -3% auf alle Dienstleistungen an Lukoil- und Teboyl-Tankstellen F\u00fcr [&hellip;]<\/p>\n","protected":false},"author":1,"featured_media":0,"parent":0,"menu_order":0,"comment_status":"closed","ping_status":"closed","template":"","meta":{"footnotes":""},"class_list":["post-3766","page","type-page","status-publish","hentry"],"_links":{"self":[{"href":"https:\/\/betainvest.ee\/de\/wp-json\/wp\/v2\/pages\/3766","targetHints":{"allow":["GET"]}}],"collection":[{"href":"https:\/\/betainvest.ee\/de\/wp-json\/wp\/v2\/pages"}],"about":[{"href":"https:\/\/betainvest.ee\/de\/wp-json\/wp\/v2\/types\/page"}],"author":[{"embeddable":true,"href":"https:\/\/betainvest.ee\/de\/wp-json\/wp\/v2\/users\/1"}],"replies":[{"embeddable":true,"href":"https:\/\/betainvest.ee\/de\/wp-json\/wp\/v2\/comments?post=3766"}],"version-history":[{"count":1,"href":"https:\/\/betainvest.ee\/de\/wp-json\/wp\/v2\/pages\/3766\/revisions"}],"predecessor-version":[{"id":3768,"href":"https:\/\/betainvest.ee\/de\/wp-json\/wp\/v2\/pages\/3766\/revisions\/3768"}],"wp:attachment":[{"href":"https:\/\/betainvest.ee\/de\/wp-json\/wp\/v2\/media?parent=3766"}],"curies":[{"name":"wp","href":"https:\/\/api.w.org\/{rel}","templated":true}]}}