{"id":3792,"date":"2025-08-04T06:22:53","date_gmt":"2025-08-04T06:22:53","guid":{"rendered":"https:\/\/betainvest.ee\/tipps-und-ratschlaege\/"},"modified":"2025-08-26T13:12:17","modified_gmt":"2025-08-26T13:12:17","slug":"tipps-und-ratschlaege","status":"publish","type":"page","link":"https:\/\/betainvest.ee\/de\/tipps-und-ratschlaege\/","title":{"rendered":"Tipps und Ratschl\u00e4ge"},"content":{"rendered":"\t\t<div data-elementor-type=\"wp-page\" data-elementor-id=\"3792\" class=\"elementor elementor-3792 elementor-55\" data-elementor-post-type=\"page\">\n\t\t\t\t<div class=\"elementor-element elementor-element-d4128a7 e-flex e-con-boxed e-con e-parent\" data-id=\"d4128a7\" data-element_type=\"container\" data-e-type=\"container\">\n\t\t\t\t\t<div class=\"e-con-inner\">\n\t\t\t\t<div class=\"elementor-element elementor-element-cee1de4 elementor-widget elementor-widget-text-editor\" data-id=\"cee1de4\" data-element_type=\"widget\" data-e-type=\"widget\" data-widget_type=\"text-editor.default\">\n\t\t\t\t\t\t\t\t\t<h1><b>\ud83d\ude9b Tipps und Ratschl\u00e4ge f\u00fcr Transportunternehmen und Frachtkunden<\/b><\/h1><p class=\"p3\">Unternehmen <span class=\"s2\"><b>Betainvest<\/b><\/span> arbeitet an der Schnittstelle zwischen den Interessen von Spediteuren und Frachtkunden. Wir wissen, wie wichtig es ist, die richtige Interaktion zwischen den Parteien aufzubauen, damit die Lieferung sicher, schnell und kosteng\u00fcnstig erfolgt. <\/p><hr><h2><b>F\u00fcr Transportunternehmen<\/b><\/h2><ol start=\"1\"><li><p class=\"p1\"><b>Dokumente im Voraus pr\u00fcfen<\/b><\/p><p class=\"p2\">&#8211; Versandanmeldungen, Versicherung, Genehmigungen. Fehler an der Grenze sind kostspielig. <\/p><\/li><li><p class=\"p1\"><b>Routen optimieren<\/b><\/p><p class=\"p2\">&#8211; Nutzen Sie kombinierte Systeme (Stra\u00dfe + Schiene + See), um Zeit und Kosten zu sparen.<\/p><\/li><li><p class=\"p1\"><b>Halten Sie sich \u00fcber \u00c4nderungen in der Gesetzgebung auf dem Laufenden<\/b><\/p><p class=\"p2\">&#8211; Neue Bu\u00dfgelder, Gewichts- und Ma\u00dfkontrollen sowie \u00c4nderungen bei den Verbrauchssteuern haben direkte Auswirkungen auf den Transport.<\/p><\/li><li><p class=\"p1\"><b>Investieren Sie in einen Service f\u00fcr Fahrer<\/b><\/p><p class=\"p2\">&#8211; Tankkarten, Kommunikation, Navigation helfen, Zeit und Geld zu sparen.<\/p><\/li><li><p class=\"p1\"><b>Arbeiten Sie mit zuverl\u00e4ssigen Vermittlern<\/b><\/p><p class=\"p2\">&#8211; Ein Partner, der sich um den Papierkram und die finanziellen Garantien k\u00fcmmert, verringert Ihre Risiken.<\/p><\/li><\/ol><hr><h2><b>F\u00fcr Kundenunternehmen<\/b><\/h2><ol start=\"1\"><li><p class=\"p1\"><b>Formulieren Sie die Aufgabe so detailliert wie m\u00f6glich<\/b><\/p><p class=\"p2\">&#8211; welche Art von Fracht, Gewicht, Abmessungen, Bedingungen, Lieferbedingungen. Je genauer die Informationen sind, desto weniger Missverst\u00e4ndnisse gibt es. <\/p><\/li><li><p class=\"p1\"><b>Bewerten Sie nicht nur den Preis, sondern auch die Zuverl\u00e4ssigkeit<\/b><\/p><p class=\"p2\">&#8211; ein billiger Transport ohne Versicherung kann teurer werden.<\/p><\/li><li><p class=\"p1\"><b>Verwenden Sie verantwortungsvolle Lagerh\u00e4user<\/b><\/p><p class=\"p2\">&#8211; Wenn die Fracht nicht zur Weiterlieferung bereit ist, verringert die vor\u00fcbergehende Lagerung oder Verwahrung die Risiken.<\/p><\/li><li><p class=\"p1\"><b>Vertrauen Sie die Logistik den Experten an<\/b><\/p><p class=\"p2\">&#8211; das Transportunternehmen \u00fcbernimmt die Kontrolle \u00fcber die Route, den Zoll und die Verbrauchssteuern, was Ihre Ressourcen schont.<\/p><\/li><li><p class=\"p1\"><b>Transparente Dokumente anfordern<\/b><\/p><p class=\"p2\">&#8211; Rechnungen, Akten, Abschlussdokumente helfen Ihnen, Ihre Ausgaben offiziell und sicher zu verbuchen.<\/p><\/li><\/ol><hr><h2><b>Die Rolle von BetaInvest<\/b><\/h2><p class=\"p3\">Wir helfen sowohl Spediteuren als auch Kunden, eine gemeinsame Basis zu finden:<\/p><ul><li><p class=\"p1\">begleiten Transaktionen und Sendungen,<\/p><\/li><li><p class=\"p1\">Wir k\u00fcmmern uns um den Papierkram und die Abrechnungen,<\/p><\/li><li><p class=\"p1\">wir bieten finanzielle Garantien,<\/p><\/li><li><p class=\"p1\">Wir bieten Ihnen optimale Routen und Lagerhallen.<\/p><\/li><\/ul><hr><h2><b>\ud83e\udd1d Fazit<\/b><\/h2><p class=\"p3\">Eine gute Transportorganisation ist ein Gleichgewicht zwischen den Interessen des Transportunternehmens und des Kunden.<\/p><p class=\"p3\"><span class=\"s2\"><b>Betainvest<\/b><\/span> agiert als Bindeglied und zuverl\u00e4ssiger Partner, der die Sicherheit, Transparenz und Effizienz des G\u00fcterverkehrs gew\u00e4hrleistet.<\/p>\t\t\t\t\t\t\t\t<\/div>\n\t\t\t\t\t<\/div>\n\t\t\t\t<\/div>\n\t\t<div class=\"elementor-element elementor-element-b660e51 e-flex e-con-boxed e-con e-parent\" data-id=\"b660e51\" data-element_type=\"container\" data-e-type=\"container\">\n\t\t\t\t\t<div class=\"e-con-inner\">\n\t\t\t\t<div class=\"elementor-element elementor-element-72622e5 elementor-widget elementor-widget-spacer\" data-id=\"72622e5\" data-element_type=\"widget\" data-e-type=\"widget\" data-widget_type=\"spacer.default\">\n\t\t\t\t\t\t\t<div class=\"elementor-spacer\">\n\t\t\t<div class=\"elementor-spacer-inner\"><\/div>\n\t\t<\/div>\n\t\t\t\t\t\t<\/div>\n\t\t\t\t<div class=\"elementor-element elementor-element-00e19ea elementor-widget-divider--view-line elementor-widget elementor-widget-divider\" data-id=\"00e19ea\" data-element_type=\"widget\" data-e-type=\"widget\" data-widget_type=\"divider.default\">\n\t\t\t\t\t\t\t<div class=\"elementor-divider\">\n\t\t\t<span class=\"elementor-divider-separator\">\n\t\t\t\t\t\t<\/span>\n\t\t<\/div>\n\t\t\t\t\t\t<\/div>\n\t\t\t\t\t<\/div>\n\t\t\t\t<\/div>\n\t\t\t\t<\/div>\n\t\t","protected":false},"excerpt":{"rendered":"<p>\ud83d\ude9b Tipps und Ratschl\u00e4ge f\u00fcr Transportunternehmen und Frachtkunden Unternehmen Betainvest arbeitet an der Schnittstelle zwischen den Interessen von Spediteuren und Frachtkunden. Wir wissen, wie wichtig es ist, die richtige Interaktion zwischen den Parteien aufzubauen, damit die Lieferung sicher, schnell und kosteng\u00fcnstig erfolgt. F\u00fcr Transportunternehmen Dokumente im Voraus pr\u00fcfen &#8211; Versandanmeldungen, Versicherung, Genehmigungen. Fehler an der [&hellip;]<\/p>\n","protected":false},"author":1,"featured_media":0,"parent":0,"menu_order":0,"comment_status":"closed","ping_status":"closed","template":"","meta":{"footnotes":""},"class_list":["post-3792","page","type-page","status-publish","hentry"],"_links":{"self":[{"href":"https:\/\/betainvest.ee\/de\/wp-json\/wp\/v2\/pages\/3792","targetHints":{"allow":["GET"]}}],"collection":[{"href":"https:\/\/betainvest.ee\/de\/wp-json\/wp\/v2\/pages"}],"about":[{"href":"https:\/\/betainvest.ee\/de\/wp-json\/wp\/v2\/types\/page"}],"author":[{"embeddable":true,"href":"https:\/\/betainvest.ee\/de\/wp-json\/wp\/v2\/users\/1"}],"replies":[{"embeddable":true,"href":"https:\/\/betainvest.ee\/de\/wp-json\/wp\/v2\/comments?post=3792"}],"version-history":[{"count":1,"href":"https:\/\/betainvest.ee\/de\/wp-json\/wp\/v2\/pages\/3792\/revisions"}],"predecessor-version":[{"id":3793,"href":"https:\/\/betainvest.ee\/de\/wp-json\/wp\/v2\/pages\/3792\/revisions\/3793"}],"wp:attachment":[{"href":"https:\/\/betainvest.ee\/de\/wp-json\/wp\/v2\/media?parent=3792"}],"curies":[{"name":"wp","href":"https:\/\/api.w.org\/{rel}","templated":true}]}}