{"id":3822,"date":"2025-08-04T06:22:53","date_gmt":"2025-08-04T06:22:53","guid":{"rendered":"https:\/\/betainvest.ee\/technische-projekte-investitionen\/"},"modified":"2025-08-26T13:12:38","modified_gmt":"2025-08-26T13:12:38","slug":"technische-projekte-investitionen","status":"publish","type":"page","link":"https:\/\/betainvest.ee\/de\/technische-projekte-investitionen\/","title":{"rendered":"Technische Projekte\/Investitionen"},"content":{"rendered":"\t\t<div data-elementor-type=\"wp-page\" data-elementor-id=\"3822\" class=\"elementor elementor-3822 elementor-41\" data-elementor-post-type=\"page\">\n\t\t\t\t<div class=\"elementor-element elementor-element-8afe1a6 e-flex e-con-boxed e-con e-parent\" data-id=\"8afe1a6\" data-element_type=\"container\" data-e-type=\"container\">\n\t\t\t\t\t<div class=\"e-con-inner\">\n\t\t\t\t<div class=\"elementor-element elementor-element-627c3ed elementor-widget elementor-widget-text-editor\" data-id=\"627c3ed\" data-element_type=\"widget\" data-e-type=\"widget\" data-widget_type=\"text-editor.default\">\n\t\t\t\t\t\t\t\t\t<h1><b>\ud83c\udfd7 Technik und Investitionen mit BetaInvest<\/b><\/h1><p class=\"p3\">Innovative L\u00f6sungen und kompetente Investitionen sind aus dem modernen Gesch\u00e4ftsleben nicht mehr wegzudenken.<\/p><p class=\"p3\">Unternehmen <span class=\"s2\"><b>Betainvest<\/b><\/span> betrachtet Engineering- und Investitionsprojekte als einen der wichtigsten Bereiche seiner T\u00e4tigkeit. Wir kombinieren Erfahrung, Technologie und Kapital, um Projekte zu entwickeln, die heute funktionieren und morgen Ergebnisse liefern. <\/p><hr><h2><b>\ud83d\udd27 Technische Projekte<\/b><\/h2><p class=\"p3\"><span class=\"s2\"><b>Engineering von Betainvest<\/b><\/span> &#8211; ist eine Reihe von Dienstleistungen f\u00fcr Design, Implementierung und Support von technischen und infrastrukturellen L\u00f6sungen.<\/p><p class=\"p3\">Wir bieten:<\/p><ul><li><p class=\"p1\"><span class=\"s1\">Entwicklung <\/span><b>Logistik- und Produktionsprojekte<\/b><span class=\"s1\">;<\/span><\/p><\/li><li><p class=\"p1\">Entwurf und Modernisierung von Lagerkomplexen und Terminals;<\/p><\/li><li><p class=\"p1\">Einf\u00fchrung moderner Technologien zur Optimierung von Transport- und Lagerungsprozessen;<\/p><\/li><li><p class=\"p1\">technische Rechnungspr\u00fcfung und Beratung.<\/p><\/li><\/ul><p class=\"p3\">Dank unserer Partnerschaft mit professionellen Ingenieuren und Bauunternehmern k\u00f6nnen wir die Realisierung von Projekten jeglicher Komplexit\u00e4t gew\u00e4hrleisten &#8211; von der Planung bis zur Inbetriebnahme.<\/p><hr><h2><b>\ud83d\udcbc Investitionsprojekte<\/b><\/h2><p class=\"p3\">Unternehmen <span class=\"s2\"><b>Betainvest<\/b><\/span> entwickelt aktiv die Richtung <span class=\"s2\"><b>Investitionen<\/b><\/span> und bietet seinen Kunden:<\/p><ul><li><p class=\"p1\">Auswahl und Analyse von vielversprechenden Investitionsbereichen;<\/p><\/li><li><p class=\"p1\">Entwicklung von Gesch\u00e4ftspl\u00e4nen und Finanzmodellen;<\/p><\/li><li><p class=\"p1\">Partner und Co-Investoren zu gewinnen;<\/p><\/li><li><p class=\"p1\">Projektunterst\u00fctzung in allen Phasen, einschlie\u00dflich rechtlicher und finanzieller Unterst\u00fctzung.<\/p><\/li><\/ul><p class=\"p3\">Wir betrachten Investitionen nicht nur als Kapitalausgaben, sondern auch als Mittel zur Gesch\u00e4ftsentwicklung, zur Erweiterung der M\u00e4rkte und zur Schaffung neuer M\u00f6glichkeiten f\u00fcr unsere Kunden.<\/p><hr><h2><b>\ud83c\udf0d F\u00fcr wen es relevant ist<\/b><\/h2><ul><li><p class=\"p1\"><span class=\"s1\"><b>Industrieunternehmen<\/b><\/span>die neue technische L\u00f6sungen zur Verbesserung der Effizienz ben\u00f6tigen.<\/p><\/li><li><p class=\"p1\"><span class=\"s1\"><b>Logistikunternehmen<\/b><\/span>die am Bau oder an der Modernisierung von Lagerh\u00e4usern und Transportzentren interessiert sind.<\/p><\/li><li><p class=\"p1\"><span class=\"s1\"><b>Investoren<\/b><\/span>die nach zuverl\u00e4ssigen und rentablen Projekten suchen.<\/p><\/li><li><p class=\"p1\"><span class=\"s1\"><b>Internationale Partner<\/b><\/span>die Zugang zum russischen und eurasischen Markt \u00fcber einen vertrauensw\u00fcrdigen Anbieter ben\u00f6tigen.<\/p><\/li><\/ul><hr><h2><b>\u2705 Vorteile der Zusammenarbeit mit Betainvest<\/b><\/h2><ul><li><p class=\"p1\"><span class=\"s1\"><b>Umfassender Ansatz<\/b><\/span> &#8211; von der Idee und dem Konzept bis zur Umsetzung und Unterst\u00fctzung.<\/p><\/li><li><p class=\"p1\"><span class=\"s1\"><b>Zuverl\u00e4ssige Partner<\/b><\/span> &#8211; Wir arbeiten nur mit vertrauensw\u00fcrdigen Ingenieuren, Bauunternehmern und Investoren zusammen.<\/p><\/li><li><p class=\"p1\"><span class=\"s1\"><b>Transparenz und Kontrolle<\/b><\/span> &#8211; Alle Schritte werden dokumentiert und der Kunde erh\u00e4lt die volle Rechenschaftspflicht.<\/p><\/li><li><p class=\"p1\"><span class=\"s1\"><b>Interesse an Entwicklung<\/b><\/span> &#8211; wir sind offen f\u00fcr neue Ideen und gemeinsame Projekte.<\/p><\/li><\/ul><hr><h2><b>\ud83e\udd1d Fazit<\/b><\/h2><p class=\"p3\"><span class=\"s2\"><b>Betainvest<\/b><\/span> &#8211; ist ein Unternehmen, das in die Zukunft blickt. Wir glauben, dass die Kombination aus technischem Know-how und Investitionspotenzial neue Horizonte f\u00fcr die Wirtschaft er\u00f6ffnet. <\/p><p class=\"p3\">\ud83d\udc49 Wenn Sie ein Projekt haben, das technische oder investive Unterst\u00fctzung ben\u00f6tigt, kontaktieren Sie <span class=\"s2\"><b>Betainvest<\/b><\/span>. Wir helfen Ihnen, Ihre Idee zum Leben zu erwecken und ihre erfolgreiche Umsetzung zu gew\u00e4hrleisten. <\/p>\t\t\t\t\t\t\t\t<\/div>\n\t\t\t\t\t<\/div>\n\t\t\t\t<\/div>\n\t\t<div class=\"elementor-element elementor-element-4143937 e-flex e-con-boxed e-con e-parent\" data-id=\"4143937\" data-element_type=\"container\" data-e-type=\"container\">\n\t\t\t\t\t<div class=\"e-con-inner\">\n\t\t\t\t<div class=\"elementor-element elementor-element-c137680 elementor-align-center elementor-widget elementor-widget-button\" data-id=\"c137680\" data-element_type=\"widget\" data-e-type=\"widget\" data-widget_type=\"button.default\">\n\t\t\t\t\t\t\t\t\t\t<a class=\"elementor-button elementor-button-link elementor-size-sm\" href=\"#\">\n\t\t\t\t\t\t<span class=\"elementor-button-content-wrapper\">\n\t\t\t\t\t\t\t\t\t<span class=\"elementor-button-text\">Klicken Sie hier<\/span>\n\t\t\t\t\t<\/span>\n\t\t\t\t\t<\/a>\n\t\t\t\t\t\t\t\t<\/div>\n\t\t\t\t<div class=\"elementor-element elementor-element-86a4242 elementor-widget elementor-widget-spacer\" data-id=\"86a4242\" data-element_type=\"widget\" data-e-type=\"widget\" data-widget_type=\"spacer.default\">\n\t\t\t\t\t\t\t<div class=\"elementor-spacer\">\n\t\t\t<div class=\"elementor-spacer-inner\"><\/div>\n\t\t<\/div>\n\t\t\t\t\t\t<\/div>\n\t\t\t\t<div class=\"elementor-element elementor-element-66b160c elementor-widget-divider--view-line elementor-widget elementor-widget-divider\" data-id=\"66b160c\" data-element_type=\"widget\" data-e-type=\"widget\" data-widget_type=\"divider.default\">\n\t\t\t\t\t\t\t<div class=\"elementor-divider\">\n\t\t\t<span class=\"elementor-divider-separator\">\n\t\t\t\t\t\t<\/span>\n\t\t<\/div>\n\t\t\t\t\t\t<\/div>\n\t\t\t\t\t<\/div>\n\t\t\t\t<\/div>\n\t\t\t\t<\/div>\n\t\t","protected":false},"excerpt":{"rendered":"<p>\ud83c\udfd7 Technik und Investitionen mit BetaInvest Innovative L\u00f6sungen und kompetente Investitionen sind aus dem modernen Gesch\u00e4ftsleben nicht mehr wegzudenken. Unternehmen Betainvest betrachtet Engineering- und Investitionsprojekte als einen der wichtigsten Bereiche seiner T\u00e4tigkeit. Wir kombinieren Erfahrung, Technologie und Kapital, um Projekte zu entwickeln, die heute funktionieren und morgen Ergebnisse liefern. \ud83d\udd27 Technische Projekte Engineering von Betainvest [&hellip;]<\/p>\n","protected":false},"author":1,"featured_media":0,"parent":0,"menu_order":0,"comment_status":"closed","ping_status":"closed","template":"","meta":{"footnotes":""},"class_list":["post-3822","page","type-page","status-publish","hentry"],"_links":{"self":[{"href":"https:\/\/betainvest.ee\/de\/wp-json\/wp\/v2\/pages\/3822","targetHints":{"allow":["GET"]}}],"collection":[{"href":"https:\/\/betainvest.ee\/de\/wp-json\/wp\/v2\/pages"}],"about":[{"href":"https:\/\/betainvest.ee\/de\/wp-json\/wp\/v2\/types\/page"}],"author":[{"embeddable":true,"href":"https:\/\/betainvest.ee\/de\/wp-json\/wp\/v2\/users\/1"}],"replies":[{"embeddable":true,"href":"https:\/\/betainvest.ee\/de\/wp-json\/wp\/v2\/comments?post=3822"}],"version-history":[{"count":1,"href":"https:\/\/betainvest.ee\/de\/wp-json\/wp\/v2\/pages\/3822\/revisions"}],"predecessor-version":[{"id":3823,"href":"https:\/\/betainvest.ee\/de\/wp-json\/wp\/v2\/pages\/3822\/revisions\/3823"}],"wp:attachment":[{"href":"https:\/\/betainvest.ee\/de\/wp-json\/wp\/v2\/media?parent=3822"}],"curies":[{"name":"wp","href":"https:\/\/api.w.org\/{rel}","templated":true}]}}