{"id":3877,"date":"2025-08-04T06:22:53","date_gmt":"2025-08-04T06:22:53","guid":{"rendered":"https:\/\/betainvest.ee\/kombinierte-frachttransportsysteme-strasse-schiene-luft-see\/"},"modified":"2025-08-26T13:12:54","modified_gmt":"2025-08-26T13:12:54","slug":"kombinierte-frachttransportsysteme-strasse-schiene-luft-see","status":"publish","type":"page","link":"https:\/\/betainvest.ee\/de\/kombinierte-frachttransportsysteme-strasse-schiene-luft-see\/","title":{"rendered":"Kombinierte Frachttransportsysteme (Stra\u00dfe\/Schiene\/Luft\/See)"},"content":{"rendered":"\t\t<div data-elementor-type=\"wp-page\" data-elementor-id=\"3877\" class=\"elementor elementor-3877\" data-elementor-post-type=\"page\">\n\t\t\t\t<div class=\"elementor-element elementor-element-70d75b5 e-flex e-con-boxed e-con e-parent\" data-id=\"70d75b5\" data-element_type=\"container\" data-e-type=\"container\">\n\t\t\t\t\t<div class=\"e-con-inner\">\n\t\t\t\t<div class=\"elementor-element elementor-element-f7dd763 elementor-widget elementor-widget-image\" data-id=\"f7dd763\" data-element_type=\"widget\" data-e-type=\"widget\" data-widget_type=\"image.default\">\n\t\t\t\t\t\t\t\t\t\t\t\t\t\t\t<img decoding=\"async\" width=\"300\" height=\"158\" src=\"https:\/\/betainvest.ee\/wp-content\/uploads\/2025\/08\/istockphoto-1125367903-612x612-1-300x158.jpg\" class=\"attachment-medium size-medium wp-image-3878\" alt=\"\" srcset=\"https:\/\/betainvest.ee\/wp-content\/uploads\/2025\/08\/istockphoto-1125367903-612x612-1-300x158.jpg 300w, https:\/\/betainvest.ee\/wp-content\/uploads\/2025\/08\/istockphoto-1125367903-612x612-1.jpg 612w\" sizes=\"(max-width: 300px) 100vw, 300px\" \/>\t\t\t\t\t\t\t\t\t\t\t\t\t\t\t<\/div>\n\t\t\t\t\t<\/div>\n\t\t\t\t<\/div>\n\t\t<div class=\"elementor-element elementor-element-cac00f1 e-flex e-con-boxed e-con e-parent\" data-id=\"cac00f1\" data-element_type=\"container\" data-e-type=\"container\">\n\t\t\t\t\t<div class=\"e-con-inner\">\n\t\t\t\t<div class=\"elementor-element elementor-element-00f8cbe elementor-widget elementor-widget-text-editor\" data-id=\"00f8cbe\" data-element_type=\"widget\" data-e-type=\"widget\" data-widget_type=\"text-editor.default\">\n\t\t\t\t\t\t\t\t\t<h1><b>\ud83c\udf0d Multimodaler und kombinierter G\u00fcterverkehr mit BetaInvest<\/b><\/h1><p class=\"p3\">Moderne Logistik erfordert Flexibilit\u00e4t. Es ist nicht immer rentabel, Fracht nur auf der Stra\u00dfe oder nur auf dem Seeweg zu versenden. Manchmal ist es schneller und billiger, kombinierte Systeme zu nutzen:  <\/p><ul><li><p class=\"p1\">\ud83d\ude86 Schienentransport + Stra\u00dfentransport,<\/p><\/li><li><p class=\"p1\">\u2708\ufe0f Luftfahrt + Seeverkehr,<\/p><\/li><li><p class=\"p1\">\ud83d\ude9a Stra\u00dfentransport + See,<\/p><\/li><li><p class=\"p1\">oder eine umfassende Kombination aus allen Liefermethoden.<\/p><\/li><\/ul><p class=\"p3\">Unternehmen <span class=\"s2\"><b>BetaInvest<\/b><\/span> ist spezialisiert auf <span class=\"s2\"><b>multimodale Transporte<\/b><\/span>BetaInvest ist auf multimodale Transporte spezialisiert und entwickelt f\u00fcr jeden Kunden optimale Routen unter Ber\u00fccksichtigung von Zeit, Kosten und Besonderheiten der Fracht.<\/p><hr><h2><b>Vorteile des kombinierten Verkehrs mit BetaInvest<\/b><\/h2><ul><li><p class=\"p1\"><b>Sparen Sie Zeit und Geld<\/b><\/p><p class=\"p2\">Wir w\u00e4hlen ein Lieferschema, um den Weg und die Kosten zu reduzieren. Zum Beispiel ist ein Teil der Route auf dem Seeweg g\u00fcnstiger und der letzte Teil auf dem Luftweg. <\/p><\/li><li><p class=\"p1\"><b>Flexibilit\u00e4t der Routen<\/b><\/p><p class=\"p2\">Wir kombinieren verschiedene Transportarten je nach Zielort, Bedingungen und Bed\u00fcrfnissen des Kunden.<\/p><\/li><li><p class=\"p1\"><b>Volle Kontrolle und Unterst\u00fctzung<\/b><\/p><p class=\"p2\">BetaInvest k\u00fcmmert sich um alle Schritte &#8211; von der Berechnung des Logistikplans und des Papierkrams bis hin zur Kontrolle des Transports und des Empfangs der Fracht.<\/p><\/li><li><p class=\"p1\"><b>Vorteile f\u00fcr Partner<\/b><\/p><p class=\"p2\">Nicht nur Kunden arbeiten mit uns zusammen, sondern auch Transportunternehmen, die die M\u00f6glichkeit haben, unsere Programme und Erfahrungen f\u00fcr ihre Transporte zu nutzen.<\/p><\/li><\/ul><hr><h2><b>F\u00fcr wen es relevant ist<\/b><\/h2><ul><li><p class=\"p1\">F\u00fcr Unternehmen, die Wert auf Schnelligkeit legen und ihre Fracht &#8222;gestern&#8220; liefern m\u00fcssen.<\/p><\/li><li><p class=\"p1\">F\u00fcr Unternehmen, die ihre Logistikkosten optimieren m\u00f6chten.<\/p><\/li><li><p class=\"p1\">F\u00fcr Transportunternehmen, die ihr Dienstleistungsangebot erweitern und mit BetaInvest als zuverl\u00e4ssigem Partner zusammenarbeiten m\u00f6chten.<\/p><\/li><\/ul><hr><h2><b>Warum BetaInvest w\u00e4hlen<\/b><\/h2><ul><li><p class=\"p1\">\ud83d\udcca Wir berechnen mehrere Routenoptionen und schlagen die beste vor.<\/p><\/li><li><p class=\"p1\">\ud83d\udee1 Wir garantieren Transparenz, Sicherheit und Lieferkontrolle.<\/p><\/li><li><p class=\"p1\">\ud83c\udf10 Wir arbeiten mit Russland, der T\u00fcrkei, Wei\u00dfrussland, den GUS-L\u00e4ndern, Europa und Asien zusammen.<\/p><\/li><\/ul><hr><h2><b>\ud83e\udd1d Fazit<\/b><\/h2><p class=\"p3\"><span class=\"s2\"><b>BetaInvest<\/b><\/span> &#8211; ist mehr als Transport. Es ist intelligente Logistik, die Schiene, Stra\u00dfe, See und Luftfahrt kombiniert. Wir machen die Lieferung f\u00fcr Kunden und Partner-Transportunternehmen bequem, profitabel und zuverl\u00e4ssig.  <\/p><p class=\"p3\">\ud83d\udc49 Kontaktieren Sie uns und wir berechnen f\u00fcr Sie das beste kombinierte Lieferschema.<\/p>\t\t\t\t\t\t\t\t<\/div>\n\t\t\t\t\t<\/div>\n\t\t\t\t<\/div>\n\t\t<div class=\"elementor-element elementor-element-29765b1 e-flex e-con-boxed e-con e-parent\" data-id=\"29765b1\" data-element_type=\"container\" data-e-type=\"container\">\n\t\t\t\t\t<div class=\"e-con-inner\">\n\t\t\t\t<div class=\"elementor-element elementor-element-a815118 elementor-widget elementor-widget-spacer\" data-id=\"a815118\" data-element_type=\"widget\" data-e-type=\"widget\" data-widget_type=\"spacer.default\">\n\t\t\t\t\t\t\t<div class=\"elementor-spacer\">\n\t\t\t<div class=\"elementor-spacer-inner\"><\/div>\n\t\t<\/div>\n\t\t\t\t\t\t<\/div>\n\t\t\t\t<div class=\"elementor-element elementor-element-007ecc8 elementor-align-center elementor-widget elementor-widget-button\" data-id=\"007ecc8\" data-element_type=\"widget\" data-e-type=\"widget\" data-widget_type=\"button.default\">\n\t\t\t\t\t\t\t\t\t\t<a class=\"elementor-button elementor-button-link elementor-size-sm\" href=\"#\">\n\t\t\t\t\t\t<span class=\"elementor-button-content-wrapper\">\n\t\t\t\t\t\t\t\t\t<span class=\"elementor-button-text\">Klicken Sie hier<\/span>\n\t\t\t\t\t<\/span>\n\t\t\t\t\t<\/a>\n\t\t\t\t\t\t\t\t<\/div>\n\t\t\t\t<div class=\"elementor-element elementor-element-2cff434 elementor-widget-divider--view-line elementor-widget elementor-widget-divider\" data-id=\"2cff434\" data-element_type=\"widget\" data-e-type=\"widget\" data-widget_type=\"divider.default\">\n\t\t\t\t\t\t\t<div class=\"elementor-divider\">\n\t\t\t<span class=\"elementor-divider-separator\">\n\t\t\t\t\t\t<\/span>\n\t\t<\/div>\n\t\t\t\t\t\t<\/div>\n\t\t\t\t<div class=\"elementor-element elementor-element-880a4a7 elementor-widget elementor-widget-spacer\" data-id=\"880a4a7\" data-element_type=\"widget\" data-e-type=\"widget\" data-widget_type=\"spacer.default\">\n\t\t\t\t\t\t\t<div class=\"elementor-spacer\">\n\t\t\t<div class=\"elementor-spacer-inner\"><\/div>\n\t\t<\/div>\n\t\t\t\t\t\t<\/div>\n\t\t\t\t\t<\/div>\n\t\t\t\t<\/div>\n\t\t\t\t<\/div>\n\t\t","protected":false},"excerpt":{"rendered":"<p>\ud83c\udf0d Multimodaler und kombinierter G\u00fcterverkehr mit BetaInvest Moderne Logistik erfordert Flexibilit\u00e4t. Es ist nicht immer rentabel, Fracht nur auf der Stra\u00dfe oder nur auf dem Seeweg zu versenden. Manchmal ist es schneller und billiger, kombinierte Systeme zu nutzen: \ud83d\ude86 Schienentransport + Stra\u00dfentransport, \u2708\ufe0f Luftfahrt + Seeverkehr, \ud83d\ude9a Stra\u00dfentransport + See, oder eine umfassende Kombination aus [&hellip;]<\/p>\n","protected":false},"author":1,"featured_media":0,"parent":0,"menu_order":0,"comment_status":"closed","ping_status":"closed","template":"","meta":{"footnotes":""},"class_list":["post-3877","page","type-page","status-publish","hentry"],"_links":{"self":[{"href":"https:\/\/betainvest.ee\/de\/wp-json\/wp\/v2\/pages\/3877","targetHints":{"allow":["GET"]}}],"collection":[{"href":"https:\/\/betainvest.ee\/de\/wp-json\/wp\/v2\/pages"}],"about":[{"href":"https:\/\/betainvest.ee\/de\/wp-json\/wp\/v2\/types\/page"}],"author":[{"embeddable":true,"href":"https:\/\/betainvest.ee\/de\/wp-json\/wp\/v2\/users\/1"}],"replies":[{"embeddable":true,"href":"https:\/\/betainvest.ee\/de\/wp-json\/wp\/v2\/comments?post=3877"}],"version-history":[{"count":1,"href":"https:\/\/betainvest.ee\/de\/wp-json\/wp\/v2\/pages\/3877\/revisions"}],"predecessor-version":[{"id":3879,"href":"https:\/\/betainvest.ee\/de\/wp-json\/wp\/v2\/pages\/3877\/revisions\/3879"}],"wp:attachment":[{"href":"https:\/\/betainvest.ee\/de\/wp-json\/wp\/v2\/media?parent=3877"}],"curies":[{"name":"wp","href":"https:\/\/api.w.org\/{rel}","templated":true}]}}