{"id":3883,"date":"2025-08-04T06:22:53","date_gmt":"2025-08-04T06:22:53","guid":{"rendered":"https:\/\/betainvest.ee\/nachrichten-zur-gesetzgebung-eaeu-eu\/"},"modified":"2025-08-26T13:13:04","modified_gmt":"2025-08-26T13:13:04","slug":"nachrichten-zur-gesetzgebung-eaeu-eu","status":"publish","type":"page","link":"https:\/\/betainvest.ee\/de\/nachrichten-zur-gesetzgebung-eaeu-eu\/","title":{"rendered":"Nachrichten zur Gesetzgebung (EAEU \/ EU)"},"content":{"rendered":"\t\t<div data-elementor-type=\"wp-page\" data-elementor-id=\"3883\" class=\"elementor elementor-3883 elementor-52\" data-elementor-post-type=\"page\">\n\t\t\t\t<div class=\"elementor-element elementor-element-5bd2b46 e-flex e-con-boxed e-con e-parent\" data-id=\"5bd2b46\" data-element_type=\"container\" data-e-type=\"container\">\n\t\t\t\t\t<div class=\"e-con-inner\">\n\t\t\t\t<div class=\"elementor-element elementor-element-9f7e02a elementor-widget elementor-widget-text-editor\" data-id=\"9f7e02a\" data-element_type=\"widget\" data-e-type=\"widget\" data-widget_type=\"text-editor.default\">\n\t\t\t\t\t\t\t\t\t<h3><b>Aktuelle Gesetzes\u00e4nderungen<\/b><\/h3><h4><b>1.  <\/b><\/h4><h4><b>Neue Anforderungen f\u00fcr Lagerh\u00e4user zur vor\u00fcbergehenden Lagerung<\/b><\/h4><h4><b>  &#8211; von 26 August 2025<\/b><\/h4><p class=\"p3\">Aktualisierte Vorschriften f\u00fcr die Einrichtung, Ausstattung und den Standort von Zwischenlagern (TSW) sind in Kraft getreten. Lagerhausbesitzer m\u00fcssen nun die strengen Vorschriften der F\u00f6deralen Zollbeh\u00f6rde (FCS) einhalten, einschlie\u00dflich der Anforderungen an die Sicherheit, die technische Ausr\u00fcstung und die Einhaltung der Verfahren. <span class=\"Apple-converted-space\">  <\/span><\/p><h4><b>2.  <\/b><\/h4><h4><b>Versch\u00e4rfte Kontrollen des G\u00fcterverkehrs<\/b><\/h4><h4><b>  &#8211; ab September 2025<\/b><\/h4><ul><li><p class=\"p1\">Ab dem 1. September 2025 werden \u00c4nderungen in Kraft treten, um die Kontrolle der Speditionsaktivit\u00e4ten zu verst\u00e4rken: Bu\u00dfgelder werden erh\u00f6ht, obligatorische Register der Teilnehmer und neue Verfahren f\u00fcr die Bearbeitung von Dokumenten werden eingef\u00fchrt.<span class=\"Apple-converted-space\">  <\/span><\/p><\/li><li><p class=\"p1\">Au\u00dferdem wird ab dem 1. M\u00e4rz 2026 die Funktionalit\u00e4t des Spediteursregisters eingef\u00fchrt, und ab September 2026 wird ein vollst\u00e4ndiger \u00dcbergang zur elektronischen Dokumentenverwaltung erfolgen.<span class=\"Apple-converted-space\">  <\/span><\/p><\/li><\/ul><h4><b>3.  <\/b><\/h4><h4><b>Multimodaler Frachtbrief<\/b><\/h4><h4><b>  &#8211; ab September 2025<\/b><\/h4><p class=\"p3\">Es wird erwartet, dass ein einziges Transportdokument eingef\u00fchrt wird, das f\u00fcr den kombinierten Verkehr &#8211; Stra\u00dfe + Schiene + See\/Luftfahrt &#8211; verwendet werden kann. Dies wird den Dokumentenfluss erleichtern und die Transparenz der Logistik erh\u00f6hen. <span class=\"Apple-converted-space\">  <\/span><\/p><h4><b>4.  <\/b><\/h4><h4><b>\u00c4nderungen des CAO RF \u00fcber Ordnungswidrigkeiten<\/b><\/h4><p class=\"p3\">Die Neuerungen in Artikel 11.14 des CAO f\u00fchren zus\u00e4tzliche Strafen f\u00fcr Spediteure ein. Diese \u00c4nderungen treten ab dem 1. M\u00e4rz 2026 in Kraft, was Zeit zur Vorbereitung gibt. <span class=\"Apple-converted-space\">  <\/span><\/p><h4><b>5.  <\/b><\/h4><h4><b>Die Vertraulichkeit von Logistikinformationen wird kritisch<\/b><\/h4><p class=\"p3\">Der Gesetzesentwurf sieht Strafen (bis zu 7 Jahren Haft) f\u00fcr die Weitergabe von Informationen \u00fcber die Lieferung von sanktionierten G\u00fctern oder Finanzpl\u00e4nen vor und unterstreicht damit die Notwendigkeit von Vorsicht bei Logistikaktivit\u00e4ten.<span class=\"Apple-converted-space\">  <\/span><\/p><hr><h3><b>Empfehlungen von <\/b><b>Betainvest<\/b><\/h3><ol start=\"1\"><li><p class=\"p1\"><b>W\u00e4hlen Sie ein Zollfreilager, das die neuen Anforderungen erf\u00fcllt<\/b><span class=\"s1\">um Geldstrafen und Ausfallzeiten zu vermeiden.<\/span><\/p><\/li><li><p class=\"p1\"><b>Bereiten Sie sich auf die Einf\u00fchrung eines elektronischen Spediteursregisters und elektronischer Frachtbriefe vor<\/b><span class=\"s1\"> &#8211; Richten Sie jetzt Ihre internen Prozesse ein.<\/span><\/p><\/li><li><p class=\"p1\"><span class=\"s1\"><b>Aktualisieren Sie Vertr\u00e4ge und Verfahren<\/b><\/span>Ber\u00fccksichtigen Sie neue Strafen und administrative Risiken.<\/p><\/li><li><p class=\"p1\"><span class=\"s1\"><b>Beschr\u00e4nken Sie die Offenlegung von Logistikpl\u00e4nen<\/b><\/span>insbesondere im Zusammenhang mit sanktionsbewehrten Waren &#8211; dies ist eine Frage der Gesch\u00e4ftssicherheit.<\/p><\/li><li><p class=\"p1\"><span class=\"s1\"><b>Halten Sie mit den \u00c4nderungen der Gesetzgebung Schritt<\/b><\/span>um auch in einem schwierigen Umfeld reibungslos arbeiten zu k\u00f6nnen.<\/p><\/li><\/ol><p class=\"p3\"> <\/p>\t\t\t\t\t\t\t\t<\/div>\n\t\t\t\t\t<\/div>\n\t\t\t\t<\/div>\n\t\t<div class=\"elementor-element elementor-element-fec8e28 e-flex e-con-boxed e-con e-parent\" data-id=\"fec8e28\" data-element_type=\"container\" data-e-type=\"container\">\n\t\t\t\t\t<div class=\"e-con-inner\">\n\t\t\t\t<div class=\"elementor-element elementor-element-d86366d elementor-widget elementor-widget-spacer\" data-id=\"d86366d\" data-element_type=\"widget\" data-e-type=\"widget\" data-widget_type=\"spacer.default\">\n\t\t\t\t\t\t\t<div class=\"elementor-spacer\">\n\t\t\t<div class=\"elementor-spacer-inner\"><\/div>\n\t\t<\/div>\n\t\t\t\t\t\t<\/div>\n\t\t\t\t<div class=\"elementor-element elementor-element-824a161 elementor-widget-divider--view-line elementor-widget elementor-widget-divider\" data-id=\"824a161\" data-element_type=\"widget\" data-e-type=\"widget\" data-widget_type=\"divider.default\">\n\t\t\t\t\t\t\t<div class=\"elementor-divider\">\n\t\t\t<span class=\"elementor-divider-separator\">\n\t\t\t\t\t\t<\/span>\n\t\t<\/div>\n\t\t\t\t\t\t<\/div>\n\t\t\t\t\t<\/div>\n\t\t\t\t<\/div>\n\t\t\t\t<\/div>\n\t\t","protected":false},"excerpt":{"rendered":"<p>Aktuelle Gesetzes\u00e4nderungen 1. Neue Anforderungen f\u00fcr Lagerh\u00e4user zur vor\u00fcbergehenden Lagerung &#8211; von 26 August 2025 Aktualisierte Vorschriften f\u00fcr die Einrichtung, Ausstattung und den Standort von Zwischenlagern (TSW) sind in Kraft getreten. Lagerhausbesitzer m\u00fcssen nun die strengen Vorschriften der F\u00f6deralen Zollbeh\u00f6rde (FCS) einhalten, einschlie\u00dflich der Anforderungen an die Sicherheit, die technische Ausr\u00fcstung und die Einhaltung der [&hellip;]<\/p>\n","protected":false},"author":1,"featured_media":0,"parent":0,"menu_order":0,"comment_status":"closed","ping_status":"closed","template":"","meta":{"footnotes":""},"class_list":["post-3883","page","type-page","status-publish","hentry"],"_links":{"self":[{"href":"https:\/\/betainvest.ee\/de\/wp-json\/wp\/v2\/pages\/3883","targetHints":{"allow":["GET"]}}],"collection":[{"href":"https:\/\/betainvest.ee\/de\/wp-json\/wp\/v2\/pages"}],"about":[{"href":"https:\/\/betainvest.ee\/de\/wp-json\/wp\/v2\/types\/page"}],"author":[{"embeddable":true,"href":"https:\/\/betainvest.ee\/de\/wp-json\/wp\/v2\/users\/1"}],"replies":[{"embeddable":true,"href":"https:\/\/betainvest.ee\/de\/wp-json\/wp\/v2\/comments?post=3883"}],"version-history":[{"count":1,"href":"https:\/\/betainvest.ee\/de\/wp-json\/wp\/v2\/pages\/3883\/revisions"}],"predecessor-version":[{"id":3885,"href":"https:\/\/betainvest.ee\/de\/wp-json\/wp\/v2\/pages\/3883\/revisions\/3885"}],"wp:attachment":[{"href":"https:\/\/betainvest.ee\/de\/wp-json\/wp\/v2\/media?parent=3883"}],"curies":[{"name":"wp","href":"https:\/\/api.w.org\/{rel}","templated":true}]}}