{"id":3966,"date":"2025-08-05T19:52:10","date_gmt":"2025-08-05T19:52:10","guid":{"rendered":"https:\/\/betainvest.ee\/?page_id=3966"},"modified":"2026-02-23T04:42:43","modified_gmt":"2026-02-23T04:42:43","slug":"startseite","status":"publish","type":"page","link":"https:\/\/betainvest.ee\/de\/","title":{"rendered":"Startseite"},"content":{"rendered":"\t\t<div data-elementor-type=\"wp-page\" data-elementor-id=\"3966\" class=\"elementor elementor-3966 elementor-536\" data-elementor-post-type=\"page\">\n\t\t\t\t<div class=\"elementor-element elementor-element-4587567 e-flex e-con-boxed e-con e-parent\" data-id=\"4587567\" data-element_type=\"container\" data-e-type=\"container\">\n\t\t\t\t\t<div class=\"e-con-inner\">\n\t\t\t\t<div class=\"elementor-element elementor-element-491d6cc elementor-widget elementor-widget-spacer\" data-id=\"491d6cc\" data-element_type=\"widget\" data-e-type=\"widget\" data-widget_type=\"spacer.default\">\n\t\t\t\t\t\t\t<div class=\"elementor-spacer\">\n\t\t\t<div class=\"elementor-spacer-inner\"><\/div>\n\t\t<\/div>\n\t\t\t\t\t\t<\/div>\n\t\t\t\t<div class=\"elementor-element elementor-element-5a2d580 elementor-widget elementor-widget-heading\" data-id=\"5a2d580\" data-element_type=\"widget\" data-e-type=\"widget\" data-widget_type=\"heading.default\">\n\t\t\t\t\t<h1 class=\"elementor-heading-title elementor-size-default\">Startseite<\/h1>\t\t\t\t<\/div>\n\t\t\t\t<div class=\"elementor-element elementor-element-5c584d6 elementor-widget elementor-widget-heading\" data-id=\"5c584d6\" data-element_type=\"widget\" data-e-type=\"widget\" data-widget_type=\"heading.default\">\n\t\t\t\t\t<h2 class=\"elementor-heading-title elementor-size-default\">Umfassende B2B-Transportl\u00f6sungen f\u00fcr Unternehmen.\nZuverl\u00e4ssige Partnerschaft, transparente Bedingungen: Mit uns sparen Sie Zeit und Geld.\n<\/h2>\t\t\t\t<\/div>\n\t\t\t\t\t<\/div>\n\t\t\t\t<\/div>\n\t\t<div class=\"elementor-element elementor-element-af617b3 e-flex e-con-boxed e-con e-parent\" data-id=\"af617b3\" data-element_type=\"container\" data-e-type=\"container\">\n\t\t\t\t\t<div class=\"e-con-inner\">\n\t\t\t\t<div class=\"elementor-element elementor-element-04fd6d5 elementor-widget elementor-widget-text-editor\" data-id=\"04fd6d5\" data-element_type=\"widget\" data-e-type=\"widget\" data-widget_type=\"text-editor.default\">\n\t\t\t\t\t\t\t\t\t<ul><li>Wir bieten erstklassige Serviceleistungen f\u00fcr Transportunternehmen.<\/li><li>Mit fundierter Erfahrung und einem tiefen Verst\u00e4ndnis des internationalen Handels gew\u00e4hrleisten wir einen reibungslosen Warenverkehr \u00fcber die Grenze und garantieren eine p\u00fcnktliche sowie effiziente Zustellung Ihrer Fracht am Bestimmungsort.<\/li><li>Unsere Leistungen helfen Kundinnen und Kunden, Zeit und Kosten zu sparen, und bieten Zugang zu Informationen \u00fcber: den Status der Transit-Zollabfertigung, die Transitversicherung von Fahrzeugen sowie die Zahlung von Steuern\/Geb\u00fchren f\u00fcr Schwerlastfahrzeuge in verschiedenen W\u00e4hrungen w\u00e4hrend des Transports.<\/li><li>Dar\u00fcber hinaus bieten wir einen Tankservice f\u00fcr Lkw \u00fcber ein Netzwerk von mehr als 3.000 Tankstellen.<\/li><li>Wir arbeiten sowohl mit gro\u00dfen als auch mit kleinen Unternehmen.<\/li><li>Wir leisten Support auch an Wochenenden und an gesetzlichen Feiertagen.<\/li><li>F\u00fcr jeden Kunden gew\u00e4hrleisten wir einen individuellen Ansatz und bieten die effektivsten sowie wirtschaftlichsten L\u00f6sungen.<\/li><li class=\"p1\">Wir bieten erstklassige Serviceleistungen f\u00fcr Transportunternehmen.<\/li><li class=\"p1\">Dank unserer langj\u00e4hrigen Erfahrung und unseres tiefen Verst\u00e4ndnisses des internationalen Handels gew\u00e4hrleisten wir einen reibungslosen Grenz\u00fcbertritt der Waren und garantieren die p\u00fcnktliche und sichere Lieferung der Fracht an ihr Ziel.<\/li><li class=\"p1\">Unsere Dienstleistungen helfen den Kunden, Zeit und Geld zu sparen, und bieten gleichzeitig Zugang zu Informationen wie: Status der Transitabfertigung, Transitversicherung f\u00fcr Fahrzeuge sowie Zahlung von Steuern in verschiedenen W\u00e4hrungen w\u00e4hrend des Transports.<\/li><li class=\"p1\">Dar\u00fcber hinaus bieten wir LKW-Betankungsdienste \u00fcber ein Netzwerk von mehr als 3.000 Tankstellen an. Wir arbeiten sowohl mit gro\u00dfen als auch mit kleinen Unternehmen zusammen. Wir bieten einen 24\/7-Support \u2014 auch an Wochenenden und Feiertagen.<\/li><li class=\"p1\">F\u00fcr jeden Kunden verfolgen wir einen individuellen Ansatz und bieten die effektivsten und wirtschaftlich vorteilhaftesten L\u00f6sungen an.<\/li><\/ul>\t\t\t\t\t\t\t\t<\/div>\n\t\t\t\t<div class=\"elementor-element elementor-element-9b3343a elementor-widget elementor-widget-spacer\" data-id=\"9b3343a\" data-element_type=\"widget\" data-e-type=\"widget\" data-widget_type=\"spacer.default\">\n\t\t\t\t\t\t\t<div class=\"elementor-spacer\">\n\t\t\t<div class=\"elementor-spacer-inner\"><\/div>\n\t\t<\/div>\n\t\t\t\t\t\t<\/div>\n\t\t\t\t<div class=\"elementor-element elementor-element-613dc07 elementor-widget elementor-widget-image\" data-id=\"613dc07\" data-element_type=\"widget\" data-e-type=\"widget\" data-widget_type=\"image.default\">\n\t\t\t\t\t\t\t\t\t\t\t\t\t\t\t<img decoding=\"async\" width=\"300\" height=\"117\" src=\"https:\/\/betainvest.ee\/wp-content\/uploads\/2025\/11\/nakliyat-resim-300x117.jpg\" class=\"attachment-medium size-medium wp-image-5736\" alt=\"\" srcset=\"https:\/\/betainvest.ee\/wp-content\/uploads\/2025\/11\/nakliyat-resim-300x117.jpg 300w, https:\/\/betainvest.ee\/wp-content\/uploads\/2025\/11\/nakliyat-resim-1024x398.jpg 1024w, https:\/\/betainvest.ee\/wp-content\/uploads\/2025\/11\/nakliyat-resim-768x299.jpg 768w, https:\/\/betainvest.ee\/wp-content\/uploads\/2025\/11\/nakliyat-resim-1536x597.jpg 1536w, https:\/\/betainvest.ee\/wp-content\/uploads\/2025\/11\/nakliyat-resim-2048x796.jpg 2048w\" sizes=\"(max-width: 300px) 100vw, 300px\" \/>\t\t\t\t\t\t\t\t\t\t\t\t\t\t\t<\/div>\n\t\t\t\t\t<\/div>\n\t\t\t\t<\/div>\n\t\t<div class=\"elementor-element elementor-element-a10b4c1 e-flex e-con-boxed e-con e-parent\" data-id=\"a10b4c1\" data-element_type=\"container\" data-e-type=\"container\">\n\t\t\t\t\t<div class=\"e-con-inner\">\n\t\t\t\t<div class=\"elementor-element elementor-element-b30bf01 elementor-widget elementor-widget-spacer\" data-id=\"b30bf01\" data-element_type=\"widget\" data-e-type=\"widget\" data-widget_type=\"spacer.default\">\n\t\t\t\t\t\t\t<div class=\"elementor-spacer\">\n\t\t\t<div class=\"elementor-spacer-inner\"><\/div>\n\t\t<\/div>\n\t\t\t\t\t\t<\/div>\n\t\t\t\t<div class=\"elementor-element elementor-element-a159a31 elementor-widget elementor-widget-heading\" data-id=\"a159a31\" data-element_type=\"widget\" data-e-type=\"widget\" data-widget_type=\"heading.default\">\n\t\t\t\t\t<h2 class=\"elementor-heading-title elementor-size-default\">Unsere Ziele<\/h2>\t\t\t\t<\/div>\n\t\t\t\t<div class=\"elementor-element elementor-element-8a26a09 elementor-widget elementor-widget-text-editor\" data-id=\"8a26a09\" data-element_type=\"widget\" data-e-type=\"widget\" data-widget_type=\"text-editor.default\">\n\t\t\t\t\t\t\t\t\t<ul><li><p class=\"p1\">Flexibilit\u00e4t und Schnelligkeit bei der L\u00f6sung von Kundenanfragen<\/p><\/li><li><p class=\"p1\">Zuverl\u00e4ssigkeit und Qualit\u00e4t der Dienstleistungen<\/p><\/li><li><p class=\"p1\">Innovative Technologien<\/p><\/li><li><p class=\"p1\">Weitreichende Abdeckung<\/p><\/li><\/ul>\t\t\t\t\t\t\t\t<\/div>\n\t\t\t\t\t<\/div>\n\t\t\t\t<\/div>\n\t\t<div class=\"elementor-element elementor-element-fad6340 e-flex e-con-boxed e-con e-parent\" data-id=\"fad6340\" data-element_type=\"container\" data-e-type=\"container\">\n\t\t\t\t\t<div class=\"e-con-inner\">\n\t\t\t\t<div class=\"elementor-element elementor-element-54ea98a elementor-widget elementor-widget-heading\" data-id=\"54ea98a\" data-element_type=\"widget\" data-e-type=\"widget\" data-widget_type=\"heading.default\">\n\t\t\t\t\t<h2 class=\"elementor-heading-title elementor-size-default\">\u00dcber uns<\/h2>\t\t\t\t<\/div>\n\t\t\t\t<div class=\"elementor-element elementor-element-8a256ac elementor-widget elementor-widget-text-editor\" data-id=\"8a256ac\" data-element_type=\"widget\" data-e-type=\"widget\" data-widget_type=\"text-editor.default\">\n\t\t\t\t\t\t\t\t\t<p class=\"p1\">Bei BetaInvest sind wir \u00fcberzeugt, dass die Projekte, an denen wir arbeiten, Chancen schaffen und die Zukunft gestalten. Wir entwickeln L\u00f6sungen, die das Leben der Menschen verbessern, Gemeinschaften st\u00e4rken und neue M\u00f6glichkeiten er\u00f6ffnen.<\/p><p class=\"p1\">Wir f\u00fchren unser Gesch\u00e4ft mit einem starken Verantwortungsbewusstsein und streben stets nach dem Besten \u2014 sei es durch die Reduzierung der Umweltbelastung, die Schaffung eines echten sozialen Werts oder die F\u00f6rderung eines inspirierenden Arbeitsumfelds.<\/p><p class=\"p1\">Wir erkennen das Ausma\u00df und die Dringlichkeit der Herausforderungen, vor denen die Gesellschaft steht, und \u00fcbernehmen unsere Rolle bei der Schaffung langfristiger und nachhaltiger Ver\u00e4nderungen. Wir schlie\u00dfen uns mit denen zusammen, die bereit sind zu handeln und die Welt zu einem besseren Ort zu machen.<\/p><p class=\"p1\">Wir h\u00f6ren unseren Kunden und den Gemeinschaften, mit denen wir zusammenarbeiten, aufmerksam zu, um L\u00f6sungen zu finden, die heute Nutzen bringen und f\u00fcr kommende Generationen Werte schaffen.<\/p><p class=\"p1\">Offenheit f\u00fcr neue Ideen und eine grenzenlose Denkweise sind die Grundlage unserer Unternehmenskultur. Wir setzen unser gesamtes Wissen, unsere Erfahrung und unsere Innovationen ein, um \u00fcberall auf der Welt optimale L\u00f6sungen zu finden.<\/p><p class=\"p1\">Wir sind ein Team von zuverl\u00e4ssigen Partnern, vereint durch ein gemeinsames Ziel: eine bessere Zukunft f\u00fcr alle unsere Kunden zu schaffen.<\/p>\t\t\t\t\t\t\t\t<\/div>\n\t\t\t\t<div class=\"elementor-element elementor-element-9b1a144 elementor-widget elementor-widget-spacer\" data-id=\"9b1a144\" data-element_type=\"widget\" data-e-type=\"widget\" data-widget_type=\"spacer.default\">\n\t\t\t\t\t\t\t<div class=\"elementor-spacer\">\n\t\t\t<div class=\"elementor-spacer-inner\"><\/div>\n\t\t<\/div>\n\t\t\t\t\t\t<\/div>\n\t\t\t\t\t<\/div>\n\t\t\t\t<\/div>\n\t\t<div class=\"elementor-element elementor-element-0ab0061 e-flex e-con-boxed e-con e-parent\" data-id=\"0ab0061\" data-element_type=\"container\" data-e-type=\"container\">\n\t\t\t\t\t<div class=\"e-con-inner\">\n\t\t\t\t<div class=\"elementor-element elementor-element-9028d62 elementor-widget elementor-widget-heading\" data-id=\"9028d62\" data-element_type=\"widget\" data-e-type=\"widget\" data-widget_type=\"heading.default\">\n\t\t\t\t\t<h2 class=\"elementor-heading-title elementor-size-default\">Warum uns w\u00e4hlen?<\/h2>\t\t\t\t<\/div>\n\t\t\t\t\t<\/div>\n\t\t\t\t<\/div>\n\t\t<div class=\"elementor-element elementor-element-53b1288 e-flex e-con-boxed e-con e-parent\" data-id=\"53b1288\" data-element_type=\"container\" data-e-type=\"container\">\n\t\t\t\t\t<div class=\"e-con-inner\">\n\t\t\t\t<div class=\"elementor-element elementor-element-9a0ad6c elementor-widget elementor-widget-image\" data-id=\"9a0ad6c\" data-element_type=\"widget\" data-e-type=\"widget\" data-widget_type=\"image.default\">\n\t\t\t\t\t\t\t\t\t\t\t\t\t\t\t<img fetchpriority=\"high\" decoding=\"async\" width=\"612\" height=\"376\" src=\"https:\/\/betainvest.ee\/wp-content\/uploads\/2025\/08\/istockphoto-1166152338-612x612-1.jpg\" class=\"attachment-medium_large size-medium_large wp-image-3968\" alt=\"\" srcset=\"https:\/\/betainvest.ee\/wp-content\/uploads\/2025\/08\/istockphoto-1166152338-612x612-1.jpg 612w, https:\/\/betainvest.ee\/wp-content\/uploads\/2025\/08\/istockphoto-1166152338-612x612-1-300x184.jpg 300w\" sizes=\"(max-width: 612px) 100vw, 612px\" \/>\t\t\t\t\t\t\t\t\t\t\t\t\t\t\t<\/div>\n\t\t\t\t\t<\/div>\n\t\t\t\t<\/div>\n\t\t<div class=\"elementor-element elementor-element-f0d60df e-flex e-con-boxed e-con e-parent\" data-id=\"f0d60df\" data-element_type=\"container\" data-e-type=\"container\">\n\t\t\t\t\t<div class=\"e-con-inner\">\n\t\t\t\t<div class=\"elementor-element elementor-element-77c341f elementor-widget elementor-widget-spacer\" data-id=\"77c341f\" data-element_type=\"widget\" data-e-type=\"widget\" data-widget_type=\"spacer.default\">\n\t\t\t\t\t\t\t<div class=\"elementor-spacer\">\n\t\t\t<div class=\"elementor-spacer-inner\"><\/div>\n\t\t<\/div>\n\t\t\t\t\t\t<\/div>\n\t\t\t\t<div class=\"elementor-element elementor-element-e161f02 elementor-widget elementor-widget-heading\" data-id=\"e161f02\" data-element_type=\"widget\" data-e-type=\"widget\" data-widget_type=\"heading.default\">\n\t\t\t\t\t<h5 class=\"elementor-heading-title elementor-size-default\">Sicherheit bei der richtigen Wahl<\/h5>\t\t\t\t<\/div>\n\t\t\t\t<div class=\"elementor-element elementor-element-7a6234a elementor-widget elementor-widget-text-editor\" data-id=\"7a6234a\" data-element_type=\"widget\" data-e-type=\"widget\" data-widget_type=\"text-editor.default\">\n\t\t\t\t\t\t\t\t\t<p class=\"p1\">Wir erbringen unsere Dienstleistungen ohne Zwischenh\u00e4ndler und ohne versteckte Geb\u00fchren, wodurch die Zusammenarbeit klar und vorteilhaft wird.<\/p>\t\t\t\t\t\t\t\t<\/div>\n\t\t\t\t<div class=\"elementor-element elementor-element-58ac1ef elementor-widget elementor-widget-spacer\" data-id=\"58ac1ef\" data-element_type=\"widget\" data-e-type=\"widget\" data-widget_type=\"spacer.default\">\n\t\t\t\t\t\t\t<div class=\"elementor-spacer\">\n\t\t\t<div class=\"elementor-spacer-inner\"><\/div>\n\t\t<\/div>\n\t\t\t\t\t\t<\/div>\n\t\t\t\t<div class=\"elementor-element elementor-element-705d44a elementor-widget elementor-widget-heading\" data-id=\"705d44a\" data-element_type=\"widget\" data-e-type=\"widget\" data-widget_type=\"heading.default\">\n\t\t\t\t\t<h5 class=\"elementor-heading-title elementor-size-default\">Partnerschaft auf der Grundlage von Respekt<\/h5>\t\t\t\t<\/div>\n\t\t\t\t<div class=\"elementor-element elementor-element-786da38 elementor-widget elementor-widget-text-editor\" data-id=\"786da38\" data-element_type=\"widget\" data-e-type=\"widget\" data-widget_type=\"text-editor.default\">\n\t\t\t\t\t\t\t\t\t<p class=\"p1\">Wir bem\u00fchen uns, warme, ehrliche und vertrauensvolle Beziehungen zu unseren Kunden, Mitarbeitern und Partnern weltweit aufzubauen. Verantwortungsbewusstsein ist unsere st\u00e4rkste Seite.<\/p>\t\t\t\t\t\t\t\t<\/div>\n\t\t\t\t<div class=\"elementor-element elementor-element-8c634c5 elementor-widget elementor-widget-spacer\" data-id=\"8c634c5\" data-element_type=\"widget\" data-e-type=\"widget\" data-widget_type=\"spacer.default\">\n\t\t\t\t\t\t\t<div class=\"elementor-spacer\">\n\t\t\t<div class=\"elementor-spacer-inner\"><\/div>\n\t\t<\/div>\n\t\t\t\t\t\t<\/div>\n\t\t\t\t<div class=\"elementor-element elementor-element-9858ae0 elementor-widget elementor-widget-heading\" data-id=\"9858ae0\" data-element_type=\"widget\" data-e-type=\"widget\" data-widget_type=\"heading.default\">\n\t\t\t\t\t<h5 class=\"elementor-heading-title elementor-size-default\">Ergebnisorientierter Ansatz<\/h5>\t\t\t\t<\/div>\n\t\t\t\t<div class=\"elementor-element elementor-element-8942149 elementor-widget elementor-widget-text-editor\" data-id=\"8942149\" data-element_type=\"widget\" data-e-type=\"widget\" data-widget_type=\"text-editor.default\">\n\t\t\t\t\t\t\t\t\t<p class=\"p1\">Wir verfolgen die neuesten Entwicklungen, gesetzlichen Vorschriften und Technologien und helfen unseren Kunden so, Zeit zu sparen und hervorragende Ergebnisse in der Zusammenarbeit zu erzielen.<\/p>\t\t\t\t\t\t\t\t<\/div>\n\t\t\t\t<div class=\"elementor-element elementor-element-3b1cd9a elementor-widget elementor-widget-spacer\" data-id=\"3b1cd9a\" data-element_type=\"widget\" data-e-type=\"widget\" data-widget_type=\"spacer.default\">\n\t\t\t\t\t\t\t<div class=\"elementor-spacer\">\n\t\t\t<div class=\"elementor-spacer-inner\"><\/div>\n\t\t<\/div>\n\t\t\t\t\t\t<\/div>\n\t\t\t\t<div class=\"elementor-element elementor-element-5cb8fbb elementor-widget elementor-widget-spacer\" data-id=\"5cb8fbb\" data-element_type=\"widget\" data-e-type=\"widget\" data-widget_type=\"spacer.default\">\n\t\t\t\t\t\t\t<div class=\"elementor-spacer\">\n\t\t\t<div class=\"elementor-spacer-inner\"><\/div>\n\t\t<\/div>\n\t\t\t\t\t\t<\/div>\n\t\t\t\t\t<\/div>\n\t\t\t\t<\/div>\n\t\t<div class=\"elementor-element elementor-element-2d32b5a e-flex e-con-boxed e-con e-parent\" data-id=\"2d32b5a\" data-element_type=\"container\" data-e-type=\"container\">\n\t\t\t\t\t<div class=\"e-con-inner\">\n\t\t\t\t<div class=\"elementor-element elementor-element-35e4a1c elementor-widget elementor-widget-image\" data-id=\"35e4a1c\" data-element_type=\"widget\" data-e-type=\"widget\" data-widget_type=\"image.default\">\n\t\t\t\t\t\t\t\t\t\t\t\t\t\t\t<img decoding=\"async\" width=\"768\" height=\"489\" src=\"https:\/\/betainvest.ee\/wp-content\/uploads\/2026\/02\/iStock-486836087-768x489.png\" class=\"attachment-medium_large size-medium_large wp-image-6311\" alt=\"\" srcset=\"https:\/\/betainvest.ee\/wp-content\/uploads\/2026\/02\/iStock-486836087-768x489.png 768w, https:\/\/betainvest.ee\/wp-content\/uploads\/2026\/02\/iStock-486836087-300x191.png 300w, https:\/\/betainvest.ee\/wp-content\/uploads\/2026\/02\/iStock-486836087.png 892w\" sizes=\"(max-width: 768px) 100vw, 768px\" \/>\t\t\t\t\t\t\t\t\t\t\t\t\t\t\t<\/div>\n\t\t\t\t\t<\/div>\n\t\t\t\t<\/div>\n\t\t<div class=\"elementor-element elementor-element-93aaf60 e-flex e-con-boxed e-con e-parent\" data-id=\"93aaf60\" data-element_type=\"container\" data-e-type=\"container\">\n\t\t\t\t\t<div class=\"e-con-inner\">\n\t\t\t\t<div class=\"elementor-element elementor-element-4684a3f elementor-widget elementor-widget-spacer\" data-id=\"4684a3f\" data-element_type=\"widget\" data-e-type=\"widget\" data-widget_type=\"spacer.default\">\n\t\t\t\t\t\t\t<div class=\"elementor-spacer\">\n\t\t\t<div class=\"elementor-spacer-inner\"><\/div>\n\t\t<\/div>\n\t\t\t\t\t\t<\/div>\n\t\t\t\t\t<\/div>\n\t\t\t\t<\/div>\n\t\t\t\t<\/div>\n\t\t","protected":false},"excerpt":{"rendered":"<p>Startseite Umfassende B2B-Transportl\u00f6sungen f\u00fcr Unternehmen. Zuverl\u00e4ssige Partnerschaft, transparente Bedingungen: Mit uns sparen Sie Zeit und Geld. Wir bieten erstklassige Serviceleistungen f\u00fcr Transportunternehmen. Mit fundierter Erfahrung und einem tiefen Verst\u00e4ndnis des internationalen Handels gew\u00e4hrleisten wir einen reibungslosen Warenverkehr \u00fcber die Grenze und garantieren eine p\u00fcnktliche sowie effiziente Zustellung Ihrer Fracht am Bestimmungsort. Unsere Leistungen helfen Kundinnen [&hellip;]<\/p>\n","protected":false},"author":1,"featured_media":0,"parent":0,"menu_order":1,"comment_status":"closed","ping_status":"closed","template":"elementor_header_footer","meta":{"footnotes":""},"class_list":["post-3966","page","type-page","status-publish","hentry"],"_links":{"self":[{"href":"https:\/\/betainvest.ee\/de\/wp-json\/wp\/v2\/pages\/3966","targetHints":{"allow":["GET"]}}],"collection":[{"href":"https:\/\/betainvest.ee\/de\/wp-json\/wp\/v2\/pages"}],"about":[{"href":"https:\/\/betainvest.ee\/de\/wp-json\/wp\/v2\/types\/page"}],"author":[{"embeddable":true,"href":"https:\/\/betainvest.ee\/de\/wp-json\/wp\/v2\/users\/1"}],"replies":[{"embeddable":true,"href":"https:\/\/betainvest.ee\/de\/wp-json\/wp\/v2\/comments?post=3966"}],"version-history":[{"count":22,"href":"https:\/\/betainvest.ee\/de\/wp-json\/wp\/v2\/pages\/3966\/revisions"}],"predecessor-version":[{"id":6337,"href":"https:\/\/betainvest.ee\/de\/wp-json\/wp\/v2\/pages\/3966\/revisions\/6337"}],"wp:attachment":[{"href":"https:\/\/betainvest.ee\/de\/wp-json\/wp\/v2\/media?parent=3966"}],"curies":[{"name":"wp","href":"https:\/\/api.w.org\/{rel}","templated":true}]}}