{"id":3996,"date":"2025-08-04T06:22:54","date_gmt":"2025-08-04T06:22:54","guid":{"rendered":"https:\/\/betainvest.ee\/vorlaeufige-lagerhallen\/"},"modified":"2025-08-26T20:53:11","modified_gmt":"2025-08-26T20:53:11","slug":"vorlaeufige-lagerhallen","status":"publish","type":"page","link":"https:\/\/betainvest.ee\/de\/vorlaeufige-lagerhallen\/","title":{"rendered":"Vorl\u00e4ufige Lagerhallen"},"content":{"rendered":"\t\t<div data-elementor-type=\"wp-page\" data-elementor-id=\"3996\" class=\"elementor elementor-3996\" data-elementor-post-type=\"page\">\n\t\t\t\t<div class=\"elementor-element elementor-element-826e4ba e-flex e-con-boxed e-con e-parent\" data-id=\"826e4ba\" data-element_type=\"container\" data-e-type=\"container\">\n\t\t\t\t\t<div class=\"e-con-inner\">\n\t\t\t\t<div class=\"elementor-element elementor-element-76c05f8 elementor-widget elementor-widget-image\" data-id=\"76c05f8\" data-element_type=\"widget\" data-e-type=\"widget\" data-widget_type=\"image.default\">\n\t\t\t\t\t\t\t\t\t\t\t\t\t\t\t<img fetchpriority=\"high\" decoding=\"async\" width=\"300\" height=\"200\" src=\"https:\/\/betainvest.ee\/wp-content\/uploads\/2025\/08\/istockphoto-1440668597-612x612-1-300x200.jpg\" class=\"attachment-medium size-medium wp-image-3997\" alt=\"\" srcset=\"https:\/\/betainvest.ee\/wp-content\/uploads\/2025\/08\/istockphoto-1440668597-612x612-1-300x200.jpg 300w, https:\/\/betainvest.ee\/wp-content\/uploads\/2025\/08\/istockphoto-1440668597-612x612-1.jpg 612w\" sizes=\"(max-width: 300px) 100vw, 300px\" \/>\t\t\t\t\t\t\t\t\t\t\t\t\t\t\t<\/div>\n\t\t\t\t\t<\/div>\n\t\t\t\t<\/div>\n\t\t<div class=\"elementor-element elementor-element-2a131b3 e-flex e-con-boxed e-con e-parent\" data-id=\"2a131b3\" data-element_type=\"container\" data-e-type=\"container\">\n\t\t\t\t\t<div class=\"e-con-inner\">\n\t\t\t\t<div class=\"elementor-element elementor-element-41cabdd elementor-widget elementor-widget-text-editor\" data-id=\"41cabdd\" data-element_type=\"widget\" data-e-type=\"widget\" data-widget_type=\"text-editor.default\">\n\t\t\t\t\t\t\t\t\t<h1><b>\ud83d\udce6 Tempor\u00e4re Lagerhallen mit Betainvest<\/b><\/h1><p class=\"p3\">Unternehmen <span class=\"s2\"><b>Betainvest<\/b><\/span> hilft seinen Kunden bei der L\u00f6sung wichtiger logistischer und zolltechnischer Probleme.<\/p><p class=\"p3\">Wir w\u00e4hlen und liefern zuverl\u00e4ssige <span class=\"s2\"><b>Lagerh\u00e4user f\u00fcr die vor\u00fcbergehende Lagerung (TSW)<\/b><\/span>in denen Ihre Waren unter Kontrolle gehalten werden, bis alle notwendigen Verfahren abgeschlossen sind.<\/p><hr><h2><b>Warum brauchen Sie Lagerh\u00e4user f\u00fcr die vor\u00fcbergehende Lagerung?<\/b><\/h2><ul><li><p class=\"p1\">Zum Schutz von Waren bei der Zollabfertigung.<\/p><\/li><li><p class=\"p1\">F\u00fcr sicheres Warten auf Dokumente und Genehmigungen.<\/p><\/li><li><p class=\"p1\">Zum bequemen Umladen und weiteren Versand in die gew\u00fcnschte Region oder das gew\u00fcnschte Land.<\/p><\/li><\/ul><hr><h2><b>Was ein Kunde bei Betainvest bekommt<\/b><\/h2><ul><li><p class=\"p1\">\ud83d\udcd1 L\u00f6sung von der Stange: Wir finden das richtige Lager f\u00fcr Ihre spezifischen Aufgaben.<\/p><\/li><li><p class=\"p1\">\ud83d\udd12 Sicherheitsgarantie: bewachte und ausgestattete Lagerh\u00e4user.<\/p><\/li><li><p class=\"p1\">\u23f1 Spart Zeit: Die Fracht liegt nicht brach oder geht w\u00e4hrend des Transports verloren.<\/p><\/li><li><p class=\"p1\">\ud83c\udf0d Flexibilit\u00e4t: M\u00f6glichkeit, Lagerh\u00e4user in verschiedenen Regionen Russlands und dar\u00fcber hinaus zu nutzen.<\/p><\/li><\/ul><hr><p class=\"p3\"><span class=\"s2\"><b>Betainvest<\/b><\/span> &#8211; Ihr zuverl\u00e4ssiger Logistikpartner. Wir k\u00fcmmern uns um die Organisation von Lagerung und Transport, damit Sie sich auf Ihr Gesch\u00e4ft konzentrieren k\u00f6nnen. <\/p>\t\t\t\t\t\t\t\t<\/div>\n\t\t\t\t\t<\/div>\n\t\t\t\t<\/div>\n\t\t<div class=\"elementor-element elementor-element-e6f3eb7 e-flex e-con-boxed e-con e-parent\" data-id=\"e6f3eb7\" data-element_type=\"container\" data-e-type=\"container\">\n\t\t\t\t\t<div class=\"e-con-inner\">\n\t\t\t\t<div class=\"elementor-element elementor-element-ceae73f elementor-align-center elementor-widget elementor-widget-button\" data-id=\"ceae73f\" data-element_type=\"widget\" data-e-type=\"widget\" data-widget_type=\"button.default\">\n\t\t\t\t\t\t\t\t\t\t<a class=\"elementor-button elementor-button-link elementor-size-sm\" href=\"#\">\n\t\t\t\t\t\t<span class=\"elementor-button-content-wrapper\">\n\t\t\t\t\t\t\t\t\t<span class=\"elementor-button-text\">Klicken Sie hier<\/span>\n\t\t\t\t\t<\/span>\n\t\t\t\t\t<\/a>\n\t\t\t\t\t\t\t\t<\/div>\n\t\t\t\t<div class=\"elementor-element elementor-element-ac714c3 elementor-widget elementor-widget-spacer\" data-id=\"ac714c3\" data-element_type=\"widget\" data-e-type=\"widget\" data-widget_type=\"spacer.default\">\n\t\t\t\t\t\t\t<div class=\"elementor-spacer\">\n\t\t\t<div class=\"elementor-spacer-inner\"><\/div>\n\t\t<\/div>\n\t\t\t\t\t\t<\/div>\n\t\t\t\t<div class=\"elementor-element elementor-element-55287b6 elementor-widget-divider--view-line elementor-widget elementor-widget-divider\" data-id=\"55287b6\" data-element_type=\"widget\" data-e-type=\"widget\" data-widget_type=\"divider.default\">\n\t\t\t\t\t\t\t<div class=\"elementor-divider\">\n\t\t\t<span class=\"elementor-divider-separator\">\n\t\t\t\t\t\t<\/span>\n\t\t<\/div>\n\t\t\t\t\t\t<\/div>\n\t\t\t\t\t<\/div>\n\t\t\t\t<\/div>\n\t\t\t\t<\/div>\n\t\t","protected":false},"excerpt":{"rendered":"<p>\ud83d\udce6 Tempor\u00e4re Lagerhallen mit Betainvest Unternehmen Betainvest hilft seinen Kunden bei der L\u00f6sung wichtiger logistischer und zolltechnischer Probleme. Wir w\u00e4hlen und liefern zuverl\u00e4ssige Lagerh\u00e4user f\u00fcr die vor\u00fcbergehende Lagerung (TSW)in denen Ihre Waren unter Kontrolle gehalten werden, bis alle notwendigen Verfahren abgeschlossen sind. Warum brauchen Sie Lagerh\u00e4user f\u00fcr die vor\u00fcbergehende Lagerung? Zum Schutz von Waren bei [&hellip;]<\/p>\n","protected":false},"author":1,"featured_media":0,"parent":0,"menu_order":0,"comment_status":"closed","ping_status":"closed","template":"","meta":{"footnotes":""},"class_list":["post-3996","page","type-page","status-publish","hentry"],"_links":{"self":[{"href":"https:\/\/betainvest.ee\/de\/wp-json\/wp\/v2\/pages\/3996","targetHints":{"allow":["GET"]}}],"collection":[{"href":"https:\/\/betainvest.ee\/de\/wp-json\/wp\/v2\/pages"}],"about":[{"href":"https:\/\/betainvest.ee\/de\/wp-json\/wp\/v2\/types\/page"}],"author":[{"embeddable":true,"href":"https:\/\/betainvest.ee\/de\/wp-json\/wp\/v2\/users\/1"}],"replies":[{"embeddable":true,"href":"https:\/\/betainvest.ee\/de\/wp-json\/wp\/v2\/comments?post=3996"}],"version-history":[{"count":1,"href":"https:\/\/betainvest.ee\/de\/wp-json\/wp\/v2\/pages\/3996\/revisions"}],"predecessor-version":[{"id":3998,"href":"https:\/\/betainvest.ee\/de\/wp-json\/wp\/v2\/pages\/3996\/revisions\/3998"}],"wp:attachment":[{"href":"https:\/\/betainvest.ee\/de\/wp-json\/wp\/v2\/media?parent=3996"}],"curies":[{"name":"wp","href":"https:\/\/api.w.org\/{rel}","templated":true}]}}