{"id":4113,"date":"2025-08-04T06:22:54","date_gmt":"2025-08-04T06:22:54","guid":{"rendered":"https:\/\/betainvest.ee\/verbrauchsteuerpflichtige-sendungen\/"},"modified":"2025-08-28T07:00:37","modified_gmt":"2025-08-28T07:00:37","slug":"verbrauchsteuerpflichtige-sendungen","status":"publish","type":"page","link":"https:\/\/betainvest.ee\/de\/verbrauchsteuerpflichtige-sendungen\/","title":{"rendered":"Verbrauchsteuerpflichtige Sendungen"},"content":{"rendered":"\t\t<div data-elementor-type=\"wp-page\" data-elementor-id=\"4113\" class=\"elementor elementor-4113\" data-elementor-post-type=\"page\">\n\t\t\t\t<div class=\"elementor-element elementor-element-bac6fec e-flex e-con-boxed e-con e-parent\" data-id=\"bac6fec\" data-element_type=\"container\" data-e-type=\"container\">\n\t\t\t\t\t<div class=\"e-con-inner\">\n\t\t\t\t<div class=\"elementor-element elementor-element-fd6d803 elementor-widget elementor-widget-text-editor\" data-id=\"fd6d803\" data-element_type=\"widget\" data-e-type=\"widget\" data-widget_type=\"text-editor.default\">\n\t\t\t\t\t\t\t\t\t<h1><b>\ud83d\udee1 Verbrauchsteuerpflichtige Waren: Transport, Lagerung und Zollabfertigung mit BetaInvest<\/b><\/h1><p class=\"p3\">Verbrauchssteuerpflichtige Waren erfordern eine besondere Vorgehensweise: Sie werden vom Staat reguliert und unterliegen einer zus\u00e4tzlichen Besteuerung und Kontrolle. Ein Fehler in den Dokumenten oder eine falsche Berechnung der Verbrauchssteuer kann zu Geldstrafen, Verz\u00f6gerungen und Verlusten f\u00fchren. <\/p><p class=\"p3\">Unternehmen <span class=\"s2\"><b>BetaInvest<\/b><\/span> BetaInvest k\u00fcmmert sich um alle mit dem Transport und der Zollabfertigung von verbrauchsteuerpflichtigen Waren verbundenen Komplexit\u00e4ten, damit Spediteure und Kunden in Ruhe Gesch\u00e4fte machen k\u00f6nnen.<\/p><hr><h2><b>Was wir f\u00fcr unsere Kunden tun<\/b><\/h2><h3><b>\ud83d\udcd1 Vorbereitung von Dokumenten und Konsultationen<\/b><\/h3><p class=\"p3\">Wir erkl\u00e4ren Ihnen alle Anforderungen f\u00fcr verbrauchsteuerpflichtige Waren in Russland, Wei\u00dfrussland, Kasachstan und anderen L\u00e4ndern.<\/p><ul><li><p class=\"p1\">Wir stellen Verbrauchsteuererkl\u00e4rungen und Zulassungsdokumente aus.<\/p><\/li><li><p class=\"p1\">Wir erstellen Konformit\u00e4tsbescheinigungen, Rechnungen und Vertr\u00e4ge.<\/p><\/li><li><p class=\"p1\">Wir \u00fcberpr\u00fcfen die Korrektheit der Dokumente, um Probleme beim Zoll zu vermeiden.<\/p><\/li><\/ul><hr><h3><b>\ud83d\ude9a Bef\u00f6rderung von verbrauchsteuerpflichtigen Waren<\/b><\/h3><p class=\"p3\">Wir organisieren die Lieferung unter Ber\u00fccksichtigung aller Vorschriften und Anforderungen:<\/p><ul><li><p class=\"p1\">Die Wahl des richtigen Transportmittels und der richtigen Route.<\/p><\/li><li><p class=\"p1\">\u00dcberwachen Sie die Einhaltung der Transportbedingungen (z.B. f\u00fcr Alkohol oder Kraftstoff).<\/p><\/li><li><p class=\"p1\">Stellen Sie bei Bedarf Sicherheitspersonal oder eine Eskorte bereit.<\/p><\/li><\/ul><hr><h3><b>\ud83d\udec3 Zollabfertigung und Verzollung<\/b><\/h3><p class=\"p3\"><span class=\"s2\"><b>BetaInvest<\/b><\/span> vertritt die Interessen des Kunden beim Zoll:<\/p><ul><li><p class=\"p1\">Zahlung von Verbrauchssteuern und Abgaben im Namen des Kunden.<\/p><\/li><li><p class=\"p1\">\u00dcberpr\u00fcfen Sie, ob die Berechnungen korrekt sind, um sicherzustellen, dass keine \u00dcberzahlungen vorgenommen werden.<\/p><\/li><li><p class=\"p1\">Wir sorgen f\u00fcr eine schnelle Zollabfertigung ohne Verz\u00f6gerungen.<\/p><\/li><\/ul><hr><h3><b>\ud83d\udcb3 Finanzielle Garantien und Abrechnungen<\/b><\/h3><ul><li><p class=\"p1\">Wir akzeptieren Zahlungen von t\u00fcrkischen Unternehmen in Lira.<\/p><\/li><li><p class=\"p1\">Konvertieren Sie Geldmittel und bezahlen Sie alle Ausgaben in Rubel oder belarussischen Rubeln.<\/p><\/li><li><p class=\"p1\">Wir stellen Rechnungen und Abschlussdokumente zur Verf\u00fcgung, damit diese Zahlungen als offizielle Ausgaben f\u00fcr den Kunden behandelt werden.<\/p><\/li><\/ul><hr><h3><b>\ud83d\udce6 Lagerung von verbrauchsteuerpflichtigen Waren<\/b><\/h3><p class=\"p3\">Wir lokalisieren und stellen tempor\u00e4re Lagerh\u00e4user (TSW) zur Verf\u00fcgung, in denen verbrauchsteuerpflichtige Waren zugelassen sind.<\/p><ul><li><p class=\"p1\">Die Fracht ist gesichert und versichert.<\/p><\/li><li><p class=\"p1\">Die Lagerungszeiten reichen von einigen Tagen bis zu Monaten.<\/p><\/li><li><p class=\"p1\">Volle Kontrolle und Verantwortlichkeit f\u00fcr den Kunden.<\/p><\/li><\/ul><hr><h2><b>F\u00fcr wen dieser Service gedacht ist<\/b><\/h2><ul><li><p class=\"p1\">\ud83d\ude9b <span class=\"s1\"><b>Bef\u00f6rderungsunternehmen<\/b><\/span>die verbrauchsteuerpflichtige Waren sicher und korrekt zustellen m\u00fcssen.<\/p><\/li><li><p class=\"p1\">\ud83d\udce6 <span class=\"s1\"><b>Importierende Unternehmen<\/b><\/span>die mit Russland, Wei\u00dfrussland und Kasachstan zusammenarbeiten.<\/p><\/li><li><p class=\"p1\">\ud83c\udf0d <span class=\"s1\"><b>Kunden aus der T\u00fcrkei und anderen L\u00e4ndern<\/b><\/span>die einen Partner f\u00fcr die Abfertigung und Lieferung ben\u00f6tigen.<\/p><\/li><\/ul><hr><h2><b>\ud83e\udd1d Fazit<\/b><\/h2><p class=\"p3\"><span class=\"s2\"><b>BetaInvest<\/b><\/span> &#8211; Ihr zuverl\u00e4ssiger Partner f\u00fcr den Transport und die Verzollung von verbrauchsteuerpflichtigen Waren.<\/p><p class=\"p3\">Wir \u00fcbernehmen die volle Verantwortung: von den Dokumenten und der Logistik bis zur Zollabfertigung und Zahlung der Verbrauchssteuern.<\/p>\t\t\t\t\t\t\t\t<\/div>\n\t\t\t\t\t<\/div>\n\t\t\t\t<\/div>\n\t\t<div class=\"elementor-element elementor-element-8c34328 e-flex e-con-boxed e-con e-parent\" data-id=\"8c34328\" data-element_type=\"container\" data-e-type=\"container\">\n\t\t\t\t\t<div class=\"e-con-inner\">\n\t\t\t\t<div class=\"elementor-element elementor-element-9e1ecba elementor-align-center elementor-widget elementor-widget-button\" data-id=\"9e1ecba\" data-element_type=\"widget\" data-e-type=\"widget\" data-widget_type=\"button.default\">\n\t\t\t\t\t\t\t\t\t\t<a class=\"elementor-button elementor-button-link elementor-size-sm\" href=\"#\">\n\t\t\t\t\t\t<span class=\"elementor-button-content-wrapper\">\n\t\t\t\t\t\t\t\t\t<span class=\"elementor-button-text\">Klicken Sie hier<\/span>\n\t\t\t\t\t<\/span>\n\t\t\t\t\t<\/a>\n\t\t\t\t\t\t\t\t<\/div>\n\t\t\t\t<div class=\"elementor-element elementor-element-1b3ba06 elementor-widget-divider--view-line elementor-widget elementor-widget-divider\" data-id=\"1b3ba06\" data-element_type=\"widget\" data-e-type=\"widget\" data-widget_type=\"divider.default\">\n\t\t\t\t\t\t\t<div class=\"elementor-divider\">\n\t\t\t<span class=\"elementor-divider-separator\">\n\t\t\t\t\t\t<\/span>\n\t\t<\/div>\n\t\t\t\t\t\t<\/div>\n\t\t\t\t<div class=\"elementor-element elementor-element-90b9797 elementor-widget elementor-widget-spacer\" data-id=\"90b9797\" data-element_type=\"widget\" data-e-type=\"widget\" data-widget_type=\"spacer.default\">\n\t\t\t\t\t\t\t<div class=\"elementor-spacer\">\n\t\t\t<div class=\"elementor-spacer-inner\"><\/div>\n\t\t<\/div>\n\t\t\t\t\t\t<\/div>\n\t\t\t\t\t<\/div>\n\t\t\t\t<\/div>\n\t\t\t\t<\/div>\n\t\t","protected":false},"excerpt":{"rendered":"<p>\ud83d\udee1 Verbrauchsteuerpflichtige Waren: Transport, Lagerung und Zollabfertigung mit BetaInvest Verbrauchssteuerpflichtige Waren erfordern eine besondere Vorgehensweise: Sie werden vom Staat reguliert und unterliegen einer zus\u00e4tzlichen Besteuerung und Kontrolle. Ein Fehler in den Dokumenten oder eine falsche Berechnung der Verbrauchssteuer kann zu Geldstrafen, Verz\u00f6gerungen und Verlusten f\u00fchren. Unternehmen BetaInvest BetaInvest k\u00fcmmert sich um alle mit dem Transport [&hellip;]<\/p>\n","protected":false},"author":1,"featured_media":0,"parent":0,"menu_order":0,"comment_status":"closed","ping_status":"closed","template":"","meta":{"footnotes":""},"class_list":["post-4113","page","type-page","status-publish","hentry"],"_links":{"self":[{"href":"https:\/\/betainvest.ee\/de\/wp-json\/wp\/v2\/pages\/4113","targetHints":{"allow":["GET"]}}],"collection":[{"href":"https:\/\/betainvest.ee\/de\/wp-json\/wp\/v2\/pages"}],"about":[{"href":"https:\/\/betainvest.ee\/de\/wp-json\/wp\/v2\/types\/page"}],"author":[{"embeddable":true,"href":"https:\/\/betainvest.ee\/de\/wp-json\/wp\/v2\/users\/1"}],"replies":[{"embeddable":true,"href":"https:\/\/betainvest.ee\/de\/wp-json\/wp\/v2\/comments?post=4113"}],"version-history":[{"count":1,"href":"https:\/\/betainvest.ee\/de\/wp-json\/wp\/v2\/pages\/4113\/revisions"}],"predecessor-version":[{"id":4114,"href":"https:\/\/betainvest.ee\/de\/wp-json\/wp\/v2\/pages\/4113\/revisions\/4114"}],"wp:attachment":[{"href":"https:\/\/betainvest.ee\/de\/wp-json\/wp\/v2\/media?parent=4113"}],"curies":[{"name":"wp","href":"https:\/\/api.w.org\/{rel}","templated":true}]}}