{"id":4186,"date":"2025-08-04T06:22:54","date_gmt":"2025-08-04T06:22:54","guid":{"rendered":"https:\/\/betainvest.ee\/sichere-aufbewahrung\/"},"modified":"2025-08-28T14:46:06","modified_gmt":"2025-08-28T14:46:06","slug":"sichere-aufbewahrung","status":"publish","type":"page","link":"https:\/\/betainvest.ee\/de\/sichere-aufbewahrung\/","title":{"rendered":"Sichere Aufbewahrung"},"content":{"rendered":"\t\t<div data-elementor-type=\"wp-page\" data-elementor-id=\"4186\" class=\"elementor elementor-4186\" data-elementor-post-type=\"page\">\n\t\t\t\t<div class=\"elementor-element elementor-element-725acde e-flex e-con-boxed e-con e-parent\" data-id=\"725acde\" data-element_type=\"container\" data-e-type=\"container\">\n\t\t\t\t\t<div class=\"e-con-inner\">\n\t\t\t\t<div class=\"elementor-element elementor-element-54c8d5c elementor-widget elementor-widget-text-editor\" data-id=\"54c8d5c\" data-element_type=\"widget\" data-e-type=\"widget\" data-widget_type=\"text-editor.default\">\n\t\t\t\t\t\t\t\t\t<h2><b>Warum brauchen Sie die Verwahrung von Waren?<\/b><\/h2><p class=\"p3\"><span class=\"s2\"><b>Sichere Lagerung<\/b><\/span> &#8211; ist ein Service von Lagerh\u00e4usern, in denen die Fracht unter Bewachung und voller Kontrolle gelagert wird. In diesem Fall \u00fcbernimmt das aufbewahrende Unternehmen (in diesem Fall ein Logistikunternehmen) die Verantwortung f\u00fcr die Sicherheit. <\/p><p class=\"p3\">Was der Kunde davon hat:<\/p><ul><li><p class=\"p1\">\ud83d\udd12 Sicherheitsgarantie &#8211; die Ladung geht nicht verloren oder wird besch\u00e4digt;<\/p><\/li><li><p class=\"p1\">\ud83d\udce6 Bequemlichkeit &#8211; kann von einem Tag bis zu mehreren Monaten aufbewahrt werden;<\/p><\/li><li><p class=\"p1\">\ud83d\udcb0 Einsparungen &#8211; Sie brauchen keine eigenen Lagerh\u00e4user zu unterhalten;<\/p><\/li><li><p class=\"p1\">\ud83d\udcd1 Transparenz &#8211; der Kunde erh\u00e4lt Dokumente und Berichte zur Speicherung.<\/p><\/li><\/ul>\t\t\t\t\t\t\t\t<\/div>\n\t\t\t\t\t<\/div>\n\t\t\t\t<\/div>\n\t\t<div class=\"elementor-element elementor-element-136ab83 e-flex e-con-boxed e-con e-parent\" data-id=\"136ab83\" data-element_type=\"container\" data-e-type=\"container\">\n\t\t\t\t\t<div class=\"e-con-inner\">\n\t\t\t\t<div class=\"elementor-element elementor-element-e25595e elementor-widget elementor-widget-image\" data-id=\"e25595e\" data-element_type=\"widget\" data-e-type=\"widget\" data-widget_type=\"image.default\">\n\t\t\t\t\t\t\t\t\t\t\t\t\t\t\t<img fetchpriority=\"high\" decoding=\"async\" width=\"300\" height=\"206\" src=\"https:\/\/betainvest.ee\/wp-content\/uploads\/2025\/08\/istockphoto-1325350394-612x612-1-300x206.jpg\" class=\"attachment-medium size-medium wp-image-4187\" alt=\"\" srcset=\"https:\/\/betainvest.ee\/wp-content\/uploads\/2025\/08\/istockphoto-1325350394-612x612-1-300x206.jpg 300w, https:\/\/betainvest.ee\/wp-content\/uploads\/2025\/08\/istockphoto-1325350394-612x612-1.jpg 612w\" sizes=\"(max-width: 300px) 100vw, 300px\" \/>\t\t\t\t\t\t\t\t\t\t\t\t\t\t\t<\/div>\n\t\t\t\t\t<\/div>\n\t\t\t\t<\/div>\n\t\t<div class=\"elementor-element elementor-element-0844ff6 e-flex e-con-boxed e-con e-parent\" data-id=\"0844ff6\" data-element_type=\"container\" data-e-type=\"container\">\n\t\t\t\t\t<div class=\"e-con-inner\">\n\t\t\t\t<div class=\"elementor-element elementor-element-52fa803 elementor-widget elementor-widget-text-editor\" data-id=\"52fa803\" data-element_type=\"widget\" data-e-type=\"widget\" data-widget_type=\"text-editor.default\">\n\t\t\t\t\t\t\t\t\t<h1><b>\ud83d\udce6 Verantwortungsvolle Lagerung von Waren mit Betainvest<\/b><\/h1><p class=\"p3\">Moderner G\u00fctertransport ist ohne zuverl\u00e4ssige Lagerung nicht vorstellbar. Manchmal muss die Fracht vor der Zollabfertigung ein paar Tage gelagert werden, manchmal Wochen oder Monate vor dem Versand an den Endempf\u00e4nger. Aus diesem Grund gibt es einen Service <span class=\"s2\"><b>Verwahrung<\/b><\/span>.  <\/p><p class=\"p3\">Unternehmen <span class=\"s2\"><b>Betainvest<\/b><\/span> hilft Kunden nicht nur beim Transport, sondern auch bei der Lagerung ihrer Waren in professionellen Lagerh\u00e4usern. Wir w\u00e4hlen geeignete Lagerh\u00e4user aus, organisieren die Lagerung und k\u00fcmmern uns um alle Fragen der Sicherheit und des Dokumentenmanagements. <\/p><hr><h2><b>Warum brauchen Sie das Sorgerecht?<\/b><\/h2><ul><li><p class=\"p1\"><span class=\"s1\">\ud83d\udd12 <\/span><b>Konservierung und Schutz<\/b><\/p><p class=\"p2\">Die Fracht ist gesichert und versichert. Das Lagerhaus ist f\u00fcr seine Sicherheit verantwortlich.<\/p><\/li><li><p class=\"p1\"><span class=\"s1\">\ud83d\udce6 <\/span><b>Flexibilit\u00e4t bei der Zeitplanung<\/b><\/p><p class=\"p2\">Die Fracht kann von einem Tag bis zu mehreren Monaten gelagert werden. Das ist praktisch, wenn Sie auf Dokumente warten, Routen koordinieren oder den weiteren Transport planen. <\/p><\/li><li><p class=\"p1\"><span class=\"s1\">\ud83d\udcb0 <\/span><b>Sparen<\/b><\/p><p class=\"p2\">Der Kunde braucht kein eigenes Lager zu unterhalten &#8211; wir stellen eine fertige Infrastruktur zur Verf\u00fcgung.<\/p><\/li><li><p class=\"p1\"><span class=\"s1\">\ud83d\udcd1 <\/span><b>Transparenz<\/b><\/p><p class=\"p2\">Alle Vorg\u00e4nge werden dokumentiert, der Kunde erh\u00e4lt Bescheinigungen und Berichte, was die Buchhaltung und Steuerabrechnung vereinfacht.<\/p><\/li><\/ul><hr><h2><b>So funktioniert Betainvest<\/b><\/h2><ol start=\"1\"><li><p class=\"p1\">\ud83d\udd0d <span class=\"s1\"><b>Auswahl der Lagerh\u00e4user<\/b><\/span> &#8211; Finden Sie das richtige f\u00fcr Ihre Region, Ihre Fracht und Ihre Lagerzeit.<\/p><\/li><li><p class=\"p1\">\ud83d\udcd1 <span class=\"s1\"><b>Wir verfassen Dokumente<\/b><\/span> &#8211; Wir schlie\u00dfen Vertr\u00e4ge ab und stellen ein komplettes Paket von Abschlussdokumenten bereit.<\/p><\/li><li><p class=\"p1\">\ud83d\ude9b <span class=\"s1\"><b>Wir organisieren den Transport und die Platzierung<\/b><\/span> &#8211; Wir liefern die Waren ins Lager und sorgen f\u00fcr die richtige Lagerung.<\/p><\/li><li><p class=\"p1\">\u2705 <span class=\"s1\"><b>Wir sind verantwortlich<\/b><\/span> &#8211; Der Kunde kann sich auf die Sicherheit der Waren verlassen.<\/p><\/li><\/ol>\t\t\t\t\t\t\t\t<\/div>\n\t\t\t\t<div class=\"elementor-element elementor-element-4039dd9 elementor-widget elementor-widget-spacer\" data-id=\"4039dd9\" data-element_type=\"widget\" data-e-type=\"widget\" data-widget_type=\"spacer.default\">\n\t\t\t\t\t\t\t<div class=\"elementor-spacer\">\n\t\t\t<div class=\"elementor-spacer-inner\"><\/div>\n\t\t<\/div>\n\t\t\t\t\t\t<\/div>\n\t\t\t\t\t<\/div>\n\t\t\t\t<\/div>\n\t\t<div class=\"elementor-element elementor-element-d0f5acd e-flex e-con-boxed e-con e-parent\" data-id=\"d0f5acd\" data-element_type=\"container\" data-e-type=\"container\">\n\t\t\t\t\t<div class=\"e-con-inner\">\n\t\t\t\t<div class=\"elementor-element elementor-element-890f58e elementor-widget-divider--view-line elementor-widget elementor-widget-divider\" data-id=\"890f58e\" data-element_type=\"widget\" data-e-type=\"widget\" data-widget_type=\"divider.default\">\n\t\t\t\t\t\t\t<div class=\"elementor-divider\">\n\t\t\t<span class=\"elementor-divider-separator\">\n\t\t\t\t\t\t<\/span>\n\t\t<\/div>\n\t\t\t\t\t\t<\/div>\n\t\t\t\t\t<\/div>\n\t\t\t\t<\/div>\n\t\t\t\t<\/div>\n\t\t","protected":false},"excerpt":{"rendered":"<p>Warum brauchen Sie die Verwahrung von Waren? Sichere Lagerung &#8211; ist ein Service von Lagerh\u00e4usern, in denen die Fracht unter Bewachung und voller Kontrolle gelagert wird. In diesem Fall \u00fcbernimmt das aufbewahrende Unternehmen (in diesem Fall ein Logistikunternehmen) die Verantwortung f\u00fcr die Sicherheit. Was der Kunde davon hat: \ud83d\udd12 Sicherheitsgarantie &#8211; die Ladung geht nicht [&hellip;]<\/p>\n","protected":false},"author":1,"featured_media":0,"parent":0,"menu_order":0,"comment_status":"closed","ping_status":"closed","template":"","meta":{"footnotes":""},"class_list":["post-4186","page","type-page","status-publish","hentry"],"_links":{"self":[{"href":"https:\/\/betainvest.ee\/de\/wp-json\/wp\/v2\/pages\/4186","targetHints":{"allow":["GET"]}}],"collection":[{"href":"https:\/\/betainvest.ee\/de\/wp-json\/wp\/v2\/pages"}],"about":[{"href":"https:\/\/betainvest.ee\/de\/wp-json\/wp\/v2\/types\/page"}],"author":[{"embeddable":true,"href":"https:\/\/betainvest.ee\/de\/wp-json\/wp\/v2\/users\/1"}],"replies":[{"embeddable":true,"href":"https:\/\/betainvest.ee\/de\/wp-json\/wp\/v2\/comments?post=4186"}],"version-history":[{"count":1,"href":"https:\/\/betainvest.ee\/de\/wp-json\/wp\/v2\/pages\/4186\/revisions"}],"predecessor-version":[{"id":4188,"href":"https:\/\/betainvest.ee\/de\/wp-json\/wp\/v2\/pages\/4186\/revisions\/4188"}],"wp:attachment":[{"href":"https:\/\/betainvest.ee\/de\/wp-json\/wp\/v2\/media?parent=4186"}],"curies":[{"name":"wp","href":"https:\/\/api.w.org\/{rel}","templated":true}]}}