{"id":4221,"date":"2025-08-04T06:22:54","date_gmt":"2025-08-04T06:22:54","guid":{"rendered":"https:\/\/betainvest.ee\/lizensierte-frachtsicherheit\/"},"modified":"2025-08-28T14:46:15","modified_gmt":"2025-08-28T14:46:15","slug":"lizensierte-frachtsicherheit","status":"publish","type":"page","link":"https:\/\/betainvest.ee\/de\/lizensierte-frachtsicherheit\/","title":{"rendered":"Lizensierte Frachtsicherheit"},"content":{"rendered":"\t\t<div data-elementor-type=\"wp-page\" data-elementor-id=\"4221\" class=\"elementor elementor-4221\" data-elementor-post-type=\"page\">\n\t\t\t\t<div class=\"elementor-element elementor-element-3c9e577 e-flex e-con-boxed e-con e-parent\" data-id=\"3c9e577\" data-element_type=\"container\" data-e-type=\"container\">\n\t\t\t\t\t<div class=\"e-con-inner\">\n\t\t\t\t<div class=\"elementor-element elementor-element-d3ab72c elementor-widget elementor-widget-text-editor\" data-id=\"d3ab72c\" data-element_type=\"widget\" data-e-type=\"widget\" data-widget_type=\"text-editor.default\">\n\t\t\t\t\t\t\t\t\t<h2>Lizensierter Konvoi-Begleitschutz f\u00fcr Fracht.<\/h2><p>Transportiert Ihr Unternehmen regelm\u00e4\u00dfig besonders wertvolle G\u00fcter? Dann wissen Sie, dass die Fracht auf einer langen Reise, unabh\u00e4ngig von der Transportart, einer Reihe von Risiken ausgesetzt sein kann, einschlie\u00dflich Angriffen, Diebstahl oder Raub.   <\/p>\t\t\t\t\t\t\t\t<\/div>\n\t\t\t\t<div class=\"elementor-element elementor-element-c12248f elementor-widget elementor-widget-image\" data-id=\"c12248f\" data-element_type=\"widget\" data-e-type=\"widget\" data-widget_type=\"image.default\">\n\t\t\t\t\t\t\t\t\t\t\t\t\t\t\t<img fetchpriority=\"high\" decoding=\"async\" width=\"300\" height=\"200\" src=\"https:\/\/betainvest.ee\/wp-content\/uploads\/2025\/08\/ChatGPT-Image-25-\u0438\u044e\u043b.-2025-\u0433.-02_27_04-300x200.png\" class=\"attachment-medium size-medium wp-image-4223\" alt=\"\" srcset=\"https:\/\/betainvest.ee\/wp-content\/uploads\/2025\/08\/ChatGPT-Image-25-\u0438\u044e\u043b.-2025-\u0433.-02_27_04-300x200.png 300w, https:\/\/betainvest.ee\/wp-content\/uploads\/2025\/08\/ChatGPT-Image-25-\u0438\u044e\u043b.-2025-\u0433.-02_27_04-1024x683.png 1024w, https:\/\/betainvest.ee\/wp-content\/uploads\/2025\/08\/ChatGPT-Image-25-\u0438\u044e\u043b.-2025-\u0433.-02_27_04-768x512.png 768w, https:\/\/betainvest.ee\/wp-content\/uploads\/2025\/08\/ChatGPT-Image-25-\u0438\u044e\u043b.-2025-\u0433.-02_27_04.png 1536w\" sizes=\"(max-width: 300px) 100vw, 300px\" \/>\t\t\t\t\t\t\t\t\t\t\t\t\t\t\t<\/div>\n\t\t\t\t<div class=\"elementor-element elementor-element-c93e67f elementor-widget elementor-widget-text-editor\" data-id=\"c93e67f\" data-element_type=\"widget\" data-e-type=\"widget\" data-widget_type=\"text-editor.default\">\n\t\t\t\t\t\t\t\t\t<h1><b>\ud83d\udee1 Sicherheit und Schutz mit BetaInvest<\/b><\/h1><p class=\"p3\">Unternehmen <span class=\"s2\"><b>BetaInvest<\/b><\/span> Das Unternehmen BetaInvest k\u00fcmmert sich nicht nur um ein hohes Serviceniveau f\u00fcr seine Kunden, sondern auch um die Sicherheit von Menschen, Fracht und Objekten, mit denen wir arbeiten. Zu diesem Zweck arbeiten wir mit einer der st\u00e4rksten professionellen PSOs in Russland zusammen, die als unser zuverl\u00e4ssiger Partner und Vollstrecker fungiert. <\/p><hr><h2><b>Warum wir gerade diesen Partner gew\u00e4hlt haben<\/b><\/h2><p class=\"p3\">Unser Partner ist <span class=\"s2\"><b>ein bew\u00e4hrtes Sicherheitsunternehmen<\/b><\/span> mit langj\u00e4hriger Erfahrung, einer Lizenz und einem guten Ruf bei der L\u00f6sung von Problemen jeglicher Komplexit\u00e4t.<\/p><p class=\"p3\">Durch unsere Zusammenarbeit stellen wir sicher, dass unsere Kunden:<\/p><ul><li><p class=\"p1\">Sicherheit und Kontrolle der Einrichtungen rund um die Uhr;<\/p><\/li><li><p class=\"p1\">Eskortieren von Fracht, einschlie\u00dflich Transit- und Wertfracht;<\/p><\/li><li><p class=\"p1\">moderne technische Sicherheitssysteme;<\/p><\/li><li><p class=\"p1\">schnelle Reaktion in allen Situationen.<\/p><\/li><\/ul><hr><h2><b>Was BetaInvest-Kunden erhalten<\/b><\/h2><p class=\"p3\">Die Zusammenarbeit mit einer starken PSC bietet unseren Kunden:<\/p><p class=\"p4\"><span class=\"s3\">\ud83d\udd12 <\/span><b>Sicherheit in jeder Phase<\/b><\/p><p class=\"p3\">&#8211; von Frachttransport und -transit bis hin zu Lager- und B\u00fcrosicherheit.<\/p><p class=\"p4\"><span class=\"s3\">\u23f1 <\/span><b>Verl\u00e4sslichkeit und Geschwindigkeit<\/b><\/p><p class=\"p3\">&#8211; klare Ausf\u00fchrung der Aufgaben und schnelle Reaktion.<\/p><p class=\"p4\"><span class=\"s3\">\u2705 <\/span><b>Transparenz und Kontrolle<\/b><\/p><p class=\"p3\">&#8211; Vertragsunterlagen, Berichte und Garantien.<\/p><p class=\"p4\"><span class=\"s3\">\ud83e\udd1d <\/span><b>Zusammenarbeit mit einem vertrauensw\u00fcrdigen Partner<\/b><\/p><p class=\"p3\">&#8211; nur ein hohes Ma\u00df an Professionalit\u00e4t und Verantwortung.<\/p><hr><h2><b>Sicherheit im Transitverkehr<\/b><\/h2><p class=\"p3\">Besonderes Augenmerk wird auf die Begleitung von Transitladungen gelegt. Unser Partner bietet: <\/p><ul><li><p class=\"p1\">sichere Passage durch das Territorium von Russland und Wei\u00dfrussland;<\/p><\/li><li><p class=\"p1\">die Sie zu Ihrem Zielort begleiten;<\/p><\/li><li><p class=\"p1\">die M\u00f6glichkeit eines bewaffneten Konvois f\u00fcr besonders wertvolle Lieferungen;<\/p><\/li><li><p class=\"p1\">die Route ohne Verz\u00f6gerungen und unn\u00f6tige Kontrollen zu passieren.<\/p><\/li><\/ul><hr><h2><b>Technologie und Erfahrung<\/b><\/h2><p class=\"p3\">Unser Partner setzt moderne technische L\u00f6sungen ein: Video\u00fcberwachungssysteme, Alarmsysteme, GPS-\u00dcberwachung von Transporten. Dies, zusammen mit der professionellen Ausbildung unserer Mitarbeiter, garantiert die Zuverl\u00e4ssigkeit des Transports und die Sicherheit der Einrichtungen. <\/p><hr><h2><b>Fazit<\/b><\/h2><p class=\"p3\">Die Zusammenarbeit von BetaInvest mit einem der st\u00e4rksten PSOs in Russland ist eine Synergie aus Erfahrung, Technologie und Vertrauen.<\/p><p class=\"p3\">Wir sind der Kunde und der Partner bietet ein hohes Ma\u00df an Sicherheit. So k\u00f6nnen wir uns auf unser Gesch\u00e4ft und unser Wachstum konzentrieren und wissen, dass Sicherheit und Schutz in sicheren H\u00e4nden sind. <\/p><p class=\"p3\">\ud83d\udc49 <span class=\"s2\"><b>Kontaktieren Sie BetaInvest noch heute<\/b><\/span>und wir werden Ihnen eine Komplettl\u00f6sung f\u00fcr Ihre Bed\u00fcrfnisse anbieten.<\/p>\t\t\t\t\t\t\t\t<\/div>\n\t\t\t\t\t<\/div>\n\t\t\t\t<\/div>\n\t\t<div class=\"elementor-element elementor-element-65b6af9 e-flex e-con-boxed e-con e-parent\" data-id=\"65b6af9\" data-element_type=\"container\" data-e-type=\"container\">\n\t\t\t\t\t<div class=\"e-con-inner\">\n\t\t\t\t<div class=\"elementor-element elementor-element-262527d elementor-widget elementor-widget-spacer\" data-id=\"262527d\" data-element_type=\"widget\" data-e-type=\"widget\" data-widget_type=\"spacer.default\">\n\t\t\t\t\t\t\t<div class=\"elementor-spacer\">\n\t\t\t<div class=\"elementor-spacer-inner\"><\/div>\n\t\t<\/div>\n\t\t\t\t\t\t<\/div>\n\t\t\t\t\t<\/div>\n\t\t\t\t<\/div>\n\t\t<div class=\"elementor-element elementor-element-2a4abf2 e-flex e-con-boxed e-con e-parent\" data-id=\"2a4abf2\" data-element_type=\"container\" data-e-type=\"container\">\n\t\t\t\t\t<div class=\"e-con-inner\">\n\t\t\t\t<div class=\"elementor-element elementor-element-d8d1bd4 elementor-widget elementor-widget-image\" data-id=\"d8d1bd4\" data-element_type=\"widget\" data-e-type=\"widget\" data-widget_type=\"image.default\">\n\t\t\t\t\t\t\t\t\t\t\t\t\t\t\t<img decoding=\"async\" width=\"300\" height=\"200\" src=\"https:\/\/betainvest.ee\/wp-content\/uploads\/2025\/08\/ChatGPT-Image-25-\u0438\u044e\u043b.-2025-\u0433.-02_33_52-300x200.png\" class=\"attachment-medium size-medium wp-image-4222\" alt=\"\" srcset=\"https:\/\/betainvest.ee\/wp-content\/uploads\/2025\/08\/ChatGPT-Image-25-\u0438\u044e\u043b.-2025-\u0433.-02_33_52-300x200.png 300w, https:\/\/betainvest.ee\/wp-content\/uploads\/2025\/08\/ChatGPT-Image-25-\u0438\u044e\u043b.-2025-\u0433.-02_33_52-1024x683.png 1024w, https:\/\/betainvest.ee\/wp-content\/uploads\/2025\/08\/ChatGPT-Image-25-\u0438\u044e\u043b.-2025-\u0433.-02_33_52-768x512.png 768w, https:\/\/betainvest.ee\/wp-content\/uploads\/2025\/08\/ChatGPT-Image-25-\u0438\u044e\u043b.-2025-\u0433.-02_33_52.png 1536w\" sizes=\"(max-width: 300px) 100vw, 300px\" \/>\t\t\t\t\t\t\t\t\t\t\t\t\t\t\t<\/div>\n\t\t\t\t\t<\/div>\n\t\t\t\t<\/div>\n\t\t\t\t<\/div>\n\t\t","protected":false},"excerpt":{"rendered":"<p>Lizensierter Konvoi-Begleitschutz f\u00fcr Fracht. Transportiert Ihr Unternehmen regelm\u00e4\u00dfig besonders wertvolle G\u00fcter? Dann wissen Sie, dass die Fracht auf einer langen Reise, unabh\u00e4ngig von der Transportart, einer Reihe von Risiken ausgesetzt sein kann, einschlie\u00dflich Angriffen, Diebstahl oder Raub. \ud83d\udee1 Sicherheit und Schutz mit BetaInvest Unternehmen BetaInvest Das Unternehmen BetaInvest k\u00fcmmert sich nicht nur um ein hohes [&hellip;]<\/p>\n","protected":false},"author":1,"featured_media":0,"parent":0,"menu_order":0,"comment_status":"closed","ping_status":"closed","template":"","meta":{"footnotes":""},"class_list":["post-4221","page","type-page","status-publish","hentry"],"_links":{"self":[{"href":"https:\/\/betainvest.ee\/de\/wp-json\/wp\/v2\/pages\/4221","targetHints":{"allow":["GET"]}}],"collection":[{"href":"https:\/\/betainvest.ee\/de\/wp-json\/wp\/v2\/pages"}],"about":[{"href":"https:\/\/betainvest.ee\/de\/wp-json\/wp\/v2\/types\/page"}],"author":[{"embeddable":true,"href":"https:\/\/betainvest.ee\/de\/wp-json\/wp\/v2\/users\/1"}],"replies":[{"embeddable":true,"href":"https:\/\/betainvest.ee\/de\/wp-json\/wp\/v2\/comments?post=4221"}],"version-history":[{"count":1,"href":"https:\/\/betainvest.ee\/de\/wp-json\/wp\/v2\/pages\/4221\/revisions"}],"predecessor-version":[{"id":4224,"href":"https:\/\/betainvest.ee\/de\/wp-json\/wp\/v2\/pages\/4221\/revisions\/4224"}],"wp:attachment":[{"href":"https:\/\/betainvest.ee\/de\/wp-json\/wp\/v2\/media?parent=4221"}],"curies":[{"name":"wp","href":"https:\/\/api.w.org\/{rel}","templated":true}]}}