{"id":3395,"date":"2025-08-24T20:40:03","date_gmt":"2025-08-24T20:40:03","guid":{"rendered":"https:\/\/betainvest.ee\/noticias-prensa\/"},"modified":"2025-08-26T13:10:22","modified_gmt":"2025-08-26T13:10:22","slug":"noticias-prensa","status":"publish","type":"page","link":"https:\/\/betainvest.ee\/es\/noticias-prensa\/","title":{"rendered":"Noticias \/ Prensa"},"content":{"rendered":"\t\t<div data-elementor-type=\"wp-page\" data-elementor-id=\"3395\" class=\"elementor elementor-3395 elementor-2929\" data-elementor-post-type=\"page\">\n\t\t\t\t<div class=\"elementor-element elementor-element-661b6a8 e-flex e-con-boxed e-con e-parent\" data-id=\"661b6a8\" data-element_type=\"container\" data-e-type=\"container\">\n\t\t\t\t\t<div class=\"e-con-inner\">\n\t\t\t\t<div class=\"elementor-element elementor-element-fbbb019 elementor-widget elementor-widget-text-editor\" data-id=\"fbbb019\" data-element_type=\"widget\" data-e-type=\"widget\" data-widget_type=\"text-editor.default\">\n\t\t\t\t\t\t\t\t\t<p class=\"p1\">Secci\u00f3n <span class=\"s1\"><b>\u00abNoticias y Prensa<\/b><\/span> &#8211; es una plataforma \u00fanica donde compartimos la actualidad de Betainvest y las publicaciones importantes del sector.<\/p><p class=\"p1\">Aqu\u00ed encontrar\u00e1s:<\/p><ul><li><p class=\"p1\">noticias oficiales sobre las actividades de nuestra empresa,<\/p><\/li><li><p class=\"p1\">comunicados de prensa y publicaciones en los medios de comunicaci\u00f3n,<\/p><\/li><li><p class=\"p1\">as\u00ed como los principales avances y tendencias en log\u00edstica y comercio internacional.<\/p><\/li><\/ul><p class=\"p1\">Nos comprometemos a proporcionar a los clientes y socios s\u00f3lo informaci\u00f3n verificada y oportuna.<\/p>\t\t\t\t\t\t\t\t<\/div>\n\t\t\t\t\t<\/div>\n\t\t\t\t<\/div>\n\t\t\t\t<\/div>\n\t\t","protected":false},"excerpt":{"rendered":"<p>Secci\u00f3n \u00abNoticias y Prensa &#8211; es una plataforma \u00fanica donde compartimos la actualidad de Betainvest y las publicaciones importantes del sector. Aqu\u00ed encontrar\u00e1s: noticias oficiales sobre las actividades de nuestra empresa, comunicados de prensa y publicaciones en los medios de comunicaci\u00f3n, as\u00ed como los principales avances y tendencias en log\u00edstica y comercio internacional. Nos comprometemos [&hellip;]<\/p>\n","protected":false},"author":1,"featured_media":0,"parent":0,"menu_order":0,"comment_status":"closed","ping_status":"closed","template":"","meta":{"footnotes":""},"class_list":["post-3395","page","type-page","status-publish","hentry"],"_links":{"self":[{"href":"https:\/\/betainvest.ee\/es\/wp-json\/wp\/v2\/pages\/3395","targetHints":{"allow":["GET"]}}],"collection":[{"href":"https:\/\/betainvest.ee\/es\/wp-json\/wp\/v2\/pages"}],"about":[{"href":"https:\/\/betainvest.ee\/es\/wp-json\/wp\/v2\/types\/page"}],"author":[{"embeddable":true,"href":"https:\/\/betainvest.ee\/es\/wp-json\/wp\/v2\/users\/1"}],"replies":[{"embeddable":true,"href":"https:\/\/betainvest.ee\/es\/wp-json\/wp\/v2\/comments?post=3395"}],"version-history":[{"count":1,"href":"https:\/\/betainvest.ee\/es\/wp-json\/wp\/v2\/pages\/3395\/revisions"}],"predecessor-version":[{"id":3396,"href":"https:\/\/betainvest.ee\/es\/wp-json\/wp\/v2\/pages\/3395\/revisions\/3396"}],"wp:attachment":[{"href":"https:\/\/betainvest.ee\/es\/wp-json\/wp\/v2\/media?parent=3395"}],"curies":[{"name":"wp","href":"https:\/\/api.w.org\/{rel}","templated":true}]}}