{"id":3442,"date":"2025-08-04T06:22:54","date_gmt":"2025-08-04T06:22:54","guid":{"rendered":"https:\/\/betainvest.ee\/pago-de-peajes-de-carretera-platon-rusia\/"},"modified":"2025-08-26T13:10:39","modified_gmt":"2025-08-26T13:10:39","slug":"pago-de-peajes-de-carretera-platon-rusia","status":"publish","type":"page","link":"https:\/\/betainvest.ee\/es\/pago-de-peajes-de-carretera-platon-rusia\/","title":{"rendered":"Pago de peajes de carretera &#8211; Platon, Rusia"},"content":{"rendered":"\t\t<div data-elementor-type=\"wp-page\" data-elementor-id=\"3442\" class=\"elementor elementor-3442 elementor-73\" data-elementor-post-type=\"page\">\n\t\t\t\t<div class=\"elementor-element elementor-element-84d5c49 e-flex e-con-boxed e-con e-parent\" data-id=\"84d5c49\" data-element_type=\"container\" data-e-type=\"container\">\n\t\t\t\t\t<div class=\"e-con-inner\">\n\t\t\t\t<div class=\"elementor-element elementor-element-5956819 elementor-widget elementor-widget-image\" data-id=\"5956819\" data-element_type=\"widget\" data-e-type=\"widget\" data-widget_type=\"image.default\">\n\t\t\t\t\t\t\t\t\t\t\t\t\t\t\t<img decoding=\"async\" width=\"319\" height=\"72\" src=\"https:\/\/betainvest.ee\/wp-content\/uploads\/2025\/08\/p-logo.png\" class=\"attachment-large size-large wp-image-1026\" alt=\"\" srcset=\"https:\/\/betainvest.ee\/wp-content\/uploads\/2025\/08\/p-logo.png 319w, https:\/\/betainvest.ee\/wp-content\/uploads\/2025\/08\/p-logo-300x68.png 300w\" sizes=\"(max-width: 319px) 100vw, 319px\" \/>\t\t\t\t\t\t\t\t\t\t\t\t\t\t\t<\/div>\n\t\t\t\t<div class=\"elementor-element elementor-element-00c1420 elementor-widget elementor-widget-text-editor\" data-id=\"00c1420\" data-element_type=\"widget\" data-e-type=\"widget\" data-widget_type=\"text-editor.default\">\n\t\t\t\t\t\t\t\t\t<h2 data-start=\"286\" data-end=\"382\">Sistema Platon y MTPL para transportistas extranjeros: una gama completa de servicios de Betainvest<\/h2><p data-start=\"384\" data-end=\"649\">\u00bfTransportas mercanc\u00edas a Rusia o a trav\u00e9s de Rusia? Para circular sin trabas por las carreteras federales y cumplir todos los requisitos legales, necesitas dos documentos clave: <strong data-start=\"594\" data-end=\"628\">el registro en el sistema Platon<\/strong> y una <strong data-start=\"631\" data-end=\"646\">p\u00f3liza de seguro<\/strong> CMTPL. <\/p><h3 data-start=\"656\" data-end=\"680\">\u00bfQu\u00e9 es \u00abPlat\u00f3n\u00bb?<\/h3><p data-start=\"681\" data-end=\"1019\">\u00ab<strong data-start=\"681\" data-end=\"693\">Platon<\/strong> \u00bb es un sistema estatal que cobra a los camiones de m\u00e1s de 12 toneladas por circular por las autopistas federales de Rusia.<br data-start=\"829\" data-end=\"832\">El pago se cobra <strong data-start=\"851\" data-end=\"878\">por cada kil\u00f3metro recorrido<\/strong> en rublos rusos y se carga en la cuenta de liquidaci\u00f3n del transportista de forma no monetaria. Los fondos se destinan al mantenimiento y reparaci\u00f3n de las carreteras. <\/p><h3 data-start=\"1026\" data-end=\"1048\">Por qu\u00e9 es importante<\/h3><ul data-start=\"1049\" data-end=\"1325\"><li data-start=\"1049\" data-end=\"1139\"><p data-start=\"1051\" data-end=\"1139\">Si no pagas a tiempo o no te registras en Platon, se te <strong data-start=\"1119\" data-end=\"1137\">impondr\u00e1n fuertes multas<\/strong><\/p><\/li><li data-start=\"1140\" data-end=\"1239\"><p data-start=\"1142\" data-end=\"1239\">El sistema funciona en toda la Federaci\u00f3n Rusa y est\u00e1 vigilado por una red de bastidores, c\u00e1maras y dispositivos de a bordo<\/p><\/li><li data-start=\"1240\" data-end=\"1325\"><p data-start=\"1242\" data-end=\"1325\">Sin tarjetas de ruta emitidas correctamente, un vuelo puede retrasarse o detenerse<\/p><\/li><\/ul><h3 data-start=\"1332\" data-end=\"1372\">Seguro MTPL para transportistas extranjeros<\/h3><p data-start=\"1373\" data-end=\"1662\">Al entrar en el territorio de Rusia, <strong data-start=\"1495\" data-end=\"1522\">es obligatorio<\/strong> suscribir una p\u00f3liza <strong data-start=\"1423\" data-end=\"1432\">OSAGO<\/strong> (Seguro Obligatorio de Responsabilidad Civil de Autom\u00f3viles).<br data-start=\"1523\" data-end=\"1526\">Esta p\u00f3liza protege al transportista del coste de indemnizar por da\u00f1os a la vida, la salud o los bienes de terceros en caso de accidente de tr\u00e1fico.<\/p><h3 data-start=\"1669\" data-end=\"1706\">Betainvest &#8211; paquete completo de servicios<\/h3><p data-start=\"1707\" data-end=\"1804\">Ofrecemos un servicio integral de escolta para que tus transportes transcurran sin retrasos ni penalizaciones:<\/p><ul data-start=\"1805\" data-end=\"2159\"><li data-start=\"1805\" data-end=\"1850\"><p data-start=\"1807\" data-end=\"1850\">Registro de veh\u00edculos en el sistema Platon<\/p><\/li><li data-start=\"1851\" data-end=\"1907\"><p data-start=\"1853\" data-end=\"1907\">Obtener mapas de rutas (de uso \u00fanico o m\u00faltiple)<\/p><\/li><li data-start=\"1908\" data-end=\"1962\"><p data-start=\"1910\" data-end=\"1962\">Asesoramiento sobre las normas y zonas de actuaci\u00f3n de Platon<\/p><\/li><li data-start=\"1963\" data-end=\"1995\"><p data-start=\"1965\" data-end=\"1995\">Pago y control de los devengos<\/p><\/li><li data-start=\"1996\" data-end=\"2059\"><p data-start=\"1998\" data-end=\"2059\">P\u00f3liza de seguro MTPL v\u00e1lida en toda la Federaci\u00f3n Rusa<\/p><\/li><li data-start=\"2060\" data-end=\"2114\"><p data-start=\"2062\" data-end=\"2114\">Soporte en ruso, turco e ingl\u00e9s<\/p><\/li><li data-start=\"2115\" data-end=\"2159\"><p data-start=\"2117\" data-end=\"2159\">Tramitaci\u00f3n r\u00e1pida sin burocracia innecesaria<\/p><\/li><\/ul><h3 data-start=\"2166\" data-end=\"2187\">C\u00f3mo trabajamos<\/h3><ol data-start=\"2188\" data-end=\"2423\"><li data-start=\"2188\" data-end=\"2247\"><p data-start=\"2191\" data-end=\"2247\">Te pones en contacto con nosotros por tel\u00e9fono, WhatsApp o correo electr\u00f3nico<\/p><\/li><li data-start=\"2248\" data-end=\"2293\"><p data-start=\"2251\" data-end=\"2293\">Transfiere los datos y documentos necesarios<\/p><\/li><li data-start=\"2294\" data-end=\"2353\"><p data-start=\"2297\" data-end=\"2353\">Registramos veh\u00edculos en Platon y emitimos p\u00f3lizas de seguro MTPL<\/p><\/li><li data-start=\"2354\" data-end=\"2423\"><p data-start=\"2357\" data-end=\"2423\">Te enviamos los documentos terminados &#8211; puedes emprender tu viaje<\/p><\/li><\/ol><p data-start=\"2430\" data-end=\"2595\">\ud83d\udcde <strong data-start=\"2433\" data-end=\"2472\">Ponte en contacto con Betainvest ahora<\/strong>: nos ocuparemos del registro Platon y MTPL para que puedas centrarte en el transporte, no en el papeleo.<\/p>\t\t\t\t\t\t\t\t<\/div>\n\t\t\t\t<div class=\"elementor-element elementor-element-69250ee elementor-widget elementor-widget-image\" data-id=\"69250ee\" data-element_type=\"widget\" data-e-type=\"widget\" data-widget_type=\"image.default\">\n\t\t\t\t\t\t\t\t\t\t\t\t\t\t\t<img fetchpriority=\"high\" decoding=\"async\" width=\"612\" height=\"408\" src=\"https:\/\/betainvest.ee\/wp-content\/uploads\/2025\/08\/istockphoto-1371212488-612x612-1.jpg\" class=\"attachment-medium_large size-medium_large wp-image-1035\" alt=\"\" srcset=\"https:\/\/betainvest.ee\/wp-content\/uploads\/2025\/08\/istockphoto-1371212488-612x612-1.jpg 612w, https:\/\/betainvest.ee\/wp-content\/uploads\/2025\/08\/istockphoto-1371212488-612x612-1-300x200.jpg 300w\" sizes=\"(max-width: 612px) 100vw, 612px\" \/>\t\t\t\t\t\t\t\t\t\t\t\t\t\t\t<\/div>\n\t\t\t\t\t<\/div>\n\t\t\t\t<\/div>\n\t\t\t\t<\/div>\n\t\t","protected":false},"excerpt":{"rendered":"<p>Sistema Platon y MTPL para transportistas extranjeros: una gama completa de servicios de Betainvest \u00bfTransportas mercanc\u00edas a Rusia o a trav\u00e9s de Rusia? Para circular sin trabas por las carreteras federales y cumplir todos los requisitos legales, necesitas dos documentos clave: el registro en el sistema Platon y una p\u00f3liza de seguro CMTPL. \u00bfQu\u00e9 es [&hellip;]<\/p>\n","protected":false},"author":1,"featured_media":0,"parent":0,"menu_order":0,"comment_status":"closed","ping_status":"closed","template":"","meta":{"footnotes":""},"class_list":["post-3442","page","type-page","status-publish","hentry"],"_links":{"self":[{"href":"https:\/\/betainvest.ee\/es\/wp-json\/wp\/v2\/pages\/3442","targetHints":{"allow":["GET"]}}],"collection":[{"href":"https:\/\/betainvest.ee\/es\/wp-json\/wp\/v2\/pages"}],"about":[{"href":"https:\/\/betainvest.ee\/es\/wp-json\/wp\/v2\/types\/page"}],"author":[{"embeddable":true,"href":"https:\/\/betainvest.ee\/es\/wp-json\/wp\/v2\/users\/1"}],"replies":[{"embeddable":true,"href":"https:\/\/betainvest.ee\/es\/wp-json\/wp\/v2\/comments?post=3442"}],"version-history":[{"count":1,"href":"https:\/\/betainvest.ee\/es\/wp-json\/wp\/v2\/pages\/3442\/revisions"}],"predecessor-version":[{"id":3444,"href":"https:\/\/betainvest.ee\/es\/wp-json\/wp\/v2\/pages\/3442\/revisions\/3444"}],"wp:attachment":[{"href":"https:\/\/betainvest.ee\/es\/wp-json\/wp\/v2\/media?parent=3442"}],"curies":[{"name":"wp","href":"https:\/\/api.w.org\/{rel}","templated":true}]}}