{"id":3466,"date":"2025-08-04T06:22:54","date_gmt":"2025-08-04T06:22:54","guid":{"rendered":"https:\/\/betainvest.ee\/calculo-preliminar-de-los-derechos-de-aduana\/"},"modified":"2025-08-26T13:10:42","modified_gmt":"2025-08-26T13:10:42","slug":"calculo-preliminar-de-los-derechos-de-aduana","status":"publish","type":"page","link":"https:\/\/betainvest.ee\/es\/calculo-preliminar-de-los-derechos-de-aduana\/","title":{"rendered":"C\u00e1lculo preliminar de los derechos de aduana"},"content":{"rendered":"\t\t<div data-elementor-type=\"wp-page\" data-elementor-id=\"3466\" class=\"elementor elementor-3466\" data-elementor-post-type=\"page\">\n\t\t\t\t<div class=\"elementor-element elementor-element-12916dc e-flex e-con-boxed e-con e-parent\" data-id=\"12916dc\" data-element_type=\"container\" data-e-type=\"container\">\n\t\t\t\t\t<div class=\"e-con-inner\">\n\t\t\t\t<div class=\"elementor-element elementor-element-e25036a elementor-widget elementor-widget-text-editor\" data-id=\"e25036a\" data-element_type=\"widget\" data-e-type=\"widget\" data-widget_type=\"text-editor.default\">\n\t\t\t\t\t\t\t\t\t<h2 data-start=\"140\" data-end=\"214\">C\u00e1lculo preliminar de derechos de aduana: r\u00e1pido, preciso y sin riesgos<\/h2><p data-start=\"216\" data-end=\"481\">\u00bfMover mercanc\u00edas a trav\u00e9s de las fronteras aduaneras de <strong data-start=\"260\" data-end=\"304\">la Uni\u00f3n Econ\u00f3mica Euroasi\u00e1tica (UEEA<\/strong> ), por ejemplo, de Rusia o Bielorrusia a Turqu\u00eda o en direcci\u00f3n contraria?<br data-start=\"376\" data-end=\"379\">Para evitar retrasos en la frontera y costes innecesarios, es importante calcular de antemano todas las tasas aduaneras.<\/p><h3 data-start=\"483\" data-end=\"507\">Con qu\u00e9 contamos:<\/h3><ul data-start=\"508\" data-end=\"602\"><li data-start=\"508\" data-end=\"534\"><p data-start=\"510\" data-end=\"534\"><strong data-start=\"510\" data-end=\"532\">Derechos de aduana<\/strong><\/p><\/li><li data-start=\"535\" data-end=\"557\"><p data-start=\"537\" data-end=\"557\"><strong data-start=\"537\" data-end=\"555\">Impuestos especiales<\/strong><\/p><\/li><li data-start=\"558\" data-end=\"602\"><p data-start=\"560\" data-end=\"602\"><strong data-start=\"560\" data-end=\"600\">Impuesto sobre el valor a\u00f1adido (IVA)<\/strong><\/p><\/li><\/ul><p data-start=\"604\" data-end=\"802\">Sobre la base de estos datos, podr\u00e1s garantizar puntualmente el pago de todos los importes de la fianza por derechos de aduana e impuestos, lo que te permitir\u00e1 pasar el control aduanero <strong data-start=\"768\" data-end=\"799\">r\u00e1pidamente y sin problemas innecesarios<\/strong>.<\/p><h3 data-start=\"809\" data-end=\"829\">Por qu\u00e9 es importante<\/h3><p data-start=\"830\" data-end=\"877\">Cualquier error o inexactitud en los c\u00e1lculos puede:<\/p><ul data-start=\"878\" data-end=\"1008\"><li data-start=\"878\" data-end=\"916\"><p data-start=\"880\" data-end=\"916\">Retrasar la entrega durante d\u00edas y semanas<\/p><\/li><li data-start=\"917\" data-end=\"955\"><p data-start=\"919\" data-end=\"955\">Generan costes adicionales<\/p><\/li><li data-start=\"956\" data-end=\"1008\"><p data-start=\"958\" data-end=\"1008\">En algunos casos, interrumpir completamente el parto<\/p><\/li><\/ul><h3 data-start=\"1015\" data-end=\"1052\">De qu\u00e9 depende la precisi\u00f3n del c\u00e1lculo:<\/h3><ul data-start=\"1053\" data-end=\"1192\"><li data-start=\"1053\" data-end=\"1084\"><p data-start=\"1055\" data-end=\"1084\">Pa\u00eds de origen de las mercanc\u00edas<\/p><\/li><li data-start=\"1085\" data-end=\"1142\"><p data-start=\"1087\" data-end=\"1142\">Composici\u00f3n detallada del env\u00edo (hasta el m\u00e1s m\u00ednimo detalle)<\/p><\/li><li data-start=\"1143\" data-end=\"1192\"><p data-start=\"1145\" data-end=\"1192\">Selecci\u00f3n correcta de los c\u00f3digos del SA y otros matices<\/p><\/li><\/ul><h3 data-start=\"1199\" data-end=\"1233\">Por qu\u00e9 elegir <strong data-start=\"1219\" data-end=\"1233\">Betainvest<\/strong><\/h3><p data-start=\"1234\" data-end=\"1379\">Nuestros especialistas tienen <strong data-start=\"1257\" data-end=\"1277\">muchos a\u00f1os de experiencia<\/strong> con sistemas de declaraci\u00f3n electr\u00f3nica y c\u00e1lculo de derechos de aduana en distintos pa\u00edses. Nosotros: <\/p><ul data-start=\"1380\" data-end=\"1549\"><li data-start=\"1380\" data-end=\"1425\"><p data-start=\"1382\" data-end=\"1425\">Realizamos los c\u00e1lculos <strong data-start=\"1400\" data-end=\"1423\">r\u00e1pidamente y sin errores<\/strong><\/p><\/li><li data-start=\"1426\" data-end=\"1484\"><p data-start=\"1428\" data-end=\"1484\">Presentamos <strong data-start=\"1472\" data-end=\"1482\">a tiempo<\/strong> todos los datos a las autoridades reguladoras<\/p><\/li><li data-start=\"1485\" data-end=\"1549\"><p data-start=\"1487\" data-end=\"1549\">Garantizamos que tu env\u00edo pasar\u00e1 la frontera <strong data-start=\"1529\" data-end=\"1547\">sin complicaciones<\/strong><\/p><\/li><\/ul><p data-start=\"1551\" data-end=\"1658\">\ud83d\udcde <strong data-start=\"1554\" data-end=\"1587\">Ponte en contacto con nosotros ahora<\/strong> y prepararemos un presupuesto preciso para tu env\u00edo en el menor tiempo posible.<\/p>\t\t\t\t\t\t\t\t<\/div>\n\t\t\t\t\t<\/div>\n\t\t\t\t<\/div>\n\t\t<div class=\"elementor-element elementor-element-3940eb7 e-flex e-con-boxed e-con e-parent\" data-id=\"3940eb7\" data-element_type=\"container\" data-e-type=\"container\">\n\t\t\t\t\t<div class=\"e-con-inner\">\n\t\t\t\t<div class=\"elementor-element elementor-element-e88b9e5 elementor-align-center elementor-widget elementor-widget-button\" data-id=\"e88b9e5\" data-element_type=\"widget\" data-e-type=\"widget\" data-widget_type=\"button.default\">\n\t\t\t\t\t\t\t\t\t\t<a class=\"elementor-button elementor-button-link elementor-size-sm\" href=\"https:\/\/betainvest.ee\/es\/contactos\/\">\n\t\t\t\t\t\t<span class=\"elementor-button-content-wrapper\">\n\t\t\t\t\t\t\t\t\t<span class=\"elementor-button-text\">Pulsa aqu\u00ed<\/span>\n\t\t\t\t\t<\/span>\n\t\t\t\t\t<\/a>\n\t\t\t\t\t\t\t\t<\/div>\n\t\t\t\t<div class=\"elementor-element elementor-element-9d8892d elementor-widget elementor-widget-image\" data-id=\"9d8892d\" data-element_type=\"widget\" data-e-type=\"widget\" data-widget_type=\"image.default\">\n\t\t\t\t\t\t\t\t\t\t\t\t\t\t\t<img fetchpriority=\"high\" decoding=\"async\" width=\"768\" height=\"547\" src=\"https:\/\/betainvest.ee\/wp-content\/uploads\/2025\/08\/photo-1460925895917-afdab827c52f-768x547.jpeg\" class=\"attachment-medium_large size-medium_large wp-image-993\" alt=\"\" srcset=\"https:\/\/betainvest.ee\/wp-content\/uploads\/2025\/08\/photo-1460925895917-afdab827c52f-768x547.jpeg 768w, https:\/\/betainvest.ee\/wp-content\/uploads\/2025\/08\/photo-1460925895917-afdab827c52f-300x214.jpeg 300w, https:\/\/betainvest.ee\/wp-content\/uploads\/2025\/08\/photo-1460925895917-afdab827c52f-1024x729.jpeg 1024w, https:\/\/betainvest.ee\/wp-content\/uploads\/2025\/08\/photo-1460925895917-afdab827c52f-1536x1094.jpeg 1536w, https:\/\/betainvest.ee\/wp-content\/uploads\/2025\/08\/photo-1460925895917-afdab827c52f-2048x1458.jpeg 2048w\" sizes=\"(max-width: 768px) 100vw, 768px\" \/>\t\t\t\t\t\t\t\t\t\t\t\t\t\t\t<\/div>\n\t\t\t\t\t<\/div>\n\t\t\t\t<\/div>\n\t\t\t\t<\/div>\n\t\t","protected":false},"excerpt":{"rendered":"<p>C\u00e1lculo preliminar de derechos de aduana: r\u00e1pido, preciso y sin riesgos \u00bfMover mercanc\u00edas a trav\u00e9s de las fronteras aduaneras de la Uni\u00f3n Econ\u00f3mica Euroasi\u00e1tica (UEEA ), por ejemplo, de Rusia o Bielorrusia a Turqu\u00eda o en direcci\u00f3n contraria?Para evitar retrasos en la frontera y costes innecesarios, es importante calcular de antemano todas las tasas aduaneras. [&hellip;]<\/p>\n","protected":false},"author":1,"featured_media":0,"parent":0,"menu_order":0,"comment_status":"closed","ping_status":"closed","template":"","meta":{"footnotes":""},"class_list":["post-3466","page","type-page","status-publish","hentry"],"_links":{"self":[{"href":"https:\/\/betainvest.ee\/es\/wp-json\/wp\/v2\/pages\/3466","targetHints":{"allow":["GET"]}}],"collection":[{"href":"https:\/\/betainvest.ee\/es\/wp-json\/wp\/v2\/pages"}],"about":[{"href":"https:\/\/betainvest.ee\/es\/wp-json\/wp\/v2\/types\/page"}],"author":[{"embeddable":true,"href":"https:\/\/betainvest.ee\/es\/wp-json\/wp\/v2\/users\/1"}],"replies":[{"embeddable":true,"href":"https:\/\/betainvest.ee\/es\/wp-json\/wp\/v2\/comments?post=3466"}],"version-history":[{"count":1,"href":"https:\/\/betainvest.ee\/es\/wp-json\/wp\/v2\/pages\/3466\/revisions"}],"predecessor-version":[{"id":3468,"href":"https:\/\/betainvest.ee\/es\/wp-json\/wp\/v2\/pages\/3466\/revisions\/3468"}],"wp:attachment":[{"href":"https:\/\/betainvest.ee\/es\/wp-json\/wp\/v2\/media?parent=3466"}],"curies":[{"name":"wp","href":"https:\/\/api.w.org\/{rel}","templated":true}]}}