{"id":3494,"date":"2025-08-04T06:22:54","date_gmt":"2025-08-04T06:22:54","guid":{"rendered":"https:\/\/betainvest.ee\/tarjetas-de-combustible-para-repostar-en-rusia-bielorrusia-y-azerbaiyan\/"},"modified":"2025-08-26T13:10:53","modified_gmt":"2025-08-26T13:10:53","slug":"tarjetas-de-combustible-para-repostar-en-rusia-bielorrusia-y-azerbaiyan","status":"publish","type":"page","link":"https:\/\/betainvest.ee\/es\/tarjetas-de-combustible-para-repostar-en-rusia-bielorrusia-y-azerbaiyan\/","title":{"rendered":"Tarjetas de combustible para repostar en Rusia, Bielorrusia y Azerbaiy\u00e1n"},"content":{"rendered":"\t\t<div data-elementor-type=\"wp-page\" data-elementor-id=\"3494\" class=\"elementor elementor-3494 elementor-76\" data-elementor-post-type=\"page\">\n\t\t\t\t<div class=\"elementor-element elementor-element-1f4b5ad e-flex e-con-boxed e-con e-parent\" data-id=\"1f4b5ad\" data-element_type=\"container\" data-e-type=\"container\">\n\t\t\t\t\t<div class=\"e-con-inner\">\n\t\t\t\t<div class=\"elementor-element elementor-element-a9237c1 elementor-widget elementor-widget-spacer\" data-id=\"a9237c1\" data-element_type=\"widget\" data-e-type=\"widget\" data-widget_type=\"spacer.default\">\n\t\t\t\t\t\t\t<div class=\"elementor-spacer\">\n\t\t\t<div class=\"elementor-spacer-inner\"><\/div>\n\t\t<\/div>\n\t\t\t\t\t\t<\/div>\n\t\t\t\t<div class=\"elementor-element elementor-element-ec84fb6 elementor-widget elementor-widget-heading\" data-id=\"ec84fb6\" data-element_type=\"widget\" data-e-type=\"widget\" data-widget_type=\"heading.default\">\n\t\t\t\t\t<h2 class=\"elementor-heading-title elementor-size-default\">Tarjetas de combustible LUKOIL\/TEBOIL: m\u00e1s que pagar en las gasolineras<\/h2>\t\t\t\t<\/div>\n\t\t\t\t<div class=\"elementor-element elementor-element-915a0d2 elementor-widget elementor-widget-image\" data-id=\"915a0d2\" data-element_type=\"widget\" data-e-type=\"widget\" data-widget_type=\"image.default\">\n\t\t\t\t\t\t\t\t\t\t\t\t\t\t\t<img fetchpriority=\"high\" decoding=\"async\" width=\"700\" height=\"307\" src=\"https:\/\/betainvest.ee\/wp-content\/uploads\/2025\/08\/18297.jpg\" class=\"attachment-medium_large size-medium_large wp-image-725\" alt=\"\" srcset=\"https:\/\/betainvest.ee\/wp-content\/uploads\/2025\/08\/18297.jpg 700w, https:\/\/betainvest.ee\/wp-content\/uploads\/2025\/08\/18297-300x132.jpg 300w\" sizes=\"(max-width: 700px) 100vw, 700px\" \/>\t\t\t\t\t\t\t\t\t\t\t\t\t\t\t<\/div>\n\t\t\t\t<div class=\"elementor-element elementor-element-fbd54c8 elementor-widget elementor-widget-text-editor\" data-id=\"fbd54c8\" data-element_type=\"widget\" data-e-type=\"widget\" data-widget_type=\"text-editor.default\">\n\t\t\t\t\t\t\t\t\t<p>Nuestras tarjetas de combustible no son s\u00f3lo un medio de pago de combustible sin efectivo.<br data-start=\"471\" data-end=\"474\">Es una <strong data-start=\"478\" data-end=\"512\">herramienta multifuncional<\/strong> para controlar, optimizar y desarrollar tu negocio de transporte. Ayuda a <strong data-start=\"592\" data-end=\"611\">reducir costes<\/strong>, <strong data-start=\"613\" data-end=\"636\">simplificar la log\u00edstica<\/strong> y <strong data-start=\"639\" data-end=\"673\">aumentar la transparencia<\/strong> en todas las etapas. <\/p><p data-start=\"322\" data-end=\"396\"><strong data-start=\"322\" data-end=\"396\">Una gesti\u00f3n eficaz de la flota comienza con la herramienta adecuada<\/strong><br>Tienes a tu disposici\u00f3n las principales ventajas:<br>Control de costes centralizado<br>Todas las transacciones y servicios se muestran en una \u00fanica factura, lo que resulta muy pr\u00e1ctico para el an\u00e1lisis y la elaboraci\u00f3n de informes.<br>Configuraci\u00f3n flexible de l\u00edmites<br>Puedes establecer l\u00edmites individuales por importe, tipo de transacciones y por tarjeta.<br>Rutas que se adaptan a tu negocio<br>Conectamos las gasolineras y servicios adecuados a lo largo de tu ruta geogr\u00e1fica, independientemente del tama\u00f1o de tu negocio.<br>Gesti\u00f3n electr\u00f3nica de documentos<br>Automatizaci\u00f3n de procesos: evita recibos e informes en papel, ahorrando tiempo y recursos.<br>Sistema de fidelizaci\u00f3n para todos<br>Descuentos y condiciones personalizados, tanto para empresas unipersonales con un solo coche como para grandes empresas con una amplia flota.<br>Las Tarjetas de Amplia Geograf\u00eda<br>se aceptan en m\u00e1s de 3000 gasolineras LUKOIL y Teboil de Rusia, Bielorrusia y Azerbaiy\u00e1n.<\/p><p data-start=\"322\" data-end=\"396\">Establece l\u00edmites individualizados:<\/p><ul data-start=\"1011\" data-end=\"1128\"><li data-start=\"1011\" data-end=\"1023\"><p data-start=\"1013\" data-end=\"1023\">en importe<\/p><\/li><li data-start=\"1024\" data-end=\"1068\"><p data-start=\"1026\" data-end=\"1068\">por tipo de operaci\u00f3n (combustible, servicio, alimentaci\u00f3n)<\/p><\/li><li data-start=\"1069\" data-end=\"1097\"><p data-start=\"1071\" data-end=\"1097\">por d\u00eda de la semana y hora<\/p><\/li><li data-start=\"1098\" data-end=\"1128\"><p data-start=\"1100\" data-end=\"1128\">por tarjeta o controlador<\/p><\/li><li data-start=\"1098\" data-end=\"1128\"><p data-start=\"1100\" data-end=\"1128\">Gesti\u00f3n electr\u00f3nica de documentos<\/p><\/li><\/ul><p data-start=\"1356\" data-end=\"1476\">Cheques, informes, escrituras: todo es digital.<br data-start=\"1397\" data-end=\"1400\">M\u00e1s r\u00e1pido, m\u00e1s transparente, m\u00e1s fiable.<br data-start=\"1430\" data-end=\"1433\"><strong data-start=\"1433\" data-end=\"1476\">Integraci\u00f3n total en tu sistema contable.<\/strong><\/p>\t\t\t\t\t\t\t\t<\/div>\n\t\t\t\t\t<\/div>\n\t\t\t\t<\/div>\n\t\t<div class=\"elementor-element elementor-element-1fa890a e-flex e-con-boxed e-con e-parent\" data-id=\"1fa890a\" data-element_type=\"container\" data-e-type=\"container\">\n\t\t\t\t\t<div class=\"e-con-inner\">\n\t\t\t\t<div class=\"elementor-element elementor-element-74b9f65 elementor-widget elementor-widget-image\" data-id=\"74b9f65\" data-element_type=\"widget\" data-e-type=\"widget\" data-widget_type=\"image.default\">\n\t\t\t\t\t\t\t\t\t\t\t\t\t\t\t<img decoding=\"async\" width=\"300\" height=\"196\" src=\"https:\/\/betainvest.ee\/wp-content\/uploads\/2025\/08\/\u0421\u043d\u0438\u043c\u043e\u043a-\u044d\u043a\u0440\u0430\u043d\u0430-2024-08-28-\u0432-17.51-300x196.jpg\" class=\"attachment-medium size-medium wp-image-765\" alt=\"\" srcset=\"https:\/\/betainvest.ee\/wp-content\/uploads\/2025\/08\/\u0421\u043d\u0438\u043c\u043e\u043a-\u044d\u043a\u0440\u0430\u043d\u0430-2024-08-28-\u0432-17.51-300x196.jpg 300w, https:\/\/betainvest.ee\/wp-content\/uploads\/2025\/08\/\u0421\u043d\u0438\u043c\u043e\u043a-\u044d\u043a\u0440\u0430\u043d\u0430-2024-08-28-\u0432-17.51-1024x668.jpg 1024w, https:\/\/betainvest.ee\/wp-content\/uploads\/2025\/08\/\u0421\u043d\u0438\u043c\u043e\u043a-\u044d\u043a\u0440\u0430\u043d\u0430-2024-08-28-\u0432-17.51-768x501.jpg 768w, https:\/\/betainvest.ee\/wp-content\/uploads\/2025\/08\/\u0421\u043d\u0438\u043c\u043e\u043a-\u044d\u043a\u0440\u0430\u043d\u0430-2024-08-28-\u0432-17.51-1536x1002.jpg 1536w, https:\/\/betainvest.ee\/wp-content\/uploads\/2025\/08\/\u0421\u043d\u0438\u043c\u043e\u043a-\u044d\u043a\u0440\u0430\u043d\u0430-2024-08-28-\u0432-17.51-2048x1336.jpg 2048w\" sizes=\"(max-width: 300px) 100vw, 300px\" \/>\t\t\t\t\t\t\t\t\t\t\t\t\t\t\t<\/div>\n\t\t\t\t<div class=\"elementor-element elementor-element-548f3ff elementor-widget elementor-widget-spacer\" data-id=\"548f3ff\" data-element_type=\"widget\" data-e-type=\"widget\" data-widget_type=\"spacer.default\">\n\t\t\t\t\t\t\t<div class=\"elementor-spacer\">\n\t\t\t<div class=\"elementor-spacer-inner\"><\/div>\n\t\t<\/div>\n\t\t\t\t\t\t<\/div>\n\t\t\t\t\t<\/div>\n\t\t\t\t<\/div>\n\t\t<div class=\"elementor-element elementor-element-628311d e-flex e-con-boxed e-con e-parent\" data-id=\"628311d\" data-element_type=\"container\" data-e-type=\"container\">\n\t\t\t\t\t<div class=\"e-con-inner\">\n\t\t\t\t<div class=\"elementor-element elementor-element-ed293c6 elementor-widget elementor-widget-heading\" data-id=\"ed293c6\" data-element_type=\"widget\" data-e-type=\"widget\" data-widget_type=\"heading.default\">\n\t\t\t\t\t<h2 class=\"elementor-heading-title elementor-size-default\">EN MYALPARI PUEDES<\/h2>\t\t\t\t<\/div>\n\t\t\t\t\t<\/div>\n\t\t\t\t<\/div>\n\t\t<div class=\"elementor-element elementor-element-2a24316 e-flex e-con-boxed e-con e-parent\" data-id=\"2a24316\" data-element_type=\"container\" data-e-type=\"container\">\n\t\t\t\t\t<div class=\"e-con-inner\">\n\t\t<div class=\"elementor-element elementor-element-722208e e-con-full e-flex e-con e-child\" data-id=\"722208e\" data-element_type=\"container\" data-e-type=\"container\">\n\t\t\t\t<div class=\"elementor-element elementor-element-0e2640f elementor-widget elementor-widget-image\" data-id=\"0e2640f\" data-element_type=\"widget\" data-e-type=\"widget\" data-widget_type=\"image.default\">\n\t\t\t\t\t\t\t\t\t\t\t\t\t\t\t<img decoding=\"async\" width=\"700\" height=\"307\" src=\"https:\/\/betainvest.ee\/wp-content\/uploads\/2025\/08\/14933.jpg\" class=\"attachment-medium_large size-medium_large wp-image-734\" alt=\"\" srcset=\"https:\/\/betainvest.ee\/wp-content\/uploads\/2025\/08\/14933.jpg 700w, https:\/\/betainvest.ee\/wp-content\/uploads\/2025\/08\/14933-300x132.jpg 300w\" sizes=\"(max-width: 700px) 100vw, 700px\" \/>\t\t\t\t\t\t\t\t\t\t\t\t\t\t\t<\/div>\n\t\t\t\t<\/div>\n\t\t\t\t<div class=\"elementor-element elementor-element-93de962 elementor-widget elementor-widget-text-editor\" data-id=\"93de962\" data-element_type=\"widget\" data-e-type=\"widget\" data-widget_type=\"text-editor.default\">\n\t\t\t\t\t\t\t\t\t<h4 data-start=\"926\" data-end=\"967\">Fijaci\u00f3n flexible de l\u00edmites y derechos.  <strong>Con\u00e9ctate y controla las opciones que quieras para ti.<\/strong><\/h4><ul><li>gestionar el contrato y las tarjetas;  <\/li><li>para ver el saldo contractual actual y crear calendarios de pago \u00f3ptimos;  <\/li><li>ver las transacciones en l\u00ednea;<\/li><li>controlar el repostaje de combustible veh\u00edculo por veh\u00edculo;<\/li><li>gestionar l\u00edmites y rutas;<\/li><li>Recibe la documentaci\u00f3n contable primaria;<\/li><li>generar informes anal\u00edticos.  <\/li><\/ul>\t\t\t\t\t\t\t\t<\/div>\n\t\t\t\t\t<\/div>\n\t\t\t\t<\/div>\n\t\t<div class=\"elementor-element elementor-element-1dba592 e-flex e-con-boxed e-con e-parent\" data-id=\"1dba592\" data-element_type=\"container\" data-e-type=\"container\">\n\t\t\t\t\t<div class=\"e-con-inner\">\n\t\t\t\t<div class=\"elementor-element elementor-element-90fc2d2 elementor-widget elementor-widget-spacer\" data-id=\"90fc2d2\" data-element_type=\"widget\" data-e-type=\"widget\" data-widget_type=\"spacer.default\">\n\t\t\t\t\t\t\t<div class=\"elementor-spacer\">\n\t\t\t<div class=\"elementor-spacer-inner\"><\/div>\n\t\t<\/div>\n\t\t\t\t\t\t<\/div>\n\t\t\t\t\t<\/div>\n\t\t\t\t<\/div>\n\t\t<div class=\"elementor-element elementor-element-01807d9 e-flex e-con-boxed e-con e-parent\" data-id=\"01807d9\" data-element_type=\"container\" data-e-type=\"container\">\n\t\t\t\t\t<div class=\"e-con-inner\">\n\t\t<div class=\"elementor-element elementor-element-0e3bab8 e-con-full e-flex e-con e-child\" data-id=\"0e3bab8\" data-element_type=\"container\" data-e-type=\"container\">\n\t\t\t\t<div class=\"elementor-element elementor-element-7b4264d elementor-widget elementor-widget-text-editor\" data-id=\"7b4264d\" data-element_type=\"widget\" data-e-type=\"widget\" data-widget_type=\"text-editor.default\">\n\t\t\t\t\t\t\t\t\t<p>Todas las transacciones -combustible, servicios, aparcamientos, hoteles- <strong data-start=\"843\" data-end=\"860\">en una sola cuenta<\/strong>.  <\/p><p>Descuentos y condiciones personalizados, tanto para peque\u00f1as empresas con 1 veh\u00edculo como para grandes flotas.<\/p>\t\t\t\t\t\t\t\t<\/div>\n\t\t\t\t<\/div>\n\t\t<div class=\"elementor-element elementor-element-e86e7b2 e-con-full e-flex e-con e-child\" data-id=\"e86e7b2\" data-element_type=\"container\" data-e-type=\"container\">\n\t\t\t\t<div class=\"elementor-element elementor-element-007623f elementor-widget elementor-widget-text-editor\" data-id=\"007623f\" data-element_type=\"widget\" data-e-type=\"widget\" data-widget_type=\"text-editor.default\">\n\t\t\t\t\t\t\t\t\t<p><strong data-start=\"2199\" data-end=\"2255\">Control fiable. Servicio c\u00f3modo. Condiciones favorables.  <\/strong><\/p><p>Ponte en contacto con nosotros y conectaremos a tu empresa con un sistema que funcione para obtener resultados.<\/p>\t\t\t\t\t\t\t\t<\/div>\n\t\t\t\t<\/div>\n\t\t\t\t<div class=\"elementor-element elementor-element-04125b4 elementor-widget elementor-widget-image\" data-id=\"04125b4\" data-element_type=\"widget\" data-e-type=\"widget\" data-widget_type=\"image.default\">\n\t\t\t\t\t\t\t\t\t\t\t\t\t\t\t<img loading=\"lazy\" decoding=\"async\" width=\"300\" height=\"132\" src=\"https:\/\/betainvest.ee\/wp-content\/uploads\/2025\/08\/28988-300x132.png\" class=\"attachment-medium size-medium wp-image-716\" alt=\"\" srcset=\"https:\/\/betainvest.ee\/wp-content\/uploads\/2025\/08\/28988-300x132.png 300w, https:\/\/betainvest.ee\/wp-content\/uploads\/2025\/08\/28988-768x337.png 768w, https:\/\/betainvest.ee\/wp-content\/uploads\/2025\/08\/28988.png 980w\" sizes=\"(max-width: 300px) 100vw, 300px\" \/>\t\t\t\t\t\t\t\t\t\t\t\t\t\t\t<\/div>\n\t\t\t\t\t<\/div>\n\t\t\t\t<\/div>\n\t\t<div class=\"elementor-element elementor-element-8730930 e-flex e-con-boxed e-con e-parent\" data-id=\"8730930\" data-element_type=\"container\" data-e-type=\"container\">\n\t\t\t\t\t<div class=\"e-con-inner\">\n\t\t\t\t<div class=\"elementor-element elementor-element-4d61d3e elementor-widget elementor-widget-spacer\" data-id=\"4d61d3e\" data-element_type=\"widget\" data-e-type=\"widget\" data-widget_type=\"spacer.default\">\n\t\t\t\t\t\t\t<div class=\"elementor-spacer\">\n\t\t\t<div class=\"elementor-spacer-inner\"><\/div>\n\t\t<\/div>\n\t\t\t\t\t\t<\/div>\n\t\t\t\t\t<\/div>\n\t\t\t\t<\/div>\n\t\t\t\t<\/div>\n\t\t","protected":false},"excerpt":{"rendered":"<p>Tarjetas de combustible LUKOIL\/TEBOIL: m\u00e1s que pagar en las gasolineras Nuestras tarjetas de combustible no son s\u00f3lo un medio de pago de combustible sin efectivo.Es una herramienta multifuncional para controlar, optimizar y desarrollar tu negocio de transporte. Ayuda a reducir costes, simplificar la log\u00edstica y aumentar la transparencia en todas las etapas. Una gesti\u00f3n eficaz [&hellip;]<\/p>\n","protected":false},"author":1,"featured_media":0,"parent":0,"menu_order":0,"comment_status":"closed","ping_status":"closed","template":"","meta":{"footnotes":""},"class_list":["post-3494","page","type-page","status-publish","hentry"],"_links":{"self":[{"href":"https:\/\/betainvest.ee\/es\/wp-json\/wp\/v2\/pages\/3494","targetHints":{"allow":["GET"]}}],"collection":[{"href":"https:\/\/betainvest.ee\/es\/wp-json\/wp\/v2\/pages"}],"about":[{"href":"https:\/\/betainvest.ee\/es\/wp-json\/wp\/v2\/types\/page"}],"author":[{"embeddable":true,"href":"https:\/\/betainvest.ee\/es\/wp-json\/wp\/v2\/users\/1"}],"replies":[{"embeddable":true,"href":"https:\/\/betainvest.ee\/es\/wp-json\/wp\/v2\/comments?post=3494"}],"version-history":[{"count":1,"href":"https:\/\/betainvest.ee\/es\/wp-json\/wp\/v2\/pages\/3494\/revisions"}],"predecessor-version":[{"id":3495,"href":"https:\/\/betainvest.ee\/es\/wp-json\/wp\/v2\/pages\/3494\/revisions\/3495"}],"wp:attachment":[{"href":"https:\/\/betainvest.ee\/es\/wp-json\/wp\/v2\/media?parent=3494"}],"curies":[{"name":"wp","href":"https:\/\/api.w.org\/{rel}","templated":true}]}}