{"id":3526,"date":"2025-08-04T06:22:54","date_gmt":"2025-08-04T06:22:54","guid":{"rendered":"https:\/\/betainvest.ee\/desglose-del-codigo\/"},"modified":"2025-08-26T13:10:57","modified_gmt":"2025-08-26T13:10:57","slug":"desglose-del-codigo","status":"publish","type":"page","link":"https:\/\/betainvest.ee\/es\/desglose-del-codigo\/","title":{"rendered":"Desglose del c\u00f3digo"},"content":{"rendered":"\t\t<div data-elementor-type=\"wp-page\" data-elementor-id=\"3526\" class=\"elementor elementor-3526\" data-elementor-post-type=\"page\">\n\t\t\t\t<div class=\"elementor-element elementor-element-24ab544 e-flex e-con-boxed e-con e-parent\" data-id=\"24ab544\" data-element_type=\"container\" data-e-type=\"container\">\n\t\t\t\t\t<div class=\"e-con-inner\">\n\t\t\t\t<div class=\"elementor-element elementor-element-fe33106 elementor-widget elementor-widget-image\" data-id=\"fe33106\" data-element_type=\"widget\" data-e-type=\"widget\" data-widget_type=\"image.default\">\n\t\t\t\t\t\t\t\t\t\t\t\t\t\t\t<img fetchpriority=\"high\" decoding=\"async\" width=\"768\" height=\"512\" src=\"https:\/\/betainvest.ee\/wp-content\/uploads\/2025\/08\/transportation-4506971_1280-768x512.webp\" class=\"attachment-medium_large size-medium_large wp-image-1009\" alt=\"\" srcset=\"https:\/\/betainvest.ee\/wp-content\/uploads\/2025\/08\/transportation-4506971_1280-768x512.webp 768w, https:\/\/betainvest.ee\/wp-content\/uploads\/2025\/08\/transportation-4506971_1280-300x200.webp 300w, https:\/\/betainvest.ee\/wp-content\/uploads\/2025\/08\/transportation-4506971_1280-1024x682.webp 1024w, https:\/\/betainvest.ee\/wp-content\/uploads\/2025\/08\/transportation-4506971_1280.webp 1280w\" sizes=\"(max-width: 768px) 100vw, 768px\" \/>\t\t\t\t\t\t\t\t\t\t\t\t\t\t\t<\/div>\n\t\t\t\t<div class=\"elementor-element elementor-element-3d2e7bf elementor-widget elementor-widget-text-editor\" data-id=\"3d2e7bf\" data-element_type=\"widget\" data-e-type=\"widget\" data-widget_type=\"text-editor.default\">\n\t\t\t\t\t\t\t\t\t<h2 data-start=\"317\" data-end=\"376\">Desglose del c\u00f3digo (especificaci\u00f3n resumida)<\/h2><p data-start=\"378\" data-end=\"621\">Al importar mercanc\u00edas al territorio de la <strong data-start=\"412\" data-end=\"456\">Uni\u00f3n Econ\u00f3mica Euroasi\u00e1tica (UEEA<\/strong> ) -Rusia, Bielorrusia, Kazajist\u00e1n y otros pa\u00edses-, es obligatoria <strong data-start=\"529\" data-end=\"581\">la notificaci\u00f3n electr\u00f3nica previa (EAP)<\/strong> a las autoridades aduaneras para cada env\u00edo.<\/p><p data-start=\"623\" data-end=\"741\">Uno de los elementos clave del EPI es la <strong data-start=\"664\" data-end=\"699\">especificaci\u00f3n resumida por c\u00f3digo<\/strong>, el llamado <em data-start=\"717\" data-end=\"738\">\u00abdesglose por c\u00f3digo\u00bb<\/em>.<\/p><h3 data-start=\"748\" data-end=\"782\">Qu\u00e9 incluye el desglose del c\u00f3digo<\/h3><p data-start=\"783\" data-end=\"828\">Para cada tipo de art\u00edculo, debes especificar:<\/p><ul data-start=\"829\" data-end=\"970\"><li data-start=\"829\" data-end=\"852\"><p data-start=\"831\" data-end=\"852\">Nombre del producto<\/p><\/li><li data-start=\"853\" data-end=\"880\"><p data-start=\"855\" data-end=\"880\">C\u00f3digo aduanero (SA)<\/p><\/li><li data-start=\"881\" data-end=\"933\"><p data-start=\"883\" data-end=\"933\">N\u00famero de plazas (paletas) en el veh\u00edculo<\/p><\/li><li data-start=\"934\" data-end=\"956\"><p data-start=\"936\" data-end=\"956\">Peso neto y bruto<\/p><\/li><li data-start=\"957\" data-end=\"970\"><p data-start=\"959\" data-end=\"970\">Coste<\/p><\/li><\/ul><h3 data-start=\"977\" data-end=\"1009\">Por qu\u00e9 puede ser dif\u00edcil<\/h3><p data-start=\"1010\" data-end=\"1075\">Compilar el desglose por c\u00f3digo suele ser dif\u00edcil debido a:<\/p><ul data-start=\"1076\" data-end=\"1261\"><li data-start=\"1076\" data-end=\"1132\"><p data-start=\"1078\" data-end=\"1132\">Documentaci\u00f3n incorrecta o incompleta del proveedor<\/p><\/li><li data-start=\"1133\" data-end=\"1179\"><p data-start=\"1135\" data-end=\"1179\">Embalaje de mercanc\u00edas complejo o no est\u00e1ndar<\/p><\/li><li data-start=\"1180\" data-end=\"1261\"><p data-start=\"1182\" data-end=\"1261\">Particularidades del sistema de informaci\u00f3n concreto a trav\u00e9s del cual se emite el IAE<\/p><\/li><\/ul><h3 data-start=\"1268\" data-end=\"1298\">Por qu\u00e9 elegir Betainvest<\/h3><p data-start=\"1299\" data-end=\"1453\">Tenemos <strong data-start=\"1308\" data-end=\"1324\">amplia experiencia<\/strong> con los documentos aduaneros y sabemos c\u00f3mo preparar la especificaci\u00f3n correcta por c\u00f3digo para evitar retrasos en la frontera.<\/p><p data-start=\"1455\" data-end=\"1490\">Al cooperar con nosotros, obtienes:<\/p><ul data-start=\"1491\" data-end=\"1660\"><li data-start=\"1491\" data-end=\"1522\"><p data-start=\"1493\" data-end=\"1522\"><strong data-start=\"1493\" data-end=\"1520\">C\u00e1lculos precisos y completos<\/strong><\/p><\/li><li data-start=\"1523\" data-end=\"1571\"><p data-start=\"1525\" data-end=\"1571\">Despacho correcto seg\u00fan los requisitos aduaneros<\/p><\/li><li data-start=\"1572\" data-end=\"1609\"><p data-start=\"1574\" data-end=\"1609\">Minimizar los riesgos de retraso de la carga<\/p><\/li><li data-start=\"1610\" data-end=\"1660\"><p data-start=\"1612\" data-end=\"1660\">Apoyo en todas las fases de preparaci\u00f3n del documento<\/p><\/li><\/ul><p data-start=\"1667\" data-end=\"1813\">\ud83d\udcde <strong data-start=\"1670\" data-end=\"1696\">Ponte en contacto con Betainvest<\/strong> y haremos el desglose de c\u00f3digos para tu env\u00edo de forma r\u00e1pida, competente y cumpliendo todos los requisitos aduaneros.<\/p>\t\t\t\t\t\t\t\t<\/div>\n\t\t\t\t<div class=\"elementor-element elementor-element-f7a8888 elementor-align-center elementor-widget elementor-widget-button\" data-id=\"f7a8888\" data-element_type=\"widget\" data-e-type=\"widget\" data-widget_type=\"button.default\">\n\t\t\t\t\t\t\t\t\t\t<a class=\"elementor-button elementor-button-link elementor-size-sm\" href=\"#\">\n\t\t\t\t\t\t<span class=\"elementor-button-content-wrapper\">\n\t\t\t\t\t\t\t\t\t<span class=\"elementor-button-text\">Pulsa aqu\u00ed<\/span>\n\t\t\t\t\t<\/span>\n\t\t\t\t\t<\/a>\n\t\t\t\t\t\t\t\t<\/div>\n\t\t\t\t\t<\/div>\n\t\t\t\t<\/div>\n\t\t\t\t<\/div>\n\t\t","protected":false},"excerpt":{"rendered":"<p>Desglose del c\u00f3digo (especificaci\u00f3n resumida) Al importar mercanc\u00edas al territorio de la Uni\u00f3n Econ\u00f3mica Euroasi\u00e1tica (UEEA ) -Rusia, Bielorrusia, Kazajist\u00e1n y otros pa\u00edses-, es obligatoria la notificaci\u00f3n electr\u00f3nica previa (EAP) a las autoridades aduaneras para cada env\u00edo. Uno de los elementos clave del EPI es la especificaci\u00f3n resumida por c\u00f3digo, el llamado \u00abdesglose por c\u00f3digo\u00bb. [&hellip;]<\/p>\n","protected":false},"author":1,"featured_media":0,"parent":0,"menu_order":0,"comment_status":"closed","ping_status":"closed","template":"","meta":{"footnotes":""},"class_list":["post-3526","page","type-page","status-publish","hentry"],"_links":{"self":[{"href":"https:\/\/betainvest.ee\/es\/wp-json\/wp\/v2\/pages\/3526","targetHints":{"allow":["GET"]}}],"collection":[{"href":"https:\/\/betainvest.ee\/es\/wp-json\/wp\/v2\/pages"}],"about":[{"href":"https:\/\/betainvest.ee\/es\/wp-json\/wp\/v2\/types\/page"}],"author":[{"embeddable":true,"href":"https:\/\/betainvest.ee\/es\/wp-json\/wp\/v2\/users\/1"}],"replies":[{"embeddable":true,"href":"https:\/\/betainvest.ee\/es\/wp-json\/wp\/v2\/comments?post=3526"}],"version-history":[{"count":1,"href":"https:\/\/betainvest.ee\/es\/wp-json\/wp\/v2\/pages\/3526\/revisions"}],"predecessor-version":[{"id":3527,"href":"https:\/\/betainvest.ee\/es\/wp-json\/wp\/v2\/pages\/3526\/revisions\/3527"}],"wp:attachment":[{"href":"https:\/\/betainvest.ee\/es\/wp-json\/wp\/v2\/media?parent=3526"}],"curies":[{"name":"wp","href":"https:\/\/api.w.org\/{rel}","templated":true}]}}