{"id":3542,"date":"2025-08-04T06:22:53","date_gmt":"2025-08-04T06:22:53","guid":{"rendered":"https:\/\/betainvest.ee\/las-aduanas-garantizan-la-seguridad-rusia\/"},"modified":"2025-08-26T13:11:09","modified_gmt":"2025-08-26T13:11:09","slug":"las-aduanas-garantizan-la-seguridad-rusia","status":"publish","type":"page","link":"https:\/\/betainvest.ee\/es\/las-aduanas-garantizan-la-seguridad-rusia\/","title":{"rendered":"Las aduanas garantizan la seguridad &#8211; Rusia"},"content":{"rendered":"\t\t<div data-elementor-type=\"wp-page\" data-elementor-id=\"3542\" class=\"elementor elementor-3542 elementor-29\" data-elementor-post-type=\"page\">\n\t\t\t\t<div class=\"elementor-element elementor-element-f6c17ee e-flex e-con-boxed e-con e-parent\" data-id=\"f6c17ee\" data-element_type=\"container\" data-e-type=\"container\">\n\t\t\t\t\t<div class=\"e-con-inner\">\n\t\t\t\t<div class=\"elementor-element elementor-element-5962973 elementor-widget elementor-widget-image\" data-id=\"5962973\" data-element_type=\"widget\" data-e-type=\"widget\" data-widget_type=\"image.default\">\n\t\t\t\t\t\t\t\t\t\t\t\t\t\t\t<img decoding=\"async\" width=\"300\" height=\"158\" src=\"https:\/\/betainvest.ee\/wp-content\/uploads\/2025\/08\/\u043c\u0435\u0436\u0434\u0443\u043d\u0430\u0440\u043e\u0434\u043d\u044b\u0435-\u0433\u0440\u0443\u0437\u044b-1-300x158.jpg\" class=\"attachment-medium size-medium wp-image-3543\" alt=\"\" srcset=\"https:\/\/betainvest.ee\/wp-content\/uploads\/2025\/08\/\u043c\u0435\u0436\u0434\u0443\u043d\u0430\u0440\u043e\u0434\u043d\u044b\u0435-\u0433\u0440\u0443\u0437\u044b-1-300x158.jpg 300w, https:\/\/betainvest.ee\/wp-content\/uploads\/2025\/08\/\u043c\u0435\u0436\u0434\u0443\u043d\u0430\u0440\u043e\u0434\u043d\u044b\u0435-\u0433\u0440\u0443\u0437\u044b-1.jpg 612w\" sizes=\"(max-width: 300px) 100vw, 300px\" \/>\t\t\t\t\t\t\t\t\t\t\t\t\t\t\t<\/div>\n\t\t\t\t<div class=\"elementor-element elementor-element-21091ab elementor-widget elementor-widget-text-editor\" data-id=\"21091ab\" data-element_type=\"widget\" data-e-type=\"widget\" data-widget_type=\"text-editor.default\">\n\t\t\t\t\t\t\t\t\t<p><strong>Registro y constituci\u00f3n de una garant\u00eda para el pago de derechos de aduana y tasas cuando las mercanc\u00edas transiten por el territorio de la Federaci\u00f3n Rusa.<\/strong><\/p><ul><li>En el territorio de la Federaci\u00f3n Rusa, que es miembro de la Uni\u00f3n Econ\u00f3mica Euroasi\u00e1tica (UEEA), se aplica el r\u00e9gimen de tr\u00e1nsito aduanero al transporte de mercanc\u00edas extranjeras.<br>El transportista o el propietario de la carga est\u00e1n obligados a proporcionar una garant\u00eda para el pago de los derechos y tasas de aduana.<br>Una de las formas de proporcionar dicha garant\u00eda es un <strong>aval<\/strong>, que proporciona <strong>Declarant Online<\/strong>.<\/li><li>El servicio de fianza es una soluci\u00f3n c\u00f3moda para todo el periodo de tr\u00e1nsito de la carga, que permite prescindir de inmovilizar el capital circulante de la empresa, obtener un aval bancario o pignorar bienes.<br>Hoy en d\u00eda, la fianza de pago de los derechos de aduana puede emitirse en forma de <strong>certificado electr\u00f3nico<\/strong>.<\/li><li>Esta es la forma m\u00e1s moderna, c\u00f3moda y fiable que puedes aplicar f\u00e1cilmente con nuestro apoyo.<\/li><\/ul><p> <\/p><p><strong>Documentos necesarios para el registro de la garant\u00eda en la Federaci\u00f3n Rusa<\/strong><\/p><table><thead><tr><td><p><strong>T\u00edtulo del documento<\/strong><\/p><\/td><td><p><strong>Descripci\u00f3n<\/strong><\/p><\/td><\/tr><\/thead><tbody><tr><td><p>CMR<\/p><\/td><td><p>Carta de porte internacional<\/p><\/td><\/tr><tr><td><p>Factura (Factura)<\/p><\/td><td><p>Factura comercial<\/p><\/td><\/tr><tr><td><p>Lista de embalaje<\/p><\/td><td><p>Lista de paquetes<\/p><\/td><\/tr><tr><td><p>Fichas t\u00e9cnicas<\/p><\/td><td><p>Documentos t\u00e9cnicos del veh\u00edculo y del remolque<\/p><\/td><\/tr><tr><td><p>Pasaporte del conductor<\/p><\/td><td><p>Pasaporte del conductor<\/p><\/td><\/tr><tr><td><p>Cuaderno TIR (si procede)<\/p><\/td><td><p>Para el transporte internacional por carretera<\/p><\/td><\/tr><tr><td><p>Especificaci\u00f3n (si es necesario)<\/p><\/td><td><p>Especificaci\u00f3n de los c\u00f3digos TN VED, valor y peso<\/p><\/td><\/tr><tr><td><p>Certificado de Transportista Aduanero<\/p><p> <\/p><\/td><td><p>En presencia de<\/p><\/td><\/tr><\/tbody><\/table><p> <\/p><p><strong>Adem\u00e1s, debes especificar:<\/strong><\/p><ul><li data-start=\"4243\" data-end=\"4280\">Nombre del paso fronterizo<\/li><li data-start=\"4283\" data-end=\"4309\">N\u00famero de m\u00f3vil del conductor<\/li><li data-start=\"4312\" data-end=\"4354\">Hora estimada de llegada a la frontera<\/li><\/ul>\t\t\t\t\t\t\t\t<\/div>\n\t\t\t\t\t<\/div>\n\t\t\t\t<\/div>\n\t\t\t\t<\/div>\n\t\t","protected":false},"excerpt":{"rendered":"<p>Registro y constituci\u00f3n de una garant\u00eda para el pago de derechos de aduana y tasas cuando las mercanc\u00edas transiten por el territorio de la Federaci\u00f3n Rusa. En el territorio de la Federaci\u00f3n Rusa, que es miembro de la Uni\u00f3n Econ\u00f3mica Euroasi\u00e1tica (UEEA), se aplica el r\u00e9gimen de tr\u00e1nsito aduanero al transporte de mercanc\u00edas extranjeras.El transportista [&hellip;]<\/p>\n","protected":false},"author":1,"featured_media":0,"parent":0,"menu_order":0,"comment_status":"closed","ping_status":"closed","template":"","meta":{"footnotes":""},"class_list":["post-3542","page","type-page","status-publish","hentry"],"_links":{"self":[{"href":"https:\/\/betainvest.ee\/es\/wp-json\/wp\/v2\/pages\/3542","targetHints":{"allow":["GET"]}}],"collection":[{"href":"https:\/\/betainvest.ee\/es\/wp-json\/wp\/v2\/pages"}],"about":[{"href":"https:\/\/betainvest.ee\/es\/wp-json\/wp\/v2\/types\/page"}],"author":[{"embeddable":true,"href":"https:\/\/betainvest.ee\/es\/wp-json\/wp\/v2\/users\/1"}],"replies":[{"embeddable":true,"href":"https:\/\/betainvest.ee\/es\/wp-json\/wp\/v2\/comments?post=3542"}],"version-history":[{"count":1,"href":"https:\/\/betainvest.ee\/es\/wp-json\/wp\/v2\/pages\/3542\/revisions"}],"predecessor-version":[{"id":3545,"href":"https:\/\/betainvest.ee\/es\/wp-json\/wp\/v2\/pages\/3542\/revisions\/3545"}],"wp:attachment":[{"href":"https:\/\/betainvest.ee\/es\/wp-json\/wp\/v2\/media?parent=3542"}],"curies":[{"name":"wp","href":"https:\/\/api.w.org\/{rel}","templated":true}]}}