{"id":3656,"date":"2025-08-04T06:22:53","date_gmt":"2025-08-04T06:22:53","guid":{"rendered":"https:\/\/betainvest.ee\/notificacion-electronica-previa-rusia\/"},"modified":"2025-08-26T13:11:34","modified_gmt":"2025-08-26T13:11:34","slug":"notificacion-electronica-previa-rusia","status":"publish","type":"page","link":"https:\/\/betainvest.ee\/es\/notificacion-electronica-previa-rusia\/","title":{"rendered":"Notificaci\u00f3n electr\u00f3nica previa &#8211; Rusia"},"content":{"rendered":"\t\t<div data-elementor-type=\"wp-page\" data-elementor-id=\"3656\" class=\"elementor elementor-3656 elementor-31\" data-elementor-post-type=\"page\">\n\t\t\t\t<div class=\"elementor-element elementor-element-04fbe4e e-flex e-con-boxed e-con e-parent\" data-id=\"04fbe4e\" data-element_type=\"container\" data-e-type=\"container\">\n\t\t\t\t\t<div class=\"e-con-inner\">\n\t\t\t\t<div class=\"elementor-element elementor-element-9de79b3 elementor-widget elementor-widget-text-editor\" data-id=\"9de79b3\" data-element_type=\"widget\" data-e-type=\"widget\" data-widget_type=\"text-editor.default\">\n\t\t\t\t\t\t\t\t\t<p><u>Formalizaci\u00f3n Electr\u00f3nica de la Informaci\u00f3n Preliminar (EPI) en el territorio de la Federaci\u00f3n Rusa<\/u><\/p><p>La notificaci\u00f3n electr\u00f3nica previa a las autoridades aduaneras (EAPI) es obligatoria desde junio de 2012, en virtud de la Decisi\u00f3n n\u00ba 899 de la Comisi\u00f3n de la Uni\u00f3n Aduanera \u00abSobre la introducci\u00f3n de la notificaci\u00f3n previa obligatoria de las mercanc\u00edas importadas en el territorio aduanero de la Uni\u00f3n Aduanera por transporte por carretera\u00bb. Las autoridades aduaneras reciben una notificaci\u00f3n previa, con al menos 2 horas de antelaci\u00f3n, con informaci\u00f3n detallada sobre el transporte y las mercanc\u00edas que se importan en el territorio de la Uni\u00f3n Econ\u00f3mica Euroasi\u00e1tica (UEEA). Las aduanas asignan un n\u00famero de identificaci\u00f3n del transporte a la solicitud como confirmaci\u00f3n.  <\/p><p>La norma se introdujo para facilitar el proceso de despacho y control aduanero y aumentar la capacidad de los puestos de control en la frontera estatal de la Federaci\u00f3n Rusa.<\/p><p>Pero no hace falta que te metas en los matices del registro, Betainvest se ocupar\u00e1 de ellos. Elaboraremos para ti el EPI mediante solicitud electr\u00f3nica y enviaremos el n\u00famero al tel\u00e9fono del conductor inmediatamente. Despu\u00e9s de eso, el conductor llegar\u00e1 al punto de control aduanero, presentar\u00e1 el n\u00famero de identificaci\u00f3n e inmediatamente comenzar\u00e1 la tramitaci\u00f3n de la carga.  <\/p><p>Documentos necesarios para el registro del EPI &#8211; RF:<\/p><table width=\"100%\"><tbody><tr><td><p><strong>T\u00edtulo<\/strong><\/p><\/td><td><p><strong>Descripci\u00f3n<\/strong><\/p><\/td><\/tr><tr><td><p>TIR<\/p><\/td><td><p>Cuaderno TIR (Transporte Internacional por Carretera)<\/p><\/td><\/tr><tr><td><p>CMR<\/p><\/td><td><p>Carta de porte internacional<\/p><\/td><\/tr><tr><td><p>FACTURA<\/p><\/td><td><p>Factura<\/p><\/td><\/tr><tr><td><p>Lista de embalaje<\/p><\/td><td><p>Lista de embalaje<\/p><\/td><\/tr><tr><td><p>Fichas t\u00e9cnicas <\/p><\/td><td><p>Pasaportes t\u00e9cnicos del veh\u00edculo y del remolque<\/p><\/td><\/tr><tr><td><p>Pasaporte del conductor<\/p><\/td><td><p> <\/p><\/td><\/tr><\/tbody><\/table><p>Se necesita informaci\u00f3n adicional:<\/p><ul><li>nombre del paso fronterizo<\/li><li>n\u00famero de contacto del tel\u00e9fono m\u00f3vil del conductor<\/li><li>hora aproximada en la que el conductor estar\u00e1 en la frontera<\/li><\/ul>\t\t\t\t\t\t\t\t<\/div>\n\t\t\t\t\t<\/div>\n\t\t\t\t<\/div>\n\t\t<div class=\"elementor-element elementor-element-7a3c914 e-flex e-con-boxed e-con e-parent\" data-id=\"7a3c914\" data-element_type=\"container\" data-e-type=\"container\">\n\t\t\t\t\t<div class=\"e-con-inner\">\n\t\t\t\t<div class=\"elementor-element elementor-element-74eef4f elementor-widget elementor-widget-spacer\" data-id=\"74eef4f\" data-element_type=\"widget\" data-e-type=\"widget\" data-widget_type=\"spacer.default\">\n\t\t\t\t\t\t\t<div class=\"elementor-spacer\">\n\t\t\t<div class=\"elementor-spacer-inner\"><\/div>\n\t\t<\/div>\n\t\t\t\t\t\t<\/div>\n\t\t\t\t\t<\/div>\n\t\t\t\t<\/div>\n\t\t\t\t<\/div>\n\t\t","protected":false},"excerpt":{"rendered":"<p>Formalizaci\u00f3n Electr\u00f3nica de la Informaci\u00f3n Preliminar (EPI) en el territorio de la Federaci\u00f3n Rusa La notificaci\u00f3n electr\u00f3nica previa a las autoridades aduaneras (EAPI) es obligatoria desde junio de 2012, en virtud de la Decisi\u00f3n n\u00ba 899 de la Comisi\u00f3n de la Uni\u00f3n Aduanera \u00abSobre la introducci\u00f3n de la notificaci\u00f3n previa obligatoria de las mercanc\u00edas importadas [&hellip;]<\/p>\n","protected":false},"author":1,"featured_media":0,"parent":0,"menu_order":0,"comment_status":"closed","ping_status":"closed","template":"","meta":{"footnotes":""},"class_list":["post-3656","page","type-page","status-publish","hentry"],"_links":{"self":[{"href":"https:\/\/betainvest.ee\/es\/wp-json\/wp\/v2\/pages\/3656","targetHints":{"allow":["GET"]}}],"collection":[{"href":"https:\/\/betainvest.ee\/es\/wp-json\/wp\/v2\/pages"}],"about":[{"href":"https:\/\/betainvest.ee\/es\/wp-json\/wp\/v2\/types\/page"}],"author":[{"embeddable":true,"href":"https:\/\/betainvest.ee\/es\/wp-json\/wp\/v2\/users\/1"}],"replies":[{"embeddable":true,"href":"https:\/\/betainvest.ee\/es\/wp-json\/wp\/v2\/comments?post=3656"}],"version-history":[{"count":1,"href":"https:\/\/betainvest.ee\/es\/wp-json\/wp\/v2\/pages\/3656\/revisions"}],"predecessor-version":[{"id":3657,"href":"https:\/\/betainvest.ee\/es\/wp-json\/wp\/v2\/pages\/3656\/revisions\/3657"}],"wp:attachment":[{"href":"https:\/\/betainvest.ee\/es\/wp-json\/wp\/v2\/media?parent=3656"}],"curies":[{"name":"wp","href":"https:\/\/api.w.org\/{rel}","templated":true}]}}