{"id":3668,"date":"2025-08-04T06:22:53","date_gmt":"2025-08-04T06:22:53","guid":{"rendered":"https:\/\/betainvest.ee\/declaracion-electronica-de-transito-rusia\/"},"modified":"2025-08-26T13:11:35","modified_gmt":"2025-08-26T13:11:35","slug":"declaracion-electronica-de-transito-rusia","status":"publish","type":"page","link":"https:\/\/betainvest.ee\/es\/declaracion-electronica-de-transito-rusia\/","title":{"rendered":"Declaraci\u00f3n electr\u00f3nica de tr\u00e1nsito &#8211; Rusia"},"content":{"rendered":"\t\t<div data-elementor-type=\"wp-page\" data-elementor-id=\"3668\" class=\"elementor elementor-3668 elementor-30\" data-elementor-post-type=\"page\">\n\t\t\t\t<div class=\"elementor-element elementor-element-31ab442 e-flex e-con-boxed e-con e-parent\" data-id=\"31ab442\" data-element_type=\"container\" data-e-type=\"container\">\n\t\t\t\t\t<div class=\"e-con-inner\">\n\t\t\t\t<div class=\"elementor-element elementor-element-6c3b075 elementor-widget elementor-widget-text-editor\" data-id=\"6c3b075\" data-element_type=\"widget\" data-e-type=\"widget\" data-widget_type=\"text-editor.default\">\n\t\t\t\t\t\t\t\t\t<p><u>Declaraci\u00f3n electr\u00f3nica de tr\u00e1nsito (DTE) en el territorio de la Federaci\u00f3n Rusa<\/u><\/p><p>Desde marzo de 2017, los transportistas internacionales de mercanc\u00edas por carretera que transportan mercanc\u00edas extranjeras por el territorio de la Federaci\u00f3n Rusa est\u00e1n obligados a presentar las declaraciones de tr\u00e1nsito \u00fanicamente en formato electr\u00f3nico. A partir de ese momento, entr\u00f3 en vigor la Orden n\u00ba 144n del Ministerio de Finanzas de la Federaci\u00f3n Rusa \u00abSobre la aprobaci\u00f3n del procedimiento para el uso del Sistema de Informaci\u00f3n Automatizado Unificado de las Autoridades Aduaneras en el Control Aduanero, la Declaraci\u00f3n Aduanera y el Despacho (Denegaci\u00f3n de Despacho) de Mercanc\u00edas Colocadas en R\u00e9gimen Aduanero de Tr\u00e1nsito Aduanero en Forma Electr\u00f3nica\u00bb. <\/p><p>La declaraci\u00f3n de tr\u00e1nsito electr\u00f3nica se presenta utilizando la firma electr\u00f3nica del representante aduanero.<\/p><p>Betainvest ofrece un servicio 24\/7 de declaraci\u00f3n de tr\u00e1nsito electr\u00f3nica (ETD) para tu carga. Tenemos todo lo que necesitas, incluido software especial, y, lo que es m\u00e1s importante, experiencia acumulada en la tramitaci\u00f3n de ETD. <\/p><p>Documentos necesarios para la ejecuci\u00f3n de las ETD:<\/p><table width=\"100%\"><tbody><tr><td><p><strong>T\u00edtulo<\/strong><\/p><\/td><td><p><strong>Descripci\u00f3n<\/strong><\/p><\/td><\/tr><tr><td><p>CMR<\/p><\/td><td><p>  Carta de porte internacional<\/p><\/td><\/tr><tr><td><p>FACTURA<\/p><\/td><td><p>Factura<\/p><\/td><\/tr><tr><td><p>Lista de embalaje<\/p><\/td><td><p>Lista de embalaje<\/p><\/td><\/tr><tr><td><p>Fichas t\u00e9cnicas <\/p><\/td><td><p>Pasaportes t\u00e9cnicos del veh\u00edculo y del remolque<\/p><\/td><\/tr><tr><td><p>Pasaporte del conductor<\/p><\/td><td><p> <\/p><\/td><\/tr><tr><td><p>Especificaci\u00f3n (seg\u00fan sea necesario)<\/p><\/td><td><p>Indicaci\u00f3n de los c\u00f3digos TN VED y desglose por valor y peso<\/p><\/td><\/tr><tr><td><p>Certificado del transportista aduanero<\/p><\/td><td><p>En presencia de<\/p><\/td><\/tr><\/tbody><\/table><p><strong>Se necesita informaci\u00f3n adicional:<\/strong><\/p><ul><li>nombre del paso fronterizo<\/li><li>n\u00famero de contacto del tel\u00e9fono m\u00f3vil del conductor<\/li><li>hora aproximada en la que el conductor estar\u00e1 en la frontera<\/li><\/ul>\t\t\t\t\t\t\t\t<\/div>\n\t\t\t\t\t<\/div>\n\t\t\t\t<\/div>\n\t\t\t\t<\/div>\n\t\t","protected":false},"excerpt":{"rendered":"<p>Declaraci\u00f3n electr\u00f3nica de tr\u00e1nsito (DTE) en el territorio de la Federaci\u00f3n Rusa Desde marzo de 2017, los transportistas internacionales de mercanc\u00edas por carretera que transportan mercanc\u00edas extranjeras por el territorio de la Federaci\u00f3n Rusa est\u00e1n obligados a presentar las declaraciones de tr\u00e1nsito \u00fanicamente en formato electr\u00f3nico. A partir de ese momento, entr\u00f3 en vigor la [&hellip;]<\/p>\n","protected":false},"author":1,"featured_media":0,"parent":0,"menu_order":0,"comment_status":"closed","ping_status":"closed","template":"","meta":{"footnotes":""},"class_list":["post-3668","page","type-page","status-publish","hentry"],"_links":{"self":[{"href":"https:\/\/betainvest.ee\/es\/wp-json\/wp\/v2\/pages\/3668","targetHints":{"allow":["GET"]}}],"collection":[{"href":"https:\/\/betainvest.ee\/es\/wp-json\/wp\/v2\/pages"}],"about":[{"href":"https:\/\/betainvest.ee\/es\/wp-json\/wp\/v2\/types\/page"}],"author":[{"embeddable":true,"href":"https:\/\/betainvest.ee\/es\/wp-json\/wp\/v2\/users\/1"}],"replies":[{"embeddable":true,"href":"https:\/\/betainvest.ee\/es\/wp-json\/wp\/v2\/comments?post=3668"}],"version-history":[{"count":1,"href":"https:\/\/betainvest.ee\/es\/wp-json\/wp\/v2\/pages\/3668\/revisions"}],"predecessor-version":[{"id":3669,"href":"https:\/\/betainvest.ee\/es\/wp-json\/wp\/v2\/pages\/3668\/revisions\/3669"}],"wp:attachment":[{"href":"https:\/\/betainvest.ee\/es\/wp-json\/wp\/v2\/media?parent=3668"}],"curies":[{"name":"wp","href":"https:\/\/api.w.org\/{rel}","templated":true}]}}