{"id":3685,"date":"2025-08-04T06:22:53","date_gmt":"2025-08-04T06:22:53","guid":{"rendered":"https:\/\/betainvest.ee\/aduanas-transito\/"},"modified":"2025-08-26T13:11:46","modified_gmt":"2025-08-26T13:11:46","slug":"aduanas-transito","status":"publish","type":"page","link":"https:\/\/betainvest.ee\/es\/aduanas-transito\/","title":{"rendered":"Aduanas\/Tr\u00e1nsito"},"content":{"rendered":"\t\t<div data-elementor-type=\"wp-page\" data-elementor-id=\"3685\" class=\"elementor elementor-3685 elementor-36\" data-elementor-post-type=\"page\">\n\t\t\t\t<div class=\"elementor-element elementor-element-f0fdc7d e-flex e-con-boxed e-con e-parent\" data-id=\"f0fdc7d\" data-element_type=\"container\" data-e-type=\"container\">\n\t\t\t\t\t<div class=\"e-con-inner\">\n\t\t\t\t<div class=\"elementor-element elementor-element-32df0b6 elementor-widget elementor-widget-spacer\" data-id=\"32df0b6\" data-element_type=\"widget\" data-e-type=\"widget\" data-widget_type=\"spacer.default\">\n\t\t\t\t\t\t\t<div class=\"elementor-spacer\">\n\t\t\t<div class=\"elementor-spacer-inner\"><\/div>\n\t\t<\/div>\n\t\t\t\t\t\t<\/div>\n\t\t\t\t<div class=\"elementor-element elementor-element-2876786 elementor-widget elementor-widget-text-editor\" data-id=\"2876786\" data-element_type=\"widget\" data-e-type=\"widget\" data-widget_type=\"text-editor.default\">\n\t\t\t\t\t\t\t\t\t<p class=\"p1\"><span class=\"s1\"><b>Nuestra empresa<\/b><\/span> proporciona a los transportistas turcos un apoyo completo a la carga durante el tr\u00e1nsito por Rusia y Bielorrusia.<\/p><p class=\"p1\">Nos ocupamos de todos los tr\u00e1mites, te ahorramos tiempo y dinero, y te garantizamos seguridad y transparencia en cada etapa.<\/p><hr><h2><b>\u23f1 Ahorro de tiempo<\/b><\/h2><ul><li><p class=\"p1\">Todos los documentos para el tr\u00e1nsito se preparan con antelaci\u00f3n, incluso antes de llegar a la frontera.<\/p><\/li><li><p class=\"p1\">Los conductores no tienen que buscar ni esperar nada al inscribirse.<\/p><\/li><li><p class=\"p1\">Cruzar la frontera lleva un tiempo m\u00ednimo.<\/p><\/li><li><p class=\"p1\">Se consigue el m\u00e1ximo ahorro tanto en el pago de comisiones como en la eliminaci\u00f3n de p\u00e9rdidas por diferencias de cambio.<\/p><\/li><\/ul><hr><h2><b>\u2705 Garant\u00edas y transparencia<\/b><\/h2><ul><li><p class=\"p1\">Todos los veh\u00edculos est\u00e1n asegurados y registrados en el sistema <span class=\"s1\"><b>\u00abPlaton<\/b><\/span>.<\/p><\/li><li><p class=\"p1\">Todas las tasas y cargos se pagan antes de llegar a la frontera.<\/p><\/li><li><p class=\"p1\">Los conductores reciben un paquete completo de documentos y cartas de garant\u00eda.<\/p><\/li><li><p class=\"p1\">Nos aseguramos de que todos los tr\u00e1mites aduaneros se realicen de forma fiable.<\/p><\/li><\/ul><hr><h2><b>\ud83d\udcb3 C\u00e1lculos c\u00f3modos y familiares<\/b><\/h2><ul><li><p class=\"p1\">Las empresas turcas pagan los servicios en liras turcas, de cuenta a cuenta.<\/p><\/li><li><p class=\"p1\">Convertimos los fondos y pagamos todos los gastos en rublos y rublos bielorrusos al tipo de cambio oficial del Banco Central de Turqu\u00eda.<\/p><\/li><li><p class=\"p1\">Recibes facturas y documentos de cierre: los gastos oficiales registrados en el departamento de contabilidad.<\/p><\/li><\/ul><hr><h2><b>\ud83d\ude9b Optimizar tu vuelo de vuelta<\/b><\/h2><ul><li><p class=\"p1\">Recogemos los env\u00edos de vuelta a Rusia de los coches turcos para que no vuelvan vac\u00edos.<\/p><\/li><li><p class=\"p1\">Esto reduce los costes de combustible y genera ingresos adicionales.<\/p><\/li><li><p class=\"p1\">Los pagos de los cargadores rusos los recibimos en rublos y se utilizan para las liquidaciones con los transportistas sin p\u00e9rdidas por conversi\u00f3n.<\/p><\/li><\/ul><hr><h2><b>\ud83d\udd12 Seguridad y control<\/b><\/h2><ul><li><p class=\"p1\">Para las mercanc\u00edas valiosas organizamos escolta con guardias armados.<\/p><\/li><li><p class=\"p1\">Garantizamos la entrega en tu destino sin inspecciones ni retrasos.<\/p><\/li><\/ul><hr><h2><b>\ud83d\udccd Log\u00edstica y rutas<\/b><\/h2><ul><li><p class=\"p1\">Principales \u00e1reas de inter\u00e9s: Puntos de control <span class=\"s1\"><b>Lars<\/b><\/span> (Georgia-Rusia) y cruce del territorio de Azerbaiy\u00e1n (<span class=\"s1\"><b>Samur<\/b><\/span>).<\/p><\/li><li><p class=\"p1\">Cuando llegan los conductores, todo el papeleo est\u00e1 listo.<\/p><\/li><li><p class=\"p1\">Por el camino, los veh\u00edculos pueden repostar y utilizar los servicios de carretera con nuestras tarjetas de combustible, pagando en liras turcas.<\/p><\/li><\/ul><hr><h2><b>\ud83c\udfaf Lo que reciben los socios turcos<\/b><\/h2><ul><li><p class=\"p1\">Tr\u00e1nsito r\u00e1pido y garantizado.<\/p><\/li><li><p class=\"p1\">Minimiza la burocracia y los riesgos monetarios.<\/p><\/li><li><p class=\"p1\">Importantes reducciones de costes.<\/p><\/li><li><p class=\"p1\">Ingresos adicionales mediante vuelos de ida y vuelta.<\/p><\/li><li><p class=\"p1\">Formalizaci\u00f3n de todos los gastos.<\/p><\/li><li><p class=\"p1\">M\u00e1xima seguridad durante el transporte.<\/p><\/li><\/ul><hr><h2><b>\ud83e\udd1d Conclusi\u00f3n<\/b><\/h2><p class=\"p1\">Al cooperar con nuestra empresa, los transportistas turcos obtienen <span class=\"s1\"><b>un socio fiable<\/b><\/span> para los transportes en tr\u00e1nsito. Emitimos todos los documentos, controlamos los pagos, acompa\u00f1amos las cargas y seleccionamos las cargas de retorno. <\/p><p class=\"p1\">\ud83d\udc49 Nosotros nos ocupamos de las molestias: t\u00fa ahorras tiempo, dinero y recursos.<\/p><p class=\"p1\">\u00a1Ponte en contacto con nosotros hoy mismo para discutir los detalles y empezar a colaborar!<\/p>\t\t\t\t\t\t\t\t<\/div>\n\t\t\t\t\t<\/div>\n\t\t\t\t<\/div>\n\t\t<div class=\"elementor-element elementor-element-f3e9a33 e-flex e-con-boxed e-con e-parent\" data-id=\"f3e9a33\" data-element_type=\"container\" data-e-type=\"container\">\n\t\t\t\t\t<div class=\"e-con-inner\">\n\t\t\t\t<div class=\"elementor-element elementor-element-3ec3f99 elementor-widget elementor-widget-spacer\" data-id=\"3ec3f99\" data-element_type=\"widget\" data-e-type=\"widget\" data-widget_type=\"spacer.default\">\n\t\t\t\t\t\t\t<div class=\"elementor-spacer\">\n\t\t\t<div class=\"elementor-spacer-inner\"><\/div>\n\t\t<\/div>\n\t\t\t\t\t\t<\/div>\n\t\t\t\t<div class=\"elementor-element elementor-element-5478356 elementor-button-info elementor-align-center elementor-widget elementor-widget-button\" data-id=\"5478356\" data-element_type=\"widget\" data-e-type=\"widget\" data-widget_type=\"button.default\">\n\t\t\t\t\t\t\t\t\t\t<a class=\"elementor-button elementor-button-link elementor-size-sm elementor-animation-grow\" href=\"https:\/\/betainvest.ee\/es\/contactos\/\">\n\t\t\t\t\t\t<span class=\"elementor-button-content-wrapper\">\n\t\t\t\t\t\t\t\t\t<span class=\"elementor-button-text\">Pulsa aqu\u00ed<\/span>\n\t\t\t\t\t<\/span>\n\t\t\t\t\t<\/a>\n\t\t\t\t\t\t\t\t<\/div>\n\t\t\t\t<div class=\"elementor-element elementor-element-b25e413 elementor-widget elementor-widget-spacer\" data-id=\"b25e413\" data-element_type=\"widget\" data-e-type=\"widget\" data-widget_type=\"spacer.default\">\n\t\t\t\t\t\t\t<div class=\"elementor-spacer\">\n\t\t\t<div class=\"elementor-spacer-inner\"><\/div>\n\t\t<\/div>\n\t\t\t\t\t\t<\/div>\n\t\t\t\t\t<\/div>\n\t\t\t\t<\/div>\n\t\t<div class=\"elementor-element elementor-element-9184d1a e-flex e-con-boxed e-con e-parent\" data-id=\"9184d1a\" data-element_type=\"container\" data-e-type=\"container\">\n\t\t\t\t\t<div class=\"e-con-inner\">\n\t\t\t\t<div class=\"elementor-element elementor-element-40dd37a elementor-widget-divider--view-line elementor-widget elementor-widget-divider\" data-id=\"40dd37a\" data-element_type=\"widget\" data-e-type=\"widget\" data-widget_type=\"divider.default\">\n\t\t\t\t\t\t\t<div class=\"elementor-divider\">\n\t\t\t<span class=\"elementor-divider-separator\">\n\t\t\t\t\t\t<\/span>\n\t\t<\/div>\n\t\t\t\t\t\t<\/div>\n\t\t\t\t\t<\/div>\n\t\t\t\t<\/div>\n\t\t\t\t<\/div>\n\t\t","protected":false},"excerpt":{"rendered":"<p>Nuestra empresa proporciona a los transportistas turcos un apoyo completo a la carga durante el tr\u00e1nsito por Rusia y Bielorrusia. Nos ocupamos de todos los tr\u00e1mites, te ahorramos tiempo y dinero, y te garantizamos seguridad y transparencia en cada etapa. \u23f1 Ahorro de tiempo Todos los documentos para el tr\u00e1nsito se preparan con antelaci\u00f3n, incluso [&hellip;]<\/p>\n","protected":false},"author":1,"featured_media":0,"parent":0,"menu_order":0,"comment_status":"closed","ping_status":"closed","template":"","meta":{"footnotes":""},"class_list":["post-3685","page","type-page","status-publish","hentry"],"_links":{"self":[{"href":"https:\/\/betainvest.ee\/es\/wp-json\/wp\/v2\/pages\/3685","targetHints":{"allow":["GET"]}}],"collection":[{"href":"https:\/\/betainvest.ee\/es\/wp-json\/wp\/v2\/pages"}],"about":[{"href":"https:\/\/betainvest.ee\/es\/wp-json\/wp\/v2\/types\/page"}],"author":[{"embeddable":true,"href":"https:\/\/betainvest.ee\/es\/wp-json\/wp\/v2\/users\/1"}],"replies":[{"embeddable":true,"href":"https:\/\/betainvest.ee\/es\/wp-json\/wp\/v2\/comments?post=3685"}],"version-history":[{"count":1,"href":"https:\/\/betainvest.ee\/es\/wp-json\/wp\/v2\/pages\/3685\/revisions"}],"predecessor-version":[{"id":3686,"href":"https:\/\/betainvest.ee\/es\/wp-json\/wp\/v2\/pages\/3685\/revisions\/3686"}],"wp:attachment":[{"href":"https:\/\/betainvest.ee\/es\/wp-json\/wp\/v2\/media?parent=3685"}],"curies":[{"name":"wp","href":"https:\/\/api.w.org\/{rel}","templated":true}]}}