{"id":3698,"date":"2025-08-04T06:22:53","date_gmt":"2025-08-04T06:22:53","guid":{"rendered":"https:\/\/betainvest.ee\/declaracion-europea-de-transito-t1\/"},"modified":"2025-08-26T13:11:49","modified_gmt":"2025-08-26T13:11:49","slug":"declaracion-europea-de-transito-t1","status":"publish","type":"page","link":"https:\/\/betainvest.ee\/es\/declaracion-europea-de-transito-t1\/","title":{"rendered":"Declaraci\u00f3n europea de tr\u00e1nsito (T1)"},"content":{"rendered":"\t\t<div data-elementor-type=\"wp-page\" data-elementor-id=\"3698\" class=\"elementor elementor-3698 elementor-35\" data-elementor-post-type=\"page\">\n\t\t\t\t<div class=\"elementor-element elementor-element-d01eab4 e-flex e-con-boxed e-con e-parent\" data-id=\"d01eab4\" data-element_type=\"container\" data-e-type=\"container\">\n\t\t\t\t\t<div class=\"e-con-inner\">\n\t\t\t\t<div class=\"elementor-element elementor-element-bd330dd elementor-widget elementor-widget-text-editor\" data-id=\"bd330dd\" data-element_type=\"widget\" data-e-type=\"widget\" data-widget_type=\"text-editor.default\">\n\t\t\t\t\t\t\t\t\t<h2><u>Elaborar un formulario europeo de declaraci\u00f3n de tr\u00e1nsito<\/u><\/h2><p>Se necesita una declaraci\u00f3n de tr\u00e1nsito (T1) cuando se importan mercanc\u00edas a la UE o para el tr\u00e1nsito de mercanc\u00edas dentro de la UE (por ejemplo, de un dep\u00f3sito aduanero en un pa\u00eds de la UE al mismo dep\u00f3sito en otro). El T1 es una garant\u00eda aduanera financiera. Si por alguna raz\u00f3n las mercanc\u00edas no se entregan en el destino aduanero, el agente que emiti\u00f3 la garant\u00eda estar\u00e1 obligado a pagar los derechos de aduana que se habr\u00edan devengado despu\u00e9s de que las mercanc\u00edas se despacharan para su uso en la UE.  <\/p><p>El T1 se utiliza como alternativa al sistema de garant\u00eda del Cuaderno TIR (TIR &#8211; Transporte Internacional por Carretera).<\/p><p>Declarant Online emitir\u00e1 y registrar\u00e1 la declaraci\u00f3n aduanera T1 para tus cargas de forma profesional y en el menor tiempo posible.  <\/p><h3>Documentos necesarios para la inscripci\u00f3n en el T1:<\/h3><table width=\"100%\"><tbody><tr><td><p><strong>T\u00edtulo<\/strong><\/p><\/td><td><p><strong>Descripci\u00f3n<\/strong><\/p><\/td><\/tr><tr><td><p>CMR<\/p><\/td><td><p>Carta de porte internacional<\/p><\/td><\/tr><tr><td><p>FACTURA<\/p><\/td><td><p>Factura<\/p><\/td><\/tr><tr><td><p>Lista de embalaje<\/p><\/td><td><p>Lista de embalaje<\/p><\/td><\/tr><\/tbody><\/table><h3><strong>Se necesita informaci\u00f3n adicional:<\/strong><\/h3><ul><li>nombre del paso fronterizo<\/li><li>n\u00famero de contacto del tel\u00e9fono m\u00f3vil del conductor<\/li><li>hora aproximada en la que el conductor estar\u00e1 en la frontera<\/li><\/ul>\t\t\t\t\t\t\t\t<\/div>\n\t\t\t\t\t<\/div>\n\t\t\t\t<\/div>\n\t\t<div class=\"elementor-element elementor-element-d50234e e-flex e-con-boxed e-con e-parent\" data-id=\"d50234e\" data-element_type=\"container\" data-e-type=\"container\">\n\t\t\t\t\t<div class=\"e-con-inner\">\n\t\t\t\t<div class=\"elementor-element elementor-element-cdf12a4 elementor-widget elementor-widget-spacer\" data-id=\"cdf12a4\" data-element_type=\"widget\" data-e-type=\"widget\" data-widget_type=\"spacer.default\">\n\t\t\t\t\t\t\t<div class=\"elementor-spacer\">\n\t\t\t<div class=\"elementor-spacer-inner\"><\/div>\n\t\t<\/div>\n\t\t\t\t\t\t<\/div>\n\t\t\t\t\t<\/div>\n\t\t\t\t<\/div>\n\t\t\t\t<\/div>\n\t\t","protected":false},"excerpt":{"rendered":"<p>Elaborar un formulario europeo de declaraci\u00f3n de tr\u00e1nsito Se necesita una declaraci\u00f3n de tr\u00e1nsito (T1) cuando se importan mercanc\u00edas a la UE o para el tr\u00e1nsito de mercanc\u00edas dentro de la UE (por ejemplo, de un dep\u00f3sito aduanero en un pa\u00eds de la UE al mismo dep\u00f3sito en otro). El T1 es una garant\u00eda aduanera [&hellip;]<\/p>\n","protected":false},"author":1,"featured_media":0,"parent":0,"menu_order":0,"comment_status":"closed","ping_status":"closed","template":"","meta":{"footnotes":""},"class_list":["post-3698","page","type-page","status-publish","hentry"],"_links":{"self":[{"href":"https:\/\/betainvest.ee\/es\/wp-json\/wp\/v2\/pages\/3698","targetHints":{"allow":["GET"]}}],"collection":[{"href":"https:\/\/betainvest.ee\/es\/wp-json\/wp\/v2\/pages"}],"about":[{"href":"https:\/\/betainvest.ee\/es\/wp-json\/wp\/v2\/types\/page"}],"author":[{"embeddable":true,"href":"https:\/\/betainvest.ee\/es\/wp-json\/wp\/v2\/users\/1"}],"replies":[{"embeddable":true,"href":"https:\/\/betainvest.ee\/es\/wp-json\/wp\/v2\/comments?post=3698"}],"version-history":[{"count":1,"href":"https:\/\/betainvest.ee\/es\/wp-json\/wp\/v2\/pages\/3698\/revisions"}],"predecessor-version":[{"id":3700,"href":"https:\/\/betainvest.ee\/es\/wp-json\/wp\/v2\/pages\/3698\/revisions\/3700"}],"wp:attachment":[{"href":"https:\/\/betainvest.ee\/es\/wp-json\/wp\/v2\/media?parent=3698"}],"curies":[{"name":"wp","href":"https:\/\/api.w.org\/{rel}","templated":true}]}}