{"id":3711,"date":"2025-08-04T06:22:53","date_gmt":"2025-08-04T06:22:53","guid":{"rendered":"https:\/\/betainvest.ee\/informacion-electronica-anticipada-bielorrusia\/"},"modified":"2025-08-26T13:11:49","modified_gmt":"2025-08-26T13:11:49","slug":"informacion-electronica-anticipada-bielorrusia","status":"publish","type":"page","link":"https:\/\/betainvest.ee\/es\/informacion-electronica-anticipada-bielorrusia\/","title":{"rendered":"Informaci\u00f3n electr\u00f3nica anticipada &#8211; Bielorrusia"},"content":{"rendered":"\t\t<div data-elementor-type=\"wp-page\" data-elementor-id=\"3711\" class=\"elementor elementor-3711 elementor-34\" data-elementor-post-type=\"page\">\n\t\t\t\t<div class=\"elementor-element elementor-element-27eda8d e-flex e-con-boxed e-con e-parent\" data-id=\"27eda8d\" data-element_type=\"container\" data-e-type=\"container\">\n\t\t\t\t\t<div class=\"e-con-inner\">\n\t\t\t\t<div class=\"elementor-element elementor-element-cba68b9 elementor-widget elementor-widget-text-editor\" data-id=\"cba68b9\" data-element_type=\"widget\" data-e-type=\"widget\" data-widget_type=\"text-editor.default\">\n\t\t\t\t\t\t\t\t\t<p><u>Formalizaci\u00f3n de la notificaci\u00f3n electr\u00f3nica previa (EPI) en el territorio de la Rep\u00fablica de Bielorrusia<\/u><\/p><p>La notificaci\u00f3n previa electr\u00f3nica a las autoridades aduaneras (EPI) es obligatoria cuando se importan mercanc\u00edas al territorio de los pa\u00edses de la Uni\u00f3n Econ\u00f3mica Euroasi\u00e1tica (UEEA), tanto por carretera como por ferrocarril. La Rep\u00fablica de Bielorrusia es miembro de la UEEA y, por tanto, apoya el sistema EPI. <\/p><p>El transportista, transitario u otra persona autorizada env\u00eda una notificaci\u00f3n previa a la autoridad aduanera con informaci\u00f3n detallada sobre el transporte y las mercanc\u00edas importadas en el territorio de la UEEA. La aduana lo confirma asignando un n\u00famero EPI individual a la solicitud. El sistema simplifica y acelera el procedimiento de control aduanero.  <\/p><p>Betainvest emitir\u00e1 r\u00e1pida y profesionalmente un EPI para las mercanc\u00edas importadas en el territorio de la Rep\u00fablica de Bielorrusia. Al llegar al punto de control aduanero, tu conductor presentar\u00e1 el n\u00famero del EPI, que le enviaremos a su tel\u00e9fono con antelaci\u00f3n en forma de SMS. Utilizando el n\u00famero del EPI, el funcionario de aduanas encontrar\u00e1 informaci\u00f3n sobre el env\u00edo, la cotejar\u00e1 con los documentos que el conductor tiene en sus manos y, si no hay discrepancias ni ambig\u00fcedades, expedir\u00e1 todos los documentos de una vez.  <\/p><p><strong>Documentos necesarios para la inscripci\u00f3n en el EPI &#8211; Bielorrusia:<\/strong><\/p><table width=\"100%\"><tbody><tr><td><p><strong>T\u00edtulo<\/strong><\/p><\/td><td><p><strong>Descripci\u00f3n<\/strong><\/p><\/td><\/tr><tr><td><p>TIR<\/p><\/td><td><p>Cuaderno TIR (Transporte Internacional por Carretera)<\/p><\/td><\/tr><tr><td><p>CMR<\/p><\/td><td><p>Carta de porte internacional<\/p><\/td><\/tr><tr><td><p>FACTURA<\/p><\/td><td><p>Factura<\/p><\/td><\/tr><tr><td><p>Lista de embalaje<\/p><\/td><td><p>Lista de embalaje<\/p><\/td><\/tr><tr><td><p>Fichas t\u00e9cnicas <\/p><\/td><td><p>Pasaportes t\u00e9cnicos del veh\u00edculo y del remolque<\/p><\/td><\/tr><tr><td><p>Pasaporte del conductor<\/p><\/td><td><p> <\/p><\/td><\/tr><tr><td><p>Certificado del transportista aduanero<\/p><\/td><td><p>En presencia de<\/p><\/td><\/tr><tr><td><p>Certificado de autorizaci\u00f3n sellado<\/p><\/td><td><p> <\/p><\/td><\/tr><\/tbody><\/table><p>Se necesita informaci\u00f3n adicional:<\/p><ul><li>nombre del paso fronterizo<\/li><li>n\u00famero de contacto del tel\u00e9fono m\u00f3vil del conductor<\/li><li>hora aproximada en la que el conductor estar\u00e1 en la frontera<\/li><\/ul>\t\t\t\t\t\t\t\t<\/div>\n\t\t\t\t\t<\/div>\n\t\t\t\t<\/div>\n\t\t<div class=\"elementor-element elementor-element-1d48f82 e-flex e-con-boxed e-con e-parent\" data-id=\"1d48f82\" data-element_type=\"container\" data-e-type=\"container\">\n\t\t\t\t\t<div class=\"e-con-inner\">\n\t\t\t\t<div class=\"elementor-element elementor-element-477e01f elementor-widget elementor-widget-spacer\" data-id=\"477e01f\" data-element_type=\"widget\" data-e-type=\"widget\" data-widget_type=\"spacer.default\">\n\t\t\t\t\t\t\t<div class=\"elementor-spacer\">\n\t\t\t<div class=\"elementor-spacer-inner\"><\/div>\n\t\t<\/div>\n\t\t\t\t\t\t<\/div>\n\t\t\t\t\t<\/div>\n\t\t\t\t<\/div>\n\t\t<div class=\"elementor-element elementor-element-82b8f59 e-flex e-con-boxed e-con e-parent\" data-id=\"82b8f59\" data-element_type=\"container\" data-e-type=\"container\">\n\t\t\t\t\t<div class=\"e-con-inner\">\n\t\t\t\t<div class=\"elementor-element elementor-element-797ef60 elementor-widget elementor-widget-spacer\" data-id=\"797ef60\" data-element_type=\"widget\" data-e-type=\"widget\" data-widget_type=\"spacer.default\">\n\t\t\t\t\t\t\t<div class=\"elementor-spacer\">\n\t\t\t<div class=\"elementor-spacer-inner\"><\/div>\n\t\t<\/div>\n\t\t\t\t\t\t<\/div>\n\t\t\t\t\t<\/div>\n\t\t\t\t<\/div>\n\t\t\t\t<\/div>\n\t\t","protected":false},"excerpt":{"rendered":"<p>Formalizaci\u00f3n de la notificaci\u00f3n electr\u00f3nica previa (EPI) en el territorio de la Rep\u00fablica de Bielorrusia La notificaci\u00f3n previa electr\u00f3nica a las autoridades aduaneras (EPI) es obligatoria cuando se importan mercanc\u00edas al territorio de los pa\u00edses de la Uni\u00f3n Econ\u00f3mica Euroasi\u00e1tica (UEEA), tanto por carretera como por ferrocarril. La Rep\u00fablica de Bielorrusia es miembro de la [&hellip;]<\/p>\n","protected":false},"author":1,"featured_media":0,"parent":0,"menu_order":0,"comment_status":"closed","ping_status":"closed","template":"","meta":{"footnotes":""},"class_list":["post-3711","page","type-page","status-publish","hentry"],"_links":{"self":[{"href":"https:\/\/betainvest.ee\/es\/wp-json\/wp\/v2\/pages\/3711","targetHints":{"allow":["GET"]}}],"collection":[{"href":"https:\/\/betainvest.ee\/es\/wp-json\/wp\/v2\/pages"}],"about":[{"href":"https:\/\/betainvest.ee\/es\/wp-json\/wp\/v2\/types\/page"}],"author":[{"embeddable":true,"href":"https:\/\/betainvest.ee\/es\/wp-json\/wp\/v2\/users\/1"}],"replies":[{"embeddable":true,"href":"https:\/\/betainvest.ee\/es\/wp-json\/wp\/v2\/comments?post=3711"}],"version-history":[{"count":1,"href":"https:\/\/betainvest.ee\/es\/wp-json\/wp\/v2\/pages\/3711\/revisions"}],"predecessor-version":[{"id":3712,"href":"https:\/\/betainvest.ee\/es\/wp-json\/wp\/v2\/pages\/3711\/revisions\/3712"}],"wp:attachment":[{"href":"https:\/\/betainvest.ee\/es\/wp-json\/wp\/v2\/media?parent=3711"}],"curies":[{"name":"wp","href":"https:\/\/api.w.org\/{rel}","templated":true}]}}