{"id":3723,"date":"2025-08-04T06:22:53","date_gmt":"2025-08-04T06:22:53","guid":{"rendered":"https:\/\/betainvest.ee\/declaracion-electronica-de-transito-bielorrusia\/"},"modified":"2025-08-26T13:11:51","modified_gmt":"2025-08-26T13:11:51","slug":"declaracion-electronica-de-transito-bielorrusia","status":"publish","type":"page","link":"https:\/\/betainvest.ee\/es\/declaracion-electronica-de-transito-bielorrusia\/","title":{"rendered":"Declaraci\u00f3n electr\u00f3nica de tr\u00e1nsito &#8211; Bielorrusia"},"content":{"rendered":"\t\t<div data-elementor-type=\"wp-page\" data-elementor-id=\"3723\" class=\"elementor elementor-3723 elementor-33\" data-elementor-post-type=\"page\">\n\t\t\t\t<div class=\"elementor-element elementor-element-6615869 e-flex e-con-boxed e-con e-parent\" data-id=\"6615869\" data-element_type=\"container\" data-e-type=\"container\">\n\t\t\t\t\t<div class=\"e-con-inner\">\n\t\t\t\t<div class=\"elementor-element elementor-element-dfc871e elementor-widget elementor-widget-text-editor\" data-id=\"dfc871e\" data-element_type=\"widget\" data-e-type=\"widget\" data-widget_type=\"text-editor.default\">\n\t\t\t\t\t\t\t\t\t<p><strong>Registro y prestaci\u00f3n de garant\u00eda para el pago de derechos de aduana y tasas al transportar mercanc\u00edas a trav\u00e9s del territorio de la Rep\u00fablica de Bielorrusia.<\/strong><\/p><p>En el territorio de la <strong>Rep\u00fablica de Bielorrusia<\/strong>, que es miembro de la <strong>Uni\u00f3n Econ\u00f3mica Euroasi\u00e1tica (UEEA<\/strong>), se aplica el <strong>procedimiento de tr\u00e1nsito aduanero<\/strong> al transporte de mercanc\u00edas extranjeras. Seg\u00fan este procedimiento, el transportista o el propietario de la carga deben <strong>presentar una garant\u00eda de pago de los derechos y tasas de aduana<\/strong>. <\/p><p><strong>ESPECIFICACI\u00d3N<\/strong> <strong>DE GARANT\u00cdA<\/strong>&#8211; uso de un <strong>certificado de garant\u00eda<\/strong> que confirma el pago de derechos y tasas mediante un <strong>mecanismo de garant\u00eda<\/strong>.<\/p><p>El servicio de cauci\u00f3n evita la inmovilizaci\u00f3n del capital circulante, la obtenci\u00f3n de un aval bancario o la pignoraci\u00f3n de bienes: una <strong>soluci\u00f3n pr\u00e1ctica<\/strong> mientras dure el tr\u00e1nsito.<\/p><p>Hoy en d\u00eda, el <strong>certificado de garant\u00eda aduanera puede expedirse electr\u00f3nicamente<\/strong>. El conductor recibe el certificado impreso en uno de los puntos de expedici\u00f3n de la UE. <\/p><ul><li><strong>Punto de apertura del tr\u00e1nsito<\/strong>: cualquier aduana de la Rep\u00fablica de Bielorrusia<\/li><li><strong>Punto de cierre del tr\u00e1nsito<\/strong>: cualquier aduana de los pa\u00edses de la UEEA (Rusia, Bielorrusia, Kazajist\u00e1n, Kirguist\u00e1n).<\/li><\/ul><p><strong>  Documentos necesarios para la habilitaci\u00f3n de seguridad en Bielorrusia<\/strong><\/p><table><thead><tr><td><p><strong>T\u00edtulo del documento<\/strong><\/p><\/td><td><p><strong>Descripci\u00f3n<\/strong><\/p><\/td><\/tr><\/thead><tbody><tr><td><p>CMR<\/p><\/td><td><p>Carta de porte internacional<\/p><\/td><\/tr><tr><td><p>Factura (Factura)<\/p><\/td><td><p>Factura comercial \/ documento de venta \/ descripci\u00f3n de la mercanc\u00eda (en ruso)<\/p><\/td><\/tr><tr><td><p>Lista de embalaje<\/p><\/td><td><p>Lista de paquetes<\/p><\/td><\/tr><tr><td><p>Documentos t\u00e9cnicos<\/p><\/td><td><p>Documentos t\u00e9cnicos del veh\u00edculo y del remolque \/ CTS o datos del VIN y de la matr\u00edcula <\/p><\/td><\/tr><tr><td><p>Pasaporte del conductor<\/p><\/td><td><p>Datos del pasaporte del conductor<\/p><\/td><\/tr><tr><td><p>Tarjeta TIR (si es necesaria)<\/p><\/td><td><p>Tarjeta TIR para el transporte internacional<\/p><\/td><\/tr><tr><td><p>Especificaci\u00f3n (si es necesario)<\/p><\/td><td><p>Especificaci\u00f3n de los c\u00f3digos TN VED, peso y valor<\/p><\/td><\/tr><tr><td><p>Certificado de Transportista Aduanero<\/p><\/td><td><p>En presencia de<\/p><\/td><\/tr><\/tbody><\/table><p><strong>Coste del servicio<\/strong><\/p><ul><li>Depende del importe de la garant\u00eda y de la distancia de tr\u00e1nsito<\/li><\/ul><p><strong>  Adem\u00e1s, debes especificar:<\/strong><\/p><ul><li>Nombre del paso fronterizo<\/li><li>N\u00famero de m\u00f3vil del conductor<\/li><li>Hora estimada de llegada a la frontera<\/li><\/ul><p> <\/p>\t\t\t\t\t\t\t\t<\/div>\n\t\t\t\t\t<\/div>\n\t\t\t\t<\/div>\n\t\t<div class=\"elementor-element elementor-element-e86906b e-flex e-con-boxed e-con e-parent\" data-id=\"e86906b\" data-element_type=\"container\" data-e-type=\"container\">\n\t\t\t\t\t<div class=\"e-con-inner\">\n\t\t\t\t<div class=\"elementor-element elementor-element-fdeaa0b elementor-widget elementor-widget-spacer\" data-id=\"fdeaa0b\" data-element_type=\"widget\" data-e-type=\"widget\" data-widget_type=\"spacer.default\">\n\t\t\t\t\t\t\t<div class=\"elementor-spacer\">\n\t\t\t<div class=\"elementor-spacer-inner\"><\/div>\n\t\t<\/div>\n\t\t\t\t\t\t<\/div>\n\t\t\t\t\t<\/div>\n\t\t\t\t<\/div>\n\t\t\t\t<\/div>\n\t\t","protected":false},"excerpt":{"rendered":"<p>Registro y prestaci\u00f3n de garant\u00eda para el pago de derechos de aduana y tasas al transportar mercanc\u00edas a trav\u00e9s del territorio de la Rep\u00fablica de Bielorrusia. En el territorio de la Rep\u00fablica de Bielorrusia, que es miembro de la Uni\u00f3n Econ\u00f3mica Euroasi\u00e1tica (UEEA), se aplica el procedimiento de tr\u00e1nsito aduanero al transporte de mercanc\u00edas extranjeras. [&hellip;]<\/p>\n","protected":false},"author":1,"featured_media":0,"parent":0,"menu_order":0,"comment_status":"closed","ping_status":"closed","template":"","meta":{"footnotes":""},"class_list":["post-3723","page","type-page","status-publish","hentry"],"_links":{"self":[{"href":"https:\/\/betainvest.ee\/es\/wp-json\/wp\/v2\/pages\/3723","targetHints":{"allow":["GET"]}}],"collection":[{"href":"https:\/\/betainvest.ee\/es\/wp-json\/wp\/v2\/pages"}],"about":[{"href":"https:\/\/betainvest.ee\/es\/wp-json\/wp\/v2\/types\/page"}],"author":[{"embeddable":true,"href":"https:\/\/betainvest.ee\/es\/wp-json\/wp\/v2\/users\/1"}],"replies":[{"embeddable":true,"href":"https:\/\/betainvest.ee\/es\/wp-json\/wp\/v2\/comments?post=3723"}],"version-history":[{"count":1,"href":"https:\/\/betainvest.ee\/es\/wp-json\/wp\/v2\/pages\/3723\/revisions"}],"predecessor-version":[{"id":3724,"href":"https:\/\/betainvest.ee\/es\/wp-json\/wp\/v2\/pages\/3723\/revisions\/3724"}],"wp:attachment":[{"href":"https:\/\/betainvest.ee\/es\/wp-json\/wp\/v2\/media?parent=3723"}],"curies":[{"name":"wp","href":"https:\/\/api.w.org\/{rel}","templated":true}]}}