{"id":3732,"date":"2025-08-04T06:22:53","date_gmt":"2025-08-04T06:22:53","guid":{"rendered":"https:\/\/betainvest.ee\/materiales-utiles\/"},"modified":"2025-08-26T13:12:01","modified_gmt":"2025-08-26T13:12:01","slug":"materiales-utiles","status":"publish","type":"page","link":"https:\/\/betainvest.ee\/es\/materiales-utiles\/","title":{"rendered":"Materiales \u00fatiles"},"content":{"rendered":"\t\t<div data-elementor-type=\"wp-page\" data-elementor-id=\"3732\" class=\"elementor elementor-3732 elementor-53\" data-elementor-post-type=\"page\">\n\t\t\t\t<div class=\"elementor-element elementor-element-cad2010 e-flex e-con-boxed e-con e-parent\" data-id=\"cad2010\" data-element_type=\"container\" data-e-type=\"container\">\n\t\t\t\t\t<div class=\"e-con-inner\">\n\t\t\t\t<div class=\"elementor-element elementor-element-299b138 elementor-widget elementor-widget-text-editor\" data-id=\"299b138\" data-element_type=\"widget\" data-e-type=\"widget\" data-widget_type=\"text-editor.default\">\n\t\t\t\t\t\t\t\t\t<h2><b>Cambios recientes que es importante conocer<\/b><\/h2><h3><b>1. Descuentos en el transporte ferroviario para la industria del carb\u00f3n<\/b><\/h3><p class=\"p3\">El Gobierno ofrece descuentos de hasta el <span class=\"s2\"><b>del 60% en los trayectos ferroviarios de larga distancia<\/b><\/span> para el transporte de carb\u00f3n y subvencionando a los Ferrocarriles Rusos para apoyar a la industria, seg\u00fan se propone en una carta del viceprimer ministro Novak al presidente ruso. Esto ayudar\u00e1 a mantener la log\u00edstica del carb\u00f3n a pesar de las presiones externas. <span class=\"Apple-converted-space\">  <\/span><\/p><hr><h3><b>2. Nueva forma de carta de porte para el transporte multimodal<\/b><\/h3><p class=\"p3\">El Ministerio de Transportes ha aprobado un nuevo modelo de documento de <span class=\"s2\"><b>transporte combinado<\/b><\/span> (por ejemplo, carretera + ferrocarril + mar), que ser\u00e1 obligatorio para las empresas de log\u00edstica.<span class=\"Apple-converted-space\">  <\/span><\/p><hr><h3><b>3 Cambios en el C\u00f3digo de Infracciones Administrativas (CAO RF)<\/b><\/h3><p class=\"p3\">El 1 de septiembre de 2025 entrar\u00e1n en vigor las enmiendas al CAO que contienen multas y requisitos actualizados, incluso para los participantes en la log\u00edstica del transporte.<span class=\"Apple-converted-space\">  <\/span><\/p><hr><h3><b>4. Simplificaci\u00f3n del r\u00e9gimen de visados para los conductores y debate sobre el levantamiento de la prohibici\u00f3n del cabotaje<\/b><\/h3><p class=\"p3\">El Ministerio de Transporte ha elaborado un proyecto de ley para simplificar la obtenci\u00f3n de visados para los conductores, incluso en las regiones fronterizas con China. Adem\u00e1s, est\u00e1 debatiendo el levantamiento de la prohibici\u00f3n de <span class=\"s2\"><b>del transporte mar\u00edtimo de corta distancia por transportistas extranjeros<\/b><\/span>. <span class=\"Apple-converted-space\">  <\/span><\/p><hr><h3><b>5. Nueva normativa sobre control de peso y dimensiones<\/b><\/h3><p class=\"p3\">A partir del 1 de marzo de 2025 <span class=\"s2\"><b>puntos autom\u00e1ticos de control de peso y dimensiones<\/b><\/span> (AHTC) en las carreteras. Los conductores est\u00e1n obligados a detenerse y ser controlados a petici\u00f3n de los inspectores. <span class=\"Apple-converted-space\">  <\/span><\/p><hr><h3><b>6. Aumento de las multas por infracciones de tr\u00e1fico<\/b><\/h3><p class=\"p3\">El 1 de mayo de 2025 entraron en vigor importantes modificaciones de las normas de tr\u00e1fico:<\/p><ul><li><p class=\"p1\">Las multas por sem\u00e1foro en rojo aumentan a <span class=\"s1\"><b>2 500 \u20bd<\/b><\/span>.<\/p><\/li><li><p class=\"p1\">La reparaci\u00f3n de infracciones se ha vuelto m\u00e1s avanzada tecnol\u00f3gicamente.<span class=\"Apple-converted-space\">  <\/span><\/p><p class=\"p1\">Adem\u00e1s, a partir de septiembre de 2025 se han endurecido las contraindicaciones m\u00e9dicas y los controles de los veh\u00edculos pesados y de gran tama\u00f1o.<span class=\"Apple-converted-space\">  <\/span><\/p><\/li><\/ul><hr><h3><b>7. Avisos obligatorios de rescisi\u00f3n del seguro CMTPL<\/b><\/h3><p class=\"p3\">En el segundo trimestre de 2025, el portal Gosuslugi empezar\u00e1 a enviar recordatorios sobre el vencimiento de las p\u00f3lizas de seguro CMTPL (un mes, 3 d\u00edas y el d\u00eda del vencimiento).<\/p><p class=\"p3\">Tambi\u00e9n se est\u00e1n probando -en cinco regiones- c\u00e1maras capaces de comprobar autom\u00e1ticamente el seguro CMTPL.<span class=\"Apple-converted-space\">  <\/span><\/p><hr><h3><b>8. Ley de Restricciones a la B\u00fasqueda de Material Extremista<\/b><\/h3><p class=\"p3\">La Ley Federal n\u00ba 281-FZ (firmada el 31 de julio de 2025) introduce multas por <span class=\"s2\"><b>b\u00fasqueda intencionada de materiales de la lista federal de materiales extremistas<\/b><\/span>incluidos los anuncios de VPN.<span class=\"Apple-converted-space\">  <\/span><\/p>\t\t\t\t\t\t\t\t<\/div>\n\t\t\t\t<div class=\"elementor-element elementor-element-ef13718 elementor-widget-divider--view-line elementor-widget elementor-widget-divider\" data-id=\"ef13718\" data-element_type=\"widget\" data-e-type=\"widget\" data-widget_type=\"divider.default\">\n\t\t\t\t\t\t\t<div class=\"elementor-divider\">\n\t\t\t<span class=\"elementor-divider-separator\">\n\t\t\t\t\t\t<\/span>\n\t\t<\/div>\n\t\t\t\t\t\t<\/div>\n\t\t\t\t\t<\/div>\n\t\t\t\t<\/div>\n\t\t\t\t<\/div>\n\t\t","protected":false},"excerpt":{"rendered":"<p>Cambios recientes que es importante conocer 1. Descuentos en el transporte ferroviario para la industria del carb\u00f3n El Gobierno ofrece descuentos de hasta el del 60% en los trayectos ferroviarios de larga distancia para el transporte de carb\u00f3n y subvencionando a los Ferrocarriles Rusos para apoyar a la industria, seg\u00fan se propone en una carta [&hellip;]<\/p>\n","protected":false},"author":1,"featured_media":0,"parent":0,"menu_order":0,"comment_status":"closed","ping_status":"closed","template":"","meta":{"footnotes":""},"class_list":["post-3732","page","type-page","status-publish","hentry"],"_links":{"self":[{"href":"https:\/\/betainvest.ee\/es\/wp-json\/wp\/v2\/pages\/3732","targetHints":{"allow":["GET"]}}],"collection":[{"href":"https:\/\/betainvest.ee\/es\/wp-json\/wp\/v2\/pages"}],"about":[{"href":"https:\/\/betainvest.ee\/es\/wp-json\/wp\/v2\/types\/page"}],"author":[{"embeddable":true,"href":"https:\/\/betainvest.ee\/es\/wp-json\/wp\/v2\/users\/1"}],"replies":[{"embeddable":true,"href":"https:\/\/betainvest.ee\/es\/wp-json\/wp\/v2\/comments?post=3732"}],"version-history":[{"count":1,"href":"https:\/\/betainvest.ee\/es\/wp-json\/wp\/v2\/pages\/3732\/revisions"}],"predecessor-version":[{"id":3733,"href":"https:\/\/betainvest.ee\/es\/wp-json\/wp\/v2\/pages\/3732\/revisions\/3733"}],"wp:attachment":[{"href":"https:\/\/betainvest.ee\/es\/wp-json\/wp\/v2\/media?parent=3732"}],"curies":[{"name":"wp","href":"https:\/\/api.w.org\/{rel}","templated":true}]}}