{"id":3763,"date":"2025-08-04T06:22:53","date_gmt":"2025-08-04T06:22:53","guid":{"rendered":"https:\/\/betainvest.ee\/noticias-legislativas-ueea-ue\/"},"modified":"2025-08-26T13:12:04","modified_gmt":"2025-08-26T13:12:04","slug":"noticias-legislativas-ueea-ue","status":"publish","type":"page","link":"https:\/\/betainvest.ee\/es\/noticias-legislativas-ueea-ue\/","title":{"rendered":"Noticias legislativas (UEEA \/ UE)"},"content":{"rendered":"\t\t<div data-elementor-type=\"wp-page\" data-elementor-id=\"3763\" class=\"elementor elementor-3763 elementor-52\" data-elementor-post-type=\"page\">\n\t\t\t\t<div class=\"elementor-element elementor-element-5bd2b46 e-flex e-con-boxed e-con e-parent\" data-id=\"5bd2b46\" data-element_type=\"container\" data-e-type=\"container\">\n\t\t\t\t\t<div class=\"e-con-inner\">\n\t\t\t\t<div class=\"elementor-element elementor-element-9f7e02a elementor-widget elementor-widget-text-editor\" data-id=\"9f7e02a\" data-element_type=\"widget\" data-e-type=\"widget\" data-widget_type=\"text-editor.default\">\n\t\t\t\t\t\t\t\t\t<h3><b>Cambios legislativos actuales<\/b><\/h3><h4><b>1.  <\/b><\/h4><h4><b>Nuevos requisitos para los almacenes de dep\u00f3sito temporal<\/b><\/h4><h4><b>  &#8211; a partir del 26 de agosto de 2025<\/b><\/h4><p class=\"p3\">Han entrado en vigor normas actualizadas para la disposici\u00f3n, equipamiento y ubicaci\u00f3n de los almacenes de dep\u00f3sito temporal (DAT). Ahora, los propietarios de los almacenes deben cumplir las estrictas normas del Servicio Federal de Aduanas (SFA), incluidos los requisitos de seguridad, equipamiento t\u00e9cnico y cumplimiento de los procedimientos. <span class=\"Apple-converted-space\">  <\/span><\/p><h4><b>2.  <\/b><\/h4><h4><b>Control m\u00e1s estricto del transporte de mercanc\u00edas<\/b><\/h4><h4><b>  &#8211; a partir de septiembre de 2025<\/b><\/h4><ul><li><p class=\"p1\">A partir del 1 de septiembre de 2025, entrar\u00e1n en vigor modificaciones para reforzar el control de las actividades de transporte de mercanc\u00edas: se aumentar\u00e1n las multas, se introducir\u00e1n registros obligatorios de participantes y nuevos procedimientos de tramitaci\u00f3n de documentos.<span class=\"Apple-converted-space\">  <\/span><\/p><\/li><li><p class=\"p1\">Adem\u00e1s, a partir del 1 de marzo de 2026, se introducir\u00e1 la funcionalidad del registro de transitarios y, a partir de septiembre de 2026, se introducir\u00e1 la transici\u00f3n completa a la gesti\u00f3n electr\u00f3nica de documentos.<span class=\"Apple-converted-space\">  <\/span><\/p><\/li><\/ul><h4><b>3.  <\/b><\/h4><h4><b>Carta de porte multimodal<\/b><\/h4><h4><b>  &#8211; a partir de septiembre de 2025<\/b><\/h4><p class=\"p3\">Se espera introducir un documento \u00fanico de transporte que pueda utilizarse para el transporte combinado &#8211; carretera + ferrocarril + mar \/ aviaci\u00f3n. Esto facilitar\u00e1 el flujo de documentos y aumentar\u00e1 la transparencia de la log\u00edstica. <span class=\"Apple-converted-space\">  <\/span><\/p><h4><b>4.  <\/b><\/h4><h4><b>Enmiendas al CAO RF sobre infracciones administrativas<\/b><\/h4><p class=\"p3\">Las innovaciones del art\u00edculo 11.14 del CAO introducen sanciones adicionales para los transitarios. Estos cambios entran en vigor el 1 de marzo de 2026, lo que da tiempo para prepararse. <span class=\"Apple-converted-space\">  <\/span><\/p><h4><b>5.  <\/b><\/h4><h4><b>La confidencialidad de la informaci\u00f3n log\u00edstica se vuelve cr\u00edtica<\/b><\/h4><p class=\"p3\">El proyecto de ley prev\u00e9 penas (de hasta 7 a\u00f1os de prisi\u00f3n) por revelar informaci\u00f3n sobre el suministro de bienes o planes financieros sancionados, lo que subraya la necesidad de actuar con cautela en las actividades log\u00edsticas.<span class=\"Apple-converted-space\">  <\/span><\/p><hr><h3><b>Recomendaciones de <\/b><b>Betainvest<\/b><\/h3><ol start=\"1\"><li><p class=\"p1\"><b>Selecciona un dep\u00f3sito aduanero que cumpla los nuevos requisitos<\/b><span class=\"s1\">para evitar multas y tiempos de inactividad.<\/span><\/p><\/li><li><p class=\"p1\"><b>Prep\u00e1rate para el lanzamiento de un registro electr\u00f3nico de transitarios y de cartas de porte electr\u00f3nicas<\/b><span class=\"s1\"> &#8211; Establece ya tus procesos internos.<\/span><\/p><\/li><li><p class=\"p1\"><span class=\"s1\"><b>Actualizar los contratos y procedimientos<\/b><\/span>Tener en cuenta las nuevas sanciones y los riesgos administrativos.<\/p><\/li><li><p class=\"p1\"><span class=\"s1\"><b>Limitar la divulgaci\u00f3n de los esquemas log\u00edsticos<\/b><\/span>especialmente los relacionados con mercanc\u00edas sujetas a sanciones: se trata de una cuesti\u00f3n de seguridad empresarial.<\/p><\/li><li><p class=\"p1\"><span class=\"s1\"><b>Mantente al d\u00eda de los cambios legislativos<\/b><\/span>para funcionar sin problemas incluso en un entorno dif\u00edcil.<\/p><\/li><\/ol><p class=\"p3\"> <\/p>\t\t\t\t\t\t\t\t<\/div>\n\t\t\t\t\t<\/div>\n\t\t\t\t<\/div>\n\t\t<div class=\"elementor-element elementor-element-fec8e28 e-flex e-con-boxed e-con e-parent\" data-id=\"fec8e28\" data-element_type=\"container\" data-e-type=\"container\">\n\t\t\t\t\t<div class=\"e-con-inner\">\n\t\t\t\t<div class=\"elementor-element elementor-element-d86366d elementor-widget elementor-widget-spacer\" data-id=\"d86366d\" data-element_type=\"widget\" data-e-type=\"widget\" data-widget_type=\"spacer.default\">\n\t\t\t\t\t\t\t<div class=\"elementor-spacer\">\n\t\t\t<div class=\"elementor-spacer-inner\"><\/div>\n\t\t<\/div>\n\t\t\t\t\t\t<\/div>\n\t\t\t\t<div class=\"elementor-element elementor-element-824a161 elementor-widget-divider--view-line elementor-widget elementor-widget-divider\" data-id=\"824a161\" data-element_type=\"widget\" data-e-type=\"widget\" data-widget_type=\"divider.default\">\n\t\t\t\t\t\t\t<div class=\"elementor-divider\">\n\t\t\t<span class=\"elementor-divider-separator\">\n\t\t\t\t\t\t<\/span>\n\t\t<\/div>\n\t\t\t\t\t\t<\/div>\n\t\t\t\t\t<\/div>\n\t\t\t\t<\/div>\n\t\t\t\t<\/div>\n\t\t","protected":false},"excerpt":{"rendered":"<p>Cambios legislativos actuales 1. Nuevos requisitos para los almacenes de dep\u00f3sito temporal &#8211; a partir del 26 de agosto de 2025 Han entrado en vigor normas actualizadas para la disposici\u00f3n, equipamiento y ubicaci\u00f3n de los almacenes de dep\u00f3sito temporal (DAT). Ahora, los propietarios de los almacenes deben cumplir las estrictas normas del Servicio Federal de [&hellip;]<\/p>\n","protected":false},"author":1,"featured_media":0,"parent":0,"menu_order":0,"comment_status":"closed","ping_status":"closed","template":"","meta":{"footnotes":""},"class_list":["post-3763","page","type-page","status-publish","hentry"],"_links":{"self":[{"href":"https:\/\/betainvest.ee\/es\/wp-json\/wp\/v2\/pages\/3763","targetHints":{"allow":["GET"]}}],"collection":[{"href":"https:\/\/betainvest.ee\/es\/wp-json\/wp\/v2\/pages"}],"about":[{"href":"https:\/\/betainvest.ee\/es\/wp-json\/wp\/v2\/types\/page"}],"author":[{"embeddable":true,"href":"https:\/\/betainvest.ee\/es\/wp-json\/wp\/v2\/users\/1"}],"replies":[{"embeddable":true,"href":"https:\/\/betainvest.ee\/es\/wp-json\/wp\/v2\/comments?post=3763"}],"version-history":[{"count":1,"href":"https:\/\/betainvest.ee\/es\/wp-json\/wp\/v2\/pages\/3763\/revisions"}],"predecessor-version":[{"id":3764,"href":"https:\/\/betainvest.ee\/es\/wp-json\/wp\/v2\/pages\/3763\/revisions\/3764"}],"wp:attachment":[{"href":"https:\/\/betainvest.ee\/es\/wp-json\/wp\/v2\/media?parent=3763"}],"curies":[{"name":"wp","href":"https:\/\/api.w.org\/{rel}","templated":true}]}}