{"id":3776,"date":"2025-08-04T06:22:53","date_gmt":"2025-08-04T06:22:53","guid":{"rendered":"https:\/\/betainvest.ee\/tarjetas-de-combustible-servicios-de-viaje\/"},"modified":"2025-08-26T13:12:08","modified_gmt":"2025-08-26T13:12:08","slug":"tarjetas-de-combustible-servicios-de-viaje","status":"publish","type":"page","link":"https:\/\/betainvest.ee\/es\/tarjetas-de-combustible-servicios-de-viaje\/","title":{"rendered":"Tarjetas de combustible\/Servicios de viaje"},"content":{"rendered":"\t\t<div data-elementor-type=\"wp-page\" data-elementor-id=\"3776\" class=\"elementor elementor-3776 elementor-37\" data-elementor-post-type=\"page\">\n\t\t\t\t<div class=\"elementor-element elementor-element-a961383 e-flex e-con-boxed e-con e-parent\" data-id=\"a961383\" data-element_type=\"container\" data-e-type=\"container\">\n\t\t\t\t\t<div class=\"e-con-inner\">\n\t\t\t\t<div class=\"elementor-element elementor-element-063115e elementor-widget elementor-widget-heading\" data-id=\"063115e\" data-element_type=\"widget\" data-e-type=\"widget\" data-widget_type=\"heading.default\">\n\t\t\t\t\t<h2 class=\"elementor-heading-title elementor-size-default\">Condiciones para los clientes de BetaInvest<\/h2>\t\t\t\t<\/div>\n\t\t\t\t\t<\/div>\n\t\t\t\t<\/div>\n\t\t<div class=\"elementor-element elementor-element-0a6785b e-flex e-con-boxed e-con e-parent\" data-id=\"0a6785b\" data-element_type=\"container\" data-e-type=\"container\">\n\t\t\t\t\t<div class=\"e-con-inner\">\n\t\t\t\t<div class=\"elementor-element elementor-element-b03cdfe elementor-widget elementor-widget-text-editor\" data-id=\"b03cdfe\" data-element_type=\"widget\" data-e-type=\"widget\" data-widget_type=\"text-editor.default\">\n\t\t\t\t\t\t\t\t\t<h3 data-start=\"317\" data-end=\"358\"><strong data-start=\"321\" data-end=\"356\">R\u00e9gimen n\u00ba 1 &#8211; Prestaci\u00f3n m\u00e1xima<\/strong><\/h3><p data-start=\"359\" data-end=\"535\"><strong data-start=\"359\" data-end=\"370\">Pago:<\/strong> hasta las 12:00 del d\u00eda en curso, en liras turcas, a la cuenta de <strong data-start=\"429\" data-end=\"443\">BetaInvest<\/strong><br data-start=\"443\" data-end=\"446\"><strong data-start=\"446\" data-end=\"461\">Abono:<\/strong> en rublos a tu cuenta el <strong data-start=\"483\" data-end=\"500\">mismo<\/strong> d\u00eda al tipo de conversi\u00f3n del <strong data-start=\"522\" data-end=\"535\">Banco Central de Turqu\u00eda.<\/strong><\/p><p data-start=\"537\" data-end=\"550\"><strong data-start=\"537\" data-end=\"548\">Descuentos:<\/strong><\/p><ul data-start=\"551\" data-end=\"761\"><li data-start=\"551\" data-end=\"599\"><p data-start=\"553\" data-end=\"599\"><strong data-start=\"553\" data-end=\"560\">-2%<\/strong> para el gas\u00f3leo en las gasolineras de Rusia<\/p><\/li><li data-start=\"600\" data-end=\"656\"><p data-start=\"602\" data-end=\"656\"><strong data-start=\"602\" data-end=\"609\">-3%<\/strong> en todos los servicios de las gasolineras <strong data-start=\"631\" data-end=\"641\">Lukoil<\/strong> y <strong data-start=\"644\" data-end=\"654\">Teboyl<\/strong><\/p><\/li><li data-start=\"657\" data-end=\"761\"><p data-start=\"659\" data-end=\"761\">Para vol\u00famenes de repostaje <strong data-start=\"679\" data-end=\"702\">superiores a 10 toneladas\/mes<\/strong> &#8211; los descuentos aumentan a <strong data-start=\"729\" data-end=\"736\">-3%<\/strong> y <strong data-start=\"739\" data-end=\"746\">-5%<\/strong> respectivamente<\/p><\/li><\/ul><ul data-start=\"766\" data-end=\"903\"><li data-start=\"826\" data-end=\"903\"><p data-start=\"828\" data-end=\"903\"> <\/p><\/li><\/ul>\t\t\t\t\t\t\t\t<\/div>\n\t\t\t\t\t<\/div>\n\t\t\t\t<\/div>\n\t\t<div class=\"elementor-element elementor-element-3d5ec0b e-flex e-con-boxed e-con e-parent\" data-id=\"3d5ec0b\" data-element_type=\"container\" data-e-type=\"container\">\n\t\t\t\t\t<div class=\"e-con-inner\">\n\t\t\t\t<div class=\"elementor-element elementor-element-c744c80 elementor-widget elementor-widget-image\" data-id=\"c744c80\" data-element_type=\"widget\" data-e-type=\"widget\" data-widget_type=\"image.default\">\n\t\t\t\t\t\t\t\t\t\t\t\t\t\t\t<img fetchpriority=\"high\" decoding=\"async\" width=\"350\" height=\"236\" src=\"https:\/\/betainvest.ee\/wp-content\/uploads\/2025\/08\/69abf7c930811a7f2f04cf58616265be.png\" class=\"attachment-large size-large wp-image-778\" alt=\"\" srcset=\"https:\/\/betainvest.ee\/wp-content\/uploads\/2025\/08\/69abf7c930811a7f2f04cf58616265be.png 350w, https:\/\/betainvest.ee\/wp-content\/uploads\/2025\/08\/69abf7c930811a7f2f04cf58616265be-300x202.png 300w\" sizes=\"(max-width: 350px) 100vw, 350px\" \/>\t\t\t\t\t\t\t\t\t\t\t\t\t\t\t<\/div>\n\t\t\t\t\t<\/div>\n\t\t\t\t<\/div>\n\t\t<div class=\"elementor-element elementor-element-f18b5c6 e-flex e-con-boxed e-con e-parent\" data-id=\"f18b5c6\" data-element_type=\"container\" data-e-type=\"container\">\n\t\t\t\t\t<div class=\"e-con-inner\">\n\t\t\t\t<div class=\"elementor-element elementor-element-3b184b1 elementor-widget elementor-widget-heading\" data-id=\"3b184b1\" data-element_type=\"widget\" data-e-type=\"widget\" data-widget_type=\"heading.default\">\n\t\t\t\t\t<h2 class=\"elementor-heading-title elementor-size-default\">Condiciones especiales para nuestros clientes habituales.<\/h2>\t\t\t\t<\/div>\n\t\t\t\t\t<\/div>\n\t\t\t\t<\/div>\n\t\t<div class=\"elementor-element elementor-element-c82ac47 e-flex e-con-boxed e-con e-parent\" data-id=\"c82ac47\" data-element_type=\"container\" data-e-type=\"container\">\n\t\t\t\t\t<div class=\"e-con-inner\">\n\t\t\t\t<div class=\"elementor-element elementor-element-11b2c9c elementor-widget elementor-widget-text-editor\" data-id=\"11b2c9c\" data-element_type=\"widget\" data-e-type=\"widget\" data-widget_type=\"text-editor.default\">\n\t\t\t\t\t\t\t\t\t<h3 data-start=\"768\" data-end=\"804\"><strong data-start=\"772\" data-end=\"802\">R\u00e9gimen n\u00ba 2 &#8211; Condiciones flexibles<\/strong><\/h3><p data-start=\"805\" data-end=\"998\"><strong data-start=\"805\" data-end=\"816\">Pago:<\/strong> a m\u00e1s tardar 7 d\u00edas despu\u00e9s de la recepci\u00f3n del servicio, en liras turcas, a la cuenta de <strong data-start=\"895\" data-end=\"909\">BetaInvest<\/strong><br data-start=\"909\" data-end=\"912\"><strong data-start=\"912\" data-end=\"927\">Abono:<\/strong> en rublos &#8211; en la fecha de recepci\u00f3n del servicio, al tipo de conversi\u00f3n del <strong data-start=\"985\" data-end=\"998\">Banco Central de Turqu\u00eda.<\/strong><\/p><p data-start=\"1000\" data-end=\"1013\"><strong data-start=\"1000\" data-end=\"1011\">Descuentos:<\/strong><\/p><ul data-start=\"1014\" data-end=\"1180\"><li data-start=\"1014\" data-end=\"1052\"><p data-start=\"1016\" data-end=\"1052\"><strong data-start=\"1016\" data-end=\"1030\">No hay descuentos<\/strong> para vol\u00famenes normales<\/p><\/li><li data-start=\"1053\" data-end=\"1180\"><p data-start=\"1055\" data-end=\"1180\">Para vol\u00famenes de repostaje <strong data-start=\"1075\" data-end=\"1098\">superiores a 15 toneladas\/mes<\/strong> &#8211; <strong data-start=\"1101\" data-end=\"1108\">-2%<\/strong> para el gas\u00f3leo y <strong data-start=\"1132\" data-end=\"1139\">-3%<\/strong> para los servicios en las gasolineras <strong data-start=\"1157\" data-end=\"1167\">Lukoil<\/strong> y <strong data-start=\"1170\" data-end=\"1180\">Teboyl<\/strong>.<\/p><\/li><\/ul>\t\t\t\t\t\t\t\t<\/div>\n\t\t\t\t\t<\/div>\n\t\t\t\t<\/div>\n\t\t<div class=\"elementor-element elementor-element-d077940 e-flex e-con-boxed e-con e-parent\" data-id=\"d077940\" data-element_type=\"container\" data-e-type=\"container\">\n\t\t\t\t\t<div class=\"e-con-inner\">\n\t\t\t\t<div class=\"elementor-element elementor-element-97ed0e9 elementor-widget elementor-widget-spacer\" data-id=\"97ed0e9\" data-element_type=\"widget\" data-e-type=\"widget\" data-widget_type=\"spacer.default\">\n\t\t\t\t\t\t\t<div class=\"elementor-spacer\">\n\t\t\t<div class=\"elementor-spacer-inner\"><\/div>\n\t\t<\/div>\n\t\t\t\t\t\t<\/div>\n\t\t\t\t\t<\/div>\n\t\t\t\t<\/div>\n\t\t\t\t<\/div>\n\t\t","protected":false},"excerpt":{"rendered":"<p>Condiciones para los clientes de BetaInvest R\u00e9gimen n\u00ba 1 &#8211; Prestaci\u00f3n m\u00e1xima Pago: hasta las 12:00 del d\u00eda en curso, en liras turcas, a la cuenta de BetaInvestAbono: en rublos a tu cuenta el mismo d\u00eda al tipo de conversi\u00f3n del Banco Central de Turqu\u00eda. Descuentos: -2% para el gas\u00f3leo en las gasolineras de Rusia [&hellip;]<\/p>\n","protected":false},"author":1,"featured_media":0,"parent":0,"menu_order":0,"comment_status":"closed","ping_status":"closed","template":"","meta":{"footnotes":""},"class_list":["post-3776","page","type-page","status-publish","hentry"],"_links":{"self":[{"href":"https:\/\/betainvest.ee\/es\/wp-json\/wp\/v2\/pages\/3776","targetHints":{"allow":["GET"]}}],"collection":[{"href":"https:\/\/betainvest.ee\/es\/wp-json\/wp\/v2\/pages"}],"about":[{"href":"https:\/\/betainvest.ee\/es\/wp-json\/wp\/v2\/types\/page"}],"author":[{"embeddable":true,"href":"https:\/\/betainvest.ee\/es\/wp-json\/wp\/v2\/users\/1"}],"replies":[{"embeddable":true,"href":"https:\/\/betainvest.ee\/es\/wp-json\/wp\/v2\/comments?post=3776"}],"version-history":[{"count":1,"href":"https:\/\/betainvest.ee\/es\/wp-json\/wp\/v2\/pages\/3776\/revisions"}],"predecessor-version":[{"id":3777,"href":"https:\/\/betainvest.ee\/es\/wp-json\/wp\/v2\/pages\/3776\/revisions\/3777"}],"wp:attachment":[{"href":"https:\/\/betainvest.ee\/es\/wp-json\/wp\/v2\/media?parent=3776"}],"curies":[{"name":"wp","href":"https:\/\/api.w.org\/{rel}","templated":true}]}}