{"id":3786,"date":"2025-08-04T06:22:53","date_gmt":"2025-08-04T06:22:53","guid":{"rendered":"https:\/\/betainvest.ee\/consejos-y-sugerencias\/"},"modified":"2025-08-26T13:12:17","modified_gmt":"2025-08-26T13:12:17","slug":"consejos-y-sugerencias","status":"publish","type":"page","link":"https:\/\/betainvest.ee\/es\/consejos-y-sugerencias\/","title":{"rendered":"Consejos y sugerencias"},"content":{"rendered":"\t\t<div data-elementor-type=\"wp-page\" data-elementor-id=\"3786\" class=\"elementor elementor-3786 elementor-55\" data-elementor-post-type=\"page\">\n\t\t\t\t<div class=\"elementor-element elementor-element-d4128a7 e-flex e-con-boxed e-con e-parent\" data-id=\"d4128a7\" data-element_type=\"container\" data-e-type=\"container\">\n\t\t\t\t\t<div class=\"e-con-inner\">\n\t\t\t\t<div class=\"elementor-element elementor-element-cee1de4 elementor-widget elementor-widget-text-editor\" data-id=\"cee1de4\" data-element_type=\"widget\" data-e-type=\"widget\" data-widget_type=\"text-editor.default\">\n\t\t\t\t\t\t\t\t\t<h1><b>\ud83d\ude9b Consejos y recomendaciones para empresas de transporte y clientes de mercanc\u00edas<\/b><\/h1><p class=\"p3\">Empresa <span class=\"s2\"><b>Betainvest<\/b><\/span> trabaja en la intersecci\u00f3n de los intereses de los transportistas y los clientes de la carga. Somos conscientes de lo importante que es crear la interacci\u00f3n adecuada entre las partes para que la entrega sea segura, r\u00e1pida y rentable. <\/p><hr><h2><b>Para las empresas de transporte<\/b><\/h2><ol start=\"1\"><li><p class=\"p1\"><b>Comprueba los documentos con antelaci\u00f3n<\/b><\/p><p class=\"p2\">&#8211; declaraciones de tr\u00e1nsito, seguros, permisos. Los errores en la frontera se pagan caros. <\/p><\/li><li><p class=\"p1\"><b>Optimizar rutas<\/b><\/p><p class=\"p2\">&#8211; Utiliza esquemas combinados (carretera + ferrocarril + mar) para reducir tiempo y costes.<\/p><\/li><li><p class=\"p1\"><b>Mantente al d\u00eda de los cambios en la legislaci\u00f3n<\/b><\/p><p class=\"p2\">&#8211; Las nuevas multas, el control del peso y las dimensiones, y los cambios en los impuestos especiales afectan directamente al transporte.<\/p><\/li><li><p class=\"p1\"><b>Invierte en un servicio para conductores<\/b><\/p><p class=\"p2\">&#8211; tarjetas de combustible, comunicaci\u00f3n, navegaci\u00f3n ayudan a ahorrar tiempo y dinero.<\/p><\/li><li><p class=\"p1\"><b>Trabaja con intermediarios fiables<\/b><\/p><p class=\"p2\">&#8211; Un socio que se ocupe del papeleo y las garant\u00edas financieras reduce tus riesgos.<\/p><\/li><\/ol><hr><h2><b>Para empresas clientes<\/b><\/h2><ol start=\"1\"><li><p class=\"p1\"><b>Formula la tarea con el mayor detalle posible<\/b><\/p><p class=\"p2\">&#8211; qu\u00e9 tipo de carga, peso, dimensiones, plazos, condiciones de entrega. Cuanto m\u00e1s precisa sea la informaci\u00f3n, menos malentendidos habr\u00e1. <\/p><\/li><li><p class=\"p1\"><b>Eval\u00faa no s\u00f3lo el precio, sino tambi\u00e9n la fiabilidad<\/b><\/p><p class=\"p2\">&#8211; el transporte barato sin seguro puede costar m\u00e1s.<\/p><\/li><li><p class=\"p1\"><b>Utiliza almacenes responsables<\/b><\/p><p class=\"p2\">&#8211; Si la carga no est\u00e1 lista para su posterior entrega, el almacenamiento temporal o de custodia reduce los riesgos.<\/p><\/li><li><p class=\"p1\"><b>Conf\u00eda la log\u00edstica a los expertos<\/b><\/p><p class=\"p2\">&#8211; la empresa de transportes asume el control de la ruta, las aduanas y los impuestos especiales, lo que ahorra tus recursos.<\/p><\/li><li><p class=\"p1\"><b>Solicitar documentos transparentes<\/b><\/p><p class=\"p2\">&#8211; facturas, actas, documentos de cierre ayudan a contabilizar los gastos de forma oficial y segura.<\/p><\/li><\/ol><hr><h2><b>El papel de BetaInvest<\/b><\/h2><p class=\"p3\">Ayudamos a transportistas y clientes a encontrar un terreno com\u00fan:<\/p><ul><li><p class=\"p1\">acompa\u00f1an a las transacciones y env\u00edos,<\/p><\/li><li><p class=\"p1\">Nos ocupamos de los tr\u00e1mites y las liquidaciones,<\/p><\/li><li><p class=\"p1\">ofrecemos garant\u00edas financieras,<\/p><\/li><li><p class=\"p1\">Ofrecemos rutas y almacenes \u00f3ptimos.<\/p><\/li><\/ul><hr><h2><b>\ud83e\udd1d Conclusi\u00f3n<\/b><\/h2><p class=\"p3\">Una buena organizaci\u00f3n del transporte es un equilibrio entre los intereses del transportista y los del cliente.<\/p><p class=\"p3\"><span class=\"s2\"><b>Betainvest<\/b><\/span> act\u00faa como enlace y socio fiable, garantizando la seguridad, transparencia y eficacia del transporte de mercanc\u00edas.<\/p>\t\t\t\t\t\t\t\t<\/div>\n\t\t\t\t\t<\/div>\n\t\t\t\t<\/div>\n\t\t<div class=\"elementor-element elementor-element-b660e51 e-flex e-con-boxed e-con e-parent\" data-id=\"b660e51\" data-element_type=\"container\" data-e-type=\"container\">\n\t\t\t\t\t<div class=\"e-con-inner\">\n\t\t\t\t<div class=\"elementor-element elementor-element-72622e5 elementor-widget elementor-widget-spacer\" data-id=\"72622e5\" data-element_type=\"widget\" data-e-type=\"widget\" data-widget_type=\"spacer.default\">\n\t\t\t\t\t\t\t<div class=\"elementor-spacer\">\n\t\t\t<div class=\"elementor-spacer-inner\"><\/div>\n\t\t<\/div>\n\t\t\t\t\t\t<\/div>\n\t\t\t\t<div class=\"elementor-element elementor-element-00e19ea elementor-widget-divider--view-line elementor-widget elementor-widget-divider\" data-id=\"00e19ea\" data-element_type=\"widget\" data-e-type=\"widget\" data-widget_type=\"divider.default\">\n\t\t\t\t\t\t\t<div class=\"elementor-divider\">\n\t\t\t<span class=\"elementor-divider-separator\">\n\t\t\t\t\t\t<\/span>\n\t\t<\/div>\n\t\t\t\t\t\t<\/div>\n\t\t\t\t\t<\/div>\n\t\t\t\t<\/div>\n\t\t\t\t<\/div>\n\t\t","protected":false},"excerpt":{"rendered":"<p>\ud83d\ude9b Consejos y recomendaciones para empresas de transporte y clientes de mercanc\u00edas Empresa Betainvest trabaja en la intersecci\u00f3n de los intereses de los transportistas y los clientes de la carga. Somos conscientes de lo importante que es crear la interacci\u00f3n adecuada entre las partes para que la entrega sea segura, r\u00e1pida y rentable. Para las [&hellip;]<\/p>\n","protected":false},"author":1,"featured_media":0,"parent":0,"menu_order":0,"comment_status":"closed","ping_status":"closed","template":"","meta":{"footnotes":""},"class_list":["post-3786","page","type-page","status-publish","hentry"],"_links":{"self":[{"href":"https:\/\/betainvest.ee\/es\/wp-json\/wp\/v2\/pages\/3786","targetHints":{"allow":["GET"]}}],"collection":[{"href":"https:\/\/betainvest.ee\/es\/wp-json\/wp\/v2\/pages"}],"about":[{"href":"https:\/\/betainvest.ee\/es\/wp-json\/wp\/v2\/types\/page"}],"author":[{"embeddable":true,"href":"https:\/\/betainvest.ee\/es\/wp-json\/wp\/v2\/users\/1"}],"replies":[{"embeddable":true,"href":"https:\/\/betainvest.ee\/es\/wp-json\/wp\/v2\/comments?post=3786"}],"version-history":[{"count":1,"href":"https:\/\/betainvest.ee\/es\/wp-json\/wp\/v2\/pages\/3786\/revisions"}],"predecessor-version":[{"id":3787,"href":"https:\/\/betainvest.ee\/es\/wp-json\/wp\/v2\/pages\/3786\/revisions\/3787"}],"wp:attachment":[{"href":"https:\/\/betainvest.ee\/es\/wp-json\/wp\/v2\/media?parent=3786"}],"curies":[{"name":"wp","href":"https:\/\/api.w.org\/{rel}","templated":true}]}}