{"id":3798,"date":"2025-08-04T06:22:53","date_gmt":"2025-08-04T06:22:53","guid":{"rendered":"https:\/\/betainvest.ee\/comercio-exterior-proyectos\/"},"modified":"2025-08-26T13:12:26","modified_gmt":"2025-08-26T13:12:26","slug":"comercio-exterior-proyectos","status":"publish","type":"page","link":"https:\/\/betainvest.ee\/es\/comercio-exterior-proyectos\/","title":{"rendered":"Comercio Exterior\/Proyectos"},"content":{"rendered":"\t\t<div data-elementor-type=\"wp-page\" data-elementor-id=\"3798\" class=\"elementor elementor-3798 elementor-40\" data-elementor-post-type=\"page\">\n\t\t\t\t<div class=\"elementor-element elementor-element-a5d0d44 e-flex e-con-boxed e-con e-parent\" data-id=\"a5d0d44\" data-element_type=\"container\" data-e-type=\"container\">\n\t\t\t\t\t<div class=\"e-con-inner\">\n\t\t\t\t<div class=\"elementor-element elementor-element-e00b40d elementor-widget elementor-widget-text-editor\" data-id=\"e00b40d\" data-element_type=\"widget\" data-e-type=\"widget\" data-widget_type=\"text-editor.default\">\n\t\t\t\t\t\t\t\t\t<h1><b>\ud83c\udf0d Proyectos de comercio exterior con BetaInvest<\/b><\/h1><p class=\"p3\">En el mundo actual, las empresas se enfrentan a nuevos retos:<\/p><ul><li><p class=\"p1\">fronteras cerradas,<\/p><\/li><li><p class=\"p1\">restricciones y embargos,<\/p><\/li><li><p class=\"p1\">dificultades con el pago y la transferencia de fondos,<\/p><\/li><li><p class=\"p1\">prohibici\u00f3n o restricci\u00f3n del transporte y la venta de determinadas mercanc\u00edas.<\/p><\/li><\/ul><p class=\"p3\">Muchas empresas quieren comprar equipos, materias primas, suministros o productos semiacabados, pero les resulta imposible hacerlo directamente.<\/p><p class=\"p3\">Empresa <span class=\"s2\"><b>Betainvest<\/b><\/span> ofrece una soluci\u00f3n &#8211; nos encargamos de organizar <span class=\"s2\"><b>proyectos de comercio exterior<\/b><\/span> en inter\u00e9s de nuestros clientes.<\/p><hr><h2><b>Qu\u00e9 hacemos<\/b><\/h2><ul><li><p class=\"p1\">\ud83d\udcd1 <span class=\"s1\"><b>Desarrollamos esquemas de comercio exterior<\/b><\/span> &#8211; Coordinamos con el cliente el proyecto de entrega, teniendo en cuenta todas las restricciones y posibilidades.<\/p><\/li><li><p class=\"p1\">\ud83c\udf10 <span class=\"s1\"><b>Encontrar proveedores<\/b><\/span> &#8211; Buscamos equipos, materias primas, productos semiacabados y acabados en distintos pa\u00edses.<\/p><\/li><li><p class=\"p1\">\ud83d\ude9b <span class=\"s1\"><b>Organizamos el transporte<\/b><\/span> &#8211; Elegimos rutas \u00f3ptimas, combinamos transportes (carretera, ferrocarril, mar, aire).<\/p><\/li><li><p class=\"p1\">\ud83d\udcb3 <span class=\"s1\"><b>Proporcionamos liquidaci\u00f3n<\/b><\/span> &#8211; ayudamos con el pago y las transacciones financieras cuando el cliente tiene restricciones.<\/p><\/li><li><p class=\"p1\">\ud83d\udec3 <span class=\"s1\"><b>Redactamos documentos<\/b><\/span> &#8211; Preparamos contratos de comercio exterior, facturas, certificados, apoyamos los tr\u00e1mites aduaneros.<\/p><\/li><li><p class=\"p1\">\u2705 <span class=\"s1\"><b>Asumimos la responsabilidad<\/b><\/span> &#8211; Garantizamos la entrega y la liquidaci\u00f3n.<\/p><\/li><\/ul><hr><h2><b>Para qui\u00e9n es relevante<\/b><\/h2><ul><li><p class=\"p1\">Para empresas que quieren comprar equipos o materiales pero no pueden hacerlo directamente.<\/p><\/li><li><p class=\"p1\">Para compradores de Turqu\u00eda, Rusia y otros pa\u00edses que buscan un intermediario fiable para AEF.<\/p><\/li><li><p class=\"p1\">Para fabricantes que quieren entrar en nuevos mercados pero se enfrentan a barreras.<\/p><\/li><\/ul><hr><h2><b>Ventajas de trabajar con Betainvest<\/b><\/h2><ul><li><p class=\"p1\"><span class=\"s1\"><b>Soluciones leg\u00edtimas<\/b><\/span> &#8211; Desarrollamos proyectos teniendo en cuenta las normativas y requisitos internacionales.<\/p><\/li><li><p class=\"p1\"><span class=\"s1\"><b>Transparencia<\/b><\/span> &#8211; el cliente recibe todos los documentos e informes.<\/p><\/li><li><p class=\"p1\"><span class=\"s1\"><b>Flexibilidad<\/b><\/span> &#8211; Encuentra rutas y esquemas \u00f3ptimos incluso con limitaciones.<\/p><\/li><li><p class=\"p1\"><span class=\"s1\"><b>Fiabilidad<\/b><\/span> &#8211; acompa\u00f1amos la transacci\u00f3n desde la b\u00fasqueda de la mercanc\u00eda hasta la entrega en el destino.<\/p><\/li><\/ul><hr><h2><b>\ud83e\udd1d Conclusi\u00f3n<\/b><\/h2><p class=\"p3\"><span class=\"s2\"><b>Betainvest<\/b><\/span> &#8211; es tu socio en las nuevas realidades. Sabemos c\u00f3mo encontrar soluciones all\u00ed donde las fronteras se cierran y las reglas cambian. <\/p><p class=\"p3\">Nuestros proyectos de comercio exterior ayudan a nuestros clientes a adquirir equipos, materias primas, materiales y productos semiacabados, a recibirlos a tiempo y con garant\u00eda.<\/p><p class=\"p3\">\ud83d\udc49 Ponte en contacto con nosotros hoy mismo y dise\u00f1aremos una soluci\u00f3n personalizada para tu empresa.<\/p><p> <\/p>\t\t\t\t\t\t\t\t<\/div>\n\t\t\t\t\t<\/div>\n\t\t\t\t<\/div>\n\t\t<div class=\"elementor-element elementor-element-9b783c6 e-flex e-con-boxed e-con e-parent\" data-id=\"9b783c6\" data-element_type=\"container\" data-e-type=\"container\">\n\t\t\t\t\t<div class=\"e-con-inner\">\n\t\t\t\t<div class=\"elementor-element elementor-element-192aa06 elementor-align-center elementor-widget elementor-widget-button\" data-id=\"192aa06\" data-element_type=\"widget\" data-e-type=\"widget\" data-widget_type=\"button.default\">\n\t\t\t\t\t\t\t\t\t\t<a class=\"elementor-button elementor-button-link elementor-size-sm\" href=\"#\">\n\t\t\t\t\t\t<span class=\"elementor-button-content-wrapper\">\n\t\t\t\t\t\t\t\t\t<span class=\"elementor-button-text\">Pulsa aqu\u00ed<\/span>\n\t\t\t\t\t<\/span>\n\t\t\t\t\t<\/a>\n\t\t\t\t\t\t\t\t<\/div>\n\t\t\t\t<div class=\"elementor-element elementor-element-136cc65 elementor-widget elementor-widget-spacer\" data-id=\"136cc65\" data-element_type=\"widget\" data-e-type=\"widget\" data-widget_type=\"spacer.default\">\n\t\t\t\t\t\t\t<div class=\"elementor-spacer\">\n\t\t\t<div class=\"elementor-spacer-inner\"><\/div>\n\t\t<\/div>\n\t\t\t\t\t\t<\/div>\n\t\t\t\t<div class=\"elementor-element elementor-element-208b616 elementor-widget-divider--view-line elementor-widget elementor-widget-divider\" data-id=\"208b616\" data-element_type=\"widget\" data-e-type=\"widget\" data-widget_type=\"divider.default\">\n\t\t\t\t\t\t\t<div class=\"elementor-divider\">\n\t\t\t<span class=\"elementor-divider-separator\">\n\t\t\t\t\t\t<\/span>\n\t\t<\/div>\n\t\t\t\t\t\t<\/div>\n\t\t\t\t\t<\/div>\n\t\t\t\t<\/div>\n\t\t\t\t<\/div>\n\t\t","protected":false},"excerpt":{"rendered":"<p>\ud83c\udf0d Proyectos de comercio exterior con BetaInvest En el mundo actual, las empresas se enfrentan a nuevos retos: fronteras cerradas, restricciones y embargos, dificultades con el pago y la transferencia de fondos, prohibici\u00f3n o restricci\u00f3n del transporte y la venta de determinadas mercanc\u00edas. Muchas empresas quieren comprar equipos, materias primas, suministros o productos semiacabados, pero [&hellip;]<\/p>\n","protected":false},"author":1,"featured_media":0,"parent":0,"menu_order":0,"comment_status":"closed","ping_status":"closed","template":"","meta":{"footnotes":""},"class_list":["post-3798","page","type-page","status-publish","hentry"],"_links":{"self":[{"href":"https:\/\/betainvest.ee\/es\/wp-json\/wp\/v2\/pages\/3798","targetHints":{"allow":["GET"]}}],"collection":[{"href":"https:\/\/betainvest.ee\/es\/wp-json\/wp\/v2\/pages"}],"about":[{"href":"https:\/\/betainvest.ee\/es\/wp-json\/wp\/v2\/types\/page"}],"author":[{"embeddable":true,"href":"https:\/\/betainvest.ee\/es\/wp-json\/wp\/v2\/users\/1"}],"replies":[{"embeddable":true,"href":"https:\/\/betainvest.ee\/es\/wp-json\/wp\/v2\/comments?post=3798"}],"version-history":[{"count":1,"href":"https:\/\/betainvest.ee\/es\/wp-json\/wp\/v2\/pages\/3798\/revisions"}],"predecessor-version":[{"id":3799,"href":"https:\/\/betainvest.ee\/es\/wp-json\/wp\/v2\/pages\/3798\/revisions\/3799"}],"wp:attachment":[{"href":"https:\/\/betainvest.ee\/es\/wp-json\/wp\/v2\/media?parent=3798"}],"curies":[{"name":"wp","href":"https:\/\/api.w.org\/{rel}","templated":true}]}}