{"id":3820,"date":"2025-08-04T06:22:53","date_gmt":"2025-08-04T06:22:53","guid":{"rendered":"https:\/\/betainvest.ee\/proyectos-de-ingenieria-inversiones\/"},"modified":"2025-08-26T13:12:37","modified_gmt":"2025-08-26T13:12:37","slug":"proyectos-de-ingenieria-inversiones","status":"publish","type":"page","link":"https:\/\/betainvest.ee\/es\/proyectos-de-ingenieria-inversiones\/","title":{"rendered":"Proyectos de ingenier\u00eda\/ Inversiones"},"content":{"rendered":"\t\t<div data-elementor-type=\"wp-page\" data-elementor-id=\"3820\" class=\"elementor elementor-3820 elementor-41\" data-elementor-post-type=\"page\">\n\t\t\t\t<div class=\"elementor-element elementor-element-8afe1a6 e-flex e-con-boxed e-con e-parent\" data-id=\"8afe1a6\" data-element_type=\"container\" data-e-type=\"container\">\n\t\t\t\t\t<div class=\"e-con-inner\">\n\t\t\t\t<div class=\"elementor-element elementor-element-627c3ed elementor-widget elementor-widget-text-editor\" data-id=\"627c3ed\" data-element_type=\"widget\" data-e-type=\"widget\" data-widget_type=\"text-editor.default\">\n\t\t\t\t\t\t\t\t\t<h1><b>\ud83c\udfd7 Ingenier\u00eda e inversi\u00f3n con BetaInvest<\/b><\/h1><p class=\"p3\">La empresa moderna es imposible de imaginar sin soluciones innovadoras e inversiones competentes.<\/p><p class=\"p3\">Empresa <span class=\"s2\"><b>Betainvest<\/b><\/span> considera los proyectos de ingenier\u00eda e inversi\u00f3n como una de las \u00e1reas clave de su actividad. Combinamos experiencia, tecnolog\u00eda y capital para crear proyectos que funcionen hoy y den resultados ma\u00f1ana. <\/p><hr><h2><b>\ud83d\udd27 Proyectos de ingenier\u00eda<\/b><\/h2><p class=\"p3\"><span class=\"s2\"><b>Ingenier\u00eda de Betainvest<\/b><\/span> &#8211; es un conjunto de servicios de dise\u00f1o, implementaci\u00f3n y soporte de soluciones t\u00e9cnicas y de infraestructura.<\/p><p class=\"p3\">Te lo ofrecemos:<\/p><ul><li><p class=\"p1\"><span class=\"s1\">desarrollo <\/span><b>proyectos log\u00edsticos y de producci\u00f3n<\/b><span class=\"s1\">;<\/span><\/p><\/li><li><p class=\"p1\">dise\u00f1o y modernizaci\u00f3n de complejos de almacenes y terminales;<\/p><\/li><li><p class=\"p1\">introducci\u00f3n de tecnolog\u00edas modernas para optimizar los procesos de transporte y almacenamiento;<\/p><\/li><li><p class=\"p1\">auditor\u00eda t\u00e9cnica y consultor\u00eda.<\/p><\/li><\/ul><p class=\"p3\">Gracias a nuestra asociaci\u00f3n con ingenieros y contratistas profesionales, garantizamos la realizaci\u00f3n de proyectos de cualquier complejidad, desde la planificaci\u00f3n hasta la puesta en marcha.<\/p><hr><h2><b>\ud83d\udcbc Proyectos de inversi\u00f3n<\/b><\/h2><p class=\"p3\">Empresa <span class=\"s2\"><b>Betainvest<\/b><\/span> desarrolla activamente la direcci\u00f3n <span class=\"s2\"><b>inversiones<\/b><\/span> y ofrece a sus clientes:<\/p><ul><li><p class=\"p1\">selecci\u00f3n y an\u00e1lisis de \u00e1reas de inversi\u00f3n prometedoras;<\/p><\/li><li><p class=\"p1\">desarrollo de planes de negocio y modelos financieros;<\/p><\/li><li><p class=\"p1\">atraer socios y coinversores;<\/p><\/li><li><p class=\"p1\">apoyo al proyecto en todas sus fases, incluido el apoyo jur\u00eddico y financiero.<\/p><\/li><\/ul><p class=\"p3\">Consideramos las inversiones no s\u00f3lo como gastos de capital, sino tambi\u00e9n como una herramienta para el desarrollo empresarial, la ampliaci\u00f3n de mercados y la creaci\u00f3n de nuevas oportunidades para nuestros clientes.<\/p><hr><h2><b>\ud83c\udf0d Para quien corresponda<\/b><\/h2><ul><li><p class=\"p1\"><span class=\"s1\"><b>Empresas industriales<\/b><\/span>que necesitan nuevas soluciones de ingenier\u00eda para mejorar la eficacia.<\/p><\/li><li><p class=\"p1\"><span class=\"s1\"><b>Empresas de log\u00edstica<\/b><\/span>interesadas en construir o modernizar almacenes y centros de transporte.<\/p><\/li><li><p class=\"p1\"><span class=\"s1\"><b>Inversores<\/b><\/span>que buscan proyectos fiables y rentables.<\/p><\/li><li><p class=\"p1\"><span class=\"s1\"><b>Socios internacionales<\/b><\/span>que necesitan acceder al mercado ruso y euroasi\u00e1tico a trav\u00e9s de un operador de confianza.<\/p><\/li><\/ul><hr><h2><b>\u2705 Ventajas de trabajar con Betainvest<\/b><\/h2><ul><li><p class=\"p1\"><span class=\"s1\"><b>Enfoque integral<\/b><\/span> &#8211; desde la idea y el concepto hasta la aplicaci\u00f3n y el apoyo.<\/p><\/li><li><p class=\"p1\"><span class=\"s1\"><b>Socios fiables<\/b><\/span> &#8211; Trabajamos s\u00f3lo con ingenieros, contratistas e inversores de confianza.<\/p><\/li><li><p class=\"p1\"><span class=\"s1\"><b>Transparencia y control<\/b><\/span> &#8211; Todas las etapas est\u00e1n documentadas y el cliente recibe plena responsabilidad.<\/p><\/li><li><p class=\"p1\"><span class=\"s1\"><b>Inter\u00e9s en el desarrollo<\/b><\/span> &#8211; estamos abiertos a nuevas ideas y proyectos conjuntos.<\/p><\/li><\/ul><hr><h2><b>\ud83e\udd1d Conclusi\u00f3n<\/b><\/h2><p class=\"p3\"><span class=\"s2\"><b>Betainvest<\/b><\/span> &#8211; es una empresa que mira hacia el futuro. Creemos que la combinaci\u00f3n de experiencia en ingenier\u00eda y potencial de inversi\u00f3n abre nuevos horizontes para los negocios. <\/p><p class=\"p3\">\ud83d\udc49 Si tienes un proyecto que requiere apoyo de ingenier\u00eda o inversi\u00f3n, ponte en contacto con <span class=\"s2\"><b>Betainvest<\/b><\/span>. Te ayudaremos a dar vida a tu idea y a garantizar su realizaci\u00f3n con \u00e9xito. <\/p>\t\t\t\t\t\t\t\t<\/div>\n\t\t\t\t\t<\/div>\n\t\t\t\t<\/div>\n\t\t<div class=\"elementor-element elementor-element-4143937 e-flex e-con-boxed e-con e-parent\" data-id=\"4143937\" data-element_type=\"container\" data-e-type=\"container\">\n\t\t\t\t\t<div class=\"e-con-inner\">\n\t\t\t\t<div class=\"elementor-element elementor-element-c137680 elementor-align-center elementor-widget elementor-widget-button\" data-id=\"c137680\" data-element_type=\"widget\" data-e-type=\"widget\" data-widget_type=\"button.default\">\n\t\t\t\t\t\t\t\t\t\t<a class=\"elementor-button elementor-button-link elementor-size-sm\" href=\"#\">\n\t\t\t\t\t\t<span class=\"elementor-button-content-wrapper\">\n\t\t\t\t\t\t\t\t\t<span class=\"elementor-button-text\">Pulsa aqu\u00ed<\/span>\n\t\t\t\t\t<\/span>\n\t\t\t\t\t<\/a>\n\t\t\t\t\t\t\t\t<\/div>\n\t\t\t\t<div class=\"elementor-element elementor-element-86a4242 elementor-widget elementor-widget-spacer\" data-id=\"86a4242\" data-element_type=\"widget\" data-e-type=\"widget\" data-widget_type=\"spacer.default\">\n\t\t\t\t\t\t\t<div class=\"elementor-spacer\">\n\t\t\t<div class=\"elementor-spacer-inner\"><\/div>\n\t\t<\/div>\n\t\t\t\t\t\t<\/div>\n\t\t\t\t<div class=\"elementor-element elementor-element-66b160c elementor-widget-divider--view-line elementor-widget elementor-widget-divider\" data-id=\"66b160c\" data-element_type=\"widget\" data-e-type=\"widget\" data-widget_type=\"divider.default\">\n\t\t\t\t\t\t\t<div class=\"elementor-divider\">\n\t\t\t<span class=\"elementor-divider-separator\">\n\t\t\t\t\t\t<\/span>\n\t\t<\/div>\n\t\t\t\t\t\t<\/div>\n\t\t\t\t\t<\/div>\n\t\t\t\t<\/div>\n\t\t\t\t<\/div>\n\t\t","protected":false},"excerpt":{"rendered":"<p>\ud83c\udfd7 Ingenier\u00eda e inversi\u00f3n con BetaInvest La empresa moderna es imposible de imaginar sin soluciones innovadoras e inversiones competentes. Empresa Betainvest considera los proyectos de ingenier\u00eda e inversi\u00f3n como una de las \u00e1reas clave de su actividad. Combinamos experiencia, tecnolog\u00eda y capital para crear proyectos que funcionen hoy y den resultados ma\u00f1ana. \ud83d\udd27 Proyectos de [&hellip;]<\/p>\n","protected":false},"author":1,"featured_media":0,"parent":0,"menu_order":0,"comment_status":"closed","ping_status":"closed","template":"","meta":{"footnotes":""},"class_list":["post-3820","page","type-page","status-publish","hentry"],"_links":{"self":[{"href":"https:\/\/betainvest.ee\/es\/wp-json\/wp\/v2\/pages\/3820","targetHints":{"allow":["GET"]}}],"collection":[{"href":"https:\/\/betainvest.ee\/es\/wp-json\/wp\/v2\/pages"}],"about":[{"href":"https:\/\/betainvest.ee\/es\/wp-json\/wp\/v2\/types\/page"}],"author":[{"embeddable":true,"href":"https:\/\/betainvest.ee\/es\/wp-json\/wp\/v2\/users\/1"}],"replies":[{"embeddable":true,"href":"https:\/\/betainvest.ee\/es\/wp-json\/wp\/v2\/comments?post=3820"}],"version-history":[{"count":1,"href":"https:\/\/betainvest.ee\/es\/wp-json\/wp\/v2\/pages\/3820\/revisions"}],"predecessor-version":[{"id":3821,"href":"https:\/\/betainvest.ee\/es\/wp-json\/wp\/v2\/pages\/3820\/revisions\/3821"}],"wp:attachment":[{"href":"https:\/\/betainvest.ee\/es\/wp-json\/wp\/v2\/media?parent=3820"}],"curies":[{"name":"wp","href":"https:\/\/api.w.org\/{rel}","templated":true}]}}