{"id":3865,"date":"2025-08-04T06:22:53","date_gmt":"2025-08-04T06:22:53","guid":{"rendered":"https:\/\/betainvest.ee\/sistemas-combinados-de-transporte-de-mercancias-carretera-ferrocarril-aire-mar\/"},"modified":"2025-08-26T13:12:54","modified_gmt":"2025-08-26T13:12:54","slug":"sistemas-combinados-de-transporte-de-mercancias-carretera-ferrocarril-aire-mar","status":"publish","type":"page","link":"https:\/\/betainvest.ee\/es\/sistemas-combinados-de-transporte-de-mercancias-carretera-ferrocarril-aire-mar\/","title":{"rendered":"Sistemas combinados de transporte de mercanc\u00edas (carretera\/ferrocarril\/aire\/mar)"},"content":{"rendered":"\t\t<div data-elementor-type=\"wp-page\" data-elementor-id=\"3865\" class=\"elementor elementor-3865\" data-elementor-post-type=\"page\">\n\t\t\t\t<div class=\"elementor-element elementor-element-70d75b5 e-flex e-con-boxed e-con e-parent\" data-id=\"70d75b5\" data-element_type=\"container\" data-e-type=\"container\">\n\t\t\t\t\t<div class=\"e-con-inner\">\n\t\t\t\t<div class=\"elementor-element elementor-element-f7dd763 elementor-widget elementor-widget-image\" data-id=\"f7dd763\" data-element_type=\"widget\" data-e-type=\"widget\" data-widget_type=\"image.default\">\n\t\t\t\t\t\t\t\t\t\t\t\t\t\t\t<img decoding=\"async\" width=\"300\" height=\"158\" src=\"https:\/\/betainvest.ee\/wp-content\/uploads\/2025\/08\/istockphoto-1125367903-612x612-1-300x158.jpg\" class=\"attachment-medium size-medium wp-image-3866\" alt=\"\" srcset=\"https:\/\/betainvest.ee\/wp-content\/uploads\/2025\/08\/istockphoto-1125367903-612x612-1-300x158.jpg 300w, https:\/\/betainvest.ee\/wp-content\/uploads\/2025\/08\/istockphoto-1125367903-612x612-1.jpg 612w\" sizes=\"(max-width: 300px) 100vw, 300px\" \/>\t\t\t\t\t\t\t\t\t\t\t\t\t\t\t<\/div>\n\t\t\t\t\t<\/div>\n\t\t\t\t<\/div>\n\t\t<div class=\"elementor-element elementor-element-cac00f1 e-flex e-con-boxed e-con e-parent\" data-id=\"cac00f1\" data-element_type=\"container\" data-e-type=\"container\">\n\t\t\t\t\t<div class=\"e-con-inner\">\n\t\t\t\t<div class=\"elementor-element elementor-element-00f8cbe elementor-widget elementor-widget-text-editor\" data-id=\"00f8cbe\" data-element_type=\"widget\" data-e-type=\"widget\" data-widget_type=\"text-editor.default\">\n\t\t\t\t\t\t\t\t\t<h1><b>\ud83c\udf0d Transporte multimodal y combinado de mercanc\u00edas con BetaInvest<\/b><\/h1><p class=\"p3\">La log\u00edstica moderna requiere flexibilidad. No siempre es rentable enviar la carga s\u00f3lo por carretera o s\u00f3lo por mar. A veces es m\u00e1s r\u00e1pido y barato utilizar sistemas combinados:  <\/p><ul><li><p class=\"p1\">\ud83d\ude86 transporte ferroviario + transporte por carretera,<\/p><\/li><li><p class=\"p1\">\u2708\ufe0f aviaci\u00f3n + transporte mar\u00edtimo,<\/p><\/li><li><p class=\"p1\">\ud83d\ude9a transporte por carretera + mar,<\/p><\/li><li><p class=\"p1\">o una combinaci\u00f3n completa de todos los m\u00e9todos de entrega.<\/p><\/li><\/ul><p class=\"p3\">Empresa <span class=\"s2\"><b>BetaInvest<\/b><\/span> est\u00e1 especializada en <span class=\"s2\"><b>transportes multimodales<\/b><\/span>BetaInvest est\u00e1 especializada en transportes multimodales, desarrollando rutas \u00f3ptimas para cada cliente, teniendo en cuenta el tiempo, el coste y las particularidades de la carga.<\/p><hr><h2><b>Ventajas del transporte combinado con BetaInvest<\/b><\/h2><ul><li><p class=\"p1\"><b>Ahorrar tiempo y dinero<\/b><\/p><p class=\"p2\">Seleccionamos un esquema de entrega para reducir la ruta y los costes. Por ejemplo, parte de la ruta es m\u00e1s favorable por mar y la \u00faltima parte por aire. <\/p><\/li><li><p class=\"p1\"><b>Flexibilidad de rutas<\/b><\/p><p class=\"p2\">Combinamos distintos modos de transporte en funci\u00f3n del destino, las condiciones y las necesidades del cliente.<\/p><\/li><li><p class=\"p1\"><b>Control y apoyo plenos<\/b><\/p><p class=\"p2\">BetaInvest se encarga de todas las etapas: desde el c\u00e1lculo del esquema log\u00edstico y el papeleo hasta el control del movimiento de la carga y su recepci\u00f3n.<\/p><\/li><li><p class=\"p1\"><b>Ventajas para los socios<\/b><\/p><p class=\"p2\">No s\u00f3lo los clientes trabajan con nosotros, sino tambi\u00e9n las empresas de transporte, que tienen la oportunidad de utilizar nuestros esquemas y experiencia para sus transportes.<\/p><\/li><\/ul><hr><h2><b>Para qui\u00e9n es relevante<\/b><\/h2><ul><li><p class=\"p1\">Para empresas que valoran la rapidez y necesitan entregar la carga \u00abayer\u00bb.<\/p><\/li><li><p class=\"p1\">Para empresas que buscan optimizar sus costes log\u00edsticos.<\/p><\/li><li><p class=\"p1\">Para empresas de transporte que quieran ampliar su gama de servicios y trabajar con BetaInvest como socio de confianza.<\/p><\/li><\/ul><hr><h2><b>Por qu\u00e9 elegir BetaInvest<\/b><\/h2><ul><li><p class=\"p1\">\ud83d\udcca Calculamos varias opciones de ruta y te sugerimos la mejor.<\/p><\/li><li><p class=\"p1\">\ud83d\udee1 Garantizamos transparencia, seguridad y control de las entregas.<\/p><\/li><li><p class=\"p1\">\ud83c\udf10 Trabajamos con Rusia, Turqu\u00eda, Bielorrusia, pa\u00edses de la CEI, Europa y Asia.<\/p><\/li><\/ul><hr><h2><b>\ud83e\udd1d Conclusi\u00f3n<\/b><\/h2><p class=\"p3\"><span class=\"s2\"><b>BetaInvest<\/b><\/span> &#8211; es m\u00e1s que transporte. Es log\u00edstica inteligente que combina ferrocarril, carretera, mar y aviaci\u00f3n. Hacemos que la entrega sea c\u00f3moda, rentable y fiable para los clientes y las empresas de transporte asociadas.  <\/p><p class=\"p3\">\ud83d\udc49 Ponte en contacto con nosotros y calcularemos el mejor plan de env\u00edo combinado para ti.<\/p>\t\t\t\t\t\t\t\t<\/div>\n\t\t\t\t\t<\/div>\n\t\t\t\t<\/div>\n\t\t<div class=\"elementor-element elementor-element-29765b1 e-flex e-con-boxed e-con e-parent\" data-id=\"29765b1\" data-element_type=\"container\" data-e-type=\"container\">\n\t\t\t\t\t<div class=\"e-con-inner\">\n\t\t\t\t<div class=\"elementor-element elementor-element-a815118 elementor-widget elementor-widget-spacer\" data-id=\"a815118\" data-element_type=\"widget\" data-e-type=\"widget\" data-widget_type=\"spacer.default\">\n\t\t\t\t\t\t\t<div class=\"elementor-spacer\">\n\t\t\t<div class=\"elementor-spacer-inner\"><\/div>\n\t\t<\/div>\n\t\t\t\t\t\t<\/div>\n\t\t\t\t<div class=\"elementor-element elementor-element-007ecc8 elementor-align-center elementor-widget elementor-widget-button\" data-id=\"007ecc8\" data-element_type=\"widget\" data-e-type=\"widget\" data-widget_type=\"button.default\">\n\t\t\t\t\t\t\t\t\t\t<a class=\"elementor-button elementor-button-link elementor-size-sm\" href=\"#\">\n\t\t\t\t\t\t<span class=\"elementor-button-content-wrapper\">\n\t\t\t\t\t\t\t\t\t<span class=\"elementor-button-text\">Pulsa aqu\u00ed<\/span>\n\t\t\t\t\t<\/span>\n\t\t\t\t\t<\/a>\n\t\t\t\t\t\t\t\t<\/div>\n\t\t\t\t<div class=\"elementor-element elementor-element-2cff434 elementor-widget-divider--view-line elementor-widget elementor-widget-divider\" data-id=\"2cff434\" data-element_type=\"widget\" data-e-type=\"widget\" data-widget_type=\"divider.default\">\n\t\t\t\t\t\t\t<div class=\"elementor-divider\">\n\t\t\t<span class=\"elementor-divider-separator\">\n\t\t\t\t\t\t<\/span>\n\t\t<\/div>\n\t\t\t\t\t\t<\/div>\n\t\t\t\t<div class=\"elementor-element elementor-element-880a4a7 elementor-widget elementor-widget-spacer\" data-id=\"880a4a7\" data-element_type=\"widget\" data-e-type=\"widget\" data-widget_type=\"spacer.default\">\n\t\t\t\t\t\t\t<div class=\"elementor-spacer\">\n\t\t\t<div class=\"elementor-spacer-inner\"><\/div>\n\t\t<\/div>\n\t\t\t\t\t\t<\/div>\n\t\t\t\t\t<\/div>\n\t\t\t\t<\/div>\n\t\t\t\t<\/div>\n\t\t","protected":false},"excerpt":{"rendered":"<p>\ud83c\udf0d Transporte multimodal y combinado de mercanc\u00edas con BetaInvest La log\u00edstica moderna requiere flexibilidad. No siempre es rentable enviar la carga s\u00f3lo por carretera o s\u00f3lo por mar. A veces es m\u00e1s r\u00e1pido y barato utilizar sistemas combinados: \ud83d\ude86 transporte ferroviario + transporte por carretera, \u2708\ufe0f aviaci\u00f3n + transporte mar\u00edtimo, \ud83d\ude9a transporte por carretera + [&hellip;]<\/p>\n","protected":false},"author":1,"featured_media":0,"parent":0,"menu_order":0,"comment_status":"closed","ping_status":"closed","template":"","meta":{"footnotes":""},"class_list":["post-3865","page","type-page","status-publish","hentry"],"_links":{"self":[{"href":"https:\/\/betainvest.ee\/es\/wp-json\/wp\/v2\/pages\/3865","targetHints":{"allow":["GET"]}}],"collection":[{"href":"https:\/\/betainvest.ee\/es\/wp-json\/wp\/v2\/pages"}],"about":[{"href":"https:\/\/betainvest.ee\/es\/wp-json\/wp\/v2\/types\/page"}],"author":[{"embeddable":true,"href":"https:\/\/betainvest.ee\/es\/wp-json\/wp\/v2\/users\/1"}],"replies":[{"embeddable":true,"href":"https:\/\/betainvest.ee\/es\/wp-json\/wp\/v2\/comments?post=3865"}],"version-history":[{"count":1,"href":"https:\/\/betainvest.ee\/es\/wp-json\/wp\/v2\/pages\/3865\/revisions"}],"predecessor-version":[{"id":3869,"href":"https:\/\/betainvest.ee\/es\/wp-json\/wp\/v2\/pages\/3865\/revisions\/3869"}],"wp:attachment":[{"href":"https:\/\/betainvest.ee\/es\/wp-json\/wp\/v2\/media?parent=3865"}],"curies":[{"name":"wp","href":"https:\/\/api.w.org\/{rel}","templated":true}]}}