{"id":3884,"date":"2025-08-04T06:22:53","date_gmt":"2025-08-04T06:22:53","guid":{"rendered":"https:\/\/betainvest.ee\/acuerdos-y-condiciones\/"},"modified":"2025-08-26T13:13:04","modified_gmt":"2025-08-26T13:13:04","slug":"acuerdos-y-condiciones","status":"publish","type":"page","link":"https:\/\/betainvest.ee\/es\/acuerdos-y-condiciones\/","title":{"rendered":"Acuerdos y condiciones"},"content":{"rendered":"\t\t<div data-elementor-type=\"wp-page\" data-elementor-id=\"3884\" class=\"elementor elementor-3884 elementor-51\" data-elementor-post-type=\"page\">\n\t\t\t\t<div class=\"elementor-element elementor-element-e37c3f1 e-flex e-con-boxed e-con e-parent\" data-id=\"e37c3f1\" data-element_type=\"container\" data-e-type=\"container\">\n\t\t\t\t\t<div class=\"e-con-inner\">\n\t\t\t\t<div class=\"elementor-element elementor-element-8ef7977 elementor-widget elementor-widget-text-editor\" data-id=\"8ef7977\" data-element_type=\"widget\" data-e-type=\"widget\" data-widget_type=\"text-editor.default\">\n\t\t\t\t\t\t\t\t\t<h1><b>Acuerdo y condiciones de uso<\/b><\/h1><p class=\"p3\"><b>\u00daltima actualizaci\u00f3n: [25.08.2025]<\/b><\/p><p class=\"p4\">Bienvenido al sitio web <span class=\"s2\"><b>Betainvest.ee<\/b><\/span>. Estos T\u00e9rminos y Condiciones rigen el uso de este sitio y los servicios prestados. Al utilizar el sitio, aceptas regirte por estos t\u00e9rminos y condiciones.  <\/p><hr><h2><b>1. disposiciones generales<\/b><\/h2><p class=\"p4\">1.1. El propietario del sitio es <span class=\"s2\"><b>Betainvest<\/b><\/span>registrado en la direcci\u00f3n<\/p><p class=\"p4\">34710 Kaferaga Mah. General Asim G\u00fcnduz Cad. Bahariye Plaza Kat #62, D#5, Kad\u0131k\u00f6y, Estambul.  <\/p><p class=\"p4\">1.2. Este Acuerdo define las normas de uso del sitio web y de los servicios prestados por la empresa.<\/p><p class=\"p4\">1.3. Los t\u00e9rminos y condiciones pueden modificarse unilateralmente. La versi\u00f3n actual est\u00e1 siempre disponible en el sitio web. <\/p><hr><h2><b>2. Servicios de la empresa<\/b><\/h2><p class=\"p4\">2.1. Betainvest presta servicios de log\u00edstica, comercio internacional y soluciones de transporte.<\/p><p class=\"p4\">2.2. Los t\u00e9rminos y condiciones espec\u00edficos de los servicios se determinan mediante contratos individuales y propuestas comerciales.<\/p><hr><h2><b>3. Derechos y obligaciones de las partes<\/b><\/h2><p class=\"p4\">3.1. El Cliente se compromete a proporcionar datos exactos al solicitar los servicios.<\/p><p class=\"p4\">3.2. La Empresa se compromete a prestar los servicios cualitativamente y en el plazo acordado, salvo circunstancias de fuerza mayor.<\/p><p class=\"p4\">3.3. Est\u00e1 prohibido utilizar el sitio para actividades que violen las leyes turcas, de la UE o internacionales.<\/p><hr><h2><b>4. Precios y pagos<\/b><\/h2><p class=\"p4\">4.1. El pago de los servicios se realiza en la moneda acordada (<span class=\"s2\"><b>USD, EUR, TRY, RUB, CNY<\/b><\/span>).<\/p><p class=\"p4\">4.2. Betainvest se reserva el derecho a modificar las tarifas previo aviso a los clientes.<\/p><p class=\"p4\">4.3. Las condiciones de pago anticipado o aplazado se estipulan en contratos individuales.<\/p><hr><h2><b>5. Privacidad y protecci\u00f3n de datos<\/b><\/h2><p class=\"p4\">5.1. La Empresa cumple los requisitos de la legislaci\u00f3n sobre protecci\u00f3n de datos personales (incluidos el GDPR y el KVKK).<\/p><p class=\"p4\">5.2. Los datos personales de los clientes se utilizan exclusivamente para la prestaci\u00f3n de servicios y no se transmiten a terceros sin motivos legales.<\/p><hr><h2><b>6. Limitaci\u00f3n de responsabilidad<\/b><\/h2><p class=\"p4\">6.1. Betainvest no se hace responsable de los retrasos o p\u00e9rdidas causados por terceros (aduanas, transportistas, autoridades reguladoras).<\/p><p class=\"p4\">6.2. La Empresa no garantiza el funcionamiento ininterrumpido del sitio web y no se hace responsable de posibles fallos t\u00e9cnicos.<\/p><p class=\"p4\">6.3. Todos los materiales del sitio tienen fines informativos y no constituyen una oferta p\u00fablica.<\/p><hr><h2><b>7. Fuerza mayor<\/b><\/h2><p class=\"p4\">La Empresa est\u00e1 exenta de responsabilidad por incumplimiento de sus obligaciones en caso de circunstancias de fuerza mayor (cat\u00e1strofes naturales, acciones militares, sanciones, huelgas, fallos en las infraestructuras de transporte).<\/p><hr><h2><b>8. Resoluci\u00f3n de conflictos<\/b><\/h2><p class=\"p4\">8.1. Todos los conflictos y desacuerdos se resolver\u00e1n mediante negociaciones.<\/p><p class=\"p4\">8.2. Si no se llega a un acuerdo, el litigio se someter\u00e1 al tribunal competente del lugar de constituci\u00f3n de la empresa.<\/p><p class=\"p4\">8.3. La ley aplicable es la ley turca.<\/p><hr><h2><b>9. Cambios en las condiciones<\/b><\/h2><p class=\"p4\">Betainvest se reserva el derecho de actualizar el Acuerdo. La fecha de la \u00faltima actualizaci\u00f3n se indica al principio del documento. <\/p><hr><h2><b>10. Contactos<\/b><\/h2><p class=\"p4\">Para preguntas sobre el uso del sitio y los servicios de la empresa, ponte en contacto con:<\/p><p class=\"p4\"><img decoding=\"async\" class=\"emoji\" role=\"img\" draggable=\"false\" src=\"https:\/\/s.w.org\/images\/core\/emoji\/16.0.1\/svg\/1f4e7.svg\" alt=\"\ud83d\udce7\">  Correo electr\u00f3nico: info@betainvest.ee<\/p><p class=\"p4\"><img decoding=\"async\" class=\"emoji\" role=\"img\" draggable=\"false\" src=\"https:\/\/s.w.org\/images\/core\/emoji\/16.0.1\/svg\/1f4de.svg\" alt=\"\ud83d\udcde\">  Tel\u00e9fonos: +90 5431692452, +90 2166297557<\/p><p class=\"p4\"><img decoding=\"async\" class=\"emoji\" role=\"img\" draggable=\"false\" src=\"https:\/\/s.w.org\/images\/core\/emoji\/16.0.1\/svg\/1f4cd.svg\" alt=\"\ud83d\udccd\">  Direcci\u00f3n: 34710 Kaferaga Mah. General Asim G\u00fcnduz Cad. Bahariye Plaza Kat #62, D#5, Kad\u0131k\u00f6y, \u0130stanb  <\/p>\t\t\t\t\t\t\t\t<\/div>\n\t\t\t\t\t<\/div>\n\t\t\t\t<\/div>\n\t\t\t\t<\/div>\n\t\t","protected":false},"excerpt":{"rendered":"<p>Acuerdo y condiciones de uso \u00daltima actualizaci\u00f3n: [25.08.2025] Bienvenido al sitio web Betainvest.ee. Estos T\u00e9rminos y Condiciones rigen el uso de este sitio y los servicios prestados. Al utilizar el sitio, aceptas regirte por estos t\u00e9rminos y condiciones. 1. disposiciones generales 1.1. El propietario del sitio es Betainvestregistrado en la direcci\u00f3n 34710 Kaferaga Mah. General [&hellip;]<\/p>\n","protected":false},"author":1,"featured_media":0,"parent":0,"menu_order":0,"comment_status":"closed","ping_status":"closed","template":"","meta":{"footnotes":""},"class_list":["post-3884","page","type-page","status-publish","hentry"],"_links":{"self":[{"href":"https:\/\/betainvest.ee\/es\/wp-json\/wp\/v2\/pages\/3884","targetHints":{"allow":["GET"]}}],"collection":[{"href":"https:\/\/betainvest.ee\/es\/wp-json\/wp\/v2\/pages"}],"about":[{"href":"https:\/\/betainvest.ee\/es\/wp-json\/wp\/v2\/types\/page"}],"author":[{"embeddable":true,"href":"https:\/\/betainvest.ee\/es\/wp-json\/wp\/v2\/users\/1"}],"replies":[{"embeddable":true,"href":"https:\/\/betainvest.ee\/es\/wp-json\/wp\/v2\/comments?post=3884"}],"version-history":[{"count":1,"href":"https:\/\/betainvest.ee\/es\/wp-json\/wp\/v2\/pages\/3884\/revisions"}],"predecessor-version":[{"id":3886,"href":"https:\/\/betainvest.ee\/es\/wp-json\/wp\/v2\/pages\/3884\/revisions\/3886"}],"wp:attachment":[{"href":"https:\/\/betainvest.ee\/es\/wp-json\/wp\/v2\/media?parent=3884"}],"curies":[{"name":"wp","href":"https:\/\/api.w.org\/{rel}","templated":true}]}}