{"id":3974,"date":"2025-08-05T19:52:10","date_gmt":"2025-08-05T19:52:10","guid":{"rendered":"https:\/\/betainvest.ee\/?page_id=3974"},"modified":"2026-02-22T05:24:22","modified_gmt":"2026-02-22T05:24:22","slug":"inicio","status":"publish","type":"page","link":"https:\/\/betainvest.ee\/es\/","title":{"rendered":"Inicio"},"content":{"rendered":"\t\t<div data-elementor-type=\"wp-page\" data-elementor-id=\"3974\" class=\"elementor elementor-3974 elementor-536\" data-elementor-post-type=\"page\">\n\t\t\t\t<div class=\"elementor-element elementor-element-4587567 e-flex e-con-boxed e-con e-parent\" data-id=\"4587567\" data-element_type=\"container\" data-e-type=\"container\">\n\t\t\t\t\t<div class=\"e-con-inner\">\n\t\t\t\t<div class=\"elementor-element elementor-element-491d6cc elementor-widget elementor-widget-spacer\" data-id=\"491d6cc\" data-element_type=\"widget\" data-e-type=\"widget\" data-widget_type=\"spacer.default\">\n\t\t\t\t\t\t\t<div class=\"elementor-spacer\">\n\t\t\t<div class=\"elementor-spacer-inner\"><\/div>\n\t\t<\/div>\n\t\t\t\t\t\t<\/div>\n\t\t\t\t<div class=\"elementor-element elementor-element-5a2d580 elementor-widget elementor-widget-heading\" data-id=\"5a2d580\" data-element_type=\"widget\" data-e-type=\"widget\" data-widget_type=\"heading.default\">\n\t\t\t\t\t<h1 class=\"elementor-heading-title elementor-size-default\">Inicio<\/h1>\t\t\t\t<\/div>\n\t\t\t\t<div class=\"elementor-element elementor-element-5c584d6 elementor-widget elementor-widget-heading\" data-id=\"5c584d6\" data-element_type=\"widget\" data-e-type=\"widget\" data-widget_type=\"heading.default\">\n\t\t\t\t\t<h2 class=\"elementor-heading-title elementor-size-default\">Soluciones integrales de transporte B2B para empresas.\nColaboraci\u00f3n fiable, condiciones transparentes: con nosotros ahorras tiempo y dinero.<\/h2>\t\t\t\t<\/div>\n\t\t\t\t\t<\/div>\n\t\t\t\t<\/div>\n\t\t<div class=\"elementor-element elementor-element-af617b3 e-flex e-con-boxed e-con e-parent\" data-id=\"af617b3\" data-element_type=\"container\" data-e-type=\"container\">\n\t\t\t\t\t<div class=\"e-con-inner\">\n\t\t\t\t<div class=\"elementor-element elementor-element-04fd6d5 elementor-widget elementor-widget-text-editor\" data-id=\"04fd6d5\" data-element_type=\"widget\" data-e-type=\"widget\" data-widget_type=\"text-editor.default\">\n\t\t\t\t\t\t\t\t\t<ul><li class=\"p1\">Ofrecemos servicios de primer nivel para empresas de transporte.<\/li><li class=\"p1\">Con una s\u00f3lida experiencia y un profundo conocimiento del comercio internacional, garantizamos un tr\u00e1nsito fluido de mercanc\u00edas a trav\u00e9s de la frontera y aseguramos una entrega puntual y eficiente de tu carga en el destino.<\/li><li class=\"p1\">Nuestros servicios ayudan a los clientes a ahorrar tiempo y dinero, y tambi\u00e9n proporcionan acceso a informaci\u00f3n sobre: el estado del despacho aduanero de tr\u00e1nsito, el seguro de tr\u00e1nsito de veh\u00edculos y el pago de impuestos\/tasas para veh\u00edculos pesados en distintas divisas durante el transporte.<\/li><li class=\"p1\">Adem\u00e1s, ofrecemos un servicio de repostaje para camiones a trav\u00e9s de una red de m\u00e1s de 3.000 estaciones de servicio.<\/li><li class=\"p1\">Trabajamos tanto con grandes como con peque\u00f1as empresas.<\/li><li class=\"p1\">Ofrecemos soporte incluso los fines de semana y festivos oficiales.<\/li><li class=\"p1\">A cada cliente le garantizamos un enfoque individual y proponemos las soluciones m\u00e1s eficaces y econ\u00f3micamente ventajosas.<\/li><\/ul>\t\t\t\t\t\t\t\t<\/div>\n\t\t\t\t<div class=\"elementor-element elementor-element-9b3343a elementor-widget elementor-widget-spacer\" data-id=\"9b3343a\" data-element_type=\"widget\" data-e-type=\"widget\" data-widget_type=\"spacer.default\">\n\t\t\t\t\t\t\t<div class=\"elementor-spacer\">\n\t\t\t<div class=\"elementor-spacer-inner\"><\/div>\n\t\t<\/div>\n\t\t\t\t\t\t<\/div>\n\t\t\t\t<div class=\"elementor-element elementor-element-613dc07 elementor-widget elementor-widget-image\" data-id=\"613dc07\" data-element_type=\"widget\" data-e-type=\"widget\" data-widget_type=\"image.default\">\n\t\t\t\t\t\t\t\t\t\t\t\t\t\t\t<img fetchpriority=\"high\" decoding=\"async\" width=\"768\" height=\"299\" src=\"https:\/\/betainvest.ee\/wp-content\/uploads\/2025\/11\/nakliyat-resim-768x299.jpg\" class=\"attachment-medium_large size-medium_large wp-image-5740\" alt=\"\" srcset=\"https:\/\/betainvest.ee\/wp-content\/uploads\/2025\/11\/nakliyat-resim-768x299.jpg 768w, https:\/\/betainvest.ee\/wp-content\/uploads\/2025\/11\/nakliyat-resim-300x117.jpg 300w, https:\/\/betainvest.ee\/wp-content\/uploads\/2025\/11\/nakliyat-resim-1024x398.jpg 1024w, https:\/\/betainvest.ee\/wp-content\/uploads\/2025\/11\/nakliyat-resim-1536x597.jpg 1536w, https:\/\/betainvest.ee\/wp-content\/uploads\/2025\/11\/nakliyat-resim-2048x796.jpg 2048w\" sizes=\"(max-width: 768px) 100vw, 768px\" \/>\t\t\t\t\t\t\t\t\t\t\t\t\t\t\t<\/div>\n\t\t\t\t\t<\/div>\n\t\t\t\t<\/div>\n\t\t<div class=\"elementor-element elementor-element-a10b4c1 e-flex e-con-boxed e-con e-parent\" data-id=\"a10b4c1\" data-element_type=\"container\" data-e-type=\"container\">\n\t\t\t\t\t<div class=\"e-con-inner\">\n\t\t\t\t<div class=\"elementor-element elementor-element-b30bf01 elementor-widget elementor-widget-spacer\" data-id=\"b30bf01\" data-element_type=\"widget\" data-e-type=\"widget\" data-widget_type=\"spacer.default\">\n\t\t\t\t\t\t\t<div class=\"elementor-spacer\">\n\t\t\t<div class=\"elementor-spacer-inner\"><\/div>\n\t\t<\/div>\n\t\t\t\t\t\t<\/div>\n\t\t\t\t<div class=\"elementor-element elementor-element-a159a31 elementor-widget elementor-widget-heading\" data-id=\"a159a31\" data-element_type=\"widget\" data-e-type=\"widget\" data-widget_type=\"heading.default\">\n\t\t\t\t\t<h2 class=\"elementor-heading-title elementor-size-default\">Nuestros objetivos<\/h2>\t\t\t\t<\/div>\n\t\t\t\t<div class=\"elementor-element elementor-element-8a26a09 elementor-widget elementor-widget-text-editor\" data-id=\"8a26a09\" data-element_type=\"widget\" data-e-type=\"widget\" data-widget_type=\"text-editor.default\">\n\t\t\t\t\t\t\t\t\t<ul><li><p class=\"p1\">Flexibilidad y rapidez en la resoluci\u00f3n de las solicitudes de los clientes<\/p><\/li><li><p class=\"p1\">Fiabilidad y calidad en los servicios<\/p><\/li><li><p class=\"p1\">Tecnolog\u00edas innovadoras<\/p><\/li><li><p class=\"p1\">Amplia cobertura<\/p><\/li><\/ul>\t\t\t\t\t\t\t\t<\/div>\n\t\t\t\t\t<\/div>\n\t\t\t\t<\/div>\n\t\t<div class=\"elementor-element elementor-element-fad6340 e-flex e-con-boxed e-con e-parent\" data-id=\"fad6340\" data-element_type=\"container\" data-e-type=\"container\">\n\t\t\t\t\t<div class=\"e-con-inner\">\n\t\t\t\t<div class=\"elementor-element elementor-element-54ea98a elementor-widget elementor-widget-heading\" data-id=\"54ea98a\" data-element_type=\"widget\" data-e-type=\"widget\" data-widget_type=\"heading.default\">\n\t\t\t\t\t<h2 class=\"elementor-heading-title elementor-size-default\">Sobre nosotros<\/h2>\t\t\t\t<\/div>\n\t\t\t\t<div class=\"elementor-element elementor-element-8a256ac elementor-widget elementor-widget-text-editor\" data-id=\"8a256ac\" data-element_type=\"widget\" data-e-type=\"widget\" data-widget_type=\"text-editor.default\">\n\t\t\t\t\t\t\t\t\t<p class=\"p1\">\u00a0 \u00a0 \u00a0En BetaInvest creemos que los proyectos en los que trabajamos crean oportunidades y dan forma al futuro. Desarrollamos soluciones que mejoran la vida de las personas, fortalecen a las comunidades y abren el acceso a nuevas oportunidades.<\/p><p class=\"p1\">\u00a0 \u00a0 \u00a0Realizamos nuestro trabajo con un fuerte sentido de responsabilidad, siempre aspirando a lo mejor \u2014 ya sea reduciendo el impacto ambiental, creando un valor social real o fomentando un entorno laboral inspirador.<\/p><p class=\"p1\">\u00a0 \u00a0 \u00a0Reconocemos la magnitud y la urgencia de los desaf\u00edos a los que se enfrenta la sociedad y desempe\u00f1amos nuestro papel en la creaci\u00f3n de cambios sostenibles y a largo plazo. Unimos fuerzas con quienes est\u00e1n listos para actuar y hacer del mundo un lugar mejor.<\/p><p class=\"p1\">\u00a0 \u00a0 \u00a0Escuchamos atentamente a nuestros clientes y a las comunidades con las que trabajamos, para encontrar soluciones que aporten beneficios hoy y creen valor para las generaciones futuras.<\/p><p class=\"p1\">\u00a0 \u00a0 \u00a0La apertura a nuevas ideas y una mentalidad sin fronteras son la base de nuestra cultura. Aplicamos toda nuestra experiencia, conocimientos e innovaci\u00f3n para encontrar las soluciones m\u00e1s \u00f3ptimas en cualquier parte del mundo.<\/p><p class=\"p1\">\u00a0 \u00a0 \u00a0Somos un equipo de socios fiables, unidos por un objetivo com\u00fan: crear un futuro mejor para todos nuestros clientes.<\/p>\t\t\t\t\t\t\t\t<\/div>\n\t\t\t\t<div class=\"elementor-element elementor-element-9b1a144 elementor-widget elementor-widget-spacer\" data-id=\"9b1a144\" data-element_type=\"widget\" data-e-type=\"widget\" data-widget_type=\"spacer.default\">\n\t\t\t\t\t\t\t<div class=\"elementor-spacer\">\n\t\t\t<div class=\"elementor-spacer-inner\"><\/div>\n\t\t<\/div>\n\t\t\t\t\t\t<\/div>\n\t\t\t\t\t<\/div>\n\t\t\t\t<\/div>\n\t\t<div class=\"elementor-element elementor-element-0ab0061 e-flex e-con-boxed e-con e-parent\" data-id=\"0ab0061\" data-element_type=\"container\" data-e-type=\"container\">\n\t\t\t\t\t<div class=\"e-con-inner\">\n\t\t\t\t<div class=\"elementor-element elementor-element-9028d62 elementor-widget elementor-widget-heading\" data-id=\"9028d62\" data-element_type=\"widget\" data-e-type=\"widget\" data-widget_type=\"heading.default\">\n\t\t\t\t\t<h2 class=\"elementor-heading-title elementor-size-default\">\u00bfPor qu\u00e9 elegirnos?<\/h2>\t\t\t\t<\/div>\n\t\t\t\t\t<\/div>\n\t\t\t\t<\/div>\n\t\t<div class=\"elementor-element elementor-element-53b1288 e-flex e-con-boxed e-con e-parent\" data-id=\"53b1288\" data-element_type=\"container\" data-e-type=\"container\">\n\t\t\t\t\t<div class=\"e-con-inner\">\n\t\t\t\t<div class=\"elementor-element elementor-element-9a0ad6c elementor-widget elementor-widget-image\" data-id=\"9a0ad6c\" data-element_type=\"widget\" data-e-type=\"widget\" data-widget_type=\"image.default\">\n\t\t\t\t\t\t\t\t\t\t\t\t\t\t\t<img decoding=\"async\" width=\"612\" height=\"376\" src=\"https:\/\/betainvest.ee\/wp-content\/uploads\/2025\/08\/istockphoto-1166152338-612x612-1.jpg\" class=\"attachment-medium_large size-medium_large wp-image-3976\" alt=\"\" srcset=\"https:\/\/betainvest.ee\/wp-content\/uploads\/2025\/08\/istockphoto-1166152338-612x612-1.jpg 612w, https:\/\/betainvest.ee\/wp-content\/uploads\/2025\/08\/istockphoto-1166152338-612x612-1-300x184.jpg 300w\" sizes=\"(max-width: 612px) 100vw, 612px\" \/>\t\t\t\t\t\t\t\t\t\t\t\t\t\t\t<\/div>\n\t\t\t\t\t<\/div>\n\t\t\t\t<\/div>\n\t\t<div class=\"elementor-element elementor-element-f0d60df e-flex e-con-boxed e-con e-parent\" data-id=\"f0d60df\" data-element_type=\"container\" data-e-type=\"container\">\n\t\t\t\t\t<div class=\"e-con-inner\">\n\t\t\t\t<div class=\"elementor-element elementor-element-77c341f elementor-widget elementor-widget-spacer\" data-id=\"77c341f\" data-element_type=\"widget\" data-e-type=\"widget\" data-widget_type=\"spacer.default\">\n\t\t\t\t\t\t\t<div class=\"elementor-spacer\">\n\t\t\t<div class=\"elementor-spacer-inner\"><\/div>\n\t\t<\/div>\n\t\t\t\t\t\t<\/div>\n\t\t\t\t<div class=\"elementor-element elementor-element-e161f02 elementor-widget elementor-widget-heading\" data-id=\"e161f02\" data-element_type=\"widget\" data-e-type=\"widget\" data-widget_type=\"heading.default\">\n\t\t\t\t\t<h5 class=\"elementor-heading-title elementor-size-default\">Confianza en la elecci\u00f3n correcta<\/h5>\t\t\t\t<\/div>\n\t\t\t\t<div class=\"elementor-element elementor-element-7a6234a elementor-widget elementor-widget-text-editor\" data-id=\"7a6234a\" data-element_type=\"widget\" data-e-type=\"widget\" data-widget_type=\"text-editor.default\">\n\t\t\t\t\t\t\t\t\t<p class=\"p1\">Ofrecemos servicios sin intermediarios ni costes ocultos, lo que hace que el proceso de cooperaci\u00f3n sea claro y ventajoso.<\/p>\t\t\t\t\t\t\t\t<\/div>\n\t\t\t\t<div class=\"elementor-element elementor-element-58ac1ef elementor-widget elementor-widget-spacer\" data-id=\"58ac1ef\" data-element_type=\"widget\" data-e-type=\"widget\" data-widget_type=\"spacer.default\">\n\t\t\t\t\t\t\t<div class=\"elementor-spacer\">\n\t\t\t<div class=\"elementor-spacer-inner\"><\/div>\n\t\t<\/div>\n\t\t\t\t\t\t<\/div>\n\t\t\t\t<div class=\"elementor-element elementor-element-705d44a elementor-widget elementor-widget-heading\" data-id=\"705d44a\" data-element_type=\"widget\" data-e-type=\"widget\" data-widget_type=\"heading.default\">\n\t\t\t\t\t<h5 class=\"elementor-heading-title elementor-size-default\">Una asociaci\u00f3n basada en el respeto<\/h5>\t\t\t\t<\/div>\n\t\t\t\t<div class=\"elementor-element elementor-element-786da38 elementor-widget elementor-widget-text-editor\" data-id=\"786da38\" data-element_type=\"widget\" data-e-type=\"widget\" data-widget_type=\"text-editor.default\">\n\t\t\t\t\t\t\t\t\t<p class=\"p1\">Nos esforzamos por construir relaciones c\u00e1lidas, honestas y de confianza con nuestros clientes, empleados y socios en todo el mundo. La responsabilidad es nuestro punto m\u00e1s fuerte.<\/p>\t\t\t\t\t\t\t\t<\/div>\n\t\t\t\t<div class=\"elementor-element elementor-element-8c634c5 elementor-widget elementor-widget-spacer\" data-id=\"8c634c5\" data-element_type=\"widget\" data-e-type=\"widget\" data-widget_type=\"spacer.default\">\n\t\t\t\t\t\t\t<div class=\"elementor-spacer\">\n\t\t\t<div class=\"elementor-spacer-inner\"><\/div>\n\t\t<\/div>\n\t\t\t\t\t\t<\/div>\n\t\t\t\t<div class=\"elementor-element elementor-element-9858ae0 elementor-widget elementor-widget-heading\" data-id=\"9858ae0\" data-element_type=\"widget\" data-e-type=\"widget\" data-widget_type=\"heading.default\">\n\t\t\t\t\t<h5 class=\"elementor-heading-title elementor-size-default\">Enfoque orientado a resultados<\/h5>\t\t\t\t<\/div>\n\t\t\t\t<div class=\"elementor-element elementor-element-8942149 elementor-widget elementor-widget-text-editor\" data-id=\"8942149\" data-element_type=\"widget\" data-e-type=\"widget\" data-widget_type=\"text-editor.default\">\n\t\t\t\t\t\t\t\t\t<p class=\"p1\">Seguimos de cerca los \u00faltimos avances, normativas legales y tecnolog\u00edas, lo que ayuda a nuestros clientes a ahorrar tiempo y a lograr resultados sobresalientes en la cooperaci\u00f3n.<\/p>\t\t\t\t\t\t\t\t<\/div>\n\t\t\t\t<div class=\"elementor-element elementor-element-3b1cd9a elementor-widget elementor-widget-spacer\" data-id=\"3b1cd9a\" data-element_type=\"widget\" data-e-type=\"widget\" data-widget_type=\"spacer.default\">\n\t\t\t\t\t\t\t<div class=\"elementor-spacer\">\n\t\t\t<div class=\"elementor-spacer-inner\"><\/div>\n\t\t<\/div>\n\t\t\t\t\t\t<\/div>\n\t\t\t\t\t<\/div>\n\t\t\t\t<\/div>\n\t\t<div class=\"elementor-element elementor-element-486520b e-flex e-con-boxed e-con e-parent\" data-id=\"486520b\" data-element_type=\"container\" data-e-type=\"container\">\n\t\t\t\t\t<div class=\"e-con-inner\">\n\t\t\t\t<div class=\"elementor-element elementor-element-373271d elementor-widget elementor-widget-image\" data-id=\"373271d\" data-element_type=\"widget\" data-e-type=\"widget\" data-widget_type=\"image.default\">\n\t\t\t\t\t\t\t\t\t\t\t\t\t\t\t<img decoding=\"async\" width=\"768\" height=\"489\" src=\"https:\/\/betainvest.ee\/wp-content\/uploads\/2026\/02\/iStock-486836087-768x489.png\" class=\"attachment-medium_large size-medium_large wp-image-6307\" alt=\"\" srcset=\"https:\/\/betainvest.ee\/wp-content\/uploads\/2026\/02\/iStock-486836087-768x489.png 768w, https:\/\/betainvest.ee\/wp-content\/uploads\/2026\/02\/iStock-486836087-300x191.png 300w, https:\/\/betainvest.ee\/wp-content\/uploads\/2026\/02\/iStock-486836087.png 892w\" sizes=\"(max-width: 768px) 100vw, 768px\" \/>\t\t\t\t\t\t\t\t\t\t\t\t\t\t\t<\/div>\n\t\t\t\t<div class=\"elementor-element elementor-element-5cb8fbb elementor-widget elementor-widget-spacer\" data-id=\"5cb8fbb\" data-element_type=\"widget\" data-e-type=\"widget\" data-widget_type=\"spacer.default\">\n\t\t\t\t\t\t\t<div class=\"elementor-spacer\">\n\t\t\t<div class=\"elementor-spacer-inner\"><\/div>\n\t\t<\/div>\n\t\t\t\t\t\t<\/div>\n\t\t\t\t\t<\/div>\n\t\t\t\t<\/div>\n\t\t\t\t<\/div>\n\t\t","protected":false},"excerpt":{"rendered":"<p>Inicio Soluciones integrales de transporte B2B para empresas. Colaboraci\u00f3n fiable, condiciones transparentes: con nosotros ahorras tiempo y dinero. Ofrecemos servicios de primer nivel para empresas de transporte. Con una s\u00f3lida experiencia y un profundo conocimiento del comercio internacional, garantizamos un tr\u00e1nsito fluido de mercanc\u00edas a trav\u00e9s de la frontera y aseguramos una entrega puntual y [&hellip;]<\/p>\n","protected":false},"author":1,"featured_media":0,"parent":0,"menu_order":1,"comment_status":"closed","ping_status":"closed","template":"elementor_header_footer","meta":{"footnotes":""},"class_list":["post-3974","page","type-page","status-publish","hentry"],"_links":{"self":[{"href":"https:\/\/betainvest.ee\/es\/wp-json\/wp\/v2\/pages\/3974","targetHints":{"allow":["GET"]}}],"collection":[{"href":"https:\/\/betainvest.ee\/es\/wp-json\/wp\/v2\/pages"}],"about":[{"href":"https:\/\/betainvest.ee\/es\/wp-json\/wp\/v2\/types\/page"}],"author":[{"embeddable":true,"href":"https:\/\/betainvest.ee\/es\/wp-json\/wp\/v2\/users\/1"}],"replies":[{"embeddable":true,"href":"https:\/\/betainvest.ee\/es\/wp-json\/wp\/v2\/comments?post=3974"}],"version-history":[{"count":25,"href":"https:\/\/betainvest.ee\/es\/wp-json\/wp\/v2\/pages\/3974\/revisions"}],"predecessor-version":[{"id":6318,"href":"https:\/\/betainvest.ee\/es\/wp-json\/wp\/v2\/pages\/3974\/revisions\/6318"}],"wp:attachment":[{"href":"https:\/\/betainvest.ee\/es\/wp-json\/wp\/v2\/media?parent=3974"}],"curies":[{"name":"wp","href":"https:\/\/api.w.org\/{rel}","templated":true}]}}