{"id":4007,"date":"2025-08-04T06:22:54","date_gmt":"2025-08-04T06:22:54","guid":{"rendered":"https:\/\/betainvest.ee\/almacenes-de-deposito-temporal\/"},"modified":"2025-08-26T21:21:17","modified_gmt":"2025-08-26T21:21:17","slug":"almacenes-de-deposito-temporal","status":"publish","type":"page","link":"https:\/\/betainvest.ee\/es\/almacenes-de-deposito-temporal\/","title":{"rendered":"Almacenes de dep\u00f3sito temporal"},"content":{"rendered":"\t\t<div data-elementor-type=\"wp-page\" data-elementor-id=\"4007\" class=\"elementor elementor-4007\" data-elementor-post-type=\"page\">\n\t\t\t\t<div class=\"elementor-element elementor-element-826e4ba e-flex e-con-boxed e-con e-parent\" data-id=\"826e4ba\" data-element_type=\"container\" data-e-type=\"container\">\n\t\t\t\t\t<div class=\"e-con-inner\">\n\t\t\t\t<div class=\"elementor-element elementor-element-76c05f8 elementor-widget elementor-widget-image\" data-id=\"76c05f8\" data-element_type=\"widget\" data-e-type=\"widget\" data-widget_type=\"image.default\">\n\t\t\t\t\t\t\t\t\t\t\t\t\t\t\t<img fetchpriority=\"high\" decoding=\"async\" width=\"300\" height=\"200\" src=\"https:\/\/betainvest.ee\/wp-content\/uploads\/2025\/08\/istockphoto-1440668597-612x612-1-300x200.jpg\" class=\"attachment-medium size-medium wp-image-4008\" alt=\"\" srcset=\"https:\/\/betainvest.ee\/wp-content\/uploads\/2025\/08\/istockphoto-1440668597-612x612-1-300x200.jpg 300w, https:\/\/betainvest.ee\/wp-content\/uploads\/2025\/08\/istockphoto-1440668597-612x612-1.jpg 612w\" sizes=\"(max-width: 300px) 100vw, 300px\" \/>\t\t\t\t\t\t\t\t\t\t\t\t\t\t\t<\/div>\n\t\t\t\t\t<\/div>\n\t\t\t\t<\/div>\n\t\t<div class=\"elementor-element elementor-element-2a131b3 e-flex e-con-boxed e-con e-parent\" data-id=\"2a131b3\" data-element_type=\"container\" data-e-type=\"container\">\n\t\t\t\t\t<div class=\"e-con-inner\">\n\t\t\t\t<div class=\"elementor-element elementor-element-41cabdd elementor-widget elementor-widget-text-editor\" data-id=\"41cabdd\" data-element_type=\"widget\" data-e-type=\"widget\" data-widget_type=\"text-editor.default\">\n\t\t\t\t\t\t\t\t\t<h1><b>\ud83d\udce6 Almacenes temporales con Betainvest<\/b><\/h1><p class=\"p3\">Empresa <span class=\"s2\"><b>Betainvest<\/b><\/span> ayuda a sus clientes a resolver los principales retos log\u00edsticos y de despacho de aduanas.<\/p><p class=\"p3\">Seleccionamos y proporcionamos <span class=\"s2\"><b>almacenes de dep\u00f3sito temporal (ADT)<\/b><\/span>donde tus mercanc\u00edas se mantendr\u00e1n bajo control hasta que se completen todos los tr\u00e1mites necesarios.<\/p><hr><h2><b>\u00bfPor qu\u00e9 necesitas almacenes de dep\u00f3sito temporal?<\/b><\/h2><ul><li><p class=\"p1\">Para mantener la seguridad de las mercanc\u00edas al pasar por la aduana.<\/p><\/li><li><p class=\"p1\">Para una espera segura de documentos y permisos.<\/p><\/li><li><p class=\"p1\">Para una c\u00f3moda recarga y posterior env\u00edo a la regi\u00f3n o pa\u00eds deseados.<\/p><\/li><\/ul><hr><h2><b>Qu\u00e9 obtiene un cliente con Betainvest<\/b><\/h2><ul><li><p class=\"p1\">\ud83d\udcd1 Soluci\u00f3n lista para usar: encontramos el almac\u00e9n adecuado para tus tareas espec\u00edficas.<\/p><\/li><li><p class=\"p1\">\ud83d\udd12 Garant\u00eda de seguridad: almacenes vigilados y equipados.<\/p><\/li><li><p class=\"p1\">\u23f1 Ahorra tiempo: la carga no est\u00e1 ociosa ni se pierde en tr\u00e1nsito.<\/p><\/li><li><p class=\"p1\">\ud83c\udf0d Flexibilidad: posibilidad de utilizar almacenes en distintas regiones de Rusia y fuera de ella.<\/p><\/li><\/ul><hr><p class=\"p3\"><span class=\"s2\"><b>Betainvest<\/b><\/span> &#8211; tu socio log\u00edstico de confianza. Nos encargamos de la organizaci\u00f3n del almacenamiento y el transporte para que puedas concentrarte en tu negocio. <\/p>\t\t\t\t\t\t\t\t<\/div>\n\t\t\t\t\t<\/div>\n\t\t\t\t<\/div>\n\t\t<div class=\"elementor-element elementor-element-e6f3eb7 e-flex e-con-boxed e-con e-parent\" data-id=\"e6f3eb7\" data-element_type=\"container\" data-e-type=\"container\">\n\t\t\t\t\t<div class=\"e-con-inner\">\n\t\t\t\t<div class=\"elementor-element elementor-element-ceae73f elementor-align-center elementor-widget elementor-widget-button\" data-id=\"ceae73f\" data-element_type=\"widget\" data-e-type=\"widget\" data-widget_type=\"button.default\">\n\t\t\t\t\t\t\t\t\t\t<a class=\"elementor-button elementor-button-link elementor-size-sm\" href=\"#\">\n\t\t\t\t\t\t<span class=\"elementor-button-content-wrapper\">\n\t\t\t\t\t\t\t\t\t<span class=\"elementor-button-text\">Pulsa aqu\u00ed<\/span>\n\t\t\t\t\t<\/span>\n\t\t\t\t\t<\/a>\n\t\t\t\t\t\t\t\t<\/div>\n\t\t\t\t<div class=\"elementor-element elementor-element-ac714c3 elementor-widget elementor-widget-spacer\" data-id=\"ac714c3\" data-element_type=\"widget\" data-e-type=\"widget\" data-widget_type=\"spacer.default\">\n\t\t\t\t\t\t\t<div class=\"elementor-spacer\">\n\t\t\t<div class=\"elementor-spacer-inner\"><\/div>\n\t\t<\/div>\n\t\t\t\t\t\t<\/div>\n\t\t\t\t<div class=\"elementor-element elementor-element-55287b6 elementor-widget-divider--view-line elementor-widget elementor-widget-divider\" data-id=\"55287b6\" data-element_type=\"widget\" data-e-type=\"widget\" data-widget_type=\"divider.default\">\n\t\t\t\t\t\t\t<div class=\"elementor-divider\">\n\t\t\t<span class=\"elementor-divider-separator\">\n\t\t\t\t\t\t<\/span>\n\t\t<\/div>\n\t\t\t\t\t\t<\/div>\n\t\t\t\t\t<\/div>\n\t\t\t\t<\/div>\n\t\t\t\t<\/div>\n\t\t","protected":false},"excerpt":{"rendered":"<p>\ud83d\udce6 Almacenes temporales con Betainvest Empresa Betainvest ayuda a sus clientes a resolver los principales retos log\u00edsticos y de despacho de aduanas. Seleccionamos y proporcionamos almacenes de dep\u00f3sito temporal (ADT)donde tus mercanc\u00edas se mantendr\u00e1n bajo control hasta que se completen todos los tr\u00e1mites necesarios. \u00bfPor qu\u00e9 necesitas almacenes de dep\u00f3sito temporal? Para mantener la seguridad [&hellip;]<\/p>\n","protected":false},"author":1,"featured_media":0,"parent":0,"menu_order":0,"comment_status":"closed","ping_status":"closed","template":"","meta":{"footnotes":""},"class_list":["post-4007","page","type-page","status-publish","hentry"],"_links":{"self":[{"href":"https:\/\/betainvest.ee\/es\/wp-json\/wp\/v2\/pages\/4007","targetHints":{"allow":["GET"]}}],"collection":[{"href":"https:\/\/betainvest.ee\/es\/wp-json\/wp\/v2\/pages"}],"about":[{"href":"https:\/\/betainvest.ee\/es\/wp-json\/wp\/v2\/types\/page"}],"author":[{"embeddable":true,"href":"https:\/\/betainvest.ee\/es\/wp-json\/wp\/v2\/users\/1"}],"replies":[{"embeddable":true,"href":"https:\/\/betainvest.ee\/es\/wp-json\/wp\/v2\/comments?post=4007"}],"version-history":[{"count":1,"href":"https:\/\/betainvest.ee\/es\/wp-json\/wp\/v2\/pages\/4007\/revisions"}],"predecessor-version":[{"id":4009,"href":"https:\/\/betainvest.ee\/es\/wp-json\/wp\/v2\/pages\/4007\/revisions\/4009"}],"wp:attachment":[{"href":"https:\/\/betainvest.ee\/es\/wp-json\/wp\/v2\/media?parent=4007"}],"curies":[{"name":"wp","href":"https:\/\/api.w.org\/{rel}","templated":true}]}}