{"id":4109,"date":"2025-08-04T06:22:54","date_gmt":"2025-08-04T06:22:54","guid":{"rendered":"https:\/\/betainvest.ee\/envios-de-impuestos-especiales\/"},"modified":"2025-08-28T03:08:59","modified_gmt":"2025-08-28T03:08:59","slug":"envios-de-impuestos-especiales","status":"publish","type":"page","link":"https:\/\/betainvest.ee\/es\/envios-de-impuestos-especiales\/","title":{"rendered":"Env\u00edos de impuestos especiales"},"content":{"rendered":"\t\t<div data-elementor-type=\"wp-page\" data-elementor-id=\"4109\" class=\"elementor elementor-4109\" data-elementor-post-type=\"page\">\n\t\t\t\t<div class=\"elementor-element elementor-element-bac6fec e-flex e-con-boxed e-con e-parent\" data-id=\"bac6fec\" data-element_type=\"container\" data-e-type=\"container\">\n\t\t\t\t\t<div class=\"e-con-inner\">\n\t\t\t\t<div class=\"elementor-element elementor-element-fd6d803 elementor-widget elementor-widget-text-editor\" data-id=\"fd6d803\" data-element_type=\"widget\" data-e-type=\"widget\" data-widget_type=\"text-editor.default\">\n\t\t\t\t\t\t\t\t\t<h1><b>\ud83d\udee1 Productos sujetos a impuestos especiales: transporte, almacenamiento y despacho de aduanas con BetaInvest<\/b><\/h1><p class=\"p3\">Los productos sujetos a impuestos especiales requieren un enfoque especial: est\u00e1n regulados por el Estado, sujetos a impuestos y controles adicionales. Un error en los documentos o un c\u00e1lculo incorrecto de los impuestos especiales puede acarrear multas, retrasos y p\u00e9rdidas. <\/p><p class=\"p3\">Empresa <span class=\"s2\"><b>BetaInvest<\/b><\/span> BetaInvest se ocupa de todas las complejidades relacionadas con el transporte y el despacho aduanero de mercanc\u00edas sujetas a impuestos especiales, para que transportistas y clientes puedan hacer negocios tranquilamente.<\/p><hr><h2><b>Qu\u00e9 hacemos por los clientes<\/b><\/h2><h3><b>\ud83d\udcd1 Preparaci\u00f3n de documentos y consultas<\/b><\/h3><p class=\"p3\">Te explicamos todos los requisitos de los productos sujetos a impuestos especiales en Rusia, Bielorrusia, Kazajst\u00e1n y otros pa\u00edses.<\/p><ul><li><p class=\"p1\">Emitimos declaraciones de impuestos especiales y documentos de autorizaci\u00f3n.<\/p><\/li><li><p class=\"p1\">Preparamos certificados de conformidad, facturas y contratos.<\/p><\/li><li><p class=\"p1\">Comprobamos la exactitud de los documentos para evitar problemas en la aduana.<\/p><\/li><\/ul><hr><h3><b>\ud83d\ude9a Transporte de productos sujetos a impuestos especiales<\/b><\/h3><p class=\"p3\">Organizaremos la entrega teniendo en cuenta todas las normativas y requisitos:<\/p><ul><li><p class=\"p1\">Seleccionar el transporte y la ruta adecuados.<\/p><\/li><li><p class=\"p1\">Controla el cumplimiento de las condiciones de transporte (por ejemplo, de alcohol o combustible).<\/p><\/li><li><p class=\"p1\">Proporciona guardias de seguridad o escolta si es necesario.<\/p><\/li><\/ul><hr><h3><b>\ud83d\udec3 Despacho de aduanas y despacho aduanero<\/b><\/h3><p class=\"p3\"><span class=\"s2\"><b>BetaInvest<\/b><\/span> representa los intereses del cliente en las aduanas:<\/p><ul><li><p class=\"p1\">Pagar impuestos especiales e impuestos en nombre del cliente.<\/p><\/li><li><p class=\"p1\">Comprueba que los c\u00e1lculos son correctos para asegurarte de que no se realizan pagos excesivos.<\/p><\/li><li><p class=\"p1\">Garantizamos un despacho de aduanas r\u00e1pido y sin retrasos.<\/p><\/li><\/ul><hr><h3><b>\ud83d\udcb3 Garant\u00edas financieras y liquidaciones<\/b><\/h3><ul><li><p class=\"p1\">Aceptamos el pago de las empresas turcas en liras.<\/p><\/li><li><p class=\"p1\">Convierte los fondos y paga todos los gastos en rublos o rublos bielorrusos.<\/p><\/li><li><p class=\"p1\">Proporcionamos facturas y documentos de cierre para que estos pagos se traten como gastos oficiales para el cliente.<\/p><\/li><\/ul><hr><h3><b>\ud83d\udce6 Almacenamiento de productos sujetos a impuestos especiales<\/b><\/h3><p class=\"p3\">Localizamos y facilitamos Almacenes Temporales de Dep\u00f3sito (ATD) en los que se autorizan productos sujetos a impuestos especiales.<\/p><ul><li><p class=\"p1\">La carga est\u00e1 asegurada.<\/p><\/li><li><p class=\"p1\">Los periodos de almacenamiento van de unos d\u00edas a meses.<\/p><\/li><li><p class=\"p1\">Control y responsabilidad totales para el cliente.<\/p><\/li><\/ul><hr><h2><b>A qui\u00e9n va dirigido este servicio<\/b><\/h2><ul><li><p class=\"p1\">\ud83d\ude9b <span class=\"s1\"><b>Transportistas<\/b><\/span>que necesitan entregar productos sujetos a impuestos especiales de forma segura y correcta.<\/p><\/li><li><p class=\"p1\">\ud83d\udce6 <span class=\"s1\"><b>Empresas importadoras<\/b><\/span>que trabajan con Rusia, Bielorrusia y Kazajst\u00e1n.<\/p><\/li><li><p class=\"p1\">\ud83c\udf0d <span class=\"s1\"><b>Clientes de Turqu\u00eda y otros pa\u00edses<\/b><\/span>que necesitan un socio para el despacho y la entrega.<\/p><\/li><\/ul><hr><h2><b>\ud83e\udd1d Conclusi\u00f3n<\/b><\/h2><p class=\"p3\"><span class=\"s2\"><b>BetaInvest<\/b><\/span> &#8211; tu socio de confianza en el transporte y despacho aduanero de productos sujetos a impuestos especiales.<\/p><p class=\"p3\">Asumimos toda la responsabilidad: desde los documentos y la log\u00edstica hasta el despacho de aduanas y el pago de los impuestos especiales.<\/p>\t\t\t\t\t\t\t\t<\/div>\n\t\t\t\t\t<\/div>\n\t\t\t\t<\/div>\n\t\t<div class=\"elementor-element elementor-element-8c34328 e-flex e-con-boxed e-con e-parent\" data-id=\"8c34328\" data-element_type=\"container\" data-e-type=\"container\">\n\t\t\t\t\t<div class=\"e-con-inner\">\n\t\t\t\t<div class=\"elementor-element elementor-element-9e1ecba elementor-align-center elementor-widget elementor-widget-button\" data-id=\"9e1ecba\" data-element_type=\"widget\" data-e-type=\"widget\" data-widget_type=\"button.default\">\n\t\t\t\t\t\t\t\t\t\t<a class=\"elementor-button elementor-button-link elementor-size-sm\" href=\"#\">\n\t\t\t\t\t\t<span class=\"elementor-button-content-wrapper\">\n\t\t\t\t\t\t\t\t\t<span class=\"elementor-button-text\">Pulsa aqu\u00ed<\/span>\n\t\t\t\t\t<\/span>\n\t\t\t\t\t<\/a>\n\t\t\t\t\t\t\t\t<\/div>\n\t\t\t\t<div class=\"elementor-element elementor-element-1b3ba06 elementor-widget-divider--view-line elementor-widget elementor-widget-divider\" data-id=\"1b3ba06\" data-element_type=\"widget\" data-e-type=\"widget\" data-widget_type=\"divider.default\">\n\t\t\t\t\t\t\t<div class=\"elementor-divider\">\n\t\t\t<span class=\"elementor-divider-separator\">\n\t\t\t\t\t\t<\/span>\n\t\t<\/div>\n\t\t\t\t\t\t<\/div>\n\t\t\t\t<div class=\"elementor-element elementor-element-90b9797 elementor-widget elementor-widget-spacer\" data-id=\"90b9797\" data-element_type=\"widget\" data-e-type=\"widget\" data-widget_type=\"spacer.default\">\n\t\t\t\t\t\t\t<div class=\"elementor-spacer\">\n\t\t\t<div class=\"elementor-spacer-inner\"><\/div>\n\t\t<\/div>\n\t\t\t\t\t\t<\/div>\n\t\t\t\t\t<\/div>\n\t\t\t\t<\/div>\n\t\t\t\t<\/div>\n\t\t","protected":false},"excerpt":{"rendered":"<p>\ud83d\udee1 Productos sujetos a impuestos especiales: transporte, almacenamiento y despacho de aduanas con BetaInvest Los productos sujetos a impuestos especiales requieren un enfoque especial: est\u00e1n regulados por el Estado, sujetos a impuestos y controles adicionales. Un error en los documentos o un c\u00e1lculo incorrecto de los impuestos especiales puede acarrear multas, retrasos y p\u00e9rdidas. Empresa [&hellip;]<\/p>\n","protected":false},"author":1,"featured_media":0,"parent":0,"menu_order":0,"comment_status":"closed","ping_status":"closed","template":"","meta":{"footnotes":""},"class_list":["post-4109","page","type-page","status-publish","hentry"],"_links":{"self":[{"href":"https:\/\/betainvest.ee\/es\/wp-json\/wp\/v2\/pages\/4109","targetHints":{"allow":["GET"]}}],"collection":[{"href":"https:\/\/betainvest.ee\/es\/wp-json\/wp\/v2\/pages"}],"about":[{"href":"https:\/\/betainvest.ee\/es\/wp-json\/wp\/v2\/types\/page"}],"author":[{"embeddable":true,"href":"https:\/\/betainvest.ee\/es\/wp-json\/wp\/v2\/users\/1"}],"replies":[{"embeddable":true,"href":"https:\/\/betainvest.ee\/es\/wp-json\/wp\/v2\/comments?post=4109"}],"version-history":[{"count":1,"href":"https:\/\/betainvest.ee\/es\/wp-json\/wp\/v2\/pages\/4109\/revisions"}],"predecessor-version":[{"id":4110,"href":"https:\/\/betainvest.ee\/es\/wp-json\/wp\/v2\/pages\/4109\/revisions\/4110"}],"wp:attachment":[{"href":"https:\/\/betainvest.ee\/es\/wp-json\/wp\/v2\/media?parent=4109"}],"curies":[{"name":"wp","href":"https:\/\/api.w.org\/{rel}","templated":true}]}}