{"id":4203,"date":"2025-08-04T06:22:54","date_gmt":"2025-08-04T06:22:54","guid":{"rendered":"https:\/\/betainvest.ee\/seguridad-de-la-carga-con-licencia\/"},"modified":"2025-08-28T14:46:15","modified_gmt":"2025-08-28T14:46:15","slug":"seguridad-de-la-carga-con-licencia","status":"publish","type":"page","link":"https:\/\/betainvest.ee\/es\/seguridad-de-la-carga-con-licencia\/","title":{"rendered":"Seguridad de la carga con licencia"},"content":{"rendered":"\t\t<div data-elementor-type=\"wp-page\" data-elementor-id=\"4203\" class=\"elementor elementor-4203\" data-elementor-post-type=\"page\">\n\t\t\t\t<div class=\"elementor-element elementor-element-3c9e577 e-flex e-con-boxed e-con e-parent\" data-id=\"3c9e577\" data-element_type=\"container\" data-e-type=\"container\">\n\t\t\t\t\t<div class=\"e-con-inner\">\n\t\t\t\t<div class=\"elementor-element elementor-element-d3ab72c elementor-widget elementor-widget-text-editor\" data-id=\"d3ab72c\" data-element_type=\"widget\" data-e-type=\"widget\" data-widget_type=\"text-editor.default\">\n\t\t\t\t\t\t\t\t\t<h2>Escolta de convoyes de carga con licencia.<\/h2><p>\u00bfTransporta tu empresa regularmente mercanc\u00edas especialmente valiosas? Entonces sabes que en un viaje largo, sea cual sea el medio de transporte, la carga puede estar expuesta a una serie de riesgos, como atentados, robos o atracos.   <\/p>\t\t\t\t\t\t\t\t<\/div>\n\t\t\t\t<div class=\"elementor-element elementor-element-c12248f elementor-widget elementor-widget-image\" data-id=\"c12248f\" data-element_type=\"widget\" data-e-type=\"widget\" data-widget_type=\"image.default\">\n\t\t\t\t\t\t\t\t\t\t\t\t\t\t\t<img fetchpriority=\"high\" decoding=\"async\" width=\"300\" height=\"200\" src=\"https:\/\/betainvest.ee\/wp-content\/uploads\/2025\/08\/ChatGPT-Image-25-\u0438\u044e\u043b.-2025-\u0433.-02_27_04-300x200.png\" class=\"attachment-medium size-medium wp-image-4205\" alt=\"\" srcset=\"https:\/\/betainvest.ee\/wp-content\/uploads\/2025\/08\/ChatGPT-Image-25-\u0438\u044e\u043b.-2025-\u0433.-02_27_04-300x200.png 300w, https:\/\/betainvest.ee\/wp-content\/uploads\/2025\/08\/ChatGPT-Image-25-\u0438\u044e\u043b.-2025-\u0433.-02_27_04-1024x683.png 1024w, https:\/\/betainvest.ee\/wp-content\/uploads\/2025\/08\/ChatGPT-Image-25-\u0438\u044e\u043b.-2025-\u0433.-02_27_04-768x512.png 768w, https:\/\/betainvest.ee\/wp-content\/uploads\/2025\/08\/ChatGPT-Image-25-\u0438\u044e\u043b.-2025-\u0433.-02_27_04.png 1536w\" sizes=\"(max-width: 300px) 100vw, 300px\" \/>\t\t\t\t\t\t\t\t\t\t\t\t\t\t\t<\/div>\n\t\t\t\t<div class=\"elementor-element elementor-element-c93e67f elementor-widget elementor-widget-text-editor\" data-id=\"c93e67f\" data-element_type=\"widget\" data-e-type=\"widget\" data-widget_type=\"text-editor.default\">\n\t\t\t\t\t\t\t\t\t<h1><b>\ud83d\udee1 Seguridad y protecci\u00f3n con BetaInvest<\/b><\/h1><p class=\"p3\">Empresa <span class=\"s2\"><b>BetaInvest<\/b><\/span> La empresa BetaInvest no s\u00f3lo se preocupa por el alto nivel de servicio a sus clientes, sino tambi\u00e9n por la seguridad de las personas, la carga y los objetos con los que trabajamos. Para ello, cooperamos con una de las OSP profesionales m\u00e1s s\u00f3lidas de Rusia, que act\u00faa como nuestro socio y ejecutor de confianza. <\/p><hr><h2><b>Por qu\u00e9 elegimos a este socio en particular<\/b><\/h2><p class=\"p3\">Nuestro socio es <span class=\"s2\"><b>una organizaci\u00f3n de seguridad probada<\/b><\/span> con muchos a\u00f1os de experiencia, licencia y reputaci\u00f3n para resolver problemas de cualquier complejidad.<\/p><p class=\"p3\">Trabajando juntos, nos aseguramos de que nuestros clientes<\/p><ul><li><p class=\"p1\">seguridad y control de las instalaciones las 24 horas del d\u00eda;<\/p><\/li><li><p class=\"p1\">escoltar la carga, incluida la carga en tr\u00e1nsito y valiosa;<\/p><\/li><li><p class=\"p1\">modernos sistemas t\u00e9cnicos de seguridad;<\/p><\/li><li><p class=\"p1\">respuesta r\u00e1pida en todas las situaciones.<\/p><\/li><\/ul><hr><h2><b>Qu\u00e9 reciben los clientes de BetaInvest<\/b><\/h2><p class=\"p3\">La cooperaci\u00f3n con un PSC fuerte proporciona a nuestros clientes:<\/p><p class=\"p4\"><span class=\"s3\">\ud83d\udd12 <\/span><b>Seguridad en todas las fases<\/b><\/p><p class=\"p3\">&#8211; desde el transporte y tr\u00e1nsito de mercanc\u00edas hasta la seguridad de almacenes y oficinas.<\/p><p class=\"p4\"><span class=\"s3\">\u23f1 <\/span><b>Fiabilidad y rapidez<\/b><\/p><p class=\"p3\">&#8211; ejecuci\u00f3n clara de las tareas y respuesta r\u00e1pida.<\/p><p class=\"p4\"><span class=\"s3\">\u2705 <\/span><b>Transparencia y control<\/b><\/p><p class=\"p3\">&#8211; documentos contractuales, informes y garant\u00edas.<\/p><p class=\"p4\"><span class=\"s3\">\ud83e\udd1d <\/span><b>Trabajar con un socio de confianza<\/b><\/p><p class=\"p3\">&#8211; s\u00f3lo un alto nivel de profesionalidad y responsabilidad.<\/p><hr><h2><b>Seguridad de la carga en tr\u00e1nsito<\/b><\/h2><p class=\"p3\">Se presta especial atenci\u00f3n a la escolta de cargas en tr\u00e1nsito. Nuestro socio proporciona: <\/p><ul><li><p class=\"p1\">paso seguro por el territorio de Rusia y Bielorrusia;<\/p><\/li><li><p class=\"p1\">acompa\u00f1\u00e1ndote a tu destino;<\/p><\/li><li><p class=\"p1\">la posibilidad de un convoy armado para suministros especialmente valiosos;<\/p><\/li><li><p class=\"p1\">pasar la ruta sin retrasos ni controles innecesarios.<\/p><\/li><\/ul><hr><h2><b>Tecnolog\u00eda y experiencia<\/b><\/h2><p class=\"p3\">Nuestro socio utiliza soluciones t\u00e9cnicas modernas: sistemas de videovigilancia, sistemas de alarma, control del transporte por GPS. Esto, combinado con la formaci\u00f3n profesional de nuestros empleados, garantiza la fiabilidad del transporte y la seguridad de las instalaciones. <\/p><hr><h2><b>Conclusi\u00f3n<\/b><\/h2><p class=\"p3\">La cooperaci\u00f3n de BetaInvest con una de las OSP m\u00e1s fuertes de Rusia es una sinergia de experiencia, tecnolog\u00eda y confianza.<\/p><p class=\"p3\">Nosotros somos el cliente y el socio nos proporciona un alto nivel de seguridad. Esto nos permite centrarnos en el negocio y el crecimiento, sabiendo que la seguridad y la protecci\u00f3n est\u00e1n en buenas manos. <\/p><p class=\"p3\">\ud83d\udc49 <span class=\"s2\"><b>Ponte en contacto con BetaInvest hoy mismo<\/b><\/span>y te ofreceremos una soluci\u00f3n completa para tus necesidades.<\/p>\t\t\t\t\t\t\t\t<\/div>\n\t\t\t\t\t<\/div>\n\t\t\t\t<\/div>\n\t\t<div class=\"elementor-element elementor-element-65b6af9 e-flex e-con-boxed e-con e-parent\" data-id=\"65b6af9\" data-element_type=\"container\" data-e-type=\"container\">\n\t\t\t\t\t<div class=\"e-con-inner\">\n\t\t\t\t<div class=\"elementor-element elementor-element-262527d elementor-widget elementor-widget-spacer\" data-id=\"262527d\" data-element_type=\"widget\" data-e-type=\"widget\" data-widget_type=\"spacer.default\">\n\t\t\t\t\t\t\t<div class=\"elementor-spacer\">\n\t\t\t<div class=\"elementor-spacer-inner\"><\/div>\n\t\t<\/div>\n\t\t\t\t\t\t<\/div>\n\t\t\t\t\t<\/div>\n\t\t\t\t<\/div>\n\t\t<div class=\"elementor-element elementor-element-2a4abf2 e-flex e-con-boxed e-con e-parent\" data-id=\"2a4abf2\" data-element_type=\"container\" data-e-type=\"container\">\n\t\t\t\t\t<div class=\"e-con-inner\">\n\t\t\t\t<div class=\"elementor-element elementor-element-d8d1bd4 elementor-widget elementor-widget-image\" data-id=\"d8d1bd4\" data-element_type=\"widget\" data-e-type=\"widget\" data-widget_type=\"image.default\">\n\t\t\t\t\t\t\t\t\t\t\t\t\t\t\t<img decoding=\"async\" width=\"300\" height=\"200\" src=\"https:\/\/betainvest.ee\/wp-content\/uploads\/2025\/08\/ChatGPT-Image-25-\u0438\u044e\u043b.-2025-\u0433.-02_33_52-300x200.png\" class=\"attachment-medium size-medium wp-image-4204\" alt=\"\" srcset=\"https:\/\/betainvest.ee\/wp-content\/uploads\/2025\/08\/ChatGPT-Image-25-\u0438\u044e\u043b.-2025-\u0433.-02_33_52-300x200.png 300w, https:\/\/betainvest.ee\/wp-content\/uploads\/2025\/08\/ChatGPT-Image-25-\u0438\u044e\u043b.-2025-\u0433.-02_33_52-1024x683.png 1024w, https:\/\/betainvest.ee\/wp-content\/uploads\/2025\/08\/ChatGPT-Image-25-\u0438\u044e\u043b.-2025-\u0433.-02_33_52-768x512.png 768w, https:\/\/betainvest.ee\/wp-content\/uploads\/2025\/08\/ChatGPT-Image-25-\u0438\u044e\u043b.-2025-\u0433.-02_33_52.png 1536w\" sizes=\"(max-width: 300px) 100vw, 300px\" \/>\t\t\t\t\t\t\t\t\t\t\t\t\t\t\t<\/div>\n\t\t\t\t\t<\/div>\n\t\t\t\t<\/div>\n\t\t\t\t<\/div>\n\t\t","protected":false},"excerpt":{"rendered":"<p>Escolta de convoyes de carga con licencia. \u00bfTransporta tu empresa regularmente mercanc\u00edas especialmente valiosas? Entonces sabes que en un viaje largo, sea cual sea el medio de transporte, la carga puede estar expuesta a una serie de riesgos, como atentados, robos o atracos. \ud83d\udee1 Seguridad y protecci\u00f3n con BetaInvest Empresa BetaInvest La empresa BetaInvest no [&hellip;]<\/p>\n","protected":false},"author":1,"featured_media":0,"parent":0,"menu_order":0,"comment_status":"closed","ping_status":"closed","template":"","meta":{"footnotes":""},"class_list":["post-4203","page","type-page","status-publish","hentry"],"_links":{"self":[{"href":"https:\/\/betainvest.ee\/es\/wp-json\/wp\/v2\/pages\/4203","targetHints":{"allow":["GET"]}}],"collection":[{"href":"https:\/\/betainvest.ee\/es\/wp-json\/wp\/v2\/pages"}],"about":[{"href":"https:\/\/betainvest.ee\/es\/wp-json\/wp\/v2\/types\/page"}],"author":[{"embeddable":true,"href":"https:\/\/betainvest.ee\/es\/wp-json\/wp\/v2\/users\/1"}],"replies":[{"embeddable":true,"href":"https:\/\/betainvest.ee\/es\/wp-json\/wp\/v2\/comments?post=4203"}],"version-history":[{"count":1,"href":"https:\/\/betainvest.ee\/es\/wp-json\/wp\/v2\/pages\/4203\/revisions"}],"predecessor-version":[{"id":4206,"href":"https:\/\/betainvest.ee\/es\/wp-json\/wp\/v2\/pages\/4203\/revisions\/4206"}],"wp:attachment":[{"href":"https:\/\/betainvest.ee\/es\/wp-json\/wp\/v2\/media?parent=4203"}],"curies":[{"name":"wp","href":"https:\/\/api.w.org\/{rel}","templated":true}]}}